{"id":19127,"date":"2020-02-06T01:58:40","date_gmt":"2020-02-06T00:58:40","guid":{"rendered":"https:\/\/dev.beatrizpalacios.com\/sobre-nosotros\/"},"modified":"2024-05-06T18:23:10","modified_gmt":"2024-05-06T16:23:10","slug":"sobre-nosotros","status":"publish","type":"page","link":"https:\/\/dev.beatrizpalacios.com\/es\/sobre-nosotros\/","title":{"rendered":"Sobre nosotros"},"content":{"rendered":"<p>https:\/\/vimeo.com\/431719419<\/p>\n<p>Beatriz Palacios Jim\u00e9nez es una dise\u00f1adora de joyas establecida en Madrid. En 2011 cre\u00f3 su propia firma BEATRIZ PALACIOS.<\/p>\n<p>Fusionando pasado y futuro, Beatriz dise\u00f1a joyas para mujeres de diferentes generaciones, sofisticadas y poco convencionales que tienen en com\u00fan haber desarrollado una visi\u00f3n de la feminidad muy personal.<\/p>\n<p>La marca se distingue por haber creado un estilo \u00fanico e innovador. La inspiraci\u00f3n surge de infinidad de est\u00edmulos que van desde referencias cl\u00e1sicas e hist\u00f3ricas, al cine, la m\u00fasica o el arte. Beatriz desarrolla cada temporada una colecci\u00f3n que se caracteriza por un dise\u00f1o est\u00e9tico derivado de una intensa experimentaci\u00f3n l\u00fadica y creativa a trav\u00e9s de formas y materiales.<\/p>\n<p>BEATRIZ PALACIOS defiende una joyer\u00eda que se basa en la calidad, la artesan\u00eda y el dise\u00f1o. Junto con su equipo de maestros joyeros, Beatriz explora los conceptos y realizaci\u00f3n t\u00e9cnica de todas las piezas que conforman una colecci\u00f3n. Cada una de sus joyas es dise\u00f1ada y realizada a mano en su taller de Madrid.<\/p>\n","protected":false},"excerpt":{"rendered":"<p>https:\/\/vimeo.com\/431719419 Beatriz Palacios Jim\u00e9nez es una dise\u00f1adora de joyas establecida en Madrid. En 2011 cre\u00f3 su propia firma BEATRIZ PALACIOS. Fusionando pasado y futuro, Beatriz dise\u00f1a joyas para mujeres de diferentes generaciones, sofisticadas y poco convencionales que tienen en com\u00fan haber desarrollado una visi\u00f3n de la feminidad muy personal. La marca se distingue por haber [&hellip;]<\/p>\n","protected":false},"author":3,"featured_media":0,"parent":0,"menu_order":0,"comment_status":"closed","ping_status":"closed","template":"elementor_header_footer","meta":{"footnotes":""},"class_list":["post-19127","page","type-page","status-publish","hentry"],"_links":{"self":[{"href":"https:\/\/dev.beatrizpalacios.com\/es\/wp-json\/wp\/v2\/pages\/19127","targetHints":{"allow":["GET"]}}],"collection":[{"href":"https:\/\/dev.beatrizpalacios.com\/es\/wp-json\/wp\/v2\/pages"}],"about":[{"href":"https:\/\/dev.beatrizpalacios.com\/es\/wp-json\/wp\/v2\/types\/page"}],"author":[{"embeddable":true,"href":"https:\/\/dev.beatrizpalacios.com\/es\/wp-json\/wp\/v2\/users\/3"}],"replies":[{"embeddable":true,"href":"https:\/\/dev.beatrizpalacios.com\/es\/wp-json\/wp\/v2\/comments?post=19127"}],"version-history":[{"count":7,"href":"https:\/\/dev.beatrizpalacios.com\/es\/wp-json\/wp\/v2\/pages\/19127\/revisions"}],"predecessor-version":[{"id":26854,"href":"https:\/\/dev.beatrizpalacios.com\/es\/wp-json\/wp\/v2\/pages\/19127\/revisions\/26854"}],"wp:attachment":[{"href":"https:\/\/dev.beatrizpalacios.com\/es\/wp-json\/wp\/v2\/media?parent=19127"}],"curies":[{"name":"wp","href":"https:\/\/api.w.org\/{rel}","templated":true}]}}