{"id":19199,"date":"2020-02-06T17:46:03","date_gmt":"2020-02-06T16:46:03","guid":{"rendered":"https:\/\/dev.beatrizpalacios.com\/privacy-policy\/"},"modified":"2021-02-25T11:21:55","modified_gmt":"2021-02-25T10:21:55","slug":"privacy-policy","status":"publish","type":"page","link":"https:\/\/dev.beatrizpalacios.com\/es\/privacy-policy\/","title":{"rendered":"Pol\u00edtica de privacidad"},"content":{"rendered":"<h2>Pol\u00edtica de privacidad<\/h2>\n<p><strong>Protecci\u00f3n de datos<\/strong><\/p>\n<p>En cumplimiento de lo estipulado en la Ley Org\u00e1nica 15\/1999, de 13 de diciembre, de Protecci\u00f3n de Datos de Car\u00e1cter Personal se informa al Cliente de que los datos que proporcione a trav\u00e9s de una orden de pedido, la solicitud de un cat\u00e1logo, etc. pasar\u00e1n a formar parte de una Base de Datos propiedad de Beatriz Palacios Jim\u00e9nez, habi\u00e9ndose notificado a la Agencia Espa\u00f1ola de Protecci\u00f3n de Datos la existencia de la misma mediante la inscripci\u00f3n de un fichero, la titularidad del cual recae sobre la mencionada mercantil.<\/p>\n<p>Todos los datos solicitados son los considerados necesarios e imprescindibles para la gesti\u00f3n de la relaci\u00f3n comercial con el Cliente y de las solicitudes y\/o los pedidos y su cobro y, asimismo, para la remisi\u00f3n de informaci\u00f3n con fines de publicidad y de prospecci\u00f3n comercial de art\u00edculos de joyer\u00eda y complementos, por cualquiera de los medios de comunicaci\u00f3n existentes. Los datos personales ser\u00e1n tratados con la m\u00e1xima confidencialidad habiendo adoptado Beatriz Palacios Jim\u00e9nez, como responsable del fichero, las medidas de orden t\u00e9cnico y organizativo necesarias para garantizar la confidencialidad y seguridad de los datos personales, evitando su alteraci\u00f3n, p\u00e9rdida, tratamiento o acceso no autorizado.<\/p>\n<p>BEATRIZPALACIOS.COM declina cualquier responsabilidad por los servicios y\/o informaci\u00f3n que se preste en otras p\u00e1ginas enlazadas con esta Web BEATRIZPALACIOSA.COM no controla ni ejerce ning\u00fan tipo de supervisi\u00f3n sobre las p\u00e1ginas enlazadas. Los usuarios que utilicen estos enlaces deber\u00e1n consultar las condiciones legales expuestas en las p\u00e1ginas de destino.<\/p>\n","protected":false},"excerpt":{"rendered":"<p>Pol\u00edtica de privacidad Protecci\u00f3n de datos En cumplimiento de lo estipulado en la Ley Org\u00e1nica 15\/1999, de 13 de diciembre, de Protecci\u00f3n de Datos de Car\u00e1cter Personal se informa al Cliente de que los datos que proporcione a trav\u00e9s de una orden de pedido, la solicitud de un cat\u00e1logo, etc. pasar\u00e1n a formar parte de [&hellip;]<\/p>\n","protected":false},"author":3,"featured_media":0,"parent":0,"menu_order":0,"comment_status":"closed","ping_status":"closed","template":"elementor_header_footer","meta":{"footnotes":""},"class_list":["post-19199","page","type-page","status-publish","hentry"],"_links":{"self":[{"href":"https:\/\/dev.beatrizpalacios.com\/es\/wp-json\/wp\/v2\/pages\/19199","targetHints":{"allow":["GET"]}}],"collection":[{"href":"https:\/\/dev.beatrizpalacios.com\/es\/wp-json\/wp\/v2\/pages"}],"about":[{"href":"https:\/\/dev.beatrizpalacios.com\/es\/wp-json\/wp\/v2\/types\/page"}],"author":[{"embeddable":true,"href":"https:\/\/dev.beatrizpalacios.com\/es\/wp-json\/wp\/v2\/users\/3"}],"replies":[{"embeddable":true,"href":"https:\/\/dev.beatrizpalacios.com\/es\/wp-json\/wp\/v2\/comments?post=19199"}],"version-history":[{"count":9,"href":"https:\/\/dev.beatrizpalacios.com\/es\/wp-json\/wp\/v2\/pages\/19199\/revisions"}],"predecessor-version":[{"id":27092,"href":"https:\/\/dev.beatrizpalacios.com\/es\/wp-json\/wp\/v2\/pages\/19199\/revisions\/27092"}],"wp:attachment":[{"href":"https:\/\/dev.beatrizpalacios.com\/es\/wp-json\/wp\/v2\/media?parent=19199"}],"curies":[{"name":"wp","href":"https:\/\/api.w.org\/{rel}","templated":true}]}}