{"id":19247,"date":"2020-02-06T17:52:46","date_gmt":"2020-02-06T16:52:46","guid":{"rendered":"https:\/\/dev.beatrizpalacios.com\/envios-y-devoluciones\/"},"modified":"2021-11-29T10:42:16","modified_gmt":"2021-11-29T09:42:16","slug":"envios-y-devoluciones","status":"publish","type":"page","link":"https:\/\/dev.beatrizpalacios.com\/es\/envios-y-devoluciones\/","title":{"rendered":"Env\u00edos y devoluciones"},"content":{"rendered":"<h2>Env\u00edos<\/h2>\n<p>Hacemos env\u00edos a todo el mundo desde nuestro estudio en Madrid, Espa\u00f1a.<\/p>\n<p>Efectuamos el env\u00edo de los pedidos en<strong> 1-3 d\u00edas laborales<\/strong>, exceptuando cualquier otra situaci\u00f3n que se pueda notificar previamente. Si por alguna raz\u00f3n el env\u00edo se demora, informaremos lo antes posible.<\/p>\n<p>Todos los pedidos son enviados con GLS, DHL o UPS. Una vez que enviemos el pedido recibir\u00e1s una confirmaci\u00f3n de env\u00edo a tu correo electr\u00f3nico con toda la informaci\u00f3n para poder verificar el estado y el seguimiento del mismo.<\/p>\n<p>Los formularios de aduanas indicar\u00e1n la mercanc\u00eda como muestras y el precio integro que se ha pagado por ellas. Ten en cuenta que los env\u00edos internacionales fuera de la Uni\u00f3n Europea pueden tener algunos aranceles e impuestos adicionales que podr\u00e1n cobrarte en tu pa\u00eds. No podemos controlar o predecir estos cargos, es responsabilidad del cliente pagar esto cargos adicionales en el despacho de aduanas.<\/p>\n<p>&nbsp;<\/p>\n<p><strong>Env\u00edos a Espa\u00f1a:<\/strong><\/p>\n<p>\u00a1Env\u00edo gratis!<\/p>\n<p>Tiempo estimado de entrega entre 1 y 3 d\u00edas laborables<\/p>\n<p>&nbsp;<\/p>\n<p><strong>Env\u00edos a Europa:<\/strong><\/p>\n<p style=\"letter-spacing: 0.32px;\">\u00a1Env\u00edo gratis!<\/p>\n<p style=\"letter-spacing: 0.32px;\">Tiempo estimado de entrega entre 1 y 3 d\u00edas laborables<\/p>\n<p>&nbsp;<\/p>\n<p><strong>Env\u00edos al resto del mundo:<\/strong><\/p>\n<p>Pedidos superiores a 300\u20ac:<\/p>\n<p>\u00a1Env\u00edo gratis!<\/p>\n<p>Pedidos inferiores a 300\u20ac:<\/p>\n<p>Tarifa de env\u00edo: 25\u20ac<\/p>\n<p>Tiempo estimado de entrega entre 3 y 5 d\u00edas laborables<\/p>\n<h2>Devoluciones y cambios<\/h2>\n<p>Tienes 14 d\u00edas para devolver las productos que hayas adquirido a partir de la fecha de recepci\u00f3n de tu paquete. Las piezas deben ser devueltas en las mismas condiciones que fueron enviadas.<\/p>\n<p>Los costos de env\u00edo de devoluci\u00f3n con servicio postal certificado para poder rastrear el paquete son responsabilidad del cliente, as\u00ed mismo los costos del env\u00edo original no son reembolsables.<\/p>\n<p>Trataremos de procesar las devoluciones lo antes posible, pero te recomendamos que utilices un servicio de mensajer\u00eda (no una oficina de correos) con numero de seguimiento y selecciones una opci\u00f3n DDP (Entrega de impuestos pagados). Los cargos de aduanas o cualquier tarifa adicional no ser\u00e1n reembolsables, para ello recomendamos que te pongas en contacto con tu agente local de aduanas.<\/p>\n<h2>Art\u00edculos en rebajas<\/h2>\n<p><strong>PIEZAS REBAJADAS Y ARCHIVE SALE:<\/strong><\/p>\n<p>Ten en cuenta que en la joyer\u00eda rebajada no aceptamos cambios ni devoluciones.<\/p>\n","protected":false},"excerpt":{"rendered":"<p>Env\u00edos Hacemos env\u00edos a todo el mundo desde nuestro estudio en Madrid, Espa\u00f1a. Efectuamos el env\u00edo de los pedidos en 1-3 d\u00edas laborales, exceptuando cualquier otra situaci\u00f3n que se pueda notificar previamente. Si por alguna raz\u00f3n el env\u00edo se demora, informaremos lo antes posible. Todos los pedidos son enviados con GLS, DHL o UPS. Una [&hellip;]<\/p>\n","protected":false},"author":3,"featured_media":0,"parent":0,"menu_order":0,"comment_status":"closed","ping_status":"closed","template":"elementor_header_footer","meta":{"footnotes":""},"class_list":["post-19247","page","type-page","status-publish","hentry"],"_links":{"self":[{"href":"https:\/\/dev.beatrizpalacios.com\/es\/wp-json\/wp\/v2\/pages\/19247","targetHints":{"allow":["GET"]}}],"collection":[{"href":"https:\/\/dev.beatrizpalacios.com\/es\/wp-json\/wp\/v2\/pages"}],"about":[{"href":"https:\/\/dev.beatrizpalacios.com\/es\/wp-json\/wp\/v2\/types\/page"}],"author":[{"embeddable":true,"href":"https:\/\/dev.beatrizpalacios.com\/es\/wp-json\/wp\/v2\/users\/3"}],"replies":[{"embeddable":true,"href":"https:\/\/dev.beatrizpalacios.com\/es\/wp-json\/wp\/v2\/comments?post=19247"}],"version-history":[{"count":7,"href":"https:\/\/dev.beatrizpalacios.com\/es\/wp-json\/wp\/v2\/pages\/19247\/revisions"}],"predecessor-version":[{"id":32820,"href":"https:\/\/dev.beatrizpalacios.com\/es\/wp-json\/wp\/v2\/pages\/19247\/revisions\/32820"}],"wp:attachment":[{"href":"https:\/\/dev.beatrizpalacios.com\/es\/wp-json\/wp\/v2\/media?parent=19247"}],"curies":[{"name":"wp","href":"https:\/\/api.w.org\/{rel}","templated":true}]}}