{"id":23118,"date":"2020-09-15T17:31:03","date_gmt":"2020-09-15T15:31:03","guid":{"rendered":"https:\/\/dev.beatrizpalacios.com\/?page_id=23118"},"modified":"2024-04-09T16:07:15","modified_gmt":"2024-04-09T14:07:15","slug":"atelier","status":"publish","type":"page","link":"https:\/\/dev.beatrizpalacios.com\/es\/atelier\/","title":{"rendered":"Atelier"},"content":{"rendered":"<style>\/*! elementor - v3.18.0 - 06-12-2023 *\/\n.elementor-heading-title{padding:0;margin:0;line-height:1}.elementor-widget-heading .elementor-heading-title[class*=elementor-size-]>a{color:inherit;font-size:inherit;line-height:inherit}.elementor-widget-heading .elementor-heading-title.elementor-size-small{font-size:15px}.elementor-widget-heading .elementor-heading-title.elementor-size-medium{font-size:19px}.elementor-widget-heading .elementor-heading-title.elementor-size-large{font-size:29px}.elementor-widget-heading .elementor-heading-title.elementor-size-xl{font-size:39px}.elementor-widget-heading .elementor-heading-title.elementor-size-xxl{font-size:59px}<\/style>\n<h2>Atelier &#8211; Piezas a medida<\/h2>\n<p style=\"text-align: center;\">Ofrecemos un servicio de joyer\u00eda a medida, te ofrecemos dise\u00f1os totalmente personalizados. Cada joya es elaborada bajo tus especificaciones. Si deseas una pieza completamente \u00fanica, haz una cita con nosotros en <a href=\"mailto:info@beatrizpalacios.es\">info@beatrizpalacios.es\u00a0<\/a>o ll\u00e1manos al +34 620127101<\/p>\n<p>https:\/\/vimeo.com\/456161533<\/p>\n<p><strong>Beatriz Palacios Jim\u00e9nez<\/strong> es una dise\u00f1adora de joyas establecida en Madrid. En 2011 cre\u00f3 su propia firma BEATRIZPALACIOS.<\/p>\n<p>Fusionando pasado y futuro, Beatriz dise\u00f1a joyas para mujeres de diferentes generaciones, sofisticadas y poco convencionales que tienen en com\u00fan haber desarrollado una visi\u00f3n de la feminidad muy personal.<\/p>\n<p>La marca se distingue por haber creado un estilo \u00fanico e innovador. La inspiraci\u00f3n surge de infinidad de est\u00edmulos que van desde referencias cl\u00e1sicas e hist\u00f3ricas, al cine, la m\u00fasica o el arte. Beatriz desarrolla cada temporada una colecci\u00f3n que se caracteriza por un dise\u00f1o est\u00e9tico derivado de una intensa experimentaci\u00f3n l\u00fadica y creativa a trav\u00e9s de formas y materiales.<\/p>\n<p>BEATRIZPALACIOS defiende una joyer\u00eda que se basa en la calidad, la artesan\u00eda y el dise\u00f1o. Junto con su equipo de maestros joyeros, Beatriz explora los conceptos y realizaci\u00f3n t\u00e9cnica de todas las piezas que conforman una colecci\u00f3n. Cada una de sus joyas es dise\u00f1ada y realizada a mano en su taller de Madrid.<\/p>\n<h3>Cont\u00e1ctanos en<\/h3>\n<p style=\"text-align: left;\"><a href=\"mailto:info@beatrizpalacios.es\" target=\"_blank\" rel=\"noopener\">info@beatrizpalacios.es<\/a><\/p>\n<p>+34 620127101<\/p>\n","protected":false},"excerpt":{"rendered":"<p>Atelier &#8211; Piezas a medida Ofrecemos un servicio de joyer\u00eda a medida, te ofrecemos dise\u00f1os totalmente personalizados. Cada joya es elaborada bajo tus especificaciones. Si deseas una pieza completamente \u00fanica, haz una cita con nosotros en info@beatrizpalacios.es\u00a0o ll\u00e1manos al +34 620127101 https:\/\/vimeo.com\/456161533 Beatriz Palacios Jim\u00e9nez es una dise\u00f1adora de joyas establecida en Madrid. En 2011 [&hellip;]<\/p>\n","protected":false},"author":3,"featured_media":0,"parent":0,"menu_order":0,"comment_status":"closed","ping_status":"closed","template":"elementor_header_footer","meta":{"footnotes":""},"class_list":["post-23118","page","type-page","status-publish","hentry"],"_links":{"self":[{"href":"https:\/\/dev.beatrizpalacios.com\/es\/wp-json\/wp\/v2\/pages\/23118","targetHints":{"allow":["GET"]}}],"collection":[{"href":"https:\/\/dev.beatrizpalacios.com\/es\/wp-json\/wp\/v2\/pages"}],"about":[{"href":"https:\/\/dev.beatrizpalacios.com\/es\/wp-json\/wp\/v2\/types\/page"}],"author":[{"embeddable":true,"href":"https:\/\/dev.beatrizpalacios.com\/es\/wp-json\/wp\/v2\/users\/3"}],"replies":[{"embeddable":true,"href":"https:\/\/dev.beatrizpalacios.com\/es\/wp-json\/wp\/v2\/comments?post=23118"}],"version-history":[{"count":7,"href":"https:\/\/dev.beatrizpalacios.com\/es\/wp-json\/wp\/v2\/pages\/23118\/revisions"}],"predecessor-version":[{"id":48625,"href":"https:\/\/dev.beatrizpalacios.com\/es\/wp-json\/wp\/v2\/pages\/23118\/revisions\/48625"}],"wp:attachment":[{"href":"https:\/\/dev.beatrizpalacios.com\/es\/wp-json\/wp\/v2\/media?parent=23118"}],"curies":[{"name":"wp","href":"https:\/\/api.w.org\/{rel}","templated":true}]}}