{"id":28588,"date":"2021-04-04T20:53:06","date_gmt":"2021-04-04T18:53:06","guid":{"rendered":"https:\/\/dev.beatrizpalacios.com\/sustained\/"},"modified":"2024-05-29T16:44:45","modified_gmt":"2024-05-29T14:44:45","slug":"sustained","status":"publish","type":"page","link":"https:\/\/dev.beatrizpalacios.com\/es\/sustained\/","title":{"rendered":"SUSTAINED"},"content":{"rendered":"<p><img decoding=\"async\" src=\"https:\/\/dev.beatrizpalacios.com\/wp-content\/uploads\/2021\/04\/sustained-logotipo-H.svg\" alt=\"\" \/>\t\t\t\t\t\t\t\t\t\t\t\t\t\t\t<\/p>\n<p><strong>es una forma consciente y alternativa de hacer joyer\u00eda. <\/strong><\/p>\n<p><strong>e<\/strong><strong>s una nueva l\u00ednea de joyer\u00eda<\/strong> que hemos creado con la misi\u00f3n de tener el menor impacto medioambiental posible. Limitando los residuos al m\u00e1ximo y reutilizando materiales, nuestro objetivo es el desarrollo de piezas de joyer\u00eda sofisticadas para todos los d\u00edas y toda la vida.<\/p>\n<p>\n\t\t\t\t\t\t\t\t\t\t\t\t\t\t\t<img loading=\"lazy\" decoding=\"async\" width=\"853\" height=\"1280\" src=\"https:\/\/dev.beatrizpalacios.com\/wp-content\/uploads\/2023\/10\/elephant-and-jade-necklace-2.jpg\" alt=\"\" srcset=\"https:\/\/dev.beatrizpalacios.com\/wp-content\/uploads\/2023\/10\/elephant-and-jade-necklace-2.jpg 853w, https:\/\/dev.beatrizpalacios.com\/wp-content\/uploads\/2023\/10\/elephant-and-jade-necklace-2-200x300.jpg 200w, https:\/\/dev.beatrizpalacios.com\/wp-content\/uploads\/2023\/10\/elephant-and-jade-necklace-2-682x1024.jpg 682w, https:\/\/dev.beatrizpalacios.com\/wp-content\/uploads\/2023\/10\/elephant-and-jade-necklace-2-768x1152.jpg 768w, https:\/\/dev.beatrizpalacios.com\/wp-content\/uploads\/2023\/10\/elephant-and-jade-necklace-2-590x885.jpg 590w, https:\/\/dev.beatrizpalacios.com\/wp-content\/uploads\/2023\/10\/elephant-and-jade-necklace-2-666x999.jpg 666w\" sizes=\"(max-width: 853px) 100vw, 853px\" \/><br \/>\n\t\t\t\t\t\t\t\t\t\t\t\t\t\t\t<img loading=\"lazy\" decoding=\"async\" width=\"640\" height=\"961\" src=\"https:\/\/dev.beatrizpalacios.com\/wp-content\/uploads\/2023\/11\/magma-necklace-3-682x1024.jpg\" alt=\"\" srcset=\"https:\/\/dev.beatrizpalacios.com\/wp-content\/uploads\/2023\/11\/magma-necklace-3-682x1024.jpg 682w, https:\/\/dev.beatrizpalacios.com\/wp-content\/uploads\/2023\/11\/magma-necklace-3-200x300.jpg 200w, https:\/\/dev.beatrizpalacios.com\/wp-content\/uploads\/2023\/11\/magma-necklace-3-768x1152.jpg 768w, https:\/\/dev.beatrizpalacios.com\/wp-content\/uploads\/2023\/11\/magma-necklace-3-590x885.jpg 590w, https:\/\/dev.beatrizpalacios.com\/wp-content\/uploads\/2023\/11\/magma-necklace-3-666x999.jpg 666w, https:\/\/dev.beatrizpalacios.com\/wp-content\/uploads\/2023\/11\/magma-necklace-3.jpg 853w\" sizes=\"(max-width: 640px) 100vw, 640px\" \/><br \/>\n\t\t\t\t\t\t\t\t\t\t\t\t\t\t\t<img loading=\"lazy\" decoding=\"async\" width=\"640\" height=\"961\" src=\"https:\/\/dev.beatrizpalacios.com\/wp-content\/uploads\/2023\/11\/jade-necklace-3-682x1024.jpg\" alt=\"\" srcset=\"https:\/\/dev.beatrizpalacios.com\/wp-content\/uploads\/2023\/11\/jade-necklace-3-682x1024.jpg 682w, https:\/\/dev.beatrizpalacios.com\/wp-content\/uploads\/2023\/11\/jade-necklace-3-200x300.jpg 200w, https:\/\/dev.beatrizpalacios.com\/wp-content\/uploads\/2023\/11\/jade-necklace-3-768x1152.jpg 768w, https:\/\/dev.beatrizpalacios.com\/wp-content\/uploads\/2023\/11\/jade-necklace-3-590x885.jpg 590w, https:\/\/dev.beatrizpalacios.com\/wp-content\/uploads\/2023\/11\/jade-necklace-3-666x999.jpg 666w, https:\/\/dev.beatrizpalacios.com\/wp-content\/uploads\/2023\/11\/jade-necklace-3.jpg 853w\" sizes=\"(max-width: 640px) 100vw, 640px\" \/><br \/>\n\t\t\t\t\t\t\t\t\t\t\t\t\t\t\t<img loading=\"lazy\" decoding=\"async\" width=\"853\" height=\"1280\" src=\"https:\/\/dev.beatrizpalacios.com\/wp-content\/uploads\/2023\/06\/Links-Sustained-01.jpg\" alt=\"\" srcset=\"https:\/\/dev.beatrizpalacios.com\/wp-content\/uploads\/2023\/06\/Links-Sustained-01.jpg 853w, https:\/\/dev.beatrizpalacios.com\/wp-content\/uploads\/2023\/06\/Links-Sustained-01-200x300.jpg 200w, https:\/\/dev.beatrizpalacios.com\/wp-content\/uploads\/2023\/06\/Links-Sustained-01-682x1024.jpg 682w, https:\/\/dev.beatrizpalacios.com\/wp-content\/uploads\/2023\/06\/Links-Sustained-01-768x1152.jpg 768w, https:\/\/dev.beatrizpalacios.com\/wp-content\/uploads\/2023\/06\/Links-Sustained-01-590x885.jpg 590w, https:\/\/dev.beatrizpalacios.com\/wp-content\/uploads\/2023\/06\/Links-Sustained-01-666x999.jpg 666w\" sizes=\"(max-width: 853px) 100vw, 853px\" \/><br \/>\n\t\t\t\t\t\t\t\t\t\t\t\t\t\t\t<img loading=\"lazy\" decoding=\"async\" width=\"853\" height=\"1280\" src=\"https:\/\/dev.beatrizpalacios.com\/wp-content\/uploads\/2023\/06\/Links-Sustained-03.jpg\" alt=\"\" srcset=\"https:\/\/dev.beatrizpalacios.com\/wp-content\/uploads\/2023\/06\/Links-Sustained-03.jpg 853w, https:\/\/dev.beatrizpalacios.com\/wp-content\/uploads\/2023\/06\/Links-Sustained-03-200x300.jpg 200w, https:\/\/dev.beatrizpalacios.com\/wp-content\/uploads\/2023\/06\/Links-Sustained-03-682x1024.jpg 682w, https:\/\/dev.beatrizpalacios.com\/wp-content\/uploads\/2023\/06\/Links-Sustained-03-768x1152.jpg 768w, https:\/\/dev.beatrizpalacios.com\/wp-content\/uploads\/2023\/06\/Links-Sustained-03-590x885.jpg 590w, https:\/\/dev.beatrizpalacios.com\/wp-content\/uploads\/2023\/06\/Links-Sustained-03-666x999.jpg 666w\" sizes=\"(max-width: 853px) 100vw, 853px\" \/><br \/>\n\t\t\t\t\t\t\t\t\t\t\t\t\t\t\t<img loading=\"lazy\" decoding=\"async\" width=\"853\" height=\"1280\" src=\"https:\/\/dev.beatrizpalacios.com\/wp-content\/uploads\/2023\/06\/Links-Sustained-04.jpg\" alt=\"\" srcset=\"https:\/\/dev.beatrizpalacios.com\/wp-content\/uploads\/2023\/06\/Links-Sustained-04.jpg 853w, https:\/\/dev.beatrizpalacios.com\/wp-content\/uploads\/2023\/06\/Links-Sustained-04-200x300.jpg 200w, https:\/\/dev.beatrizpalacios.com\/wp-content\/uploads\/2023\/06\/Links-Sustained-04-682x1024.jpg 682w, https:\/\/dev.beatrizpalacios.com\/wp-content\/uploads\/2023\/06\/Links-Sustained-04-768x1152.jpg 768w, https:\/\/dev.beatrizpalacios.com\/wp-content\/uploads\/2023\/06\/Links-Sustained-04-590x885.jpg 590w, https:\/\/dev.beatrizpalacios.com\/wp-content\/uploads\/2023\/06\/Links-Sustained-04-666x999.jpg 666w\" sizes=\"(max-width: 853px) 100vw, 853px\" \/><br \/>\n\t\t\t\t\t\t\t\t\t\t\t\t\t\t\t<img loading=\"lazy\" decoding=\"async\" width=\"853\" height=\"1280\" src=\"https:\/\/dev.beatrizpalacios.com\/wp-content\/uploads\/2023\/06\/Links-Sustained-08.jpg\" alt=\"\" srcset=\"https:\/\/dev.beatrizpalacios.com\/wp-content\/uploads\/2023\/06\/Links-Sustained-08.jpg 853w, https:\/\/dev.beatrizpalacios.com\/wp-content\/uploads\/2023\/06\/Links-Sustained-08-200x300.jpg 200w, https:\/\/dev.beatrizpalacios.com\/wp-content\/uploads\/2023\/06\/Links-Sustained-08-682x1024.jpg 682w, https:\/\/dev.beatrizpalacios.com\/wp-content\/uploads\/2023\/06\/Links-Sustained-08-768x1152.jpg 768w, https:\/\/dev.beatrizpalacios.com\/wp-content\/uploads\/2023\/06\/Links-Sustained-08-590x885.jpg 590w, https:\/\/dev.beatrizpalacios.com\/wp-content\/uploads\/2023\/06\/Links-Sustained-08-666x999.jpg 666w\" sizes=\"(max-width: 853px) 100vw, 853px\" \/><br \/>\n\t\t\t\t\t\t\t\t\t\t\t\t\t\t\t<img loading=\"lazy\" decoding=\"async\" width=\"640\" height=\"961\" src=\"https:\/\/dev.beatrizpalacios.com\/wp-content\/uploads\/2023\/06\/Links-Sustained-05-682x1024.jpg\" alt=\"\" srcset=\"https:\/\/dev.beatrizpalacios.com\/wp-content\/uploads\/2023\/06\/Links-Sustained-05-682x1024.jpg 682w, https:\/\/dev.beatrizpalacios.com\/wp-content\/uploads\/2023\/06\/Links-Sustained-05-200x300.jpg 200w, https:\/\/dev.beatrizpalacios.com\/wp-content\/uploads\/2023\/06\/Links-Sustained-05-768x1152.jpg 768w, https:\/\/dev.beatrizpalacios.com\/wp-content\/uploads\/2023\/06\/Links-Sustained-05-590x885.jpg 590w, https:\/\/dev.beatrizpalacios.com\/wp-content\/uploads\/2023\/06\/Links-Sustained-05-666x999.jpg 666w, https:\/\/dev.beatrizpalacios.com\/wp-content\/uploads\/2023\/06\/Links-Sustained-05.jpg 853w\" sizes=\"(max-width: 640px) 100vw, 640px\" \/>\t\t\t\t\t\t\t\t\t\t\t\t\t\t\t<\/p>\n<h3>How to wear the links<\/h3>\n<p>\t\t\t\t\t\t\t\t\t\t\t\t\t\t\t<img loading=\"lazy\" decoding=\"async\" width=\"853\" height=\"1280\" src=\"https:\/\/dev.beatrizpalacios.com\/wp-content\/uploads\/2023\/06\/Links-Sustained-06.jpg\" alt=\"\" srcset=\"https:\/\/dev.beatrizpalacios.com\/wp-content\/uploads\/2023\/06\/Links-Sustained-06.jpg 853w, https:\/\/dev.beatrizpalacios.com\/wp-content\/uploads\/2023\/06\/Links-Sustained-06-200x300.jpg 200w, https:\/\/dev.beatrizpalacios.com\/wp-content\/uploads\/2023\/06\/Links-Sustained-06-682x1024.jpg 682w, https:\/\/dev.beatrizpalacios.com\/wp-content\/uploads\/2023\/06\/Links-Sustained-06-768x1152.jpg 768w, https:\/\/dev.beatrizpalacios.com\/wp-content\/uploads\/2023\/06\/Links-Sustained-06-590x885.jpg 590w, https:\/\/dev.beatrizpalacios.com\/wp-content\/uploads\/2023\/06\/Links-Sustained-06-666x999.jpg 666w\" sizes=\"(max-width: 853px) 100vw, 853px\" \/><br \/>\n\t\t\t\t\t\t\t\t\t\t\t\t\t\t\t<img loading=\"lazy\" decoding=\"async\" width=\"853\" height=\"1280\" src=\"https:\/\/dev.beatrizpalacios.com\/wp-content\/uploads\/2023\/06\/Links-Sustained-07.jpg\" alt=\"\" srcset=\"https:\/\/dev.beatrizpalacios.com\/wp-content\/uploads\/2023\/06\/Links-Sustained-07.jpg 853w, https:\/\/dev.beatrizpalacios.com\/wp-content\/uploads\/2023\/06\/Links-Sustained-07-200x300.jpg 200w, https:\/\/dev.beatrizpalacios.com\/wp-content\/uploads\/2023\/06\/Links-Sustained-07-682x1024.jpg 682w, https:\/\/dev.beatrizpalacios.com\/wp-content\/uploads\/2023\/06\/Links-Sustained-07-768x1152.jpg 768w, https:\/\/dev.beatrizpalacios.com\/wp-content\/uploads\/2023\/06\/Links-Sustained-07-590x885.jpg 590w, https:\/\/dev.beatrizpalacios.com\/wp-content\/uploads\/2023\/06\/Links-Sustained-07-666x999.jpg 666w\" sizes=\"(max-width: 853px) 100vw, 853px\" \/>\t\t\t\t\t\t\t\t\t\t\t\t\t\t\t<\/p>\n<p>Todas las piezas est\u00e1n hechas a mano con materiales reciclados. Mi pasi\u00f3n por las antig\u00fcedades y la joyer\u00eda me llev\u00f3 a recorrer los mercadillos de las ciudades a las que he viajado, desenterrando tesoros antiguos durante muchos a\u00f1os.<\/p>\n<p>Al mismo tiempo, en el proceso de dise\u00f1o y elaboraci\u00f3n de nuestras colecciones anteriores, nos aseguramos de que ning\u00fan metal se desperdicie. Para lograrlo, hemos ido recolectando los restos met\u00e1licos de nuestras producciones y mediante un proceso de reciclaje, estamos reutilizando esta plata reciclada en la fabricaci\u00f3n de <b>SUSTAINED.<\/b><\/p>\n<p>\t\t\t\t\t\t\t\t\t\t\t\t\t\t\t<img decoding=\"async\" src=\"https:\/\/dev.beatrizpalacios.com\/wp-content\/uploads\/2021\/04\/sustained-logotipo-H.svg\" alt=\"\" \/>\t\t\t\t\t\t\t\t\t\t\t\t\t\t\t<\/p>\n<h2>.upcycled vintage treasures<\/h2>\n<h2>.SECOND LIFE RECYCLED RESOURCES<\/h2>\n<h2>.LIMITED EDITIONS\u200b<\/h2>\n","protected":false},"excerpt":{"rendered":"<p>es una forma consciente y alternativa de hacer joyer\u00eda. es una nueva l\u00ednea de joyer\u00eda que hemos creado con la misi\u00f3n de tener el menor impacto medioambiental posible. Limitando los residuos al m\u00e1ximo y reutilizando materiales, nuestro objetivo es el desarrollo de piezas de joyer\u00eda sofisticadas para todos los d\u00edas y toda la vida. How [&hellip;]<\/p>\n","protected":false},"author":3,"featured_media":0,"parent":0,"menu_order":0,"comment_status":"closed","ping_status":"closed","template":"elementor_header_footer","meta":{"footnotes":""},"class_list":["post-28588","page","type-page","status-publish","hentry"],"_links":{"self":[{"href":"https:\/\/dev.beatrizpalacios.com\/es\/wp-json\/wp\/v2\/pages\/28588","targetHints":{"allow":["GET"]}}],"collection":[{"href":"https:\/\/dev.beatrizpalacios.com\/es\/wp-json\/wp\/v2\/pages"}],"about":[{"href":"https:\/\/dev.beatrizpalacios.com\/es\/wp-json\/wp\/v2\/types\/page"}],"author":[{"embeddable":true,"href":"https:\/\/dev.beatrizpalacios.com\/es\/wp-json\/wp\/v2\/users\/3"}],"replies":[{"embeddable":true,"href":"https:\/\/dev.beatrizpalacios.com\/es\/wp-json\/wp\/v2\/comments?post=28588"}],"version-history":[{"count":48,"href":"https:\/\/dev.beatrizpalacios.com\/es\/wp-json\/wp\/v2\/pages\/28588\/revisions"}],"predecessor-version":[{"id":49297,"href":"https:\/\/dev.beatrizpalacios.com\/es\/wp-json\/wp\/v2\/pages\/28588\/revisions\/49297"}],"wp:attachment":[{"href":"https:\/\/dev.beatrizpalacios.com\/es\/wp-json\/wp\/v2\/media?parent=28588"}],"curies":[{"name":"wp","href":"https:\/\/api.w.org\/{rel}","templated":true}]}}