{"id":32032,"date":"2021-09-11T11:19:10","date_gmt":"2021-09-11T09:19:10","guid":{"rendered":"https:\/\/dev.beatrizpalacios.com\/blitz\/"},"modified":"2022-02-16T11:06:13","modified_gmt":"2022-02-16T10:06:13","slug":"blitz","status":"publish","type":"page","link":"https:\/\/dev.beatrizpalacios.com\/es\/blitz\/","title":{"rendered":"Blitz"},"content":{"rendered":"<style>\/*! elementor - v3.5.5 - 03-02-2022 *\/\n.elementor-heading-title{padding:0;margin:0;line-height:1}.elementor-widget-heading .elementor-heading-title[class*=elementor-size-]>a{color:inherit;font-size:inherit;line-height:inherit}.elementor-widget-heading .elementor-heading-title.elementor-size-small{font-size:15px}.elementor-widget-heading .elementor-heading-title.elementor-size-medium{font-size:19px}.elementor-widget-heading .elementor-heading-title.elementor-size-large{font-size:29px}.elementor-widget-heading .elementor-heading-title.elementor-size-xl{font-size:39px}.elementor-widget-heading .elementor-heading-title.elementor-size-xxl{font-size:59px}<\/style>\n<h2>Blitz<\/h2>\n<p>\u2018Let\u2019s have a Black Celebration\u2019<\/p>\n<p>\u2018Propaganda\u2019 punk fanzine, NY city, 1981<\/p>\n<p>\u2018Black celebration\u2019, song, Depeche Mode, 1986.<\/p>\n<style>\/*! elementor - v3.5.5 - 03-02-2022 *\/\n.elementor-widget-image{text-align:center}.elementor-widget-image a{display:inline-block}.elementor-widget-image a img[src$=\".svg\"]{width:48px}.elementor-widget-image img{vertical-align:middle;display:inline-block}<\/style>\n<p>\t\t\t\t\t\t\t\t\t\t\t\t<img decoding=\"async\" width=\"640\" height=\"960\" src=\"https:\/\/dev.beatrizpalacios.com\/wp-content\/uploads\/2021\/09\/03_Campan\u0303a_BLITZ_WEB-1-683x1024.jpg\" alt=\"\" loading=\"lazy\" srcset=\"https:\/\/dev.beatrizpalacios.com\/wp-content\/uploads\/2021\/09\/03_Campan\u0303a_BLITZ_WEB-1-683x1024.jpg 683w, https:\/\/dev.beatrizpalacios.com\/wp-content\/uploads\/2021\/09\/03_Campan\u0303a_BLITZ_WEB-1-590x885.jpg 590w, https:\/\/dev.beatrizpalacios.com\/wp-content\/uploads\/2021\/09\/03_Campan\u0303a_BLITZ_WEB-1-666x999.jpg 666w, https:\/\/dev.beatrizpalacios.com\/wp-content\/uploads\/2021\/09\/03_Campan\u0303a_BLITZ_WEB-1-200x300.jpg 200w, https:\/\/dev.beatrizpalacios.com\/wp-content\/uploads\/2021\/09\/03_Campan\u0303a_BLITZ_WEB-1-768x1152.jpg 768w, https:\/\/dev.beatrizpalacios.com\/wp-content\/uploads\/2021\/09\/03_Campan\u0303a_BLITZ_WEB-1-1024x1536.jpg 1024w, https:\/\/dev.beatrizpalacios.com\/wp-content\/uploads\/2021\/09\/03_Campan\u0303a_BLITZ_WEB-1-1365x2048.jpg 1365w, https:\/\/dev.beatrizpalacios.com\/wp-content\/uploads\/2021\/09\/03_Campan\u0303a_BLITZ_WEB-1.jpg 1600w\" sizes=\"(max-width: 640px) 100vw, 640px\" \/>\t\t\t\t\t\t\t\t\t\t\t\t\t\t\t<\/p>\n<p>Con BLITZ presento mi visi\u00f3n del Nuevo Romanticismo de hoy, creando un di\u00e1logo visual entre la joyer\u00eda de luto de la \u00e9poca Victoriana y la subcultura de los Nuevos Rom\u00e1nticos que surgi\u00f3 a comienzo de los a\u00f1os 80.\u00a0<\/p>\n<p>Con BLITZ presento mi visi\u00f3n del Nuevo Romanticismo de hoy, creando un di\u00e1logo visual entre la joyer\u00eda de luto de la \u00e9poca Victoriana y la subcultura de los Nuevos Rom\u00e1nticos que surgi\u00f3 a comienzo de los a\u00f1os 80.<\/p>\n<p>\t\t\t\t\t\t\t\t\t\t\t\t\t\t\t<img decoding=\"async\" width=\"640\" height=\"427\" src=\"https:\/\/dev.beatrizpalacios.com\/wp-content\/uploads\/2021\/09\/10_Campan\u0303a_BLITZ_WEB-1-1024x683.jpg\" alt=\"\" loading=\"lazy\" srcset=\"https:\/\/dev.beatrizpalacios.com\/wp-content\/uploads\/2021\/09\/10_Campan\u0303a_BLITZ_WEB-1-1024x683.jpg 1024w, https:\/\/dev.beatrizpalacios.com\/wp-content\/uploads\/2021\/09\/10_Campan\u0303a_BLITZ_WEB-1-590x393.jpg 590w, https:\/\/dev.beatrizpalacios.com\/wp-content\/uploads\/2021\/09\/10_Campan\u0303a_BLITZ_WEB-1-666x444.jpg 666w, https:\/\/dev.beatrizpalacios.com\/wp-content\/uploads\/2021\/09\/10_Campan\u0303a_BLITZ_WEB-1-300x200.jpg 300w, https:\/\/dev.beatrizpalacios.com\/wp-content\/uploads\/2021\/09\/10_Campan\u0303a_BLITZ_WEB-1-768x512.jpg 768w, https:\/\/dev.beatrizpalacios.com\/wp-content\/uploads\/2021\/09\/10_Campan\u0303a_BLITZ_WEB-1-1536x1024.jpg 1536w, https:\/\/dev.beatrizpalacios.com\/wp-content\/uploads\/2021\/09\/10_Campan\u0303a_BLITZ_WEB-1.jpg 1600w\" sizes=\"(max-width: 640px) 100vw, 640px\" \/><br \/>\n\t\t\t\t\t\t\t\t\t\t\t\t\t\t\t<img decoding=\"async\" width=\"640\" height=\"960\" src=\"https:\/\/dev.beatrizpalacios.com\/wp-content\/uploads\/2021\/09\/09_Campan\u0303a_BLITZ_WEB-1-683x1024.jpg\" alt=\"\" loading=\"lazy\" srcset=\"https:\/\/dev.beatrizpalacios.com\/wp-content\/uploads\/2021\/09\/09_Campan\u0303a_BLITZ_WEB-1-683x1024.jpg 683w, https:\/\/dev.beatrizpalacios.com\/wp-content\/uploads\/2021\/09\/09_Campan\u0303a_BLITZ_WEB-1-590x885.jpg 590w, https:\/\/dev.beatrizpalacios.com\/wp-content\/uploads\/2021\/09\/09_Campan\u0303a_BLITZ_WEB-1-666x999.jpg 666w, https:\/\/dev.beatrizpalacios.com\/wp-content\/uploads\/2021\/09\/09_Campan\u0303a_BLITZ_WEB-1-200x300.jpg 200w, https:\/\/dev.beatrizpalacios.com\/wp-content\/uploads\/2021\/09\/09_Campan\u0303a_BLITZ_WEB-1-768x1152.jpg 768w, https:\/\/dev.beatrizpalacios.com\/wp-content\/uploads\/2021\/09\/09_Campan\u0303a_BLITZ_WEB-1-1024x1536.jpg 1024w, https:\/\/dev.beatrizpalacios.com\/wp-content\/uploads\/2021\/09\/09_Campan\u0303a_BLITZ_WEB-1-1365x2048.jpg 1365w, https:\/\/dev.beatrizpalacios.com\/wp-content\/uploads\/2021\/09\/09_Campan\u0303a_BLITZ_WEB-1.jpg 1600w\" sizes=\"(max-width: 640px) 100vw, 640px\" \/><br \/>\n\t\t\t\t\t\t\t\t\t\t\t\t\t\t\t<img decoding=\"async\" width=\"640\" height=\"893\" src=\"https:\/\/dev.beatrizpalacios.com\/wp-content\/uploads\/2021\/09\/08_Campan\u0303a_BLITZ_WEB-1-734x1024.jpg\" alt=\"\" loading=\"lazy\" srcset=\"https:\/\/dev.beatrizpalacios.com\/wp-content\/uploads\/2021\/09\/08_Campan\u0303a_BLITZ_WEB-1-734x1024.jpg 734w, https:\/\/dev.beatrizpalacios.com\/wp-content\/uploads\/2021\/09\/08_Campan\u0303a_BLITZ_WEB-1-590x823.jpg 590w, https:\/\/dev.beatrizpalacios.com\/wp-content\/uploads\/2021\/09\/08_Campan\u0303a_BLITZ_WEB-1-666x929.jpg 666w, https:\/\/dev.beatrizpalacios.com\/wp-content\/uploads\/2021\/09\/08_Campan\u0303a_BLITZ_WEB-1-215x300.jpg 215w, https:\/\/dev.beatrizpalacios.com\/wp-content\/uploads\/2021\/09\/08_Campan\u0303a_BLITZ_WEB-1-768x1071.jpg 768w, https:\/\/dev.beatrizpalacios.com\/wp-content\/uploads\/2021\/09\/08_Campan\u0303a_BLITZ_WEB-1-1102x1536.jpg 1102w, https:\/\/dev.beatrizpalacios.com\/wp-content\/uploads\/2021\/09\/08_Campan\u0303a_BLITZ_WEB-1-1469x2048.jpg 1469w, https:\/\/dev.beatrizpalacios.com\/wp-content\/uploads\/2021\/09\/08_Campan\u0303a_BLITZ_WEB-1.jpg 1600w\" sizes=\"(max-width: 640px) 100vw, 640px\" \/><br \/>\n\t\t\t\t\t\t\t\t\t\t\t\t\t\t\t<img decoding=\"async\" width=\"640\" height=\"640\" src=\"https:\/\/dev.beatrizpalacios.com\/wp-content\/uploads\/2021\/09\/06_Campan\u0303a_BLITZ_WEB-1-1024x1024.jpg\" alt=\"\" loading=\"lazy\" srcset=\"https:\/\/dev.beatrizpalacios.com\/wp-content\/uploads\/2021\/09\/06_Campan\u0303a_BLITZ_WEB-1-1024x1024.jpg 1024w, https:\/\/dev.beatrizpalacios.com\/wp-content\/uploads\/2021\/09\/06_Campan\u0303a_BLITZ_WEB-1-590x590.jpg 590w, https:\/\/dev.beatrizpalacios.com\/wp-content\/uploads\/2021\/09\/06_Campan\u0303a_BLITZ_WEB-1-100x100.jpg 100w, https:\/\/dev.beatrizpalacios.com\/wp-content\/uploads\/2021\/09\/06_Campan\u0303a_BLITZ_WEB-1-666x666.jpg 666w, https:\/\/dev.beatrizpalacios.com\/wp-content\/uploads\/2021\/09\/06_Campan\u0303a_BLITZ_WEB-1-300x300.jpg 300w, https:\/\/dev.beatrizpalacios.com\/wp-content\/uploads\/2021\/09\/06_Campan\u0303a_BLITZ_WEB-1-150x150.jpg 150w, https:\/\/dev.beatrizpalacios.com\/wp-content\/uploads\/2021\/09\/06_Campan\u0303a_BLITZ_WEB-1-768x768.jpg 768w, https:\/\/dev.beatrizpalacios.com\/wp-content\/uploads\/2021\/09\/06_Campan\u0303a_BLITZ_WEB-1-1536x1536.jpg 1536w, https:\/\/dev.beatrizpalacios.com\/wp-content\/uploads\/2021\/09\/06_Campan\u0303a_BLITZ_WEB-1.jpg 1600w\" sizes=\"(max-width: 640px) 100vw, 640px\" \/><br \/>\n\t\t\t\t\t\t\t\t\t\t\t\t\t\t\t<img decoding=\"async\" width=\"640\" height=\"427\" src=\"https:\/\/dev.beatrizpalacios.com\/wp-content\/uploads\/2021\/09\/04_Campan\u0303a_BLITZ_WEB-1-1024x683.jpg\" alt=\"\" loading=\"lazy\" srcset=\"https:\/\/dev.beatrizpalacios.com\/wp-content\/uploads\/2021\/09\/04_Campan\u0303a_BLITZ_WEB-1-1024x683.jpg 1024w, https:\/\/dev.beatrizpalacios.com\/wp-content\/uploads\/2021\/09\/04_Campan\u0303a_BLITZ_WEB-1-590x393.jpg 590w, https:\/\/dev.beatrizpalacios.com\/wp-content\/uploads\/2021\/09\/04_Campan\u0303a_BLITZ_WEB-1-666x444.jpg 666w, https:\/\/dev.beatrizpalacios.com\/wp-content\/uploads\/2021\/09\/04_Campan\u0303a_BLITZ_WEB-1-300x200.jpg 300w, https:\/\/dev.beatrizpalacios.com\/wp-content\/uploads\/2021\/09\/04_Campan\u0303a_BLITZ_WEB-1-768x512.jpg 768w, https:\/\/dev.beatrizpalacios.com\/wp-content\/uploads\/2021\/09\/04_Campan\u0303a_BLITZ_WEB-1-1536x1024.jpg 1536w, https:\/\/dev.beatrizpalacios.com\/wp-content\/uploads\/2021\/09\/04_Campan\u0303a_BLITZ_WEB-1.jpg 1600w\" sizes=\"(max-width: 640px) 100vw, 640px\" \/><br \/>\n\t\t\t\t\t\t\t\t\t\t\t\t\t\t\t<img decoding=\"async\" width=\"640\" height=\"960\" src=\"https:\/\/dev.beatrizpalacios.com\/wp-content\/uploads\/2021\/09\/14_Campan\u0303a_BLITZ_WEB-1-683x1024.jpg\" alt=\"\" loading=\"lazy\" srcset=\"https:\/\/dev.beatrizpalacios.com\/wp-content\/uploads\/2021\/09\/14_Campan\u0303a_BLITZ_WEB-1-683x1024.jpg 683w, https:\/\/dev.beatrizpalacios.com\/wp-content\/uploads\/2021\/09\/14_Campan\u0303a_BLITZ_WEB-1-590x885.jpg 590w, https:\/\/dev.beatrizpalacios.com\/wp-content\/uploads\/2021\/09\/14_Campan\u0303a_BLITZ_WEB-1-666x999.jpg 666w, https:\/\/dev.beatrizpalacios.com\/wp-content\/uploads\/2021\/09\/14_Campan\u0303a_BLITZ_WEB-1-200x300.jpg 200w, https:\/\/dev.beatrizpalacios.com\/wp-content\/uploads\/2021\/09\/14_Campan\u0303a_BLITZ_WEB-1-768x1152.jpg 768w, https:\/\/dev.beatrizpalacios.com\/wp-content\/uploads\/2021\/09\/14_Campan\u0303a_BLITZ_WEB-1-1024x1536.jpg 1024w, https:\/\/dev.beatrizpalacios.com\/wp-content\/uploads\/2021\/09\/14_Campan\u0303a_BLITZ_WEB-1-1365x2048.jpg 1365w, https:\/\/dev.beatrizpalacios.com\/wp-content\/uploads\/2021\/09\/14_Campan\u0303a_BLITZ_WEB-1.jpg 1600w\" sizes=\"(max-width: 640px) 100vw, 640px\" \/><br \/>\n\t\t\t\t\t\t\t\t\t\t\t\t\t\t\t<img decoding=\"async\" width=\"640\" height=\"640\" src=\"https:\/\/dev.beatrizpalacios.com\/wp-content\/uploads\/2021\/09\/18_Campan\u0303a_BLITZ_WEB-1-1024x1024.jpg\" alt=\"\" loading=\"lazy\" srcset=\"https:\/\/dev.beatrizpalacios.com\/wp-content\/uploads\/2021\/09\/18_Campan\u0303a_BLITZ_WEB-1-1024x1024.jpg 1024w, https:\/\/dev.beatrizpalacios.com\/wp-content\/uploads\/2021\/09\/18_Campan\u0303a_BLITZ_WEB-1-590x590.jpg 590w, https:\/\/dev.beatrizpalacios.com\/wp-content\/uploads\/2021\/09\/18_Campan\u0303a_BLITZ_WEB-1-100x100.jpg 100w, https:\/\/dev.beatrizpalacios.com\/wp-content\/uploads\/2021\/09\/18_Campan\u0303a_BLITZ_WEB-1-666x666.jpg 666w, https:\/\/dev.beatrizpalacios.com\/wp-content\/uploads\/2021\/09\/18_Campan\u0303a_BLITZ_WEB-1-300x300.jpg 300w, https:\/\/dev.beatrizpalacios.com\/wp-content\/uploads\/2021\/09\/18_Campan\u0303a_BLITZ_WEB-1-150x150.jpg 150w, https:\/\/dev.beatrizpalacios.com\/wp-content\/uploads\/2021\/09\/18_Campan\u0303a_BLITZ_WEB-1-768x768.jpg 768w, https:\/\/dev.beatrizpalacios.com\/wp-content\/uploads\/2021\/09\/18_Campan\u0303a_BLITZ_WEB-1-1536x1536.jpg 1536w, https:\/\/dev.beatrizpalacios.com\/wp-content\/uploads\/2021\/09\/18_Campan\u0303a_BLITZ_WEB-1.jpg 1600w\" sizes=\"(max-width: 640px) 100vw, 640px\" \/><br \/>\n\t\t\t\t\t\t\t\t\t\t\t\t\t\t\t<img decoding=\"async\" width=\"640\" height=\"640\" src=\"https:\/\/dev.beatrizpalacios.com\/wp-content\/uploads\/2021\/09\/19_Campan\u0303a_BLITZ_WEB-1-1024x1024.jpg\" alt=\"\" loading=\"lazy\" srcset=\"https:\/\/dev.beatrizpalacios.com\/wp-content\/uploads\/2021\/09\/19_Campan\u0303a_BLITZ_WEB-1-1024x1024.jpg 1024w, https:\/\/dev.beatrizpalacios.com\/wp-content\/uploads\/2021\/09\/19_Campan\u0303a_BLITZ_WEB-1-590x590.jpg 590w, https:\/\/dev.beatrizpalacios.com\/wp-content\/uploads\/2021\/09\/19_Campan\u0303a_BLITZ_WEB-1-100x100.jpg 100w, https:\/\/dev.beatrizpalacios.com\/wp-content\/uploads\/2021\/09\/19_Campan\u0303a_BLITZ_WEB-1-666x666.jpg 666w, https:\/\/dev.beatrizpalacios.com\/wp-content\/uploads\/2021\/09\/19_Campan\u0303a_BLITZ_WEB-1-300x300.jpg 300w, https:\/\/dev.beatrizpalacios.com\/wp-content\/uploads\/2021\/09\/19_Campan\u0303a_BLITZ_WEB-1-150x150.jpg 150w, https:\/\/dev.beatrizpalacios.com\/wp-content\/uploads\/2021\/09\/19_Campan\u0303a_BLITZ_WEB-1-768x768.jpg 768w, https:\/\/dev.beatrizpalacios.com\/wp-content\/uploads\/2021\/09\/19_Campan\u0303a_BLITZ_WEB-1-1536x1536.jpg 1536w, https:\/\/dev.beatrizpalacios.com\/wp-content\/uploads\/2021\/09\/19_Campan\u0303a_BLITZ_WEB-1.jpg 1600w\" sizes=\"(max-width: 640px) 100vw, 640px\" \/><br \/>\n\t\t\t\t\t\t\t\t\t\t\t\t\t\t\t<img decoding=\"async\" width=\"640\" height=\"960\" src=\"https:\/\/dev.beatrizpalacios.com\/wp-content\/uploads\/2021\/09\/15_Campan\u0303a_BLITZ_WEB-1-683x1024.jpg\" alt=\"\" loading=\"lazy\" srcset=\"https:\/\/dev.beatrizpalacios.com\/wp-content\/uploads\/2021\/09\/15_Campan\u0303a_BLITZ_WEB-1-683x1024.jpg 683w, https:\/\/dev.beatrizpalacios.com\/wp-content\/uploads\/2021\/09\/15_Campan\u0303a_BLITZ_WEB-1-590x885.jpg 590w, https:\/\/dev.beatrizpalacios.com\/wp-content\/uploads\/2021\/09\/15_Campan\u0303a_BLITZ_WEB-1-666x999.jpg 666w, https:\/\/dev.beatrizpalacios.com\/wp-content\/uploads\/2021\/09\/15_Campan\u0303a_BLITZ_WEB-1-200x300.jpg 200w, https:\/\/dev.beatrizpalacios.com\/wp-content\/uploads\/2021\/09\/15_Campan\u0303a_BLITZ_WEB-1-768x1152.jpg 768w, https:\/\/dev.beatrizpalacios.com\/wp-content\/uploads\/2021\/09\/15_Campan\u0303a_BLITZ_WEB-1-1024x1536.jpg 1024w, https:\/\/dev.beatrizpalacios.com\/wp-content\/uploads\/2021\/09\/15_Campan\u0303a_BLITZ_WEB-1-1365x2048.jpg 1365w, https:\/\/dev.beatrizpalacios.com\/wp-content\/uploads\/2021\/09\/15_Campan\u0303a_BLITZ_WEB-1.jpg 1600w\" sizes=\"(max-width: 640px) 100vw, 640px\" \/><br \/>\n\t\t\t\t\t\t\t\t\t\t\t\t\t\t\t<img decoding=\"async\" width=\"640\" height=\"427\" src=\"https:\/\/dev.beatrizpalacios.com\/wp-content\/uploads\/2021\/09\/13_Campan\u0303a_BLITZ_WEB-1-1024x683.jpg\" alt=\"\" loading=\"lazy\" srcset=\"https:\/\/dev.beatrizpalacios.com\/wp-content\/uploads\/2021\/09\/13_Campan\u0303a_BLITZ_WEB-1-1024x683.jpg 1024w, https:\/\/dev.beatrizpalacios.com\/wp-content\/uploads\/2021\/09\/13_Campan\u0303a_BLITZ_WEB-1-590x393.jpg 590w, https:\/\/dev.beatrizpalacios.com\/wp-content\/uploads\/2021\/09\/13_Campan\u0303a_BLITZ_WEB-1-666x444.jpg 666w, https:\/\/dev.beatrizpalacios.com\/wp-content\/uploads\/2021\/09\/13_Campan\u0303a_BLITZ_WEB-1-300x200.jpg 300w, https:\/\/dev.beatrizpalacios.com\/wp-content\/uploads\/2021\/09\/13_Campan\u0303a_BLITZ_WEB-1-768x512.jpg 768w, https:\/\/dev.beatrizpalacios.com\/wp-content\/uploads\/2021\/09\/13_Campan\u0303a_BLITZ_WEB-1-1536x1024.jpg 1536w, https:\/\/dev.beatrizpalacios.com\/wp-content\/uploads\/2021\/09\/13_Campan\u0303a_BLITZ_WEB-1.jpg 1600w\" sizes=\"(max-width: 640px) 100vw, 640px\" \/><br \/>\n\t\t\t\t\t\t\t\t\t\t\t\t\t\t\t<img decoding=\"async\" width=\"640\" height=\"960\" src=\"https:\/\/dev.beatrizpalacios.com\/wp-content\/uploads\/2021\/09\/16_Campan\u0303a_BLITZ_WEB-1-683x1024.jpg\" alt=\"\" loading=\"lazy\" srcset=\"https:\/\/dev.beatrizpalacios.com\/wp-content\/uploads\/2021\/09\/16_Campan\u0303a_BLITZ_WEB-1-683x1024.jpg 683w, https:\/\/dev.beatrizpalacios.com\/wp-content\/uploads\/2021\/09\/16_Campan\u0303a_BLITZ_WEB-1-590x885.jpg 590w, https:\/\/dev.beatrizpalacios.com\/wp-content\/uploads\/2021\/09\/16_Campan\u0303a_BLITZ_WEB-1-666x999.jpg 666w, https:\/\/dev.beatrizpalacios.com\/wp-content\/uploads\/2021\/09\/16_Campan\u0303a_BLITZ_WEB-1-200x300.jpg 200w, https:\/\/dev.beatrizpalacios.com\/wp-content\/uploads\/2021\/09\/16_Campan\u0303a_BLITZ_WEB-1-768x1152.jpg 768w, https:\/\/dev.beatrizpalacios.com\/wp-content\/uploads\/2021\/09\/16_Campan\u0303a_BLITZ_WEB-1-1024x1536.jpg 1024w, https:\/\/dev.beatrizpalacios.com\/wp-content\/uploads\/2021\/09\/16_Campan\u0303a_BLITZ_WEB-1-1365x2048.jpg 1365w, https:\/\/dev.beatrizpalacios.com\/wp-content\/uploads\/2021\/09\/16_Campan\u0303a_BLITZ_WEB-1.jpg 1600w\" sizes=\"(max-width: 640px) 100vw, 640px\" \/>\t\t\t\t\t\t\t\t\t\t\t\t\t\t\t<\/p>\n<p>Perlas blancas, \u00f3nix negro y amatista violeta se unen en forma de lazos, piercings y pendientes de imperdible materializando una colecci\u00f3n que retrata un tipo de g\u00f3tico rom\u00e1ntico de nuestra \u00e9poca.<\/p>\n<p>\t\t\t\t\t\t\t\t\t\t\t\t\t\t\t<img decoding=\"async\" width=\"640\" height=\"427\" src=\"https:\/\/dev.beatrizpalacios.com\/wp-content\/uploads\/2021\/09\/11_Campan\u0303a_BLITZ_WEB-1-1024x683.jpg\" alt=\"\" loading=\"lazy\" srcset=\"https:\/\/dev.beatrizpalacios.com\/wp-content\/uploads\/2021\/09\/11_Campan\u0303a_BLITZ_WEB-1-1024x683.jpg 1024w, https:\/\/dev.beatrizpalacios.com\/wp-content\/uploads\/2021\/09\/11_Campan\u0303a_BLITZ_WEB-1-590x393.jpg 590w, https:\/\/dev.beatrizpalacios.com\/wp-content\/uploads\/2021\/09\/11_Campan\u0303a_BLITZ_WEB-1-666x444.jpg 666w, https:\/\/dev.beatrizpalacios.com\/wp-content\/uploads\/2021\/09\/11_Campan\u0303a_BLITZ_WEB-1-300x200.jpg 300w, https:\/\/dev.beatrizpalacios.com\/wp-content\/uploads\/2021\/09\/11_Campan\u0303a_BLITZ_WEB-1-768x512.jpg 768w, https:\/\/dev.beatrizpalacios.com\/wp-content\/uploads\/2021\/09\/11_Campan\u0303a_BLITZ_WEB-1-1536x1024.jpg 1536w, https:\/\/dev.beatrizpalacios.com\/wp-content\/uploads\/2021\/09\/11_Campan\u0303a_BLITZ_WEB-1.jpg 1600w\" sizes=\"(max-width: 640px) 100vw, 640px\" \/><br \/>\n\t\t\t\t\t\t\t\t\t\t\t\t\t\t\t<img decoding=\"async\" width=\"640\" height=\"960\" src=\"https:\/\/dev.beatrizpalacios.com\/wp-content\/uploads\/2021\/09\/16_Campan\u0303a_BLITZ_WEB-1-683x1024.jpg\" alt=\"\" loading=\"lazy\" srcset=\"https:\/\/dev.beatrizpalacios.com\/wp-content\/uploads\/2021\/09\/16_Campan\u0303a_BLITZ_WEB-1-683x1024.jpg 683w, https:\/\/dev.beatrizpalacios.com\/wp-content\/uploads\/2021\/09\/16_Campan\u0303a_BLITZ_WEB-1-590x885.jpg 590w, https:\/\/dev.beatrizpalacios.com\/wp-content\/uploads\/2021\/09\/16_Campan\u0303a_BLITZ_WEB-1-666x999.jpg 666w, https:\/\/dev.beatrizpalacios.com\/wp-content\/uploads\/2021\/09\/16_Campan\u0303a_BLITZ_WEB-1-200x300.jpg 200w, https:\/\/dev.beatrizpalacios.com\/wp-content\/uploads\/2021\/09\/16_Campan\u0303a_BLITZ_WEB-1-768x1152.jpg 768w, https:\/\/dev.beatrizpalacios.com\/wp-content\/uploads\/2021\/09\/16_Campan\u0303a_BLITZ_WEB-1-1024x1536.jpg 1024w, https:\/\/dev.beatrizpalacios.com\/wp-content\/uploads\/2021\/09\/16_Campan\u0303a_BLITZ_WEB-1-1365x2048.jpg 1365w, https:\/\/dev.beatrizpalacios.com\/wp-content\/uploads\/2021\/09\/16_Campan\u0303a_BLITZ_WEB-1.jpg 1600w\" sizes=\"(max-width: 640px) 100vw, 640px\" \/>\t\t\t\t\t\t\t\t\t\t\t\t\t\t\t<\/p>\n<p>Perlas blancas, \u00f3nix negro y amatista violeta se unen en forma de lazos, piercings y pendientes de imperdible materializando una colecci\u00f3n que retrata un tipo de g\u00f3tico rom\u00e1ntico de nuestra \u00e9poca.<\/p>\n<p>\t\t\t\t\t\t\t\t\t\t\t\t\t\t\t<img decoding=\"async\" width=\"640\" height=\"427\" src=\"https:\/\/dev.beatrizpalacios.com\/wp-content\/uploads\/2021\/09\/11_Campan\u0303a_BLITZ_WEB-1-1024x683.jpg\" alt=\"\" loading=\"lazy\" srcset=\"https:\/\/dev.beatrizpalacios.com\/wp-content\/uploads\/2021\/09\/11_Campan\u0303a_BLITZ_WEB-1-1024x683.jpg 1024w, https:\/\/dev.beatrizpalacios.com\/wp-content\/uploads\/2021\/09\/11_Campan\u0303a_BLITZ_WEB-1-590x393.jpg 590w, https:\/\/dev.beatrizpalacios.com\/wp-content\/uploads\/2021\/09\/11_Campan\u0303a_BLITZ_WEB-1-666x444.jpg 666w, https:\/\/dev.beatrizpalacios.com\/wp-content\/uploads\/2021\/09\/11_Campan\u0303a_BLITZ_WEB-1-300x200.jpg 300w, https:\/\/dev.beatrizpalacios.com\/wp-content\/uploads\/2021\/09\/11_Campan\u0303a_BLITZ_WEB-1-768x512.jpg 768w, https:\/\/dev.beatrizpalacios.com\/wp-content\/uploads\/2021\/09\/11_Campan\u0303a_BLITZ_WEB-1-1536x1024.jpg 1536w, https:\/\/dev.beatrizpalacios.com\/wp-content\/uploads\/2021\/09\/11_Campan\u0303a_BLITZ_WEB-1.jpg 1600w\" sizes=\"(max-width: 640px) 100vw, 640px\" \/><br \/>\n\t\t<em><strong>Art direction &amp; Photograph: <\/strong>Lourdes Cabrera\u00a0 \u00a0<strong>Costume Designer:<\/strong> Rebata Brenha \u00a0 <strong>Model:<\/strong> Carmen B.Mikelarena<\/em>\t\t<\/p>\n<h2><a href=\"https:\/\/dev.beatrizpalacios.com\/collection\/blitz\/\">Shop Blitz<\/a><\/h2>\n<h6>Moon<\/h6>\n<h6>Daisy<\/h6>\n","protected":false},"excerpt":{"rendered":"<p>Blitz \u2018Let\u2019s have a Black Celebration\u2019 \u2018Propaganda\u2019 punk fanzine, NY city, 1981 \u2018Black celebration\u2019, song, Depeche Mode, 1986. Con BLITZ presento mi visi\u00f3n del Nuevo Romanticismo de hoy, creando un di\u00e1logo visual entre la joyer\u00eda de luto de la \u00e9poca Victoriana y la subcultura de los Nuevos Rom\u00e1nticos que surgi\u00f3 a comienzo de los a\u00f1os [&hellip;]<\/p>\n","protected":false},"author":3,"featured_media":0,"parent":0,"menu_order":0,"comment_status":"closed","ping_status":"closed","template":"elementor_header_footer","meta":{"footnotes":""},"class_list":["post-32032","page","type-page","status-publish","hentry"],"_links":{"self":[{"href":"https:\/\/dev.beatrizpalacios.com\/es\/wp-json\/wp\/v2\/pages\/32032","targetHints":{"allow":["GET"]}}],"collection":[{"href":"https:\/\/dev.beatrizpalacios.com\/es\/wp-json\/wp\/v2\/pages"}],"about":[{"href":"https:\/\/dev.beatrizpalacios.com\/es\/wp-json\/wp\/v2\/types\/page"}],"author":[{"embeddable":true,"href":"https:\/\/dev.beatrizpalacios.com\/es\/wp-json\/wp\/v2\/users\/3"}],"replies":[{"embeddable":true,"href":"https:\/\/dev.beatrizpalacios.com\/es\/wp-json\/wp\/v2\/comments?post=32032"}],"version-history":[{"count":6,"href":"https:\/\/dev.beatrizpalacios.com\/es\/wp-json\/wp\/v2\/pages\/32032\/revisions"}],"predecessor-version":[{"id":34830,"href":"https:\/\/dev.beatrizpalacios.com\/es\/wp-json\/wp\/v2\/pages\/32032\/revisions\/34830"}],"wp:attachment":[{"href":"https:\/\/dev.beatrizpalacios.com\/es\/wp-json\/wp\/v2\/media?parent=32032"}],"curies":[{"name":"wp","href":"https:\/\/api.w.org\/{rel}","templated":true}]}}