{"id":34610,"date":"2022-02-15T13:08:32","date_gmt":"2022-02-15T12:08:32","guid":{"rendered":"https:\/\/dev.beatrizpalacios.com\/gran-via\/"},"modified":"2022-09-05T12:36:39","modified_gmt":"2022-09-05T10:36:39","slug":"gran-via","status":"publish","type":"page","link":"https:\/\/dev.beatrizpalacios.com\/es\/gran-via\/","title":{"rendered":"Gran Via"},"content":{"rendered":"<h2>Gran Via<\/h2>\n<p>Inspirados en la atm\u00f3sfera el\u00e9ctrica de las grandes ciudades, presentamos GRAN VIA, una colecci\u00f3n que refleja la atm\u00f3sfera de los paisajes nocturnos de metr\u00f3polis como Madrid, Tokio, Londres o Nueva York. Un homenaje a sus ambientes ecl\u00e9cticos donde todo el mundo es bienvenido,&nbsp;&nbsp;sin importar origen o destino.<\/p>\n<p>\t\t\t\t\t\t\t\t\t\t\t\t\t\t\t<img decoding=\"async\" width=\"640\" height=\"427\" src=\"https:\/\/dev.beatrizpalacios.com\/wp-content\/uploads\/2022\/02\/12_Campan\u0303aGRANVIA-1024x683.jpg\" alt=\"\" loading=\"lazy\" srcset=\"https:\/\/dev.beatrizpalacios.com\/wp-content\/uploads\/2022\/02\/12_Campan\u0303aGRANVIA-1024x683.jpg 1024w, https:\/\/dev.beatrizpalacios.com\/wp-content\/uploads\/2022\/02\/12_Campan\u0303aGRANVIA-590x393.jpg 590w, https:\/\/dev.beatrizpalacios.com\/wp-content\/uploads\/2022\/02\/12_Campan\u0303aGRANVIA-666x444.jpg 666w, https:\/\/dev.beatrizpalacios.com\/wp-content\/uploads\/2022\/02\/12_Campan\u0303aGRANVIA-300x200.jpg 300w, https:\/\/dev.beatrizpalacios.com\/wp-content\/uploads\/2022\/02\/12_Campan\u0303aGRANVIA-768x512.jpg 768w, https:\/\/dev.beatrizpalacios.com\/wp-content\/uploads\/2022\/02\/12_Campan\u0303aGRANVIA-1536x1024.jpg 1536w, https:\/\/dev.beatrizpalacios.com\/wp-content\/uploads\/2022\/02\/12_Campan\u0303aGRANVIA.jpg 1920w\" sizes=\"(max-width: 640px) 100vw, 640px\" \/><br \/>\n\t\t\t\t\t\t\t\t\t\t\t\t\t\t\t<img decoding=\"async\" width=\"640\" height=\"960\" src=\"https:\/\/dev.beatrizpalacios.com\/wp-content\/uploads\/2022\/02\/06_Campan\u0303aGRANVIA-683x1024.jpg\" alt=\"\" loading=\"lazy\" srcset=\"https:\/\/dev.beatrizpalacios.com\/wp-content\/uploads\/2022\/02\/06_Campan\u0303aGRANVIA-683x1024.jpg 683w, https:\/\/dev.beatrizpalacios.com\/wp-content\/uploads\/2022\/02\/06_Campan\u0303aGRANVIA-590x885.jpg 590w, https:\/\/dev.beatrizpalacios.com\/wp-content\/uploads\/2022\/02\/06_Campan\u0303aGRANVIA-666x999.jpg 666w, https:\/\/dev.beatrizpalacios.com\/wp-content\/uploads\/2022\/02\/06_Campan\u0303aGRANVIA-200x300.jpg 200w, https:\/\/dev.beatrizpalacios.com\/wp-content\/uploads\/2022\/02\/06_Campan\u0303aGRANVIA-768x1152.jpg 768w, https:\/\/dev.beatrizpalacios.com\/wp-content\/uploads\/2022\/02\/06_Campan\u0303aGRANVIA.jpg 800w\" sizes=\"(max-width: 640px) 100vw, 640px\" \/>\t\t\t\t\t\t\t\t\t\t\t\t\t\t\t<\/p>\n<p>La arteria principal de cualquier urbe funciona como un cruce de caminos donde la diversidad cultural, \u00e9tnica y social se ensamblan o se desvanecen.<\/p>\n<p>\t\t\t\t\t\t\t\t\t\t\t\t\t\t\t<img decoding=\"async\" width=\"640\" height=\"960\" src=\"https:\/\/dev.beatrizpalacios.com\/wp-content\/uploads\/2022\/02\/17_Campan\u0303aGRANVIA-683x1024.jpg\" alt=\"\" loading=\"lazy\" srcset=\"https:\/\/dev.beatrizpalacios.com\/wp-content\/uploads\/2022\/02\/17_Campan\u0303aGRANVIA-683x1024.jpg 683w, https:\/\/dev.beatrizpalacios.com\/wp-content\/uploads\/2022\/02\/17_Campan\u0303aGRANVIA-590x885.jpg 590w, https:\/\/dev.beatrizpalacios.com\/wp-content\/uploads\/2022\/02\/17_Campan\u0303aGRANVIA-666x999.jpg 666w, https:\/\/dev.beatrizpalacios.com\/wp-content\/uploads\/2022\/02\/17_Campan\u0303aGRANVIA-200x300.jpg 200w, https:\/\/dev.beatrizpalacios.com\/wp-content\/uploads\/2022\/02\/17_Campan\u0303aGRANVIA-768x1152.jpg 768w, https:\/\/dev.beatrizpalacios.com\/wp-content\/uploads\/2022\/02\/17_Campan\u0303aGRANVIA.jpg 800w\" sizes=\"(max-width: 640px) 100vw, 640px\" \/><br \/>\n\t\tTambi\u00e9n GRAN VIA es punto de encuentro: las perlas y el oro se mezclan con esmaltes y cristales antiguos; las curvas dialogan con barras luminosas que, como una met\u00e1fora de los brillos urbanos que refleja la noche, reverberan los colores del arcoiris.<br \/>\n\t\t\t\t\t\t\t\t\t\t\t\t\t\t\t<img decoding=\"async\" width=\"640\" height=\"961\" src=\"https:\/\/dev.beatrizpalacios.com\/wp-content\/uploads\/2022\/06\/17_HITS_Campan\u0303a_ALTA-682x1024.jpg\" alt=\"\" loading=\"lazy\" srcset=\"https:\/\/dev.beatrizpalacios.com\/wp-content\/uploads\/2022\/06\/17_HITS_Campan\u0303a_ALTA-682x1024.jpg 682w, https:\/\/dev.beatrizpalacios.com\/wp-content\/uploads\/2022\/06\/17_HITS_Campan\u0303a_ALTA-200x300.jpg 200w, https:\/\/dev.beatrizpalacios.com\/wp-content\/uploads\/2022\/06\/17_HITS_Campan\u0303a_ALTA-768x1152.jpg 768w, https:\/\/dev.beatrizpalacios.com\/wp-content\/uploads\/2022\/06\/17_HITS_Campan\u0303a_ALTA-590x885.jpg 590w, https:\/\/dev.beatrizpalacios.com\/wp-content\/uploads\/2022\/06\/17_HITS_Campan\u0303a_ALTA-666x999.jpg 666w, https:\/\/dev.beatrizpalacios.com\/wp-content\/uploads\/2022\/06\/17_HITS_Campan\u0303a_ALTA.jpg 853w\" sizes=\"(max-width: 640px) 100vw, 640px\" \/><br \/>\n\t\t\t\t\t\t\t\t\t\t\t\t\t\t\t<img decoding=\"async\" width=\"640\" height=\"640\" src=\"https:\/\/dev.beatrizpalacios.com\/wp-content\/uploads\/2022\/06\/26_HITS_Campan\u0303a_ALTA-1024x1024.jpg\" alt=\"\" loading=\"lazy\" srcset=\"https:\/\/dev.beatrizpalacios.com\/wp-content\/uploads\/2022\/06\/26_HITS_Campan\u0303a_ALTA-1024x1024.jpg 1024w, https:\/\/dev.beatrizpalacios.com\/wp-content\/uploads\/2022\/06\/26_HITS_Campan\u0303a_ALTA-300x300.jpg 300w, https:\/\/dev.beatrizpalacios.com\/wp-content\/uploads\/2022\/06\/26_HITS_Campan\u0303a_ALTA-150x150.jpg 150w, https:\/\/dev.beatrizpalacios.com\/wp-content\/uploads\/2022\/06\/26_HITS_Campan\u0303a_ALTA-768x768.jpg 768w, https:\/\/dev.beatrizpalacios.com\/wp-content\/uploads\/2022\/06\/26_HITS_Campan\u0303a_ALTA-590x590.jpg 590w, https:\/\/dev.beatrizpalacios.com\/wp-content\/uploads\/2022\/06\/26_HITS_Campan\u0303a_ALTA-666x666.jpg 666w, https:\/\/dev.beatrizpalacios.com\/wp-content\/uploads\/2022\/06\/26_HITS_Campan\u0303a_ALTA-100x100.jpg 100w, https:\/\/dev.beatrizpalacios.com\/wp-content\/uploads\/2022\/06\/26_HITS_Campan\u0303a_ALTA.jpg 1280w\" sizes=\"(max-width: 640px) 100vw, 640px\" \/><br \/>\n\t\t\t\t\t\t\t\t\t\t\t\t\t\t\t<img decoding=\"async\" width=\"640\" height=\"961\" src=\"https:\/\/dev.beatrizpalacios.com\/wp-content\/uploads\/2022\/06\/16_HITS_Campan\u0303a_ALTA-682x1024.jpg\" alt=\"\" loading=\"lazy\" srcset=\"https:\/\/dev.beatrizpalacios.com\/wp-content\/uploads\/2022\/06\/16_HITS_Campan\u0303a_ALTA-682x1024.jpg 682w, https:\/\/dev.beatrizpalacios.com\/wp-content\/uploads\/2022\/06\/16_HITS_Campan\u0303a_ALTA-200x300.jpg 200w, https:\/\/dev.beatrizpalacios.com\/wp-content\/uploads\/2022\/06\/16_HITS_Campan\u0303a_ALTA-768x1152.jpg 768w, https:\/\/dev.beatrizpalacios.com\/wp-content\/uploads\/2022\/06\/16_HITS_Campan\u0303a_ALTA-590x885.jpg 590w, https:\/\/dev.beatrizpalacios.com\/wp-content\/uploads\/2022\/06\/16_HITS_Campan\u0303a_ALTA-666x999.jpg 666w, https:\/\/dev.beatrizpalacios.com\/wp-content\/uploads\/2022\/06\/16_HITS_Campan\u0303a_ALTA.jpg 853w\" sizes=\"(max-width: 640px) 100vw, 640px\" \/><br \/>\n\t\t\t\t\t\t\t\t\t\t\t\t\t\t\t<img decoding=\"async\" width=\"640\" height=\"427\" src=\"https:\/\/dev.beatrizpalacios.com\/wp-content\/uploads\/2022\/02\/07_Campan\u0303aGRANVIA-1024x683.jpg\" alt=\"\" loading=\"lazy\" srcset=\"https:\/\/dev.beatrizpalacios.com\/wp-content\/uploads\/2022\/02\/07_Campan\u0303aGRANVIA-1024x683.jpg 1024w, https:\/\/dev.beatrizpalacios.com\/wp-content\/uploads\/2022\/02\/07_Campan\u0303aGRANVIA-590x393.jpg 590w, https:\/\/dev.beatrizpalacios.com\/wp-content\/uploads\/2022\/02\/07_Campan\u0303aGRANVIA-666x444.jpg 666w, https:\/\/dev.beatrizpalacios.com\/wp-content\/uploads\/2022\/02\/07_Campan\u0303aGRANVIA-300x200.jpg 300w, https:\/\/dev.beatrizpalacios.com\/wp-content\/uploads\/2022\/02\/07_Campan\u0303aGRANVIA-768x512.jpg 768w, https:\/\/dev.beatrizpalacios.com\/wp-content\/uploads\/2022\/02\/07_Campan\u0303aGRANVIA-1536x1024.jpg 1536w, https:\/\/dev.beatrizpalacios.com\/wp-content\/uploads\/2022\/02\/07_Campan\u0303aGRANVIA.jpg 1800w\" sizes=\"(max-width: 640px) 100vw, 640px\" \/>\t\t\t\t\t\t\t\t\t\t\t\t\t\t\t<\/p>\n<p>Neones iridiscentes que recuerdan a la Gran V\u00eda madrile\u00f1a, muy cerca del taller donde dise\u00f1amos y creamos cada una de nuestras piezas.<\/p>\n<p>\t\t\t\t\t\t\t\t\t\t\t\t\t\t\t<img decoding=\"async\" width=\"640\" height=\"960\" src=\"https:\/\/dev.beatrizpalacios.com\/wp-content\/uploads\/2022\/02\/04_Campan\u0303aGRANVIA-683x1024.jpg\" alt=\"\" loading=\"lazy\" srcset=\"https:\/\/dev.beatrizpalacios.com\/wp-content\/uploads\/2022\/02\/04_Campan\u0303aGRANVIA-683x1024.jpg 683w, https:\/\/dev.beatrizpalacios.com\/wp-content\/uploads\/2022\/02\/04_Campan\u0303aGRANVIA-590x885.jpg 590w, https:\/\/dev.beatrizpalacios.com\/wp-content\/uploads\/2022\/02\/04_Campan\u0303aGRANVIA-666x999.jpg 666w, https:\/\/dev.beatrizpalacios.com\/wp-content\/uploads\/2022\/02\/04_Campan\u0303aGRANVIA-200x300.jpg 200w, https:\/\/dev.beatrizpalacios.com\/wp-content\/uploads\/2022\/02\/04_Campan\u0303aGRANVIA-768x1152.jpg 768w, https:\/\/dev.beatrizpalacios.com\/wp-content\/uploads\/2022\/02\/04_Campan\u0303aGRANVIA.jpg 800w\" sizes=\"(max-width: 640px) 100vw, 640px\" \/><br \/>\n\t\t\t\t\t\t\t\t\t\t\t\t\t\t\t<img decoding=\"async\" width=\"640\" height=\"427\" src=\"https:\/\/dev.beatrizpalacios.com\/wp-content\/uploads\/2022\/02\/01_Campan\u0303aGRANVIA-1024x683.jpg\" alt=\"\" loading=\"lazy\" srcset=\"https:\/\/dev.beatrizpalacios.com\/wp-content\/uploads\/2022\/02\/01_Campan\u0303aGRANVIA-1024x683.jpg 1024w, https:\/\/dev.beatrizpalacios.com\/wp-content\/uploads\/2022\/02\/01_Campan\u0303aGRANVIA-590x393.jpg 590w, https:\/\/dev.beatrizpalacios.com\/wp-content\/uploads\/2022\/02\/01_Campan\u0303aGRANVIA-666x444.jpg 666w, https:\/\/dev.beatrizpalacios.com\/wp-content\/uploads\/2022\/02\/01_Campan\u0303aGRANVIA-300x200.jpg 300w, https:\/\/dev.beatrizpalacios.com\/wp-content\/uploads\/2022\/02\/01_Campan\u0303aGRANVIA-768x512.jpg 768w, https:\/\/dev.beatrizpalacios.com\/wp-content\/uploads\/2022\/02\/01_Campan\u0303aGRANVIA-1536x1024.jpg 1536w, https:\/\/dev.beatrizpalacios.com\/wp-content\/uploads\/2022\/02\/01_Campan\u0303aGRANVIA.jpg 1800w\" sizes=\"(max-width: 640px) 100vw, 640px\" \/><br \/>\n\t\t\t\t\t\t\t\t\t\t\t\t\t\t\t<img decoding=\"async\" width=\"640\" height=\"427\" src=\"https:\/\/dev.beatrizpalacios.com\/wp-content\/uploads\/2022\/02\/10_Campan\u0303aGRANVIA-1024x683.jpg\" alt=\"\" loading=\"lazy\" srcset=\"https:\/\/dev.beatrizpalacios.com\/wp-content\/uploads\/2022\/02\/10_Campan\u0303aGRANVIA-1024x683.jpg 1024w, https:\/\/dev.beatrizpalacios.com\/wp-content\/uploads\/2022\/02\/10_Campan\u0303aGRANVIA-590x393.jpg 590w, https:\/\/dev.beatrizpalacios.com\/wp-content\/uploads\/2022\/02\/10_Campan\u0303aGRANVIA-666x444.jpg 666w, https:\/\/dev.beatrizpalacios.com\/wp-content\/uploads\/2022\/02\/10_Campan\u0303aGRANVIA-300x200.jpg 300w, https:\/\/dev.beatrizpalacios.com\/wp-content\/uploads\/2022\/02\/10_Campan\u0303aGRANVIA-768x512.jpg 768w, https:\/\/dev.beatrizpalacios.com\/wp-content\/uploads\/2022\/02\/10_Campan\u0303aGRANVIA-1536x1024.jpg 1536w, https:\/\/dev.beatrizpalacios.com\/wp-content\/uploads\/2022\/02\/10_Campan\u0303aGRANVIA.jpg 1800w\" sizes=\"(max-width: 640px) 100vw, 640px\" \/><br \/>\n\t\t\t\t\t\t\t\t\t\t\t\t\t\t\t<img decoding=\"async\" width=\"640\" height=\"427\" src=\"https:\/\/dev.beatrizpalacios.com\/wp-content\/uploads\/2022\/02\/19_Campan\u0303aGRANVIA-1024x683.jpg\" alt=\"\" loading=\"lazy\" srcset=\"https:\/\/dev.beatrizpalacios.com\/wp-content\/uploads\/2022\/02\/19_Campan\u0303aGRANVIA-1024x683.jpg 1024w, https:\/\/dev.beatrizpalacios.com\/wp-content\/uploads\/2022\/02\/19_Campan\u0303aGRANVIA-590x393.jpg 590w, https:\/\/dev.beatrizpalacios.com\/wp-content\/uploads\/2022\/02\/19_Campan\u0303aGRANVIA-666x444.jpg 666w, https:\/\/dev.beatrizpalacios.com\/wp-content\/uploads\/2022\/02\/19_Campan\u0303aGRANVIA-300x200.jpg 300w, https:\/\/dev.beatrizpalacios.com\/wp-content\/uploads\/2022\/02\/19_Campan\u0303aGRANVIA-768x512.jpg 768w, https:\/\/dev.beatrizpalacios.com\/wp-content\/uploads\/2022\/02\/19_Campan\u0303aGRANVIA-1536x1024.jpg 1536w, https:\/\/dev.beatrizpalacios.com\/wp-content\/uploads\/2022\/02\/19_Campan\u0303aGRANVIA.jpg 1800w\" sizes=\"(max-width: 640px) 100vw, 640px\" \/>\t\t\t\t\t\t\t\t\t\t\t\t\t\t\t<\/p>\n<p>Localizaci\u00f3n: Gran V\u00eda, Madrid, summer 2021<\/p>\n<p style=\"text-align: left;\">Fotograf\u00eda \/ Lourdes Cabrera<br \/>Estilismo \/Julia Vergara<br \/>Modelos \/ Alicia Utiyama y Carmen B.Mikelarena<\/p>\n<h2><a href=\"https:\/\/dev.beatrizpalacios.com\/es\/collection\/gran-via-es\/\">Shop GRAN VIA<\/a><\/h2>\n<h6>Blitz<\/h6>\n<h6>Blue<\/h6>\n","protected":false},"excerpt":{"rendered":"<p>Gran Via Inspirados en la atm\u00f3sfera el\u00e9ctrica de las grandes ciudades, presentamos GRAN VIA, una colecci\u00f3n que refleja la atm\u00f3sfera de los paisajes nocturnos de metr\u00f3polis como Madrid, Tokio, Londres o Nueva York. Un homenaje a sus ambientes ecl\u00e9cticos donde todo el mundo es bienvenido,&nbsp;&nbsp;sin importar origen o destino. La arteria principal de cualquier urbe [&hellip;]<\/p>\n","protected":false},"author":3,"featured_media":0,"parent":0,"menu_order":0,"comment_status":"closed","ping_status":"closed","template":"elementor_header_footer","meta":{"footnotes":""},"class_list":["post-34610","page","type-page","status-publish","hentry"],"_links":{"self":[{"href":"https:\/\/dev.beatrizpalacios.com\/es\/wp-json\/wp\/v2\/pages\/34610","targetHints":{"allow":["GET"]}}],"collection":[{"href":"https:\/\/dev.beatrizpalacios.com\/es\/wp-json\/wp\/v2\/pages"}],"about":[{"href":"https:\/\/dev.beatrizpalacios.com\/es\/wp-json\/wp\/v2\/types\/page"}],"author":[{"embeddable":true,"href":"https:\/\/dev.beatrizpalacios.com\/es\/wp-json\/wp\/v2\/users\/3"}],"replies":[{"embeddable":true,"href":"https:\/\/dev.beatrizpalacios.com\/es\/wp-json\/wp\/v2\/comments?post=34610"}],"version-history":[{"count":15,"href":"https:\/\/dev.beatrizpalacios.com\/es\/wp-json\/wp\/v2\/pages\/34610\/revisions"}],"predecessor-version":[{"id":38934,"href":"https:\/\/dev.beatrizpalacios.com\/es\/wp-json\/wp\/v2\/pages\/34610\/revisions\/38934"}],"wp:attachment":[{"href":"https:\/\/dev.beatrizpalacios.com\/es\/wp-json\/wp\/v2\/media?parent=34610"}],"curies":[{"name":"wp","href":"https:\/\/api.w.org\/{rel}","templated":true}]}}