{"id":39912,"date":"2022-10-13T18:15:59","date_gmt":"2022-10-13T16:15:59","guid":{"rendered":"https:\/\/dev.beatrizpalacios.com\/asami-naito\/"},"modified":"2023-11-23T13:48:15","modified_gmt":"2023-11-23T12:48:15","slug":"x-asami-naito","status":"publish","type":"page","link":"https:\/\/dev.beatrizpalacios.com\/es\/colabs\/x-asami-naito\/","title":{"rendered":"x ASAMI NAITO"},"content":{"rendered":"<style>\/*! elementor - v3.12.0 - 29-03-2023 *\/\n.elementor-heading-title{padding:0;margin:0;line-height:1}.elementor-widget-heading .elementor-heading-title[class*=elementor-size-]>a{color:inherit;font-size:inherit;line-height:inherit}.elementor-widget-heading .elementor-heading-title.elementor-size-small{font-size:15px}.elementor-widget-heading .elementor-heading-title.elementor-size-medium{font-size:19px}.elementor-widget-heading .elementor-heading-title.elementor-size-large{font-size:29px}.elementor-widget-heading .elementor-heading-title.elementor-size-xl{font-size:39px}.elementor-widget-heading .elementor-heading-title.elementor-size-xxl{font-size:59px}<\/style>\n<h2>x ASAMI NAITO<\/h2>\n<p>Influencer &amp; ELLE Japan Ambassador<\/p>\n<h4 style=\"text-align: center;\">Joyer\u00eda convertible \/ 3 in 1<\/h4>\n<p style=\"text-align: center;\">\n<style>\/*! elementor - v3.12.0 - 29-03-2023 *\/\n.elementor-widget-image{text-align:center}.elementor-widget-image a{display:inline-block}.elementor-widget-image a img[src$=\".svg\"]{width:48px}.elementor-widget-image img{vertical-align:middle;display:inline-block}<\/style>\n<figure>\n\t\t\t\t\t\t\t\t\t\t<img decoding=\"async\" width=\"590\" height=\"590\" src=\"https:\/\/dev.beatrizpalacios.com\/wp-content\/uploads\/2022\/09\/Z01-COLAN.jpg\" alt=\"\" loading=\"lazy\" srcset=\"https:\/\/dev.beatrizpalacios.com\/wp-content\/uploads\/2022\/09\/Z01-COLAN.jpg 590w, https:\/\/dev.beatrizpalacios.com\/wp-content\/uploads\/2022\/09\/Z01-COLAN-100x100.jpg 100w, https:\/\/dev.beatrizpalacios.com\/wp-content\/uploads\/2022\/09\/Z01-COLAN-300x300.jpg 300w, https:\/\/dev.beatrizpalacios.com\/wp-content\/uploads\/2022\/09\/Z01-COLAN-150x150.jpg 150w\" sizes=\"(max-width: 590px) 100vw, 590px\" \/><figcaption>Pulsera Oval Amatista y Perla<\/figcaption><\/figure>\n<p>\t\t\t\t\t\t\t\t\t\t\t\t\t\t\t<img decoding=\"async\" width=\"640\" height=\"853\" src=\"https:\/\/dev.beatrizpalacios.com\/wp-content\/uploads\/2022\/09\/0002_Z01.7-COLAN-lan.jpg\" alt=\"\" loading=\"lazy\" srcset=\"https:\/\/dev.beatrizpalacios.com\/wp-content\/uploads\/2022\/09\/0002_Z01.7-COLAN-lan.jpg 675w, https:\/\/dev.beatrizpalacios.com\/wp-content\/uploads\/2022\/09\/0002_Z01.7-COLAN-lan-590x787.jpg 590w, https:\/\/dev.beatrizpalacios.com\/wp-content\/uploads\/2022\/09\/0002_Z01.7-COLAN-lan-666x888.jpg 666w, https:\/\/dev.beatrizpalacios.com\/wp-content\/uploads\/2022\/09\/0002_Z01.7-COLAN-lan-225x300.jpg 225w\" sizes=\"(max-width: 640px) 100vw, 640px\" \/>\t\t\t\t\t\t\t\t\t\t\t\t\t\t\t<\/p>\n<figure>\n\t\t\t\t\t\t\t\t\t\t<img decoding=\"async\" width=\"590\" height=\"590\" src=\"https:\/\/dev.beatrizpalacios.com\/wp-content\/uploads\/2022\/09\/P01-COLAN.jpg\" alt=\"Topaz and Amethyst Large Piercing\" loading=\"lazy\" srcset=\"https:\/\/dev.beatrizpalacios.com\/wp-content\/uploads\/2022\/09\/P01-COLAN.jpg 590w, https:\/\/dev.beatrizpalacios.com\/wp-content\/uploads\/2022\/09\/P01-COLAN-100x100.jpg 100w, https:\/\/dev.beatrizpalacios.com\/wp-content\/uploads\/2022\/09\/P01-COLAN-300x300.jpg 300w, https:\/\/dev.beatrizpalacios.com\/wp-content\/uploads\/2022\/09\/P01-COLAN-150x150.jpg 150w\" sizes=\"(max-width: 590px) 100vw, 590px\" \/><figcaption>Topaz and Amethyst Large Piercing<\/figcaption><\/figure>\n<p>\t\t\t\t\t\t\t\t\t\t\t\t\t\t\t<img decoding=\"async\" width=\"640\" height=\"853\" src=\"https:\/\/dev.beatrizpalacios.com\/wp-content\/uploads\/2022\/09\/Topaz-and-Amethyst-Large-Piercing-1.jpg\" alt=\"Topaz and Amethyst Large Piercing\" loading=\"lazy\" srcset=\"https:\/\/dev.beatrizpalacios.com\/wp-content\/uploads\/2022\/09\/Topaz-and-Amethyst-Large-Piercing-1.jpg 675w, https:\/\/dev.beatrizpalacios.com\/wp-content\/uploads\/2022\/09\/Topaz-and-Amethyst-Large-Piercing-1-590x787.jpg 590w, https:\/\/dev.beatrizpalacios.com\/wp-content\/uploads\/2022\/09\/Topaz-and-Amethyst-Large-Piercing-1-666x888.jpg 666w, https:\/\/dev.beatrizpalacios.com\/wp-content\/uploads\/2022\/09\/Topaz-and-Amethyst-Large-Piercing-1-225x300.jpg 225w\" sizes=\"(max-width: 640px) 100vw, 640px\" \/>\t\t\t\t\t\t\t\t\t\t\t\t\t\t\t<\/p>\n<figure>\n\t\t\t\t\t\t\t\t\t\t<img decoding=\"async\" width=\"590\" height=\"590\" src=\"https:\/\/dev.beatrizpalacios.com\/wp-content\/uploads\/2022\/09\/P02-COLAN.jpg\" alt=\"Topaz and Amethyst Piercing\" loading=\"lazy\" srcset=\"https:\/\/dev.beatrizpalacios.com\/wp-content\/uploads\/2022\/09\/P02-COLAN.jpg 590w, https:\/\/dev.beatrizpalacios.com\/wp-content\/uploads\/2022\/09\/P02-COLAN-100x100.jpg 100w, https:\/\/dev.beatrizpalacios.com\/wp-content\/uploads\/2022\/09\/P02-COLAN-300x300.jpg 300w, https:\/\/dev.beatrizpalacios.com\/wp-content\/uploads\/2022\/09\/P02-COLAN-150x150.jpg 150w\" sizes=\"(max-width: 590px) 100vw, 590px\" \/><figcaption>Piercing Peque\u00f1o Perla y Amatista <\/figcaption><\/figure>\n<figure>\n\t\t\t\t\t\t\t\t\t\t<img decoding=\"async\" width=\"590\" height=\"590\" src=\"https:\/\/dev.beatrizpalacios.com\/wp-content\/uploads\/2022\/09\/P03-COLAN.jpg\" alt=\"\" loading=\"lazy\" srcset=\"https:\/\/dev.beatrizpalacios.com\/wp-content\/uploads\/2022\/09\/P03-COLAN.jpg 590w, https:\/\/dev.beatrizpalacios.com\/wp-content\/uploads\/2022\/09\/P03-COLAN-100x100.jpg 100w, https:\/\/dev.beatrizpalacios.com\/wp-content\/uploads\/2022\/09\/P03-COLAN-300x300.jpg 300w, https:\/\/dev.beatrizpalacios.com\/wp-content\/uploads\/2022\/09\/P03-COLAN-150x150.jpg 150w\" sizes=\"(max-width: 590px) 100vw, 590px\" \/><figcaption>Link Peque\u00f1o Amatista<\/figcaption><\/figure>\n<p>\t\t\t\t\t\t\t\t\t\t\t\t\t\t\t<img decoding=\"async\" width=\"640\" height=\"853\" src=\"https:\/\/dev.beatrizpalacios.com\/wp-content\/uploads\/2022\/09\/Link-Amethyst-Small-1.jpg\" alt=\"\" loading=\"lazy\" srcset=\"https:\/\/dev.beatrizpalacios.com\/wp-content\/uploads\/2022\/09\/Link-Amethyst-Small-1.jpg 675w, https:\/\/dev.beatrizpalacios.com\/wp-content\/uploads\/2022\/09\/Link-Amethyst-Small-1-590x787.jpg 590w, https:\/\/dev.beatrizpalacios.com\/wp-content\/uploads\/2022\/09\/Link-Amethyst-Small-1-666x888.jpg 666w, https:\/\/dev.beatrizpalacios.com\/wp-content\/uploads\/2022\/09\/Link-Amethyst-Small-1-225x300.jpg 225w\" sizes=\"(max-width: 640px) 100vw, 640px\" \/>\t\t\t\t\t\t\t\t\t\t\t\t\t\t\t<\/p>\n<p>Hemos invitado a Asami Naito para intervenir algunas de nuestras piezas de la colecci\u00f3n SELF. Su personalidad es muy SELF, libre y \u00fanica en la manera de expresarse y mostrarse al mundo.<\/p>\n<p style=\"text-align: right;\">Disfruta x SAMI NAITO.<\/p>\n<p>\t\t\t<a href=\"https:\/\/dev.beatrizpalacios.com\/es\/shop\/\" role=\"button\"><br \/>\n\t\t\t\t\t\tcomprar BEATRIZPALACIOS<br \/>\n\t\t\t\t\t<\/a><\/p>\n","protected":false},"excerpt":{"rendered":"<p>x ASAMI NAITO Influencer &amp; ELLE Japan Ambassador Joyer\u00eda convertible \/ 3 in 1 Pulsera Oval Amatista y Perla Topaz and Amethyst Large Piercing Piercing Peque\u00f1o Perla y Amatista Link Peque\u00f1o Amatista Hemos invitado a Asami Naito para intervenir algunas de nuestras piezas de la colecci\u00f3n SELF. Su personalidad es muy SELF, libre y \u00fanica [&hellip;]<\/p>\n","protected":false},"author":3,"featured_media":0,"parent":46474,"menu_order":0,"comment_status":"closed","ping_status":"closed","template":"elementor_header_footer","meta":{"footnotes":""},"class_list":["post-39912","page","type-page","status-publish","hentry"],"_links":{"self":[{"href":"https:\/\/dev.beatrizpalacios.com\/es\/wp-json\/wp\/v2\/pages\/39912","targetHints":{"allow":["GET"]}}],"collection":[{"href":"https:\/\/dev.beatrizpalacios.com\/es\/wp-json\/wp\/v2\/pages"}],"about":[{"href":"https:\/\/dev.beatrizpalacios.com\/es\/wp-json\/wp\/v2\/types\/page"}],"author":[{"embeddable":true,"href":"https:\/\/dev.beatrizpalacios.com\/es\/wp-json\/wp\/v2\/users\/3"}],"replies":[{"embeddable":true,"href":"https:\/\/dev.beatrizpalacios.com\/es\/wp-json\/wp\/v2\/comments?post=39912"}],"version-history":[{"count":14,"href":"https:\/\/dev.beatrizpalacios.com\/es\/wp-json\/wp\/v2\/pages\/39912\/revisions"}],"predecessor-version":[{"id":46564,"href":"https:\/\/dev.beatrizpalacios.com\/es\/wp-json\/wp\/v2\/pages\/39912\/revisions\/46564"}],"up":[{"embeddable":true,"href":"https:\/\/dev.beatrizpalacios.com\/es\/wp-json\/wp\/v2\/pages\/46474"}],"wp:attachment":[{"href":"https:\/\/dev.beatrizpalacios.com\/es\/wp-json\/wp\/v2\/media?parent=39912"}],"curies":[{"name":"wp","href":"https:\/\/api.w.org\/{rel}","templated":true}]}}