{"id":40125,"date":"2022-10-20T12:27:47","date_gmt":"2022-10-20T10:27:47","guid":{"rendered":"https:\/\/dev.beatrizpalacios.com\/home-3\/"},"modified":"2023-03-06T18:07:27","modified_gmt":"2023-03-06T17:07:27","slug":"home-3","status":"publish","type":"page","link":"https:\/\/dev.beatrizpalacios.com\/es\/home-3\/","title":{"rendered":"chroma"},"content":{"rendered":"<style>\/*! elementor - v3.5.5 - 03-02-2022 *\/\n.elementor-heading-title{padding:0;margin:0;line-height:1}.elementor-widget-heading .elementor-heading-title[class*=elementor-size-]>a{color:inherit;font-size:inherit;line-height:inherit}.elementor-widget-heading .elementor-heading-title.elementor-size-small{font-size:15px}.elementor-widget-heading .elementor-heading-title.elementor-size-medium{font-size:19px}.elementor-widget-heading .elementor-heading-title.elementor-size-large{font-size:29px}.elementor-widget-heading .elementor-heading-title.elementor-size-xl{font-size:39px}.elementor-widget-heading .elementor-heading-title.elementor-size-xxl{font-size:59px}<\/style>\n<h2>chroma<\/h2>\n<p>Tomando la pel\u00edcula <i>The Wrestler<\/i>\u00a0como punto de partida, he desarrollado CHROMA, una narrativa visual que conecta la est\u00e9tica de los 90, el presente y el futuro cercano simplemente a trav\u00e9s de un color, el verde chroma, que materializa la relaci\u00f3n entre lo anal\u00f3gico y lo digital.<\/p>\n<style>\/*! elementor - v3.5.5 - 03-02-2022 *\/\n.elementor-widget-image{text-align:center}.elementor-widget-image a{display:inline-block}.elementor-widget-image a img[src$=\".svg\"]{width:48px}.elementor-widget-image img{vertical-align:middle;display:inline-block}<\/style>\n<p>\t\t\t\t\t\t\t\t\t\t\t\t<img decoding=\"async\" width=\"1920\" height=\"768\" src=\"https:\/\/dev.beatrizpalacios.com\/wp-content\/uploads\/2023\/03\/Chroma-01.jpg\" alt=\"\" loading=\"lazy\" srcset=\"https:\/\/dev.beatrizpalacios.com\/wp-content\/uploads\/2023\/03\/Chroma-01.jpg 1920w, https:\/\/dev.beatrizpalacios.com\/wp-content\/uploads\/2023\/03\/Chroma-01-300x120.jpg 300w, https:\/\/dev.beatrizpalacios.com\/wp-content\/uploads\/2023\/03\/Chroma-01-1024x410.jpg 1024w, https:\/\/dev.beatrizpalacios.com\/wp-content\/uploads\/2023\/03\/Chroma-01-768x307.jpg 768w, https:\/\/dev.beatrizpalacios.com\/wp-content\/uploads\/2023\/03\/Chroma-01-1536x614.jpg 1536w, https:\/\/dev.beatrizpalacios.com\/wp-content\/uploads\/2023\/03\/Chroma-01-590x236.jpg 590w, https:\/\/dev.beatrizpalacios.com\/wp-content\/uploads\/2023\/03\/Chroma-01-666x266.jpg 666w\" sizes=\"(max-width: 1920px) 100vw, 1920px\" \/>\t\t\t\t\t\t\t\t\t\t\t\t\t\t\t<\/p>\n<h3>Collar Perlas Y Jade Parrot<\/h3>\n<p>\t\t\t\t\t\t\t\t\t\t\t\t\t\t\t<img decoding=\"async\" width=\"640\" height=\"853\" src=\"https:\/\/dev.beatrizpalacios.com\/wp-content\/uploads\/2023\/03\/Chroma-06.jpg\" alt=\"\" loading=\"lazy\" srcset=\"https:\/\/dev.beatrizpalacios.com\/wp-content\/uploads\/2023\/03\/Chroma-06.jpg 768w, https:\/\/dev.beatrizpalacios.com\/wp-content\/uploads\/2023\/03\/Chroma-06-225x300.jpg 225w, https:\/\/dev.beatrizpalacios.com\/wp-content\/uploads\/2023\/03\/Chroma-06-590x787.jpg 590w, https:\/\/dev.beatrizpalacios.com\/wp-content\/uploads\/2023\/03\/Chroma-06-666x888.jpg 666w\" sizes=\"(max-width: 640px) 100vw, 640px\" \/>\t\t\t\t\t\t\t\t\t\t\t\t\t\t\t<\/p>\n<h3>Piercing Perla Y Jade Parrot<\/h3>\n<p>\t\t\t\t\t\t\t\t\t\t\t\t\t\t\t<img decoding=\"async\" width=\"640\" height=\"853\" src=\"https:\/\/dev.beatrizpalacios.com\/wp-content\/uploads\/2023\/03\/Chroma-07.jpg\" alt=\"\" loading=\"lazy\" srcset=\"https:\/\/dev.beatrizpalacios.com\/wp-content\/uploads\/2023\/03\/Chroma-07.jpg 768w, https:\/\/dev.beatrizpalacios.com\/wp-content\/uploads\/2023\/03\/Chroma-07-225x300.jpg 225w, https:\/\/dev.beatrizpalacios.com\/wp-content\/uploads\/2023\/03\/Chroma-07-590x787.jpg 590w, https:\/\/dev.beatrizpalacios.com\/wp-content\/uploads\/2023\/03\/Chroma-07-666x888.jpg 666w\" sizes=\"(max-width: 640px) 100vw, 640px\" \/>\t\t\t\t\t\t\t\t\t\t\t\t\t\t\t<\/p>\n<p>Los materiales y procesos han sido cuidadosamente seleccionados, desdibujando la l\u00ednea entre innovaci\u00f3n y tradici\u00f3n. Manos renacentistas de biocompuesto impreso en 3D, perlas de gran tama\u00f1o y piedras de jade verde est\u00e1n conectadas y ensambladas en una colecci\u00f3n que evoca elementos ic\u00f3nicos de la pel\u00edcula, como las vendas blancas y la camiseta de lucha verde chroma de Randy &#8216;The Ram&#8217;.<\/p>\n<p>\t\t\t\t\t\t\t\t\t\t\t\t\t\t\t<img decoding=\"async\" width=\"768\" height=\"1024\" src=\"https:\/\/dev.beatrizpalacios.com\/wp-content\/uploads\/2023\/03\/Chroma-05.jpg\" alt=\"\" loading=\"lazy\" srcset=\"https:\/\/dev.beatrizpalacios.com\/wp-content\/uploads\/2023\/03\/Chroma-05.jpg 768w, https:\/\/dev.beatrizpalacios.com\/wp-content\/uploads\/2023\/03\/Chroma-05-225x300.jpg 225w, https:\/\/dev.beatrizpalacios.com\/wp-content\/uploads\/2023\/03\/Chroma-05-590x787.jpg 590w, https:\/\/dev.beatrizpalacios.com\/wp-content\/uploads\/2023\/03\/Chroma-05-666x888.jpg 666w\" sizes=\"(max-width: 768px) 100vw, 768px\" \/><br \/>\n\t\t\t\t\t\t\t\t\t\t\t\t\t\t\t<img decoding=\"async\" width=\"768\" height=\"1024\" src=\"https:\/\/dev.beatrizpalacios.com\/wp-content\/uploads\/2023\/03\/Chroma-04.jpg\" alt=\"\" loading=\"lazy\" srcset=\"https:\/\/dev.beatrizpalacios.com\/wp-content\/uploads\/2023\/03\/Chroma-04.jpg 768w, https:\/\/dev.beatrizpalacios.com\/wp-content\/uploads\/2023\/03\/Chroma-04-225x300.jpg 225w, https:\/\/dev.beatrizpalacios.com\/wp-content\/uploads\/2023\/03\/Chroma-04-590x787.jpg 590w, https:\/\/dev.beatrizpalacios.com\/wp-content\/uploads\/2023\/03\/Chroma-04-666x888.jpg 666w\" sizes=\"(max-width: 768px) 100vw, 768px\" \/><br \/>\n\t\t\t\t\t\t\t\t\t\t\t\t\t\t\t<img decoding=\"async\" width=\"768\" height=\"1024\" src=\"https:\/\/dev.beatrizpalacios.com\/wp-content\/uploads\/2023\/03\/Chroma-03.jpg\" alt=\"\" loading=\"lazy\" srcset=\"https:\/\/dev.beatrizpalacios.com\/wp-content\/uploads\/2023\/03\/Chroma-03.jpg 768w, https:\/\/dev.beatrizpalacios.com\/wp-content\/uploads\/2023\/03\/Chroma-03-225x300.jpg 225w, https:\/\/dev.beatrizpalacios.com\/wp-content\/uploads\/2023\/03\/Chroma-03-590x787.jpg 590w, https:\/\/dev.beatrizpalacios.com\/wp-content\/uploads\/2023\/03\/Chroma-03-666x888.jpg 666w\" sizes=\"(max-width: 768px) 100vw, 768px\" \/><br \/>\n\t\t\t\t\t\t\t\t\t\t\t\t\t\t\t<img decoding=\"async\" width=\"1024\" height=\"768\" src=\"https:\/\/dev.beatrizpalacios.com\/wp-content\/uploads\/2023\/03\/Chroma-11.jpg\" alt=\"\" loading=\"lazy\" srcset=\"https:\/\/dev.beatrizpalacios.com\/wp-content\/uploads\/2023\/03\/Chroma-11.jpg 1024w, https:\/\/dev.beatrizpalacios.com\/wp-content\/uploads\/2023\/03\/Chroma-11-300x225.jpg 300w, https:\/\/dev.beatrizpalacios.com\/wp-content\/uploads\/2023\/03\/Chroma-11-768x576.jpg 768w, https:\/\/dev.beatrizpalacios.com\/wp-content\/uploads\/2023\/03\/Chroma-11-590x443.jpg 590w, https:\/\/dev.beatrizpalacios.com\/wp-content\/uploads\/2023\/03\/Chroma-11-666x500.jpg 666w\" sizes=\"(max-width: 1024px) 100vw, 1024px\" \/>\t\t\t\t\t\t\t\t\t\t\t\t\t\t\t<\/p>\n<h3>Anillo Wave Piercing Perlas<\/h3>\n<p>\t\t\t\t\t\t\t\t\t\t\t\t\t\t\t<img decoding=\"async\" width=\"768\" height=\"1024\" src=\"https:\/\/dev.beatrizpalacios.com\/wp-content\/uploads\/2023\/03\/Chroma-10.jpg\" alt=\"\" loading=\"lazy\" srcset=\"https:\/\/dev.beatrizpalacios.com\/wp-content\/uploads\/2023\/03\/Chroma-10.jpg 768w, https:\/\/dev.beatrizpalacios.com\/wp-content\/uploads\/2023\/03\/Chroma-10-225x300.jpg 225w, https:\/\/dev.beatrizpalacios.com\/wp-content\/uploads\/2023\/03\/Chroma-10-590x787.jpg 590w, https:\/\/dev.beatrizpalacios.com\/wp-content\/uploads\/2023\/03\/Chroma-10-666x888.jpg 666w\" sizes=\"(max-width: 768px) 100vw, 768px\" \/><br \/>\n\t\t\t\t\t\t\t\t\t\t\t\t\t\t\t<img decoding=\"async\" width=\"768\" height=\"1024\" src=\"https:\/\/dev.beatrizpalacios.com\/wp-content\/uploads\/2023\/03\/Chroma-08.jpg\" alt=\"\" loading=\"lazy\" srcset=\"https:\/\/dev.beatrizpalacios.com\/wp-content\/uploads\/2023\/03\/Chroma-08.jpg 768w, https:\/\/dev.beatrizpalacios.com\/wp-content\/uploads\/2023\/03\/Chroma-08-225x300.jpg 225w, https:\/\/dev.beatrizpalacios.com\/wp-content\/uploads\/2023\/03\/Chroma-08-590x787.jpg 590w, https:\/\/dev.beatrizpalacios.com\/wp-content\/uploads\/2023\/03\/Chroma-08-666x888.jpg 666w\" sizes=\"(max-width: 768px) 100vw, 768px\" \/>\t\t\t\t\t\t\t\t\t\t\t\t\t\t\t<\/p>\n<p>Varias de las piezas de CHROMA se pueden combinar de varias formas, y lo que puede funcionar como pendiente tambi\u00e9n puede usarse como broche para un collar. Joyas vers\u00e1tiles, como en anteriores de nuestras colecciones, que pueden ser reinterpretadas por quien las lleva.<\/p>\n<p>\t\t\t\t\t\t\t\t\t\t\t\t\t\t\t<img decoding=\"async\" width=\"1024\" height=\"768\" src=\"https:\/\/dev.beatrizpalacios.com\/wp-content\/uploads\/2023\/03\/Chroma-16.jpg\" alt=\"\" loading=\"lazy\" srcset=\"https:\/\/dev.beatrizpalacios.com\/wp-content\/uploads\/2023\/03\/Chroma-16.jpg 1024w, https:\/\/dev.beatrizpalacios.com\/wp-content\/uploads\/2023\/03\/Chroma-16-300x225.jpg 300w, https:\/\/dev.beatrizpalacios.com\/wp-content\/uploads\/2023\/03\/Chroma-16-768x576.jpg 768w, https:\/\/dev.beatrizpalacios.com\/wp-content\/uploads\/2023\/03\/Chroma-16-590x443.jpg 590w, https:\/\/dev.beatrizpalacios.com\/wp-content\/uploads\/2023\/03\/Chroma-16-666x500.jpg 666w\" sizes=\"(max-width: 1024px) 100vw, 1024px\" \/>\t\t\t\t\t\t\t\t\t\t\t\t\t\t\t<\/p>\n<h3>Collar Venda Perlas<\/h3>\n<p>\t\t\t\t\t\t\t\t\t\t\t\t\t\t\t<img decoding=\"async\" width=\"768\" height=\"1024\" src=\"https:\/\/dev.beatrizpalacios.com\/wp-content\/uploads\/2023\/03\/Chroma-20.jpg\" alt=\"\" loading=\"lazy\" srcset=\"https:\/\/dev.beatrizpalacios.com\/wp-content\/uploads\/2023\/03\/Chroma-20.jpg 768w, https:\/\/dev.beatrizpalacios.com\/wp-content\/uploads\/2023\/03\/Chroma-20-225x300.jpg 225w, https:\/\/dev.beatrizpalacios.com\/wp-content\/uploads\/2023\/03\/Chroma-20-590x787.jpg 590w, https:\/\/dev.beatrizpalacios.com\/wp-content\/uploads\/2023\/03\/Chroma-20-666x888.jpg 666w\" sizes=\"(max-width: 768px) 100vw, 768px\" \/><br \/>\n\t\t\t\t\t\t\t\t\t\t\t\t\t\t\t<img decoding=\"async\" width=\"768\" height=\"1024\" src=\"https:\/\/dev.beatrizpalacios.com\/wp-content\/uploads\/2023\/03\/Chroma-14.jpg\" alt=\"\" loading=\"lazy\" srcset=\"https:\/\/dev.beatrizpalacios.com\/wp-content\/uploads\/2023\/03\/Chroma-14.jpg 768w, https:\/\/dev.beatrizpalacios.com\/wp-content\/uploads\/2023\/03\/Chroma-14-225x300.jpg 225w, https:\/\/dev.beatrizpalacios.com\/wp-content\/uploads\/2023\/03\/Chroma-14-590x787.jpg 590w, https:\/\/dev.beatrizpalacios.com\/wp-content\/uploads\/2023\/03\/Chroma-14-666x888.jpg 666w\" sizes=\"(max-width: 768px) 100vw, 768px\" \/><br \/>\n\t\t\t\t\t\t\t\t\t\t\t\t\t\t\t<img decoding=\"async\" width=\"640\" height=\"853\" src=\"https:\/\/dev.beatrizpalacios.com\/wp-content\/uploads\/2023\/03\/Chroma-24.jpg\" alt=\"\" loading=\"lazy\" srcset=\"https:\/\/dev.beatrizpalacios.com\/wp-content\/uploads\/2023\/03\/Chroma-24.jpg 768w, https:\/\/dev.beatrizpalacios.com\/wp-content\/uploads\/2023\/03\/Chroma-24-225x300.jpg 225w, https:\/\/dev.beatrizpalacios.com\/wp-content\/uploads\/2023\/03\/Chroma-24-590x787.jpg 590w, https:\/\/dev.beatrizpalacios.com\/wp-content\/uploads\/2023\/03\/Chroma-24-666x888.jpg 666w\" sizes=\"(max-width: 640px) 100vw, 640px\" \/><br \/>\n\t\t\t\t\t\t\t\t\t\t\t\t\t\t\t<img decoding=\"async\" width=\"640\" height=\"853\" src=\"https:\/\/dev.beatrizpalacios.com\/wp-content\/uploads\/2023\/03\/Chroma-22.jpg\" alt=\"\" loading=\"lazy\" srcset=\"https:\/\/dev.beatrizpalacios.com\/wp-content\/uploads\/2023\/03\/Chroma-22.jpg 768w, https:\/\/dev.beatrizpalacios.com\/wp-content\/uploads\/2023\/03\/Chroma-22-225x300.jpg 225w, https:\/\/dev.beatrizpalacios.com\/wp-content\/uploads\/2023\/03\/Chroma-22-590x787.jpg 590w, https:\/\/dev.beatrizpalacios.com\/wp-content\/uploads\/2023\/03\/Chroma-22-666x888.jpg 666w\" sizes=\"(max-width: 640px) 100vw, 640px\" \/>\t\t\t\t\t\t\t\t\t\t\t\t\t\t\t<\/p>\n<h3>Anillo Jade Parrot<\/h3>\n<p>\t\t\t\t\t\t\t\t\t\t\t\t\t\t\t<img decoding=\"async\" width=\"768\" height=\"1024\" src=\"https:\/\/dev.beatrizpalacios.com\/wp-content\/uploads\/2023\/03\/Chroma-21.jpg\" alt=\"\" loading=\"lazy\" srcset=\"https:\/\/dev.beatrizpalacios.com\/wp-content\/uploads\/2023\/03\/Chroma-21.jpg 768w, https:\/\/dev.beatrizpalacios.com\/wp-content\/uploads\/2023\/03\/Chroma-21-225x300.jpg 225w, https:\/\/dev.beatrizpalacios.com\/wp-content\/uploads\/2023\/03\/Chroma-21-590x787.jpg 590w, https:\/\/dev.beatrizpalacios.com\/wp-content\/uploads\/2023\/03\/Chroma-21-666x888.jpg 666w\" sizes=\"(max-width: 768px) 100vw, 768px\" \/>\t\t\t\t\t\t\t\t\t\t\t\t\t\t\t<\/p>\n<h3>Aros de Perlas y Jade Parrot<\/h3>\n<p>\t\t\t\t\t\t\t\t\t\t\t\t\t\t\t<img decoding=\"async\" width=\"768\" height=\"1024\" src=\"https:\/\/dev.beatrizpalacios.com\/wp-content\/uploads\/2023\/03\/Chroma-15.jpg\" alt=\"\" loading=\"lazy\" srcset=\"https:\/\/dev.beatrizpalacios.com\/wp-content\/uploads\/2023\/03\/Chroma-15.jpg 768w, https:\/\/dev.beatrizpalacios.com\/wp-content\/uploads\/2023\/03\/Chroma-15-225x300.jpg 225w, https:\/\/dev.beatrizpalacios.com\/wp-content\/uploads\/2023\/03\/Chroma-15-590x787.jpg 590w, https:\/\/dev.beatrizpalacios.com\/wp-content\/uploads\/2023\/03\/Chroma-15-666x888.jpg 666w\" sizes=\"(max-width: 768px) 100vw, 768px\" \/><br \/>\n\t\t\t\t\t\t\t\t\t\t\t\t\t\t\t<img decoding=\"async\" width=\"640\" height=\"853\" src=\"https:\/\/dev.beatrizpalacios.com\/wp-content\/uploads\/2023\/03\/Chroma-23.jpg\" alt=\"\" loading=\"lazy\" srcset=\"https:\/\/dev.beatrizpalacios.com\/wp-content\/uploads\/2023\/03\/Chroma-23.jpg 768w, https:\/\/dev.beatrizpalacios.com\/wp-content\/uploads\/2023\/03\/Chroma-23-225x300.jpg 225w, https:\/\/dev.beatrizpalacios.com\/wp-content\/uploads\/2023\/03\/Chroma-23-590x787.jpg 590w, https:\/\/dev.beatrizpalacios.com\/wp-content\/uploads\/2023\/03\/Chroma-23-666x888.jpg 666w\" sizes=\"(max-width: 640px) 100vw, 640px\" \/><br \/>\n\t\t\t\t\t\t\t\t\t\t\t\t\t\t\t<img decoding=\"async\" width=\"768\" height=\"1024\" src=\"https:\/\/dev.beatrizpalacios.com\/wp-content\/uploads\/2023\/03\/Chroma-18.jpg\" alt=\"\" loading=\"lazy\" srcset=\"https:\/\/dev.beatrizpalacios.com\/wp-content\/uploads\/2023\/03\/Chroma-18.jpg 768w, https:\/\/dev.beatrizpalacios.com\/wp-content\/uploads\/2023\/03\/Chroma-18-225x300.jpg 225w, https:\/\/dev.beatrizpalacios.com\/wp-content\/uploads\/2023\/03\/Chroma-18-590x787.jpg 590w, https:\/\/dev.beatrizpalacios.com\/wp-content\/uploads\/2023\/03\/Chroma-18-666x888.jpg 666w\" sizes=\"(max-width: 768px) 100vw, 768px\" \/><br \/>\n\t\t\t\t\t\t\t\t\t\t\t\t\t\t\t<img decoding=\"async\" width=\"768\" height=\"1024\" src=\"https:\/\/dev.beatrizpalacios.com\/wp-content\/uploads\/2023\/03\/Chroma-19.jpg\" alt=\"\" loading=\"lazy\" srcset=\"https:\/\/dev.beatrizpalacios.com\/wp-content\/uploads\/2023\/03\/Chroma-19.jpg 768w, https:\/\/dev.beatrizpalacios.com\/wp-content\/uploads\/2023\/03\/Chroma-19-225x300.jpg 225w, https:\/\/dev.beatrizpalacios.com\/wp-content\/uploads\/2023\/03\/Chroma-19-590x787.jpg 590w, https:\/\/dev.beatrizpalacios.com\/wp-content\/uploads\/2023\/03\/Chroma-19-666x888.jpg 666w\" sizes=\"(max-width: 768px) 100vw, 768px\" \/>\t\t\t\t\t\t\t\t\t\t\t\t\t\t\t<\/p>\n<h3>Collar Perlas Mano Renacentista<\/h3>\n<h3>Collar Ra\u00edz<\/h3>\n<p>\t\t\t\t\t\t\t\t\t\t\t\t\t\t\t<img decoding=\"async\" width=\"768\" height=\"1024\" src=\"https:\/\/dev.beatrizpalacios.com\/wp-content\/uploads\/2023\/03\/Chroma-27.jpg\" alt=\"\" loading=\"lazy\" srcset=\"https:\/\/dev.beatrizpalacios.com\/wp-content\/uploads\/2023\/03\/Chroma-27.jpg 768w, https:\/\/dev.beatrizpalacios.com\/wp-content\/uploads\/2023\/03\/Chroma-27-225x300.jpg 225w, https:\/\/dev.beatrizpalacios.com\/wp-content\/uploads\/2023\/03\/Chroma-27-590x787.jpg 590w, https:\/\/dev.beatrizpalacios.com\/wp-content\/uploads\/2023\/03\/Chroma-27-666x888.jpg 666w\" sizes=\"(max-width: 768px) 100vw, 768px\" \/><br \/>\n\t\t\t\t\t\t\t\t\t\t\t\t\t\t\t<img decoding=\"async\" width=\"768\" height=\"1024\" src=\"https:\/\/dev.beatrizpalacios.com\/wp-content\/uploads\/2023\/03\/Chroma-29.jpg\" alt=\"\" loading=\"lazy\" srcset=\"https:\/\/dev.beatrizpalacios.com\/wp-content\/uploads\/2023\/03\/Chroma-29.jpg 768w, https:\/\/dev.beatrizpalacios.com\/wp-content\/uploads\/2023\/03\/Chroma-29-225x300.jpg 225w, https:\/\/dev.beatrizpalacios.com\/wp-content\/uploads\/2023\/03\/Chroma-29-590x787.jpg 590w, https:\/\/dev.beatrizpalacios.com\/wp-content\/uploads\/2023\/03\/Chroma-29-666x888.jpg 666w\" sizes=\"(max-width: 768px) 100vw, 768px\" \/><br \/>\n\t\t\t\t\t\t\t\t\t\t\t\t\t\t\t<img decoding=\"async\" width=\"768\" height=\"1024\" src=\"https:\/\/dev.beatrizpalacios.com\/wp-content\/uploads\/2023\/03\/Chroma-30.jpg\" alt=\"\" loading=\"lazy\" srcset=\"https:\/\/dev.beatrizpalacios.com\/wp-content\/uploads\/2023\/03\/Chroma-30.jpg 768w, https:\/\/dev.beatrizpalacios.com\/wp-content\/uploads\/2023\/03\/Chroma-30-225x300.jpg 225w, https:\/\/dev.beatrizpalacios.com\/wp-content\/uploads\/2023\/03\/Chroma-30-590x787.jpg 590w, https:\/\/dev.beatrizpalacios.com\/wp-content\/uploads\/2023\/03\/Chroma-30-666x888.jpg 666w\" sizes=\"(max-width: 768px) 100vw, 768px\" \/><br \/>\n\t\t\t\t\t\t\t\t\t\t\t\t\t\t\t<img decoding=\"async\" width=\"768\" height=\"1024\" src=\"https:\/\/dev.beatrizpalacios.com\/wp-content\/uploads\/2023\/03\/Chroma-31.jpg\" alt=\"\" loading=\"lazy\" srcset=\"https:\/\/dev.beatrizpalacios.com\/wp-content\/uploads\/2023\/03\/Chroma-31.jpg 768w, https:\/\/dev.beatrizpalacios.com\/wp-content\/uploads\/2023\/03\/Chroma-31-225x300.jpg 225w, https:\/\/dev.beatrizpalacios.com\/wp-content\/uploads\/2023\/03\/Chroma-31-590x787.jpg 590w, https:\/\/dev.beatrizpalacios.com\/wp-content\/uploads\/2023\/03\/Chroma-31-666x888.jpg 666w\" sizes=\"(max-width: 768px) 100vw, 768px\" \/>\t\t\t\t\t\t\t\t\t\t\t\t\t\t\t<\/p>\n<h3>Collar Mano Renacentista<\/h3>\n<h3>Collar Ra\u00edz Plata<\/h3>\n<p><strong>MUSE: OLIVIA KARABACEK <\/strong><br \/>\n<strong>PHOTOGRAPHY: RENEE FRIEDRICH <\/strong><br \/>\n<strong>CREATIVE DIRECTION: HE\u0301LE\u0300NE AGENCY <\/strong><br \/>\n<strong>TEXT: BEATRIZ PALACIOS <\/strong><br \/>\n<strong>VIDEOS: LORENA MADRAZO<\/strong><br \/>\nAronofsky. D. (2008);\u00a0 The Wrestler (film); USA: Wildbunch, Protozoa Pictures,\u00a0 Fox Searchlight.<\/p>\n","protected":false},"excerpt":{"rendered":"<p>chroma Tomando la pel\u00edcula The Wrestler\u00a0como punto de partida, he desarrollado CHROMA, una narrativa visual que conecta la est\u00e9tica de los 90, el presente y el futuro cercano simplemente a trav\u00e9s de un color, el verde chroma, que materializa la relaci\u00f3n entre lo anal\u00f3gico y lo digital. Collar Perlas Y Jade Parrot Piercing Perla Y [&hellip;]<\/p>\n","protected":false},"author":3,"featured_media":0,"parent":0,"menu_order":0,"comment_status":"closed","ping_status":"closed","template":"elementor_header_footer","meta":{"footnotes":""},"class_list":["post-40125","page","type-page","status-publish","hentry"],"_links":{"self":[{"href":"https:\/\/dev.beatrizpalacios.com\/es\/wp-json\/wp\/v2\/pages\/40125","targetHints":{"allow":["GET"]}}],"collection":[{"href":"https:\/\/dev.beatrizpalacios.com\/es\/wp-json\/wp\/v2\/pages"}],"about":[{"href":"https:\/\/dev.beatrizpalacios.com\/es\/wp-json\/wp\/v2\/types\/page"}],"author":[{"embeddable":true,"href":"https:\/\/dev.beatrizpalacios.com\/es\/wp-json\/wp\/v2\/users\/3"}],"replies":[{"embeddable":true,"href":"https:\/\/dev.beatrizpalacios.com\/es\/wp-json\/wp\/v2\/comments?post=40125"}],"version-history":[{"count":22,"href":"https:\/\/dev.beatrizpalacios.com\/es\/wp-json\/wp\/v2\/pages\/40125\/revisions"}],"predecessor-version":[{"id":42835,"href":"https:\/\/dev.beatrizpalacios.com\/es\/wp-json\/wp\/v2\/pages\/40125\/revisions\/42835"}],"wp:attachment":[{"href":"https:\/\/dev.beatrizpalacios.com\/es\/wp-json\/wp\/v2\/media?parent=40125"}],"curies":[{"name":"wp","href":"https:\/\/api.w.org\/{rel}","templated":true}]}}