{"id":42956,"date":"2023-03-22T17:51:29","date_gmt":"2023-03-22T16:51:29","guid":{"rendered":"https:\/\/dev.beatrizpalacios.com\/politica-de-privacidad\/"},"modified":"2023-03-22T18:48:43","modified_gmt":"2023-03-22T17:48:43","slug":"politica-de-privacidad","status":"publish","type":"page","link":"https:\/\/dev.beatrizpalacios.com\/es\/politica-de-privacidad\/","title":{"rendered":"Pol\u00edtica de privacidad"},"content":{"rendered":"<p>Esta pol\u00edtica de privacidad est\u00e1 actualizada de acuerdo con las disposiciones del Reglamento General de Protecci\u00f3n de Datos y las instrucciones de la Agencia Espa\u00f1ola de Protecci\u00f3n de Datos.\t\t<\/p>\n<h5>\u00bfQui\u00e9n es el responsable del tratamiento de sus datos?<\/h5>\n<hr \/>\n<p>El responsable del tratamiento de los datos es Beatriz Palacios, con NIF n\u00famero 50869112N con datos de contacto:<\/p>\n<ul>\n<li>Direcci\u00f3n postal: BEATRIZ PALACIOS, C\/Mayor,4, 6-7, 28013 Madrid<\/li>\n<li>Tel\u00e9fono: 9620127101<\/li>\n<li>Correo electr\u00f3nico: info@beatrizpalacios.es<\/li>\n<\/ul>\n<h5>\u00bfQu\u00e9 tipo de informaci\u00f3n personal recopila BEATRIZPALACIOS?<\/h5>\n<hr \/>\n<p>BEATRIZPALACIOS puede recopilar la siguiente informaci\u00f3n personal de los usuarios de la p\u00e1gina web a trav\u00e9s de los formularios correspondientes: nombre, direcci\u00f3n de correo electr\u00f3nico, direcci\u00f3n postal, n\u00famero de tel\u00e9fono y tarjeta de cr\u00e9dito en cumplimiento de los est\u00e1ndares PCI DSS o n\u00famero de cuenta (facilitado por el cliente en caso de devoluci\u00f3n) cuando el usuario visita la WEB, se registra, realiza un pedido online, se pone en contacto con BEATRIZPALACIOS o participa en promociones o encuestas de BEATRIZPALACIOS.<br \/>\nAdem\u00e1s, BEATRIZPALACIOS recopila toda la informaci\u00f3n relativa a su navegaci\u00f3n en la WEB y su interacci\u00f3n con la marca.<br \/>\nTodos los datos personales que recopila BEATRIZPALACIOS proceden del interesado, a excepci\u00f3n de los datos de contacto que nos pueden ser facilitados por amigos o familiares para el env\u00edo de un cheque regalo u otro obsequio.\t\t<\/p>\n<h5>\u00bfC\u00faales son sus derechos en relaci\u00f3n con los datos personales?<\/h5>\n<hr \/>\n<h5><\/h5>\n<p>Le corresponden los siguientes derechos que pueden ser ejercitados a trav\u00e9s de la direcci\u00f3n de correo electr\u00f3nico info@beatrizpalacios.es:<br \/>\n<strong>Derecho de acceso<\/strong>: Tiene derecho a obtener confirmaci\u00f3n sobre si en BEATRIZPALACIOS estamos tratando datos personales que le conciernen, o no, as\u00ed como a acceder a los datos personales que BEATRIZPALACIOS disponga de usted.<br \/>\n<strong>Derecho de rectificaci\u00f3n:<\/strong> Tiene derecho a solicitar que BEATRIZPALACIOS rectifique los datos personales cuando sean inexactos o que se completen cuando sean incompletos. Si est\u00e1 registrado en nuestra WEB, puede resultar m\u00e1s sencillo que los corrija directamente usted mediante la modificaci\u00f3n del perfil.<br \/>\n<strong>Derecho de supresi\u00f3n\/derecho al olvido:<\/strong> Puede solicitarnos que los datos personales sean suprimidos cuando, entre otros motivos, los datos ya no sean necesarios para los fines que fueron recogidos.<br \/>\nDerecho de limitaci\u00f3n: Tiene derecho a solicitar la limitaci\u00f3n del tratamiento de los datos, en cuyo caso \u00fanicamente los conservaremos para el ejercicio o defensa de reclamaciones.<br \/>\n<strong>Derecho de portabilidad:<\/strong> Tiene derecho a recibir los datos personales en un formato estructurado, de uso com\u00fan y lectura mec\u00e1nica, y a transmitirlos a otro responsable cuando el tratamiento se base en el consentimiento o en un contrato, y se efect\u00fae por medios automatizado.<br \/>\n<strong>Derecho de oposici\u00f3n:<\/strong> Puede oponerse que los datos personales sean objeto de un tratamiento basado en el inter\u00e9s p\u00fablico o leg\u00edtimo perseguidos por BEATRIZPALACIOS, incluida la elaboraci\u00f3n de perfiles. En tal caso, BEATRIZPALACIOS dejar\u00e1 de tratar los datos, salvo por motivos leg\u00edtimos<br \/>\nimperiosos o el ejercicio o defensa de posibles reclamaciones.<br \/>\n<strong>Decisiones individuales automatizadas:<\/strong> Tiene derecho a no ser objeto de una decisi\u00f3n basada \u00fanicamente en el tratamiento automatizado, incluida la elaboraci\u00f3n de perfiles, que produzca efectos jur\u00eddicos sobre usted o le afecte significativamente de modo similar. Sin embargo, no resultar\u00e1 posible ejercitar tal derecho en caso de que la decisi\u00f3n sea necesaria para la celebraci\u00f3n o<br \/>\nejecuci\u00f3n de un contrato entre usted y BEATRIZPALACIOS; est\u00e9 autorizada por el derecho aplicable a BEATRIZPALACIOS siempre que establezca medidas adecuadas para salvaguardar sus derechos, libertades e intereses leg\u00edtimos; o se base en su consentimiento expl\u00edcito.<br \/>\n<strong>Derecho a presentar una reclamaci\u00f3n:<\/strong> Tiene derecho a presentar una reclamaci\u00f3n ante la Agencia Espa\u00f1ola de Protecci\u00f3n de Datos.<br \/>\nPara tramitar la solicitud, podremos pedirle que acredite su identidad.\t\t<\/p>\n<h5>\u00bfCon qu\u00e9 finalidad tratamos los datos personales?<\/h5>\n<hr \/>\n<p>Los datos personales del interesado ser\u00e1n tratados con las siguientes finalidades seg\u00fan apliquen:<\/p>\n<ul>\n<li>Gestionar y desarrollar el registro en la WEB. El registro supondr\u00e1 la elaboraci\u00f3n de perfiles de la navegaci\u00f3n del usuario en la WEB. Dicho perfilado consiste en el uso de los datos personales del cliente y de la informaci\u00f3n de su navegaci\u00f3n tal como los productos vistos o a\u00f1adidos a la cesta, las secciones de la WEB visitadas, la ubicaci\u00f3n para evaluar sus preferencias y\/o intereses personales con el objetivo de ofrecerle los contenidos de la WEB, las ofertas, los servicios y los productos adecuados a su perfil.<\/li>\n<li>Gestionar y desarrollar la compra online. Usamos la informaci\u00f3n personal del cliente para procesar y entregarle su pedido, informarle por correo electr\u00f3nico y\/o SMS de la situaci\u00f3n de su pedido.<\/li>\n<li>Gestionar y enviar informaci\u00f3n sobre promociones exclusivas, \u00faltimas novedades e informaci\u00f3n personalizada adaptada al perfil, intereses y necesidades del interesado como cliente a trav\u00e9s de correo electr\u00f3nico,SMS o correo postal. El env\u00edo de esta informaci\u00f3n supondr\u00e1 la elaboraci\u00f3n de perfiles de los usuarios que consiste en utilizar los datos personales, el hist\u00f3rico de sus compras si procede, as\u00ed como la informaci\u00f3n de navegaci\u00f3n en la WEB\/APP para evaluar ciertos aspectos relacionados con sus preferencias personales con<br \/>\nel objetivo de ofrecerle las comunicaciones comerciales adecuados a su perfil.<\/li>\n<li>Se le personalizar\u00e1 al cliente en las comunicaciones el contenido, los productos o servicios en funci\u00f3n de sus intereses. Para gestionar las comunicaciones consulte la secci\u00f3n \u2018Subscripciones\u2019 entrando a trav\u00e9s de una de las Newsletters que le enviamos.<\/li>\n<li>Gesti\u00f3n y emisi\u00f3n de documentos acreditativos de venta: ticket, factura de venta o Tax Free.<\/li>\n<\/ul>\n<h5>\u00bfPor cu\u00e1nto tiempo conservaremos los datos?<\/h5>\n<hr \/>\n<p>BEATRIZPALACIOS guardar\u00e1 los datos personales solo durante el per\u00edodo de tiempo que sea razonablemente necesario teniendo en cuenta las necesidades de dar respuesta a cuestiones que se planteen o resolver problemas, realizar mejoras, activar sus servicios y cumplir los requisitos que exija la legislaci\u00f3n aplicable. Esto significa que puede conservar los datos personales durante un<br \/>\nper\u00edodo de tiempo razonable incluso despu\u00e9s de que el interesado haya dejado de usar los servicios de BEATRIZPALACIOS o de que haya dejado de usar la WEB. Despu\u00e9s de este per\u00edodo, los datos personales ser\u00e1n bloqueados de todos los sistemas de BEATRIZPALACIOS.\t\t<\/p>\n<h5>\u00bfA qu\u00e9 destinatarios podemos comunicar los datos?<\/h5>\n<hr \/>\n<p>Los datos personales del interesado podr\u00e1n ser cedidos\/comunicados a los siguientes destinatarios:<\/p>\n<ul>\n<li>Administraciones y Organismos P\u00fablicos cuando as\u00ed lo exija la normativa fiscal, laboral, de Seguridad Social o cualquier otra aplicable.<\/li>\n<li>Empresas encargadas del tratamiento de datos, como proveedores que prestan servicios a BEATRIZPALACIOS (empresas de mensajer\u00eda, empresas de env\u00edo de comunicaciones, agencias, gestor\u00edas, etc.).<\/li>\n<\/ul>\n<p>BEATRIZPALACIOS no vende en ning\u00fan caso datos de clientes a terceros.<\/p>\n<h5>\u00bfC\u00f3mo protege BEATRIZPALACIOS los datos personales?<\/h5>\n<hr \/>\n<p>La WEB utiliza t\u00e9cnicas de seguridad de la informaci\u00f3n tales como firewalls, procedimientos de control de acceso, todo ello con el objetivo de evitar el acceso no autorizado a los datos y garantizar la confidencialidad de los mismos. Para lograr estos fines, el usuario acepta que BEATRIZPALACIOS<br \/>\nobtenga datos a efectos de la correspondiente autenticaci\u00f3n de los controles de acceso.<br \/>\nAdicionalmente, cualquier transacci\u00f3n realizada a trav\u00e9s de la WEB se lleva a cabo a trav\u00e9s de sistemas de pago seguros. Los datos confidenciales de pago son transmitidos directamente y de forma encriptada (SSL) a la entidad correspondiente.<br \/>\nBEATRIZPALACIOS manifiesta que ha adoptado todas las medidas t\u00e9cnicas y de organizaci\u00f3n necesarias para garantizar la seguridad e integridad de los datos de car\u00e1cter personal que trate, as\u00ed como para evitar su p\u00e9rdida, alteraci\u00f3n y\/o acceso por parte de terceros no autorizados.<br \/>\n&nbsp;<br \/>\n&nbsp;<\/p>\n","protected":false},"excerpt":{"rendered":"<p>Esta pol\u00edtica de privacidad est\u00e1 actualizada de acuerdo con las disposiciones del Reglamento General de Protecci\u00f3n de Datos y las instrucciones de la Agencia Espa\u00f1ola de Protecci\u00f3n de Datos. \u00bfQui\u00e9n es el responsable del tratamiento de sus datos? El responsable del tratamiento de los datos es Beatriz Palacios, con NIF n\u00famero 50869112N con datos de [&hellip;]<\/p>\n","protected":false},"author":1,"featured_media":0,"parent":0,"menu_order":0,"comment_status":"closed","ping_status":"closed","template":"","meta":{"footnotes":""},"class_list":["post-42956","page","type-page","status-publish","hentry"],"_links":{"self":[{"href":"https:\/\/dev.beatrizpalacios.com\/es\/wp-json\/wp\/v2\/pages\/42956","targetHints":{"allow":["GET"]}}],"collection":[{"href":"https:\/\/dev.beatrizpalacios.com\/es\/wp-json\/wp\/v2\/pages"}],"about":[{"href":"https:\/\/dev.beatrizpalacios.com\/es\/wp-json\/wp\/v2\/types\/page"}],"author":[{"embeddable":true,"href":"https:\/\/dev.beatrizpalacios.com\/es\/wp-json\/wp\/v2\/users\/1"}],"replies":[{"embeddable":true,"href":"https:\/\/dev.beatrizpalacios.com\/es\/wp-json\/wp\/v2\/comments?post=42956"}],"version-history":[{"count":2,"href":"https:\/\/dev.beatrizpalacios.com\/es\/wp-json\/wp\/v2\/pages\/42956\/revisions"}],"predecessor-version":[{"id":42966,"href":"https:\/\/dev.beatrizpalacios.com\/es\/wp-json\/wp\/v2\/pages\/42956\/revisions\/42966"}],"wp:attachment":[{"href":"https:\/\/dev.beatrizpalacios.com\/es\/wp-json\/wp\/v2\/media?parent=42956"}],"curies":[{"name":"wp","href":"https:\/\/api.w.org\/{rel}","templated":true}]}}