{"id":43724,"date":"2023-06-30T11:35:40","date_gmt":"2023-06-30T09:35:40","guid":{"rendered":"https:\/\/dev.beatrizpalacios.com\/iridiscencias-transparencias\/"},"modified":"2024-10-21T14:14:49","modified_gmt":"2024-10-21T12:14:49","slug":"iridiscencias-transparencias","status":"publish","type":"page","link":"https:\/\/dev.beatrizpalacios.com\/es\/edits\/iridiscencias-transparencias\/","title":{"rendered":"Iridiscencias &#038; Transparencias"},"content":{"rendered":"<style>\/*! elementor - v3.18.0 - 06-12-2023 *\/\n.elementor-heading-title{padding:0;margin:0;line-height:1}.elementor-widget-heading .elementor-heading-title[class*=elementor-size-]>a{color:inherit;font-size:inherit;line-height:inherit}.elementor-widget-heading .elementor-heading-title.elementor-size-small{font-size:15px}.elementor-widget-heading .elementor-heading-title.elementor-size-medium{font-size:19px}.elementor-widget-heading .elementor-heading-title.elementor-size-large{font-size:29px}.elementor-widget-heading .elementor-heading-title.elementor-size-xl{font-size:39px}.elementor-widget-heading .elementor-heading-title.elementor-size-xxl{font-size:59px}<\/style>\n<h2>Iridiscente y cristalina: joyer\u00eda sutil y serena<\/h2>\n<h5>Completa cualquier look con nuestra selecci\u00f3n personalizada de joyer\u00eda iridiscente y transparente<\/h5>\n<p>Equilibra cualquier look con nuestra selecci\u00f3n cuidadosamente elegida de joyer\u00eda iridiscente y cristalina.<br \/>\nExperimenta una dosis de sofisticaci\u00f3n discreta, gracias al uso de materiales \u00fanicos como eslabones de lucita transparente vintage, p\u00e9ndulos de cuarzo tallados a mano y barras de vidrio vintage\u00a0transformadas en pendientes, anillos y collares.<\/p>\n<style>\/*! elementor - v3.18.0 - 06-12-2023 *\/\n.elementor-widget-image{text-align:center}.elementor-widget-image a{display:inline-block}.elementor-widget-image a img[src$=\".svg\"]{width:48px}.elementor-widget-image img{vertical-align:middle;display:inline-block}<\/style>\n<p>\t\t\t\t\t\t\t\t\t\t\t\t<img loading=\"lazy\" decoding=\"async\" width=\"1920\" height=\"1280\" src=\"https:\/\/dev.beatrizpalacios.com\/wp-content\/uploads\/2023\/06\/fondo8.jpg\" alt=\"\" srcset=\"https:\/\/dev.beatrizpalacios.com\/wp-content\/uploads\/2023\/06\/fondo8.jpg 1920w, https:\/\/dev.beatrizpalacios.com\/wp-content\/uploads\/2023\/06\/fondo8-300x200.jpg 300w, https:\/\/dev.beatrizpalacios.com\/wp-content\/uploads\/2023\/06\/fondo8-1024x683.jpg 1024w, https:\/\/dev.beatrizpalacios.com\/wp-content\/uploads\/2023\/06\/fondo8-768x512.jpg 768w, https:\/\/dev.beatrizpalacios.com\/wp-content\/uploads\/2023\/06\/fondo8-1536x1024.jpg 1536w, https:\/\/dev.beatrizpalacios.com\/wp-content\/uploads\/2023\/06\/fondo8-590x393.jpg 590w, https:\/\/dev.beatrizpalacios.com\/wp-content\/uploads\/2023\/06\/fondo8-666x444.jpg 666w\" sizes=\"(max-width: 1920px) 100vw, 1920px\" \/><br \/>\n\t\t\t\t\t\t\t\t\t\t\t\t\t\t\t<img loading=\"lazy\" decoding=\"async\" width=\"640\" height=\"427\" src=\"https:\/\/dev.beatrizpalacios.com\/wp-content\/uploads\/2023\/06\/blessed-water-jewelry-1-1024x683.jpg\" alt=\"\" srcset=\"https:\/\/dev.beatrizpalacios.com\/wp-content\/uploads\/2023\/06\/blessed-water-jewelry-1-1024x683.jpg 1024w, https:\/\/dev.beatrizpalacios.com\/wp-content\/uploads\/2023\/06\/blessed-water-jewelry-1-300x200.jpg 300w, https:\/\/dev.beatrizpalacios.com\/wp-content\/uploads\/2023\/06\/blessed-water-jewelry-1-768x512.jpg 768w, https:\/\/dev.beatrizpalacios.com\/wp-content\/uploads\/2023\/06\/blessed-water-jewelry-1-1536x1024.jpg 1536w, https:\/\/dev.beatrizpalacios.com\/wp-content\/uploads\/2023\/06\/blessed-water-jewelry-1-590x393.jpg 590w, https:\/\/dev.beatrizpalacios.com\/wp-content\/uploads\/2023\/06\/blessed-water-jewelry-1-666x444.jpg 666w, https:\/\/dev.beatrizpalacios.com\/wp-content\/uploads\/2023\/06\/blessed-water-jewelry-1.jpg 1920w\" sizes=\"(max-width: 640px) 100vw, 640px\" \/>\t\t\t\t\t\t\t\t\t\t\t\t\t\t\t<\/p>\n<h2>Los favoritos: esenciales y necesarios<\/h2>\n<style>\/*! elementor - v3.18.0 - 06-12-2023 *\/\n.elementor-column .elementor-spacer-inner{height:var(--spacer-size)}.e-con{--container-widget-width:100%}.e-con-inner>.elementor-widget-spacer,.e-con>.elementor-widget-spacer{width:var(--container-widget-width,var(--spacer-size));--align-self:var(--container-widget-align-self,initial);--flex-shrink:0}.e-con-inner>.elementor-widget-spacer>.elementor-widget-container,.e-con>.elementor-widget-spacer>.elementor-widget-container{height:100%;width:100%}.e-con-inner>.elementor-widget-spacer>.elementor-widget-container>.elementor-spacer,.e-con>.elementor-widget-spacer>.elementor-widget-container>.elementor-spacer{height:100%}.e-con-inner>.elementor-widget-spacer>.elementor-widget-container>.elementor-spacer>.elementor-spacer-inner,.e-con>.elementor-widget-spacer>.elementor-widget-container>.elementor-spacer>.elementor-spacer-inner{height:var(--container-widget-height,var(--spacer-size))}.e-con-inner>.elementor-widget-spacer.elementor-widget-empty,.e-con>.elementor-widget-spacer.elementor-widget-empty{position:relative;min-height:22px;min-width:22px}.e-con-inner>.elementor-widget-spacer.elementor-widget-empty .elementor-widget-empty-icon,.e-con>.elementor-widget-spacer.elementor-widget-empty .elementor-widget-empty-icon{position:absolute;top:0;bottom:0;left:0;right:0;margin:auto;padding:0;width:22px;height:22px}<\/style>\n<h2>Chroma Green<\/h2>\n","protected":false},"excerpt":{"rendered":"<p>Iridiscente y cristalina: joyer\u00eda sutil y serena Completa cualquier look con nuestra selecci\u00f3n personalizada de joyer\u00eda iridiscente y transparente Equilibra cualquier look con nuestra selecci\u00f3n cuidadosamente elegida de joyer\u00eda iridiscente y cristalina. Experimenta una dosis de sofisticaci\u00f3n discreta, gracias al uso de materiales \u00fanicos como eslabones de lucita transparente vintage, p\u00e9ndulos de cuarzo tallados a [&hellip;]<\/p>\n","protected":false},"author":3,"featured_media":0,"parent":48714,"menu_order":0,"comment_status":"closed","ping_status":"closed","template":"","meta":{"footnotes":""},"class_list":["post-43724","page","type-page","status-publish","hentry"],"_links":{"self":[{"href":"https:\/\/dev.beatrizpalacios.com\/es\/wp-json\/wp\/v2\/pages\/43724","targetHints":{"allow":["GET"]}}],"collection":[{"href":"https:\/\/dev.beatrizpalacios.com\/es\/wp-json\/wp\/v2\/pages"}],"about":[{"href":"https:\/\/dev.beatrizpalacios.com\/es\/wp-json\/wp\/v2\/types\/page"}],"author":[{"embeddable":true,"href":"https:\/\/dev.beatrizpalacios.com\/es\/wp-json\/wp\/v2\/users\/3"}],"replies":[{"embeddable":true,"href":"https:\/\/dev.beatrizpalacios.com\/es\/wp-json\/wp\/v2\/comments?post=43724"}],"version-history":[{"count":6,"href":"https:\/\/dev.beatrizpalacios.com\/es\/wp-json\/wp\/v2\/pages\/43724\/revisions"}],"predecessor-version":[{"id":51686,"href":"https:\/\/dev.beatrizpalacios.com\/es\/wp-json\/wp\/v2\/pages\/43724\/revisions\/51686"}],"up":[{"embeddable":true,"href":"https:\/\/dev.beatrizpalacios.com\/es\/wp-json\/wp\/v2\/pages\/48714"}],"wp:attachment":[{"href":"https:\/\/dev.beatrizpalacios.com\/es\/wp-json\/wp\/v2\/media?parent=43724"}],"curies":[{"name":"wp","href":"https:\/\/api.w.org\/{rel}","templated":true}]}}