{"id":44126,"date":"2023-08-28T12:50:09","date_gmt":"2023-08-28T10:50:09","guid":{"rendered":"https:\/\/dev.beatrizpalacios.com\/favoritos-destacados\/"},"modified":"2024-10-21T14:13:53","modified_gmt":"2024-10-21T12:13:53","slug":"favoritos-destacados","status":"publish","type":"page","link":"https:\/\/dev.beatrizpalacios.com\/es\/edits\/favoritos-destacados\/","title":{"rendered":"Best sellers"},"content":{"rendered":"<style>\/*! elementor - v3.18.0 - 06-12-2023 *\/\n.elementor-heading-title{padding:0;margin:0;line-height:1}.elementor-widget-heading .elementor-heading-title[class*=elementor-size-]>a{color:inherit;font-size:inherit;line-height:inherit}.elementor-widget-heading .elementor-heading-title.elementor-size-small{font-size:15px}.elementor-widget-heading .elementor-heading-title.elementor-size-medium{font-size:19px}.elementor-widget-heading .elementor-heading-title.elementor-size-large{font-size:29px}.elementor-widget-heading .elementor-heading-title.elementor-size-xl{font-size:39px}.elementor-widget-heading .elementor-heading-title.elementor-size-xxl{font-size:59px}<\/style>\n<h2>Los favoritos: esenciales y necesarios<\/h2>\n<p>Descubre la cuidadosa selecci\u00f3n de nuestras joyas m\u00e1s vendidas. Cada creaci\u00f3n es un testimonio de nuestra devoci\u00f3n por el dise\u00f1o atemporal, la artesan\u00eda elaborada y la expresi\u00f3n singular de la persona que la lleva.<\/p>\n<style>\/*! elementor - v3.18.0 - 06-12-2023 *\/\n.elementor-widget-image-carousel .swiper,.elementor-widget-image-carousel .swiper-container{position:static}.elementor-widget-image-carousel .swiper-container .swiper-slide figure,.elementor-widget-image-carousel .swiper .swiper-slide figure{line-height:inherit}.elementor-widget-image-carousel .swiper-slide{text-align:center}.elementor-image-carousel-wrapper:not(.swiper-container-initialized):not(.swiper-initialized) .swiper-slide{max-width:calc(100% \/ var(--e-image-carousel-slides-to-show, 3))}<\/style>\n<figure><img decoding=\"async\" src=\"https:\/\/dev.beatrizpalacios.com\/wp-content\/uploads\/2023\/08\/Link-small-and-clear-3.jpg\" alt=\"Link-small-and-clear-3\" \/><\/figure>\n<figure><img decoding=\"async\" src=\"https:\/\/dev.beatrizpalacios.com\/wp-content\/uploads\/2023\/08\/infinity-ring-2.jpg\" alt=\"infinity-ring-2\" \/><\/figure>\n<figure><img decoding=\"async\" src=\"https:\/\/dev.beatrizpalacios.com\/wp-content\/uploads\/2023\/08\/wave-ring-2.jpg\" alt=\"wave-ring-2\" \/><\/figure>\n<style>\/*! elementor - v3.18.0 - 06-12-2023 *\/\n.elementor-widget-image{text-align:center}.elementor-widget-image a{display:inline-block}.elementor-widget-image a img[src$=\".svg\"]{width:48px}.elementor-widget-image img{vertical-align:middle;display:inline-block}<\/style>\n<p>\t\t\t\t\t\t\t\t\t\t\t\t<img loading=\"lazy\" decoding=\"async\" width=\"590\" height=\"920\" src=\"https:\/\/dev.beatrizpalacios.com\/wp-content\/uploads\/2022\/02\/earrings-iridescent-short-earrings-beatrizpalacios-2-2.jpg\" alt=\"Iridescent Short Earrings\" srcset=\"https:\/\/dev.beatrizpalacios.com\/wp-content\/uploads\/2022\/02\/earrings-iridescent-short-earrings-beatrizpalacios-2-2.jpg 590w, https:\/\/dev.beatrizpalacios.com\/wp-content\/uploads\/2022\/02\/earrings-iridescent-short-earrings-beatrizpalacios-2-2-192x300.jpg 192w\" sizes=\"(max-width: 590px) 100vw, 590px\" \/>\t\t\t\t\t\t\t\t\t\t\t\t\t\t\t<\/p>\n<figure><img decoding=\"async\" src=\"https:\/\/dev.beatrizpalacios.com\/wp-content\/uploads\/2023\/08\/large-pearl-and-magenta-1.jpg\" alt=\"large-pearl-and-magenta-1\" \/><\/figure>\n<figure><img decoding=\"async\" src=\"https:\/\/dev.beatrizpalacios.com\/wp-content\/uploads\/2023\/08\/white-bow-earrings-1.jpg\" alt=\"white-bow-earrings-1\" \/><\/figure>\n<h2>Iridiscente y cristalina: joyer\u00eda sutil y serena<\/h2>\n<style>\/*! elementor - v3.18.0 - 06-12-2023 *\/\n.elementor-column .elementor-spacer-inner{height:var(--spacer-size)}.e-con{--container-widget-width:100%}.e-con-inner>.elementor-widget-spacer,.e-con>.elementor-widget-spacer{width:var(--container-widget-width,var(--spacer-size));--align-self:var(--container-widget-align-self,initial);--flex-shrink:0}.e-con-inner>.elementor-widget-spacer>.elementor-widget-container,.e-con>.elementor-widget-spacer>.elementor-widget-container{height:100%;width:100%}.e-con-inner>.elementor-widget-spacer>.elementor-widget-container>.elementor-spacer,.e-con>.elementor-widget-spacer>.elementor-widget-container>.elementor-spacer{height:100%}.e-con-inner>.elementor-widget-spacer>.elementor-widget-container>.elementor-spacer>.elementor-spacer-inner,.e-con>.elementor-widget-spacer>.elementor-widget-container>.elementor-spacer>.elementor-spacer-inner{height:var(--container-widget-height,var(--spacer-size))}.e-con-inner>.elementor-widget-spacer.elementor-widget-empty,.e-con>.elementor-widget-spacer.elementor-widget-empty{position:relative;min-height:22px;min-width:22px}.e-con-inner>.elementor-widget-spacer.elementor-widget-empty .elementor-widget-empty-icon,.e-con>.elementor-widget-spacer.elementor-widget-empty .elementor-widget-empty-icon{position:absolute;top:0;bottom:0;left:0;right:0;margin:auto;padding:0;width:22px;height:22px}<\/style>\n<h2>Chroma Green<\/h2>\n","protected":false},"excerpt":{"rendered":"<p>Los favoritos: esenciales y necesarios Descubre la cuidadosa selecci\u00f3n de nuestras joyas m\u00e1s vendidas. Cada creaci\u00f3n es un testimonio de nuestra devoci\u00f3n por el dise\u00f1o atemporal, la artesan\u00eda elaborada y la expresi\u00f3n singular de la persona que la lleva. Iridiscente y cristalina: joyer\u00eda sutil y serena Chroma Green<\/p>\n","protected":false},"author":3,"featured_media":0,"parent":48714,"menu_order":0,"comment_status":"closed","ping_status":"closed","template":"","meta":{"footnotes":""},"class_list":["post-44126","page","type-page","status-publish","hentry"],"_links":{"self":[{"href":"https:\/\/dev.beatrizpalacios.com\/es\/wp-json\/wp\/v2\/pages\/44126","targetHints":{"allow":["GET"]}}],"collection":[{"href":"https:\/\/dev.beatrizpalacios.com\/es\/wp-json\/wp\/v2\/pages"}],"about":[{"href":"https:\/\/dev.beatrizpalacios.com\/es\/wp-json\/wp\/v2\/types\/page"}],"author":[{"embeddable":true,"href":"https:\/\/dev.beatrizpalacios.com\/es\/wp-json\/wp\/v2\/users\/3"}],"replies":[{"embeddable":true,"href":"https:\/\/dev.beatrizpalacios.com\/es\/wp-json\/wp\/v2\/comments?post=44126"}],"version-history":[{"count":6,"href":"https:\/\/dev.beatrizpalacios.com\/es\/wp-json\/wp\/v2\/pages\/44126\/revisions"}],"predecessor-version":[{"id":51684,"href":"https:\/\/dev.beatrizpalacios.com\/es\/wp-json\/wp\/v2\/pages\/44126\/revisions\/51684"}],"up":[{"embeddable":true,"href":"https:\/\/dev.beatrizpalacios.com\/es\/wp-json\/wp\/v2\/pages\/48714"}],"wp:attachment":[{"href":"https:\/\/dev.beatrizpalacios.com\/es\/wp-json\/wp\/v2\/media?parent=44126"}],"curies":[{"name":"wp","href":"https:\/\/api.w.org\/{rel}","templated":true}]}}