{"id":45086,"date":"2023-09-15T11:10:18","date_gmt":"2023-09-15T09:10:18","guid":{"rendered":"https:\/\/dev.beatrizpalacios.com\/sister\/"},"modified":"2023-09-15T13:55:06","modified_gmt":"2023-09-15T11:55:06","slug":"sister","status":"publish","type":"page","link":"https:\/\/dev.beatrizpalacios.com\/es\/sister\/","title":{"rendered":"SISTER"},"content":{"rendered":"<style>\/*! elementor - v3.12.0 - 29-03-2023 *\/\n.elementor-widget-image{text-align:center}.elementor-widget-image a{display:inline-block}.elementor-widget-image a img[src$=\".svg\"]{width:48px}.elementor-widget-image img{vertical-align:middle;display:inline-block}<\/style>\n<p>\t\t\t\t\t\t\t\t\t\t\t\t<img decoding=\"async\" width=\"590\" height=\"920\" src=\"https:\/\/dev.beatrizpalacios.com\/wp-content\/uploads\/2023\/09\/sister_26.jpg\" alt=\"\" loading=\"lazy\" srcset=\"https:\/\/dev.beatrizpalacios.com\/wp-content\/uploads\/2023\/09\/sister_26.jpg 590w, https:\/\/dev.beatrizpalacios.com\/wp-content\/uploads\/2023\/09\/sister_26-192x300.jpg 192w\" sizes=\"(max-width: 590px) 100vw, 590px\" \/>\t\t\t\t\t\t\t\t\t\t\t\t\t\t\t<\/p>\n<p style=\"text-align: center;\">Con SISTER, he querido explorar y celebrar la dualidad femenina. Una propuesta donde reconcilio de manera simb\u00f3lica opuestos de nuestra cultura como:<\/p>\n<p style=\"text-align: center;\">\u00e1ngel del hogar\/femme fatale<\/p>\n<p style=\"text-align: center;\">ovulaci\u00f3n\/menstruaci\u00f3n<\/p>\n<p style=\"text-align: center;\">cuerpo\/mente<\/p>\n<p style=\"text-align: center;\">inmanencia\/trascendencia<\/p>\n<p style=\"text-align: center;\">\u201cHay una foto de Comme des Gar\u00e7ons de principios de los a\u00f1os 80 en la que aparecen dos chicas, una con el pelo rosa y otra azul. Siempre me han gustado la complicidad de sus miradas y sus sonrisas. Ese fue el punto de partida de <strong>SISTER:<\/strong> transmitir la misma energ\u00eda\u201d<\/p>\n<p>Muchas de las campa\u00f1as de Comme des Gar\u00e7ons, firma de la japonesa Rei Kawakubo, tienen como protagonistas a dos chicas. <strong>SISTER<\/strong> es un homenaje a esas dos mujeres que se encuentran y avanzan juntas. Pero tambi\u00e9n a la <strong>aceptaci\u00f3n de la ambig\u00fcedad y la contradicci\u00f3n<\/strong> que conforma la identidad de cada una de ellas. Una vez que esas diferencias se entienden y reconocen interiormente, la libertad se desencadena.<\/p>\n<p style=\"text-align: center;\">Perlas y perlas barrocas, \u00f3nix, cuarzo, jade, plata y oro se combinan en las joyas de SISTER como una met\u00e1fora de esa conexi\u00f3n invisible entre mujeres de todos los tiempos y de todos los lugares. Y al igual que en colecciones anteriores, algunas de sus vers\u00e1tiles piezas funcionan como pendientes, pero tambi\u00e9n como cierres de pulseras o collares. El blanco y el negro o el plata y el dorado se alinean en la paradoja de la dualidad encarnada en la figura de la hermana.<\/p>\n<figure>\n\t\t\t\t\t\t\t\t\t\t\t<a href=\"https:\/\/dev.beatrizpalacios.com\/sister-earrings\/\"><br \/>\n\t\t\t\t\t\t\t<img decoding=\"async\" width=\"1280\" height=\"800\" src=\"https:\/\/dev.beatrizpalacios.com\/wp-content\/uploads\/2023\/09\/sister_2.jpg\" alt=\"\" loading=\"lazy\" srcset=\"https:\/\/dev.beatrizpalacios.com\/wp-content\/uploads\/2023\/09\/sister_2.jpg 1280w, https:\/\/dev.beatrizpalacios.com\/wp-content\/uploads\/2023\/09\/sister_2-300x188.jpg 300w, https:\/\/dev.beatrizpalacios.com\/wp-content\/uploads\/2023\/09\/sister_2-1024x640.jpg 1024w, https:\/\/dev.beatrizpalacios.com\/wp-content\/uploads\/2023\/09\/sister_2-768x480.jpg 768w, https:\/\/dev.beatrizpalacios.com\/wp-content\/uploads\/2023\/09\/sister_2-590x369.jpg 590w, https:\/\/dev.beatrizpalacios.com\/wp-content\/uploads\/2023\/09\/sister_2-666x416.jpg 666w\" sizes=\"(max-width: 1280px) 100vw, 1280px\" \/>\t\t\t\t\t\t\t\t<\/a><figcaption>PENDIENTES SISTER<\/figcaption><\/figure>\n<p>\t\t\t\t\t\t\t\t\t\t\t\t\t\t\t<img decoding=\"async\" width=\"640\" height=\"800\" src=\"https:\/\/dev.beatrizpalacios.com\/wp-content\/uploads\/2023\/09\/sister_3.jpg\" alt=\"\" loading=\"lazy\" srcset=\"https:\/\/dev.beatrizpalacios.com\/wp-content\/uploads\/2023\/09\/sister_3.jpg 640w, https:\/\/dev.beatrizpalacios.com\/wp-content\/uploads\/2023\/09\/sister_3-240x300.jpg 240w, https:\/\/dev.beatrizpalacios.com\/wp-content\/uploads\/2023\/09\/sister_3-590x738.jpg 590w\" sizes=\"(max-width: 640px) 100vw, 640px\" \/><br \/>\n\t\t\t\t\t\t\t\t\t\t\t\t\t\t\t<img decoding=\"async\" width=\"800\" height=\"1280\" src=\"https:\/\/dev.beatrizpalacios.com\/wp-content\/uploads\/2023\/09\/sister_5.jpg\" alt=\"\" loading=\"lazy\" srcset=\"https:\/\/dev.beatrizpalacios.com\/wp-content\/uploads\/2023\/09\/sister_5.jpg 800w, https:\/\/dev.beatrizpalacios.com\/wp-content\/uploads\/2023\/09\/sister_5-188x300.jpg 188w, https:\/\/dev.beatrizpalacios.com\/wp-content\/uploads\/2023\/09\/sister_5-640x1024.jpg 640w, https:\/\/dev.beatrizpalacios.com\/wp-content\/uploads\/2023\/09\/sister_5-768x1229.jpg 768w, https:\/\/dev.beatrizpalacios.com\/wp-content\/uploads\/2023\/09\/sister_5-590x944.jpg 590w, https:\/\/dev.beatrizpalacios.com\/wp-content\/uploads\/2023\/09\/sister_5-666x1066.jpg 666w\" sizes=\"(max-width: 800px) 100vw, 800px\" \/>\t\t\t\t\t\t\t\t\t\t\t\t\t\t\t<\/p>\n<figure>\n\t\t\t\t\t\t\t\t\t\t<img decoding=\"async\" width=\"800\" height=\"1280\" src=\"https:\/\/dev.beatrizpalacios.com\/wp-content\/uploads\/2023\/09\/sister_6.jpg\" alt=\"\" loading=\"lazy\" srcset=\"https:\/\/dev.beatrizpalacios.com\/wp-content\/uploads\/2023\/09\/sister_6.jpg 800w, https:\/\/dev.beatrizpalacios.com\/wp-content\/uploads\/2023\/09\/sister_6-188x300.jpg 188w, https:\/\/dev.beatrizpalacios.com\/wp-content\/uploads\/2023\/09\/sister_6-640x1024.jpg 640w, https:\/\/dev.beatrizpalacios.com\/wp-content\/uploads\/2023\/09\/sister_6-768x1229.jpg 768w, https:\/\/dev.beatrizpalacios.com\/wp-content\/uploads\/2023\/09\/sister_6-590x944.jpg 590w, https:\/\/dev.beatrizpalacios.com\/wp-content\/uploads\/2023\/09\/sister_6-666x1066.jpg 666w\" sizes=\"(max-width: 800px) 100vw, 800px\" \/><figcaption>GREY SISTER NECKLACE<\/figcaption><\/figure>\n<figure>\n\t\t\t\t\t\t\t\t\t\t<img decoding=\"async\" width=\"800\" height=\"1280\" src=\"https:\/\/dev.beatrizpalacios.com\/wp-content\/uploads\/2023\/09\/sister_4.jpg\" alt=\"\" loading=\"lazy\" srcset=\"https:\/\/dev.beatrizpalacios.com\/wp-content\/uploads\/2023\/09\/sister_4.jpg 800w, https:\/\/dev.beatrizpalacios.com\/wp-content\/uploads\/2023\/09\/sister_4-188x300.jpg 188w, https:\/\/dev.beatrizpalacios.com\/wp-content\/uploads\/2023\/09\/sister_4-640x1024.jpg 640w, https:\/\/dev.beatrizpalacios.com\/wp-content\/uploads\/2023\/09\/sister_4-768x1229.jpg 768w, https:\/\/dev.beatrizpalacios.com\/wp-content\/uploads\/2023\/09\/sister_4-590x944.jpg 590w, https:\/\/dev.beatrizpalacios.com\/wp-content\/uploads\/2023\/09\/sister_4-666x1066.jpg 666w\" sizes=\"(max-width: 800px) 100vw, 800px\" \/><figcaption>ANILLO SISTER<\/figcaption><\/figure>\n<figure>\n\t\t\t\t\t\t\t\t\t\t\t<a href=\"https:\/\/dev.beatrizpalacios.com\/black-bandage-necklace-m\/\"><br \/>\n\t\t\t\t\t\t\t<img decoding=\"async\" width=\"800\" height=\"1280\" src=\"https:\/\/dev.beatrizpalacios.com\/wp-content\/uploads\/2023\/09\/sister_8.jpg\" alt=\"\" loading=\"lazy\" srcset=\"https:\/\/dev.beatrizpalacios.com\/wp-content\/uploads\/2023\/09\/sister_8.jpg 800w, https:\/\/dev.beatrizpalacios.com\/wp-content\/uploads\/2023\/09\/sister_8-188x300.jpg 188w, https:\/\/dev.beatrizpalacios.com\/wp-content\/uploads\/2023\/09\/sister_8-640x1024.jpg 640w, https:\/\/dev.beatrizpalacios.com\/wp-content\/uploads\/2023\/09\/sister_8-768x1229.jpg 768w, https:\/\/dev.beatrizpalacios.com\/wp-content\/uploads\/2023\/09\/sister_8-590x944.jpg 590w, https:\/\/dev.beatrizpalacios.com\/wp-content\/uploads\/2023\/09\/sister_8-666x1066.jpg 666w\" sizes=\"(max-width: 800px) 100vw, 800px\" \/>\t\t\t\t\t\t\t\t<\/a><figcaption>COLLAR VENDA ONYX S<\/figcaption><\/figure>\n<figure>\n\t\t\t\t\t\t\t\t\t\t\t<a href=\"https:\/\/dev.beatrizpalacios.com\/onyx-link-small\/\"><br \/>\n\t\t\t\t\t\t\t<img decoding=\"async\" width=\"800\" height=\"1280\" src=\"https:\/\/dev.beatrizpalacios.com\/wp-content\/uploads\/2023\/09\/sister_9.jpg\" alt=\"\" loading=\"lazy\" srcset=\"https:\/\/dev.beatrizpalacios.com\/wp-content\/uploads\/2023\/09\/sister_9.jpg 800w, https:\/\/dev.beatrizpalacios.com\/wp-content\/uploads\/2023\/09\/sister_9-188x300.jpg 188w, https:\/\/dev.beatrizpalacios.com\/wp-content\/uploads\/2023\/09\/sister_9-640x1024.jpg 640w, https:\/\/dev.beatrizpalacios.com\/wp-content\/uploads\/2023\/09\/sister_9-768x1229.jpg 768w, https:\/\/dev.beatrizpalacios.com\/wp-content\/uploads\/2023\/09\/sister_9-590x944.jpg 590w, https:\/\/dev.beatrizpalacios.com\/wp-content\/uploads\/2023\/09\/sister_9-666x1066.jpg 666w\" sizes=\"(max-width: 800px) 100vw, 800px\" \/>\t\t\t\t\t\t\t\t<\/a><figcaption>LINK ONYX  S<\/figcaption><\/figure>\n<figure>\n\t\t\t\t\t\t\t\t\t\t\t<a href=\"https:\/\/dev.beatrizpalacios.com\/sister-combs\/\"><br \/>\n\t\t\t\t\t\t\t<img decoding=\"async\" width=\"800\" height=\"1280\" src=\"https:\/\/dev.beatrizpalacios.com\/wp-content\/uploads\/2023\/09\/sister_7.jpg\" alt=\"\" loading=\"lazy\" srcset=\"https:\/\/dev.beatrizpalacios.com\/wp-content\/uploads\/2023\/09\/sister_7.jpg 800w, https:\/\/dev.beatrizpalacios.com\/wp-content\/uploads\/2023\/09\/sister_7-188x300.jpg 188w, https:\/\/dev.beatrizpalacios.com\/wp-content\/uploads\/2023\/09\/sister_7-640x1024.jpg 640w, https:\/\/dev.beatrizpalacios.com\/wp-content\/uploads\/2023\/09\/sister_7-768x1229.jpg 768w, https:\/\/dev.beatrizpalacios.com\/wp-content\/uploads\/2023\/09\/sister_7-590x944.jpg 590w, https:\/\/dev.beatrizpalacios.com\/wp-content\/uploads\/2023\/09\/sister_7-666x1066.jpg 666w\" sizes=\"(max-width: 800px) 100vw, 800px\" \/>\t\t\t\t\t\t\t\t<\/a><figcaption>PEINETAS SISTER<\/figcaption><\/figure>\n<figure>\n\t\t\t\t\t\t\t\t\t\t\t<a href=\"https:\/\/dev.beatrizpalacios.com\/black-bandage-bracelet\/\"><br \/>\n\t\t\t\t\t\t\t<img decoding=\"async\" width=\"800\" height=\"1280\" src=\"https:\/\/dev.beatrizpalacios.com\/wp-content\/uploads\/2023\/09\/sister_14.jpg\" alt=\"\" loading=\"lazy\" srcset=\"https:\/\/dev.beatrizpalacios.com\/wp-content\/uploads\/2023\/09\/sister_14.jpg 800w, https:\/\/dev.beatrizpalacios.com\/wp-content\/uploads\/2023\/09\/sister_14-188x300.jpg 188w, https:\/\/dev.beatrizpalacios.com\/wp-content\/uploads\/2023\/09\/sister_14-640x1024.jpg 640w, https:\/\/dev.beatrizpalacios.com\/wp-content\/uploads\/2023\/09\/sister_14-768x1229.jpg 768w, https:\/\/dev.beatrizpalacios.com\/wp-content\/uploads\/2023\/09\/sister_14-590x944.jpg 590w, https:\/\/dev.beatrizpalacios.com\/wp-content\/uploads\/2023\/09\/sister_14-666x1066.jpg 666w\" sizes=\"(max-width: 800px) 100vw, 800px\" \/>\t\t\t\t\t\t\t\t<\/a><figcaption>PULSERA VENDA ONYX<\/figcaption><\/figure>\n<figure>\n\t\t\t\t\t\t\t\t\t\t\t<a href=\"https:\/\/dev.beatrizpalacios.com\/onyx-piercing-m\/\"><br \/>\n\t\t\t\t\t\t\t<img decoding=\"async\" width=\"800\" height=\"1280\" src=\"https:\/\/dev.beatrizpalacios.com\/wp-content\/uploads\/2023\/09\/sister_15.jpg\" alt=\"\" loading=\"lazy\" srcset=\"https:\/\/dev.beatrizpalacios.com\/wp-content\/uploads\/2023\/09\/sister_15.jpg 800w, https:\/\/dev.beatrizpalacios.com\/wp-content\/uploads\/2023\/09\/sister_15-188x300.jpg 188w, https:\/\/dev.beatrizpalacios.com\/wp-content\/uploads\/2023\/09\/sister_15-640x1024.jpg 640w, https:\/\/dev.beatrizpalacios.com\/wp-content\/uploads\/2023\/09\/sister_15-768x1229.jpg 768w, https:\/\/dev.beatrizpalacios.com\/wp-content\/uploads\/2023\/09\/sister_15-590x944.jpg 590w, https:\/\/dev.beatrizpalacios.com\/wp-content\/uploads\/2023\/09\/sister_15-666x1066.jpg 666w\" sizes=\"(max-width: 800px) 100vw, 800px\" \/>\t\t\t\t\t\t\t\t<\/a><figcaption>PIERCING ONYX M <\/figcaption><\/figure>\n<figure>\n\t\t\t\t\t\t\t\t\t\t\t<a href=\"https:\/\/dev.beatrizpalacios.com\/quartz-pendant\/\"><br \/>\n\t\t\t\t\t\t\t<img decoding=\"async\" width=\"800\" height=\"1280\" src=\"https:\/\/dev.beatrizpalacios.com\/wp-content\/uploads\/2023\/09\/sister_17.jpg\" alt=\"\" loading=\"lazy\" srcset=\"https:\/\/dev.beatrizpalacios.com\/wp-content\/uploads\/2023\/09\/sister_17.jpg 800w, https:\/\/dev.beatrizpalacios.com\/wp-content\/uploads\/2023\/09\/sister_17-188x300.jpg 188w, https:\/\/dev.beatrizpalacios.com\/wp-content\/uploads\/2023\/09\/sister_17-640x1024.jpg 640w, https:\/\/dev.beatrizpalacios.com\/wp-content\/uploads\/2023\/09\/sister_17-768x1229.jpg 768w, https:\/\/dev.beatrizpalacios.com\/wp-content\/uploads\/2023\/09\/sister_17-590x944.jpg 590w, https:\/\/dev.beatrizpalacios.com\/wp-content\/uploads\/2023\/09\/sister_17-666x1066.jpg 666w\" sizes=\"(max-width: 800px) 100vw, 800px\" \/>\t\t\t\t\t\t\t\t<\/a><figcaption>COLLAR CHARM DE CUARZO<\/figcaption><\/figure>\n<figure>\n\t\t\t\t\t\t\t\t\t\t\t<a href=\"http:\/\/ANILLO%20SISTER%20NEGRO\"><br \/>\n\t\t\t\t\t\t\t<img decoding=\"async\" width=\"800\" height=\"1280\" src=\"https:\/\/dev.beatrizpalacios.com\/wp-content\/uploads\/2023\/09\/sister_16.jpg\" alt=\"\" loading=\"lazy\" srcset=\"https:\/\/dev.beatrizpalacios.com\/wp-content\/uploads\/2023\/09\/sister_16.jpg 800w, https:\/\/dev.beatrizpalacios.com\/wp-content\/uploads\/2023\/09\/sister_16-188x300.jpg 188w, https:\/\/dev.beatrizpalacios.com\/wp-content\/uploads\/2023\/09\/sister_16-640x1024.jpg 640w, https:\/\/dev.beatrizpalacios.com\/wp-content\/uploads\/2023\/09\/sister_16-768x1229.jpg 768w, https:\/\/dev.beatrizpalacios.com\/wp-content\/uploads\/2023\/09\/sister_16-590x944.jpg 590w, https:\/\/dev.beatrizpalacios.com\/wp-content\/uploads\/2023\/09\/sister_16-666x1066.jpg 666w\" sizes=\"(max-width: 800px) 100vw, 800px\" \/>\t\t\t\t\t\t\t\t<\/a><figcaption>ANILLO SISTER NEGRO<\/figcaption><\/figure>\n<p>PHOTOGRAF\u00cdA Renee Friedrich<\/p>\n<p>MUSAS Su and Daniela \/ H\u00c9L\u00c8NE<\/p>\n<p>TEXT0 Beatriz Palacios<\/p>\n<p style=\"text-align: right;\"><i>*<\/i><i>There&#8217;s a duality in myself, and it&#8217;s also what I try and instill in my roles.&#8217;<\/i><i>\u00a0<\/i>Juliette Lewis<\/p>\n","protected":false},"excerpt":{"rendered":"<p>Con SISTER, he querido explorar y celebrar la dualidad femenina. Una propuesta donde reconcilio de manera simb\u00f3lica opuestos de nuestra cultura como: \u00e1ngel del hogar\/femme fatale ovulaci\u00f3n\/menstruaci\u00f3n cuerpo\/mente inmanencia\/trascendencia \u201cHay una foto de Comme des Gar\u00e7ons de principios de los a\u00f1os 80 en la que aparecen dos chicas, una con el pelo rosa y otra [&hellip;]<\/p>\n","protected":false},"author":3,"featured_media":0,"parent":0,"menu_order":0,"comment_status":"closed","ping_status":"closed","template":"elementor_header_footer","meta":{"footnotes":""},"class_list":["post-45086","page","type-page","status-publish","hentry"],"_links":{"self":[{"href":"https:\/\/dev.beatrizpalacios.com\/es\/wp-json\/wp\/v2\/pages\/45086","targetHints":{"allow":["GET"]}}],"collection":[{"href":"https:\/\/dev.beatrizpalacios.com\/es\/wp-json\/wp\/v2\/pages"}],"about":[{"href":"https:\/\/dev.beatrizpalacios.com\/es\/wp-json\/wp\/v2\/types\/page"}],"author":[{"embeddable":true,"href":"https:\/\/dev.beatrizpalacios.com\/es\/wp-json\/wp\/v2\/users\/3"}],"replies":[{"embeddable":true,"href":"https:\/\/dev.beatrizpalacios.com\/es\/wp-json\/wp\/v2\/comments?post=45086"}],"version-history":[{"count":3,"href":"https:\/\/dev.beatrizpalacios.com\/es\/wp-json\/wp\/v2\/pages\/45086\/revisions"}],"predecessor-version":[{"id":45326,"href":"https:\/\/dev.beatrizpalacios.com\/es\/wp-json\/wp\/v2\/pages\/45086\/revisions\/45326"}],"wp:attachment":[{"href":"https:\/\/dev.beatrizpalacios.com\/es\/wp-json\/wp\/v2\/media?parent=45086"}],"curies":[{"name":"wp","href":"https:\/\/api.w.org\/{rel}","templated":true}]}}