{"id":48357,"date":"2024-02-19T16:50:41","date_gmt":"2024-02-19T15:50:41","guid":{"rendered":"https:\/\/dev.beatrizpalacios.com\/swan\/"},"modified":"2024-02-22T09:10:21","modified_gmt":"2024-02-22T08:10:21","slug":"swan","status":"publish","type":"page","link":"https:\/\/dev.beatrizpalacios.com\/es\/swan\/","title":{"rendered":"Swan"},"content":{"rendered":"<p>\u201cI am what I am. To look for reasons is beside the point.\u201d*<\/p>\n<p><strong>La colecci\u00f3n SWAN<\/strong> rinde homenaje al cisne como s\u00edmbolo espiritual de renacimiento, dualidad y equilibrio. Inspir\u00e1ndome en su poder de transformaci\u00f3n, he capturado la elegancia y sofisticaci\u00f3n de esta criatura m\u00edtica y la he proyectado en cada una de las piezas, que, como siempre, han sido cuidadosamente hechas a mano en nuestro taller de Madrid.<\/p>\n<figure>\n\t\t\t\t\t\t\t\t\t\t\t<a href=\"https:\/\/dev.beatrizpalacios.com\/es\/pendientes-swan-plata\/\"><br \/>\n\t\t\t\t\t\t\t<img loading=\"lazy\" decoding=\"async\" width=\"960\" height=\"1280\" src=\"https:\/\/dev.beatrizpalacios.com\/wp-content\/uploads\/2024\/02\/swan_s_7.jpg\" alt=\"\" srcset=\"https:\/\/dev.beatrizpalacios.com\/wp-content\/uploads\/2024\/02\/swan_s_7.jpg 960w, https:\/\/dev.beatrizpalacios.com\/wp-content\/uploads\/2024\/02\/swan_s_7-225x300.jpg 225w, https:\/\/dev.beatrizpalacios.com\/wp-content\/uploads\/2024\/02\/swan_s_7-768x1024.jpg 768w, https:\/\/dev.beatrizpalacios.com\/wp-content\/uploads\/2024\/02\/swan_s_7-590x787.jpg 590w, https:\/\/dev.beatrizpalacios.com\/wp-content\/uploads\/2024\/02\/swan_s_7-666x888.jpg 666w\" sizes=\"(max-width: 960px) 100vw, 960px\" \/>\t\t\t\t\t\t\t\t<\/a><figcaption>Pendientes Swan Plata<\/figcaption><\/figure>\n<figure>\n\t\t\t\t\t\t\t\t\t\t\t<a href=\"https:\/\/dev.beatrizpalacios.com\/es\/collar-cinturon-cisne-plata\/\"><br \/>\n\t\t\t\t\t\t\t<img loading=\"lazy\" decoding=\"async\" width=\"960\" height=\"1280\" src=\"https:\/\/dev.beatrizpalacios.com\/wp-content\/uploads\/2024\/02\/swan_s_6.jpg\" alt=\"\" srcset=\"https:\/\/dev.beatrizpalacios.com\/wp-content\/uploads\/2024\/02\/swan_s_6.jpg 960w, https:\/\/dev.beatrizpalacios.com\/wp-content\/uploads\/2024\/02\/swan_s_6-225x300.jpg 225w, https:\/\/dev.beatrizpalacios.com\/wp-content\/uploads\/2024\/02\/swan_s_6-768x1024.jpg 768w, https:\/\/dev.beatrizpalacios.com\/wp-content\/uploads\/2024\/02\/swan_s_6-590x787.jpg 590w, https:\/\/dev.beatrizpalacios.com\/wp-content\/uploads\/2024\/02\/swan_s_6-666x888.jpg 666w\" sizes=\"(max-width: 960px) 100vw, 960px\" \/>\t\t\t\t\t\t\t\t<\/a><figcaption>Collar Cintur\u00f3n Cisne Plata<\/figcaption><\/figure>\n<figure>\n\t\t\t\t\t\t\t\t\t\t\t<a href=\"https:\/\/dev.beatrizpalacios.com\/es\/pendiente-swan\/\"><br \/>\n\t\t\t\t\t\t\t<img loading=\"lazy\" decoding=\"async\" width=\"960\" height=\"1280\" src=\"https:\/\/dev.beatrizpalacios.com\/wp-content\/uploads\/2024\/02\/swan_s_9.jpg\" alt=\"\" srcset=\"https:\/\/dev.beatrizpalacios.com\/wp-content\/uploads\/2024\/02\/swan_s_9.jpg 960w, https:\/\/dev.beatrizpalacios.com\/wp-content\/uploads\/2024\/02\/swan_s_9-225x300.jpg 225w, https:\/\/dev.beatrizpalacios.com\/wp-content\/uploads\/2024\/02\/swan_s_9-768x1024.jpg 768w, https:\/\/dev.beatrizpalacios.com\/wp-content\/uploads\/2024\/02\/swan_s_9-590x787.jpg 590w, https:\/\/dev.beatrizpalacios.com\/wp-content\/uploads\/2024\/02\/swan_s_9-666x888.jpg 666w\" sizes=\"(max-width: 960px) 100vw, 960px\" \/>\t\t\t\t\t\t\t\t<\/a><figcaption>Pendiente Swan<\/figcaption><\/figure>\n<figure>\n\t\t\t\t\t\t\t\t\t\t\t<a href=\"https:\/\/dev.beatrizpalacios.com\/white-swan-necklace\/\"><br \/>\n\t\t\t\t\t\t\t<img loading=\"lazy\" decoding=\"async\" width=\"960\" height=\"1280\" src=\"https:\/\/dev.beatrizpalacios.com\/wp-content\/uploads\/2024\/02\/swan_s_8.jpg\" alt=\"\" srcset=\"https:\/\/dev.beatrizpalacios.com\/wp-content\/uploads\/2024\/02\/swan_s_8.jpg 960w, https:\/\/dev.beatrizpalacios.com\/wp-content\/uploads\/2024\/02\/swan_s_8-225x300.jpg 225w, https:\/\/dev.beatrizpalacios.com\/wp-content\/uploads\/2024\/02\/swan_s_8-768x1024.jpg 768w, https:\/\/dev.beatrizpalacios.com\/wp-content\/uploads\/2024\/02\/swan_s_8-590x787.jpg 590w, https:\/\/dev.beatrizpalacios.com\/wp-content\/uploads\/2024\/02\/swan_s_8-666x888.jpg 666w\" sizes=\"(max-width: 960px) 100vw, 960px\" \/>\t\t\t\t\t\t\t\t<\/a><figcaption>White Swan Necklace<\/figcaption><\/figure>\n<p>SWAN representa un di\u00e1logo entre deseo y realidad, visi\u00f3n y manifestaci\u00f3n.<\/p>\n<figure>\n\t\t\t\t\t\t\t\t\t\t\t<a href=\"https:\/\/dev.beatrizpalacios.com\/es\/collar-cisne-blanco\/\"><br \/>\n\t\t\t\t\t\t\t<img loading=\"lazy\" decoding=\"async\" width=\"1920\" height=\"1080\" src=\"https:\/\/dev.beatrizpalacios.com\/wp-content\/uploads\/2024\/02\/swan_s_12.jpg\" alt=\"\" srcset=\"https:\/\/dev.beatrizpalacios.com\/wp-content\/uploads\/2024\/02\/swan_s_12.jpg 1920w, https:\/\/dev.beatrizpalacios.com\/wp-content\/uploads\/2024\/02\/swan_s_12-300x169.jpg 300w, https:\/\/dev.beatrizpalacios.com\/wp-content\/uploads\/2024\/02\/swan_s_12-1024x576.jpg 1024w, https:\/\/dev.beatrizpalacios.com\/wp-content\/uploads\/2024\/02\/swan_s_12-768x432.jpg 768w, https:\/\/dev.beatrizpalacios.com\/wp-content\/uploads\/2024\/02\/swan_s_12-1536x864.jpg 1536w, https:\/\/dev.beatrizpalacios.com\/wp-content\/uploads\/2024\/02\/swan_s_12-590x332.jpg 590w, https:\/\/dev.beatrizpalacios.com\/wp-content\/uploads\/2024\/02\/swan_s_12-666x375.jpg 666w\" sizes=\"(max-width: 1920px) 100vw, 1920px\" \/>\t\t\t\t\t\t\t\t<\/a><figcaption>Collar Cisne Blanco<\/figcaption><\/figure>\n<figure>\n\t\t\t\t\t\t\t\t\t\t\t<a href=\"https:\/\/dev.beatrizpalacios.com\/es\/ear-cuff-cluster-m\/\"><br \/>\n\t\t\t\t\t\t\t<img loading=\"lazy\" decoding=\"async\" width=\"1920\" height=\"1080\" src=\"https:\/\/dev.beatrizpalacios.com\/wp-content\/uploads\/2024\/02\/swan_s_13.jpg\" alt=\"\" srcset=\"https:\/\/dev.beatrizpalacios.com\/wp-content\/uploads\/2024\/02\/swan_s_13.jpg 1920w, https:\/\/dev.beatrizpalacios.com\/wp-content\/uploads\/2024\/02\/swan_s_13-300x169.jpg 300w, https:\/\/dev.beatrizpalacios.com\/wp-content\/uploads\/2024\/02\/swan_s_13-1024x576.jpg 1024w, https:\/\/dev.beatrizpalacios.com\/wp-content\/uploads\/2024\/02\/swan_s_13-768x432.jpg 768w, https:\/\/dev.beatrizpalacios.com\/wp-content\/uploads\/2024\/02\/swan_s_13-1536x864.jpg 1536w, https:\/\/dev.beatrizpalacios.com\/wp-content\/uploads\/2024\/02\/swan_s_13-590x332.jpg 590w, https:\/\/dev.beatrizpalacios.com\/wp-content\/uploads\/2024\/02\/swan_s_13-666x375.jpg 666w\" sizes=\"(max-width: 1920px) 100vw, 1920px\" \/>\t\t\t\t\t\t\t\t<\/a><figcaption>Ear Cuff Cluster M<\/figcaption><\/figure>\n<figure>\n\t\t\t\t\t\t\t\t\t\t\t<a href=\"https:\/\/dev.beatrizpalacios.com\/es\/anillo-cluster-plata\/\"><br \/>\n\t\t\t\t\t\t\t<img loading=\"lazy\" decoding=\"async\" width=\"1920\" height=\"1080\" src=\"https:\/\/dev.beatrizpalacios.com\/wp-content\/uploads\/2024\/02\/swan_s_14.jpg\" alt=\"\" srcset=\"https:\/\/dev.beatrizpalacios.com\/wp-content\/uploads\/2024\/02\/swan_s_14.jpg 1920w, https:\/\/dev.beatrizpalacios.com\/wp-content\/uploads\/2024\/02\/swan_s_14-300x169.jpg 300w, https:\/\/dev.beatrizpalacios.com\/wp-content\/uploads\/2024\/02\/swan_s_14-1024x576.jpg 1024w, https:\/\/dev.beatrizpalacios.com\/wp-content\/uploads\/2024\/02\/swan_s_14-768x432.jpg 768w, https:\/\/dev.beatrizpalacios.com\/wp-content\/uploads\/2024\/02\/swan_s_14-1536x864.jpg 1536w, https:\/\/dev.beatrizpalacios.com\/wp-content\/uploads\/2024\/02\/swan_s_14-590x332.jpg 590w, https:\/\/dev.beatrizpalacios.com\/wp-content\/uploads\/2024\/02\/swan_s_14-666x375.jpg 666w\" sizes=\"(max-width: 1920px) 100vw, 1920px\" \/>\t\t\t\t\t\t\t\t<\/a><figcaption>Anillo Cluster Plata<\/figcaption><\/figure>\n<figure>\n\t\t\t\t\t\t\t\t\t\t\t<a href=\"https:\/\/dev.beatrizpalacios.com\/es\/pendientes-lake\/\"><br \/>\n\t\t\t\t\t\t\t<img loading=\"lazy\" decoding=\"async\" width=\"1920\" height=\"1080\" src=\"https:\/\/dev.beatrizpalacios.com\/wp-content\/uploads\/2024\/02\/swan-6.jpg\" alt=\"\" srcset=\"https:\/\/dev.beatrizpalacios.com\/wp-content\/uploads\/2024\/02\/swan-6.jpg 1920w, https:\/\/dev.beatrizpalacios.com\/wp-content\/uploads\/2024\/02\/swan-6-300x169.jpg 300w, https:\/\/dev.beatrizpalacios.com\/wp-content\/uploads\/2024\/02\/swan-6-1024x576.jpg 1024w, https:\/\/dev.beatrizpalacios.com\/wp-content\/uploads\/2024\/02\/swan-6-768x432.jpg 768w, https:\/\/dev.beatrizpalacios.com\/wp-content\/uploads\/2024\/02\/swan-6-1536x864.jpg 1536w, https:\/\/dev.beatrizpalacios.com\/wp-content\/uploads\/2024\/02\/swan-6-590x332.jpg 590w, https:\/\/dev.beatrizpalacios.com\/wp-content\/uploads\/2024\/02\/swan-6-666x375.jpg 666w\" sizes=\"(max-width: 1920px) 100vw, 1920px\" \/>\t\t\t\t\t\t\t\t<\/a><figcaption>Pendientes Lake<\/figcaption><\/figure>\n<p>Los materiales seleccionados para esta colecci\u00f3n est\u00e1n llenos de intenci\u00f3n y significado. Los ba\u00f1os de plata y oro representan pureza y conexi\u00f3n con lo divino. Las plumas elegantes y ligeras simbolizan la transformaci\u00f3n y la capacidad de superar las limitaciones terrenales. Las piedras preciosas como la calcedonia y el \u00f3nix negro aportan un toque de misticismo y poder espiritual.<\/p>\n<figure>\n\t\t\t\t\t\t\t\t\t\t\t<a href=\"https:\/\/dev.beatrizpalacios.com\/es\/colgante-swan\/\"><br \/>\n\t\t\t\t\t\t\t<img loading=\"lazy\" decoding=\"async\" width=\"960\" height=\"1280\" src=\"https:\/\/dev.beatrizpalacios.com\/wp-content\/uploads\/2024\/02\/swan_s_11.jpg\" alt=\"\" srcset=\"https:\/\/dev.beatrizpalacios.com\/wp-content\/uploads\/2024\/02\/swan_s_11.jpg 960w, https:\/\/dev.beatrizpalacios.com\/wp-content\/uploads\/2024\/02\/swan_s_11-225x300.jpg 225w, https:\/\/dev.beatrizpalacios.com\/wp-content\/uploads\/2024\/02\/swan_s_11-768x1024.jpg 768w, https:\/\/dev.beatrizpalacios.com\/wp-content\/uploads\/2024\/02\/swan_s_11-590x787.jpg 590w, https:\/\/dev.beatrizpalacios.com\/wp-content\/uploads\/2024\/02\/swan_s_11-666x888.jpg 666w\" sizes=\"(max-width: 960px) 100vw, 960px\" \/>\t\t\t\t\t\t\t\t<\/a><figcaption>Colgante Swan<\/figcaption><\/figure>\n<figure>\n\t\t\t\t\t\t\t\t\t\t\t<a href=\"https:\/\/dev.beatrizpalacios.com\/es\/collar-cuello-de-cisne\/\"><br \/>\n\t\t\t\t\t\t\t<img loading=\"lazy\" decoding=\"async\" width=\"960\" height=\"1280\" src=\"https:\/\/dev.beatrizpalacios.com\/wp-content\/uploads\/2024\/02\/swan_s_5.jpg\" alt=\"\" srcset=\"https:\/\/dev.beatrizpalacios.com\/wp-content\/uploads\/2024\/02\/swan_s_5.jpg 960w, https:\/\/dev.beatrizpalacios.com\/wp-content\/uploads\/2024\/02\/swan_s_5-225x300.jpg 225w, https:\/\/dev.beatrizpalacios.com\/wp-content\/uploads\/2024\/02\/swan_s_5-768x1024.jpg 768w, https:\/\/dev.beatrizpalacios.com\/wp-content\/uploads\/2024\/02\/swan_s_5-590x787.jpg 590w, https:\/\/dev.beatrizpalacios.com\/wp-content\/uploads\/2024\/02\/swan_s_5-666x888.jpg 666w\" sizes=\"(max-width: 960px) 100vw, 960px\" \/>\t\t\t\t\t\t\t\t<\/a><figcaption>Collar Cuello de Cisne<\/figcaption><\/figure>\n<figure>\n\t\t\t\t\t\t\t\t\t\t\t<a href=\"https:\/\/dev.beatrizpalacios.com\/es\/anillos?orderby=date\"><br \/>\n\t\t\t\t\t\t\t<img loading=\"lazy\" decoding=\"async\" width=\"960\" height=\"1280\" src=\"https:\/\/dev.beatrizpalacios.com\/wp-content\/uploads\/2024\/02\/swan_s_10.jpg\" alt=\"\" srcset=\"https:\/\/dev.beatrizpalacios.com\/wp-content\/uploads\/2024\/02\/swan_s_10.jpg 960w, https:\/\/dev.beatrizpalacios.com\/wp-content\/uploads\/2024\/02\/swan_s_10-225x300.jpg 225w, https:\/\/dev.beatrizpalacios.com\/wp-content\/uploads\/2024\/02\/swan_s_10-768x1024.jpg 768w, https:\/\/dev.beatrizpalacios.com\/wp-content\/uploads\/2024\/02\/swan_s_10-590x787.jpg 590w, https:\/\/dev.beatrizpalacios.com\/wp-content\/uploads\/2024\/02\/swan_s_10-666x888.jpg 666w\" sizes=\"(max-width: 960px) 100vw, 960px\" \/>\t\t\t\t\t\t\t\t<\/a><figcaption>ANILLOS<\/figcaption><\/figure>\n<figure>\n\t\t\t\t\t\t\t\t\t\t\t<a href=\"https:\/\/dev.beatrizpalacios.com\/es\/pendientes-lagoon-y-plumas-grizzly\/\"><br \/>\n\t\t\t\t\t\t\t<img loading=\"lazy\" decoding=\"async\" width=\"960\" height=\"1280\" src=\"https:\/\/dev.beatrizpalacios.com\/wp-content\/uploads\/2024\/02\/swan_s_15.jpg\" alt=\"\" srcset=\"https:\/\/dev.beatrizpalacios.com\/wp-content\/uploads\/2024\/02\/swan_s_15.jpg 960w, https:\/\/dev.beatrizpalacios.com\/wp-content\/uploads\/2024\/02\/swan_s_15-225x300.jpg 225w, https:\/\/dev.beatrizpalacios.com\/wp-content\/uploads\/2024\/02\/swan_s_15-768x1024.jpg 768w, https:\/\/dev.beatrizpalacios.com\/wp-content\/uploads\/2024\/02\/swan_s_15-590x787.jpg 590w, https:\/\/dev.beatrizpalacios.com\/wp-content\/uploads\/2024\/02\/swan_s_15-666x888.jpg 666w\" sizes=\"(max-width: 960px) 100vw, 960px\" \/>\t\t\t\t\t\t\t\t<\/a><figcaption>Pendientes Lagoon y Plumas Grizzly<\/figcaption><\/figure>\n<figure>\n\t\t\t\t\t\t\t\t\t\t\t<a href=\"https:\/\/dev.beatrizpalacios.com\/es\/ear-cuff-cluster-s\/\"><br \/>\n\t\t\t\t\t\t\t<img loading=\"lazy\" decoding=\"async\" width=\"960\" height=\"1280\" src=\"https:\/\/dev.beatrizpalacios.com\/wp-content\/uploads\/2024\/02\/swan_s_16.jpg\" alt=\"\" srcset=\"https:\/\/dev.beatrizpalacios.com\/wp-content\/uploads\/2024\/02\/swan_s_16.jpg 960w, https:\/\/dev.beatrizpalacios.com\/wp-content\/uploads\/2024\/02\/swan_s_16-225x300.jpg 225w, https:\/\/dev.beatrizpalacios.com\/wp-content\/uploads\/2024\/02\/swan_s_16-768x1024.jpg 768w, https:\/\/dev.beatrizpalacios.com\/wp-content\/uploads\/2024\/02\/swan_s_16-590x787.jpg 590w, https:\/\/dev.beatrizpalacios.com\/wp-content\/uploads\/2024\/02\/swan_s_16-666x888.jpg 666w\" sizes=\"(max-width: 960px) 100vw, 960px\" \/>\t\t\t\t\t\t\t\t<\/a><figcaption>Ear Cuff Cluster S<\/figcaption><\/figure>\n<p>\t\t\t\t\t\t\t\t\t\t\t\t\t\t\t<img loading=\"lazy\" decoding=\"async\" width=\"960\" height=\"1280\" src=\"https:\/\/dev.beatrizpalacios.com\/wp-content\/uploads\/2024\/02\/swan_s_17.jpg\" alt=\"\" srcset=\"https:\/\/dev.beatrizpalacios.com\/wp-content\/uploads\/2024\/02\/swan_s_17.jpg 960w, https:\/\/dev.beatrizpalacios.com\/wp-content\/uploads\/2024\/02\/swan_s_17-225x300.jpg 225w, https:\/\/dev.beatrizpalacios.com\/wp-content\/uploads\/2024\/02\/swan_s_17-768x1024.jpg 768w, https:\/\/dev.beatrizpalacios.com\/wp-content\/uploads\/2024\/02\/swan_s_17-590x787.jpg 590w, https:\/\/dev.beatrizpalacios.com\/wp-content\/uploads\/2024\/02\/swan_s_17-666x888.jpg 666w\" sizes=\"(max-width: 960px) 100vw, 960px\" \/>\t\t\t\t\t\t\t\t\t\t\t\t\t\t\t<\/p>\n<figure>\n\t\t\t\t\t\t\t\t\t\t\t<a href=\"https:\/\/dev.beatrizpalacios.com\/es\/pendientes-jade-rosa-y-plumas-grizzly\/\"><br \/>\n\t\t\t\t\t\t\t<img loading=\"lazy\" decoding=\"async\" width=\"960\" height=\"1280\" src=\"https:\/\/dev.beatrizpalacios.com\/wp-content\/uploads\/2024\/02\/swan_s_18.jpg\" alt=\"\" srcset=\"https:\/\/dev.beatrizpalacios.com\/wp-content\/uploads\/2024\/02\/swan_s_18.jpg 960w, https:\/\/dev.beatrizpalacios.com\/wp-content\/uploads\/2024\/02\/swan_s_18-225x300.jpg 225w, https:\/\/dev.beatrizpalacios.com\/wp-content\/uploads\/2024\/02\/swan_s_18-768x1024.jpg 768w, https:\/\/dev.beatrizpalacios.com\/wp-content\/uploads\/2024\/02\/swan_s_18-590x787.jpg 590w, https:\/\/dev.beatrizpalacios.com\/wp-content\/uploads\/2024\/02\/swan_s_18-666x888.jpg 666w\" sizes=\"(max-width: 960px) 100vw, 960px\" \/>\t\t\t\t\t\t\t\t<\/a><figcaption>Pendientes Jade Rosa y Plumas Grizzly<\/figcaption><\/figure>\n<p>Los colores cuidadosamente elegidos, como el marfil, el blanco, el negro, el oro y la plata, representan los contrastes entre la luz y la oscuridad, la dualidad presente en nuestras experiencias de vida y la b\u00fasqueda del equilibrio y la armon\u00eda.<\/p>\n<p>\t\t\t\t\t\t\t\t\t\t\t\t\t\t\t<img loading=\"lazy\" decoding=\"async\" width=\"960\" height=\"1280\" src=\"https:\/\/dev.beatrizpalacios.com\/wp-content\/uploads\/2024\/02\/swan_s_19.jpg\" alt=\"\" srcset=\"https:\/\/dev.beatrizpalacios.com\/wp-content\/uploads\/2024\/02\/swan_s_19.jpg 960w, https:\/\/dev.beatrizpalacios.com\/wp-content\/uploads\/2024\/02\/swan_s_19-225x300.jpg 225w, https:\/\/dev.beatrizpalacios.com\/wp-content\/uploads\/2024\/02\/swan_s_19-768x1024.jpg 768w, https:\/\/dev.beatrizpalacios.com\/wp-content\/uploads\/2024\/02\/swan_s_19-590x787.jpg 590w, https:\/\/dev.beatrizpalacios.com\/wp-content\/uploads\/2024\/02\/swan_s_19-666x888.jpg 666w\" sizes=\"(max-width: 960px) 100vw, 960px\" \/>\t\t\t\t\t\t\t\t\t\t\t\t\t\t\t<\/p>\n<figure>\n\t\t\t\t\t\t\t\t\t\t\t<a href=\"https:\/\/dev.beatrizpalacios.com\/es\/hoquillas-perla-oval\/\"><br \/>\n\t\t\t\t\t\t\t<img loading=\"lazy\" decoding=\"async\" width=\"960\" height=\"1280\" src=\"https:\/\/dev.beatrizpalacios.com\/wp-content\/uploads\/2024\/02\/swan_s_20.jpg\" alt=\"\" srcset=\"https:\/\/dev.beatrizpalacios.com\/wp-content\/uploads\/2024\/02\/swan_s_20.jpg 960w, https:\/\/dev.beatrizpalacios.com\/wp-content\/uploads\/2024\/02\/swan_s_20-225x300.jpg 225w, https:\/\/dev.beatrizpalacios.com\/wp-content\/uploads\/2024\/02\/swan_s_20-768x1024.jpg 768w, https:\/\/dev.beatrizpalacios.com\/wp-content\/uploads\/2024\/02\/swan_s_20-590x787.jpg 590w, https:\/\/dev.beatrizpalacios.com\/wp-content\/uploads\/2024\/02\/swan_s_20-666x888.jpg 666w\" sizes=\"(max-width: 960px) 100vw, 960px\" \/>\t\t\t\t\t\t\t\t<\/a><figcaption>Horquillas Perla Oval<\/figcaption><\/figure>\n<p>SWAN es un poderoso recordatorio de que cada uno de nosotros tiene la capacidad de transformarse y trascender, tal como el cisne en su viaje de metamorfosis. Estas joyas invitan a quienes las usan a explorar su propio viaje de transformaci\u00f3n espiritual y abrazar su belleza interior.<\/p>\n<p>Ya sea a trav\u00e9s del poder de la m\u00fasica, la moda o la expresi\u00f3n art\u00edstica, los cisnes y su significado simb\u00f3lico siguen inspirando.<\/p>\n<p>Vision and Manifest. This is SWAN<\/p>\n<p>PHOTOGRAPHY Lourdes Cabrera<\/p>\n<p>MUSE Iv\u00e1n Garcia<\/p>\n<p>CREATIVE DIRECTION Beatriz Palacios<\/p>\n<p>ASSISTANT Irache Oca\u00f1a<\/p>\n<p style=\"text-align: right;\">Quote by writer Joan Didion from the book &#8216;<i>Play it as it lays<\/i>&#8216;<\/p>\n","protected":false},"excerpt":{"rendered":"<p>\u201cI am what I am. To look for reasons is beside the point.\u201d* La colecci\u00f3n SWAN rinde homenaje al cisne como s\u00edmbolo espiritual de renacimiento, dualidad y equilibrio. Inspir\u00e1ndome en su poder de transformaci\u00f3n, he capturado la elegancia y sofisticaci\u00f3n de esta criatura m\u00edtica y la he proyectado en cada una de las piezas, que, [&hellip;]<\/p>\n","protected":false},"author":3,"featured_media":0,"parent":0,"menu_order":0,"comment_status":"closed","ping_status":"closed","template":"elementor_header_footer","meta":{"footnotes":""},"class_list":["post-48357","page","type-page","status-publish","hentry"],"_links":{"self":[{"href":"https:\/\/dev.beatrizpalacios.com\/es\/wp-json\/wp\/v2\/pages\/48357","targetHints":{"allow":["GET"]}}],"collection":[{"href":"https:\/\/dev.beatrizpalacios.com\/es\/wp-json\/wp\/v2\/pages"}],"about":[{"href":"https:\/\/dev.beatrizpalacios.com\/es\/wp-json\/wp\/v2\/types\/page"}],"author":[{"embeddable":true,"href":"https:\/\/dev.beatrizpalacios.com\/es\/wp-json\/wp\/v2\/users\/3"}],"replies":[{"embeddable":true,"href":"https:\/\/dev.beatrizpalacios.com\/es\/wp-json\/wp\/v2\/comments?post=48357"}],"version-history":[{"count":9,"href":"https:\/\/dev.beatrizpalacios.com\/es\/wp-json\/wp\/v2\/pages\/48357\/revisions"}],"predecessor-version":[{"id":48454,"href":"https:\/\/dev.beatrizpalacios.com\/es\/wp-json\/wp\/v2\/pages\/48357\/revisions\/48454"}],"wp:attachment":[{"href":"https:\/\/dev.beatrizpalacios.com\/es\/wp-json\/wp\/v2\/media?parent=48357"}],"curies":[{"name":"wp","href":"https:\/\/api.w.org\/{rel}","templated":true}]}}