{"id":51471,"date":"2024-09-18T17:41:59","date_gmt":"2024-09-18T15:41:59","guid":{"rendered":"https:\/\/dev.beatrizpalacios.com\/hardware\/"},"modified":"2025-01-22T17:13:16","modified_gmt":"2025-01-22T16:13:16","slug":"hardware","status":"publish","type":"page","link":"https:\/\/dev.beatrizpalacios.com\/es\/hardware\/","title":{"rendered":"HARDWARE"},"content":{"rendered":"<style>\/*! elementor - v3.18.0 - 06-12-2023 *\/\n.elementor-heading-title{padding:0;margin:0;line-height:1}.elementor-widget-heading .elementor-heading-title[class*=elementor-size-]>a{color:inherit;font-size:inherit;line-height:inherit}.elementor-widget-heading .elementor-heading-title.elementor-size-small{font-size:15px}.elementor-widget-heading .elementor-heading-title.elementor-size-medium{font-size:19px}.elementor-widget-heading .elementor-heading-title.elementor-size-large{font-size:29px}.elementor-widget-heading .elementor-heading-title.elementor-size-xl{font-size:39px}.elementor-widget-heading .elementor-heading-title.elementor-size-xxl{font-size:59px}<\/style>\n<h2>HARDWARE<\/h2>\n<style>\/*! elementor - v3.18.0 - 06-12-2023 *\/\n.elementor-widget-image{text-align:center}.elementor-widget-image a{display:inline-block}.elementor-widget-image a img[src$=\".svg\"]{width:48px}.elementor-widget-image img{vertical-align:middle;display:inline-block}<\/style>\n<p>\t\t\t\t\t\t\t\t\t\t\t\t<img loading=\"lazy\" decoding=\"async\" width=\"1792\" height=\"1280\" src=\"https:\/\/dev.beatrizpalacios.com\/wp-content\/uploads\/2024\/09\/hardware-1.jpg\" alt=\"\" srcset=\"https:\/\/dev.beatrizpalacios.com\/wp-content\/uploads\/2024\/09\/hardware-1.jpg 1792w, https:\/\/dev.beatrizpalacios.com\/wp-content\/uploads\/2024\/09\/hardware-1-300x214.jpg 300w, https:\/\/dev.beatrizpalacios.com\/wp-content\/uploads\/2024\/09\/hardware-1-1024x731.jpg 1024w, https:\/\/dev.beatrizpalacios.com\/wp-content\/uploads\/2024\/09\/hardware-1-768x549.jpg 768w, https:\/\/dev.beatrizpalacios.com\/wp-content\/uploads\/2024\/09\/hardware-1-1536x1097.jpg 1536w, https:\/\/dev.beatrizpalacios.com\/wp-content\/uploads\/2024\/09\/hardware-1-590x421.jpg 590w, https:\/\/dev.beatrizpalacios.com\/wp-content\/uploads\/2024\/09\/hardware-1-666x476.jpg 666w\" sizes=\"(max-width: 1792px) 100vw, 1792px\" \/>\t\t\t\t\t\t\t\t\t\t\t\t\t\t\t<\/p>\n<p><strong><em>\u201cI&#8217;m not trying to do something different, I&#8217;m trying to do the same thing but in a different way.\u201d<\/em>\u00a0 &#8211; <\/strong>Vivienne Westwood<\/p>\n<p>La colecci\u00f3n<strong> HARDWARE<\/strong> explora el equilibrio entre el utilitarismo y la sensualidad, el pragmatismo y la belleza. Dualidades materializadas en el oro y la plata presentes en cada una de sus piezas. Las cadenas y pendientes, minimalistas en su dise\u00f1o, casi como piezas de ferreter\u00eda, contrastan con el coraz\u00f3n encendido en llamas, expresi\u00f3n de emociones, s\u00edmbolo de lo espiritual. Nada radicalmente nuevo, pero interpretado desde una perspectiva contempor\u00e1nea, donde los principios de dise\u00f1o atemporal se fusionan con mi visi\u00f3n personal.<\/p>\n<figure>\n\t\t\t\t\t\t\t\t\t\t\t<a href=\"https:\/\/dev.beatrizpalacios.com\/double-wave-silver-ring-l\/\"><br \/>\n\t\t\t\t\t\t\t<img loading=\"lazy\" decoding=\"async\" width=\"914\" height=\"1280\" src=\"https:\/\/dev.beatrizpalacios.com\/wp-content\/uploads\/2024\/09\/hardware-3.1.jpg\" alt=\"\" srcset=\"https:\/\/dev.beatrizpalacios.com\/wp-content\/uploads\/2024\/09\/hardware-3.1.jpg 914w, https:\/\/dev.beatrizpalacios.com\/wp-content\/uploads\/2024\/09\/hardware-3.1-214x300.jpg 214w, https:\/\/dev.beatrizpalacios.com\/wp-content\/uploads\/2024\/09\/hardware-3.1-731x1024.jpg 731w, https:\/\/dev.beatrizpalacios.com\/wp-content\/uploads\/2024\/09\/hardware-3.1-768x1076.jpg 768w, https:\/\/dev.beatrizpalacios.com\/wp-content\/uploads\/2024\/09\/hardware-3.1-590x826.jpg 590w, https:\/\/dev.beatrizpalacios.com\/wp-content\/uploads\/2024\/09\/hardware-3.1-666x933.jpg 666w\" sizes=\"(max-width: 914px) 100vw, 914px\" \/>\t\t\t\t\t\t\t\t<\/a><figcaption>Double Wave Silver Ring<\/figcaption><\/figure>\n<figure>\n\t\t\t\t\t\t\t\t\t\t\t<a href=\"https:\/\/dev.beatrizpalacios.com\/hook-necklace-l\/\"><br \/>\n\t\t\t\t\t\t\t<img loading=\"lazy\" decoding=\"async\" width=\"914\" height=\"1280\" src=\"https:\/\/dev.beatrizpalacios.com\/wp-content\/uploads\/2024\/09\/hardware-3.2.jpg\" alt=\"\" srcset=\"https:\/\/dev.beatrizpalacios.com\/wp-content\/uploads\/2024\/09\/hardware-3.2.jpg 914w, https:\/\/dev.beatrizpalacios.com\/wp-content\/uploads\/2024\/09\/hardware-3.2-214x300.jpg 214w, https:\/\/dev.beatrizpalacios.com\/wp-content\/uploads\/2024\/09\/hardware-3.2-731x1024.jpg 731w, https:\/\/dev.beatrizpalacios.com\/wp-content\/uploads\/2024\/09\/hardware-3.2-768x1076.jpg 768w, https:\/\/dev.beatrizpalacios.com\/wp-content\/uploads\/2024\/09\/hardware-3.2-590x826.jpg 590w, https:\/\/dev.beatrizpalacios.com\/wp-content\/uploads\/2024\/09\/hardware-3.2-666x933.jpg 666w\" sizes=\"(max-width: 914px) 100vw, 914px\" \/>\t\t\t\t\t\t\t\t<\/a><figcaption>Hook Necklace<\/figcaption><\/figure>\n<figure>\n\t\t\t\t\t\t\t\t\t\t\t<a href=\"https:\/\/dev.beatrizpalacios.com\/hook-earrings-l\/\"><br \/>\n\t\t\t\t\t\t\t<img loading=\"lazy\" decoding=\"async\" width=\"914\" height=\"1280\" src=\"https:\/\/dev.beatrizpalacios.com\/wp-content\/uploads\/2024\/09\/hardware-3.3.jpg\" alt=\"\" srcset=\"https:\/\/dev.beatrizpalacios.com\/wp-content\/uploads\/2024\/09\/hardware-3.3.jpg 914w, https:\/\/dev.beatrizpalacios.com\/wp-content\/uploads\/2024\/09\/hardware-3.3-214x300.jpg 214w, https:\/\/dev.beatrizpalacios.com\/wp-content\/uploads\/2024\/09\/hardware-3.3-731x1024.jpg 731w, https:\/\/dev.beatrizpalacios.com\/wp-content\/uploads\/2024\/09\/hardware-3.3-768x1076.jpg 768w, https:\/\/dev.beatrizpalacios.com\/wp-content\/uploads\/2024\/09\/hardware-3.3-590x826.jpg 590w, https:\/\/dev.beatrizpalacios.com\/wp-content\/uploads\/2024\/09\/hardware-3.3-666x933.jpg 666w\" sizes=\"(max-width: 914px) 100vw, 914px\" \/>\t\t\t\t\t\t\t\t<\/a><figcaption>Hook Earrings<\/figcaption><\/figure>\n<p>\t\t\t\t\t\t\t\t\t\t\t\t\t\t\t<img loading=\"lazy\" decoding=\"async\" width=\"640\" height=\"897\" src=\"https:\/\/dev.beatrizpalacios.com\/wp-content\/uploads\/2024\/09\/hardware-4-731x1024.jpg\" alt=\"\" srcset=\"https:\/\/dev.beatrizpalacios.com\/wp-content\/uploads\/2024\/09\/hardware-4-731x1024.jpg 731w, https:\/\/dev.beatrizpalacios.com\/wp-content\/uploads\/2024\/09\/hardware-4-214x300.jpg 214w, https:\/\/dev.beatrizpalacios.com\/wp-content\/uploads\/2024\/09\/hardware-4-768x1076.jpg 768w, https:\/\/dev.beatrizpalacios.com\/wp-content\/uploads\/2024\/09\/hardware-4-590x826.jpg 590w, https:\/\/dev.beatrizpalacios.com\/wp-content\/uploads\/2024\/09\/hardware-4-666x933.jpg 666w, https:\/\/dev.beatrizpalacios.com\/wp-content\/uploads\/2024\/09\/hardware-4.jpg 914w\" sizes=\"(max-width: 640px) 100vw, 640px\" \/><br \/>\n\t\t\t\t\t\t\t\t\t\t\t\t\t\t\t<img loading=\"lazy\" decoding=\"async\" width=\"640\" height=\"897\" src=\"https:\/\/dev.beatrizpalacios.com\/wp-content\/uploads\/2024\/09\/hardware-5.1-731x1024.jpg\" alt=\"\" srcset=\"https:\/\/dev.beatrizpalacios.com\/wp-content\/uploads\/2024\/09\/hardware-5.1-731x1024.jpg 731w, https:\/\/dev.beatrizpalacios.com\/wp-content\/uploads\/2024\/09\/hardware-5.1-214x300.jpg 214w, https:\/\/dev.beatrizpalacios.com\/wp-content\/uploads\/2024\/09\/hardware-5.1-768x1076.jpg 768w, https:\/\/dev.beatrizpalacios.com\/wp-content\/uploads\/2024\/09\/hardware-5.1-590x826.jpg 590w, https:\/\/dev.beatrizpalacios.com\/wp-content\/uploads\/2024\/09\/hardware-5.1-666x933.jpg 666w, https:\/\/dev.beatrizpalacios.com\/wp-content\/uploads\/2024\/09\/hardware-5.1.jpg 914w\" sizes=\"(max-width: 640px) 100vw, 640px\" \/><br \/>\n\t\t\t\t\t\t\t\t\t\t\t\t\t\t\t<img loading=\"lazy\" decoding=\"async\" width=\"640\" height=\"897\" src=\"https:\/\/dev.beatrizpalacios.com\/wp-content\/uploads\/2024\/09\/hardware-5.3-731x1024.jpg\" alt=\"\" srcset=\"https:\/\/dev.beatrizpalacios.com\/wp-content\/uploads\/2024\/09\/hardware-5.3-731x1024.jpg 731w, https:\/\/dev.beatrizpalacios.com\/wp-content\/uploads\/2024\/09\/hardware-5.3-214x300.jpg 214w, https:\/\/dev.beatrizpalacios.com\/wp-content\/uploads\/2024\/09\/hardware-5.3-768x1076.jpg 768w, https:\/\/dev.beatrizpalacios.com\/wp-content\/uploads\/2024\/09\/hardware-5.3-590x826.jpg 590w, https:\/\/dev.beatrizpalacios.com\/wp-content\/uploads\/2024\/09\/hardware-5.3-666x933.jpg 666w, https:\/\/dev.beatrizpalacios.com\/wp-content\/uploads\/2024\/09\/hardware-5.3.jpg 914w\" sizes=\"(max-width: 640px) 100vw, 640px\" \/><br \/>\n\t\t\t\t\t\t\t\t\t\t\t\t\t\t\t<img loading=\"lazy\" decoding=\"async\" width=\"640\" height=\"897\" src=\"https:\/\/dev.beatrizpalacios.com\/wp-content\/uploads\/2024\/09\/hardware-5.2-731x1024.jpg\" alt=\"\" srcset=\"https:\/\/dev.beatrizpalacios.com\/wp-content\/uploads\/2024\/09\/hardware-5.2-731x1024.jpg 731w, https:\/\/dev.beatrizpalacios.com\/wp-content\/uploads\/2024\/09\/hardware-5.2-214x300.jpg 214w, https:\/\/dev.beatrizpalacios.com\/wp-content\/uploads\/2024\/09\/hardware-5.2-768x1076.jpg 768w, https:\/\/dev.beatrizpalacios.com\/wp-content\/uploads\/2024\/09\/hardware-5.2-590x826.jpg 590w, https:\/\/dev.beatrizpalacios.com\/wp-content\/uploads\/2024\/09\/hardware-5.2-666x933.jpg 666w, https:\/\/dev.beatrizpalacios.com\/wp-content\/uploads\/2024\/09\/hardware-5.2.jpg 914w\" sizes=\"(max-width: 640px) 100vw, 640px\" \/><br \/>\n\t\t\t\t\t\t\t\t\t\t\t\t\t\t\t<img loading=\"lazy\" decoding=\"async\" width=\"914\" height=\"1280\" src=\"https:\/\/dev.beatrizpalacios.com\/wp-content\/uploads\/2024\/09\/hardware-5.jpg\" alt=\"\" srcset=\"https:\/\/dev.beatrizpalacios.com\/wp-content\/uploads\/2024\/09\/hardware-5.jpg 914w, https:\/\/dev.beatrizpalacios.com\/wp-content\/uploads\/2024\/09\/hardware-5-214x300.jpg 214w, https:\/\/dev.beatrizpalacios.com\/wp-content\/uploads\/2024\/09\/hardware-5-731x1024.jpg 731w, https:\/\/dev.beatrizpalacios.com\/wp-content\/uploads\/2024\/09\/hardware-5-768x1076.jpg 768w, https:\/\/dev.beatrizpalacios.com\/wp-content\/uploads\/2024\/09\/hardware-5-590x826.jpg 590w, https:\/\/dev.beatrizpalacios.com\/wp-content\/uploads\/2024\/09\/hardware-5-666x933.jpg 666w\" sizes=\"(max-width: 914px) 100vw, 914px\" \/><br \/>\n\t\t\t\t\t\t\t\t\t\t\t\t\t\t\t<img loading=\"lazy\" decoding=\"async\" width=\"1792\" height=\"1280\" src=\"https:\/\/dev.beatrizpalacios.com\/wp-content\/uploads\/2024\/09\/000076690029_horizontal.jpg\" alt=\"\" srcset=\"https:\/\/dev.beatrizpalacios.com\/wp-content\/uploads\/2024\/09\/000076690029_horizontal.jpg 1792w, https:\/\/dev.beatrizpalacios.com\/wp-content\/uploads\/2024\/09\/000076690029_horizontal-300x214.jpg 300w, https:\/\/dev.beatrizpalacios.com\/wp-content\/uploads\/2024\/09\/000076690029_horizontal-1024x731.jpg 1024w, https:\/\/dev.beatrizpalacios.com\/wp-content\/uploads\/2024\/09\/000076690029_horizontal-768x549.jpg 768w, https:\/\/dev.beatrizpalacios.com\/wp-content\/uploads\/2024\/09\/000076690029_horizontal-1536x1097.jpg 1536w, https:\/\/dev.beatrizpalacios.com\/wp-content\/uploads\/2024\/09\/000076690029_horizontal-590x421.jpg 590w, https:\/\/dev.beatrizpalacios.com\/wp-content\/uploads\/2024\/09\/000076690029_horizontal-666x476.jpg 666w\" sizes=\"(max-width: 1792px) 100vw, 1792px\" \/>\t\t\t\t\t\t\t\t\t\t\t\t\t\t\t<\/p>\n<figure>\n\t\t\t\t\t\t\t\t\t\t\t<a href=\"https:\/\/dev.beatrizpalacios.com\/hook-bracelet-l\/\"><br \/>\n\t\t\t\t\t\t\t<img loading=\"lazy\" decoding=\"async\" width=\"640\" height=\"897\" src=\"https:\/\/dev.beatrizpalacios.com\/wp-content\/uploads\/2024\/09\/hardware-8.1-731x1024.jpg\" alt=\"\" srcset=\"https:\/\/dev.beatrizpalacios.com\/wp-content\/uploads\/2024\/09\/hardware-8.1-731x1024.jpg 731w, https:\/\/dev.beatrizpalacios.com\/wp-content\/uploads\/2024\/09\/hardware-8.1-214x300.jpg 214w, https:\/\/dev.beatrizpalacios.com\/wp-content\/uploads\/2024\/09\/hardware-8.1-768x1076.jpg 768w, https:\/\/dev.beatrizpalacios.com\/wp-content\/uploads\/2024\/09\/hardware-8.1-590x826.jpg 590w, https:\/\/dev.beatrizpalacios.com\/wp-content\/uploads\/2024\/09\/hardware-8.1-666x933.jpg 666w, https:\/\/dev.beatrizpalacios.com\/wp-content\/uploads\/2024\/09\/hardware-8.1.jpg 914w\" sizes=\"(max-width: 640px) 100vw, 640px\" \/>\t\t\t\t\t\t\t\t<\/a><figcaption>Hook Bracelet<\/figcaption><\/figure>\n<figure>\n\t\t\t\t\t\t\t\t\t\t\t<a href=\"https:\/\/dev.beatrizpalacios.com\/hook-necklace-silver-s\/\"><br \/>\n\t\t\t\t\t\t\t<img loading=\"lazy\" decoding=\"async\" width=\"640\" height=\"897\" src=\"https:\/\/dev.beatrizpalacios.com\/wp-content\/uploads\/2024\/09\/hardware-7-731x1024.jpg\" alt=\"\" srcset=\"https:\/\/dev.beatrizpalacios.com\/wp-content\/uploads\/2024\/09\/hardware-7-731x1024.jpg 731w, https:\/\/dev.beatrizpalacios.com\/wp-content\/uploads\/2024\/09\/hardware-7-214x300.jpg 214w, https:\/\/dev.beatrizpalacios.com\/wp-content\/uploads\/2024\/09\/hardware-7-768x1076.jpg 768w, https:\/\/dev.beatrizpalacios.com\/wp-content\/uploads\/2024\/09\/hardware-7-590x826.jpg 590w, https:\/\/dev.beatrizpalacios.com\/wp-content\/uploads\/2024\/09\/hardware-7-666x933.jpg 666w, https:\/\/dev.beatrizpalacios.com\/wp-content\/uploads\/2024\/09\/hardware-7.jpg 914w\" sizes=\"(max-width: 640px) 100vw, 640px\" \/>\t\t\t\t\t\t\t\t<\/a><figcaption>Hook Necklace Silver<\/figcaption><\/figure>\n<figure>\n\t\t\t\t\t\t\t\t\t\t\t<a href=\"https:\/\/dev.beatrizpalacios.com\/hook-bracelet-s\/?attribute_pa_size=l20cm\"><br \/>\n\t\t\t\t\t\t\t<img loading=\"lazy\" decoding=\"async\" width=\"640\" height=\"897\" src=\"https:\/\/dev.beatrizpalacios.com\/wp-content\/uploads\/2024\/09\/hardware-9-731x1024.jpg\" alt=\"\" srcset=\"https:\/\/dev.beatrizpalacios.com\/wp-content\/uploads\/2024\/09\/hardware-9-731x1024.jpg 731w, https:\/\/dev.beatrizpalacios.com\/wp-content\/uploads\/2024\/09\/hardware-9-214x300.jpg 214w, https:\/\/dev.beatrizpalacios.com\/wp-content\/uploads\/2024\/09\/hardware-9-768x1076.jpg 768w, https:\/\/dev.beatrizpalacios.com\/wp-content\/uploads\/2024\/09\/hardware-9-590x826.jpg 590w, https:\/\/dev.beatrizpalacios.com\/wp-content\/uploads\/2024\/09\/hardware-9-666x933.jpg 666w, https:\/\/dev.beatrizpalacios.com\/wp-content\/uploads\/2024\/09\/hardware-9.jpg 914w\" sizes=\"(max-width: 640px) 100vw, 640px\" \/>\t\t\t\t\t\t\t\t<\/a><figcaption>Hook Bracelet<\/figcaption><\/figure>\n<p>\t\t\t\t\t\t\t\t\t\t\t\t\t\t\t<img loading=\"lazy\" decoding=\"async\" width=\"640\" height=\"897\" src=\"https:\/\/dev.beatrizpalacios.com\/wp-content\/uploads\/2024\/09\/hardware-12-731x1024.jpg\" alt=\"\" srcset=\"https:\/\/dev.beatrizpalacios.com\/wp-content\/uploads\/2024\/09\/hardware-12-731x1024.jpg 731w, https:\/\/dev.beatrizpalacios.com\/wp-content\/uploads\/2024\/09\/hardware-12-214x300.jpg 214w, https:\/\/dev.beatrizpalacios.com\/wp-content\/uploads\/2024\/09\/hardware-12-768x1076.jpg 768w, https:\/\/dev.beatrizpalacios.com\/wp-content\/uploads\/2024\/09\/hardware-12-590x826.jpg 590w, https:\/\/dev.beatrizpalacios.com\/wp-content\/uploads\/2024\/09\/hardware-12-666x933.jpg 666w, https:\/\/dev.beatrizpalacios.com\/wp-content\/uploads\/2024\/09\/hardware-12.jpg 914w\" sizes=\"(max-width: 640px) 100vw, 640px\" \/>\t\t\t\t\t\t\t\t\t\t\t\t\t\t\t<\/p>\n<figure>\n\t\t\t\t\t\t\t\t\t\t\t<a href=\"https:\/\/dev.beatrizpalacios.com\/caviar-spoon-pendant\/\"><br \/>\n\t\t\t\t\t\t\t<img loading=\"lazy\" decoding=\"async\" width=\"640\" height=\"897\" src=\"https:\/\/dev.beatrizpalacios.com\/wp-content\/uploads\/2024\/09\/hardware-10-731x1024.jpg\" alt=\"\" srcset=\"https:\/\/dev.beatrizpalacios.com\/wp-content\/uploads\/2024\/09\/hardware-10-731x1024.jpg 731w, https:\/\/dev.beatrizpalacios.com\/wp-content\/uploads\/2024\/09\/hardware-10-214x300.jpg 214w, https:\/\/dev.beatrizpalacios.com\/wp-content\/uploads\/2024\/09\/hardware-10-768x1076.jpg 768w, https:\/\/dev.beatrizpalacios.com\/wp-content\/uploads\/2024\/09\/hardware-10-590x826.jpg 590w, https:\/\/dev.beatrizpalacios.com\/wp-content\/uploads\/2024\/09\/hardware-10-666x933.jpg 666w, https:\/\/dev.beatrizpalacios.com\/wp-content\/uploads\/2024\/09\/hardware-10.jpg 914w\" sizes=\"(max-width: 640px) 100vw, 640px\" \/>\t\t\t\t\t\t\t\t<\/a><figcaption>Caviar Spoon Pendant<\/figcaption><\/figure>\n<p>PHOTOGRAPHY Renee Friedrich\u00a0 &#8211;\u00a0 MUSE Alexis\u00a0 &#8211;\u00a0 ART DIRECTION H\u00e8l\u00e9ne Agency<\/p>\n<style>\/*! elementor - v3.18.0 - 06-12-2023 *\/\n.elementor-widget-divider{--divider-border-style:none;--divider-border-width:1px;--divider-color:#0c0d0e;--divider-icon-size:20px;--divider-element-spacing:10px;--divider-pattern-height:24px;--divider-pattern-size:20px;--divider-pattern-url:none;--divider-pattern-repeat:repeat-x}.elementor-widget-divider .elementor-divider{display:flex}.elementor-widget-divider .elementor-divider__text{font-size:15px;line-height:1;max-width:95%}.elementor-widget-divider .elementor-divider__element{margin:0 var(--divider-element-spacing);flex-shrink:0}.elementor-widget-divider .elementor-icon{font-size:var(--divider-icon-size)}.elementor-widget-divider .elementor-divider-separator{display:flex;margin:0;direction:ltr}.elementor-widget-divider--view-line_icon .elementor-divider-separator,.elementor-widget-divider--view-line_text .elementor-divider-separator{align-items:center}.elementor-widget-divider--view-line_icon .elementor-divider-separator:after,.elementor-widget-divider--view-line_icon .elementor-divider-separator:before,.elementor-widget-divider--view-line_text .elementor-divider-separator:after,.elementor-widget-divider--view-line_text .elementor-divider-separator:before{display:block;content:\"\";border-bottom:0;flex-grow:1;border-top:var(--divider-border-width) var(--divider-border-style) var(--divider-color)}.elementor-widget-divider--element-align-left .elementor-divider .elementor-divider-separator>.elementor-divider__svg:first-of-type{flex-grow:0;flex-shrink:100}.elementor-widget-divider--element-align-left .elementor-divider-separator:before{content:none}.elementor-widget-divider--element-align-left .elementor-divider__element{margin-left:0}.elementor-widget-divider--element-align-right .elementor-divider .elementor-divider-separator>.elementor-divider__svg:last-of-type{flex-grow:0;flex-shrink:100}.elementor-widget-divider--element-align-right .elementor-divider-separator:after{content:none}.elementor-widget-divider--element-align-right .elementor-divider__element{margin-right:0}.elementor-widget-divider:not(.elementor-widget-divider--view-line_text):not(.elementor-widget-divider--view-line_icon) .elementor-divider-separator{border-top:var(--divider-border-width) var(--divider-border-style) var(--divider-color)}.elementor-widget-divider--separator-type-pattern{--divider-border-style:none}.elementor-widget-divider--separator-type-pattern.elementor-widget-divider--view-line .elementor-divider-separator,.elementor-widget-divider--separator-type-pattern:not(.elementor-widget-divider--view-line) .elementor-divider-separator:after,.elementor-widget-divider--separator-type-pattern:not(.elementor-widget-divider--view-line) .elementor-divider-separator:before,.elementor-widget-divider--separator-type-pattern:not([class*=elementor-widget-divider--view]) .elementor-divider-separator{width:100%;min-height:var(--divider-pattern-height);-webkit-mask-size:var(--divider-pattern-size) 100%;mask-size:var(--divider-pattern-size) 100%;-webkit-mask-repeat:var(--divider-pattern-repeat);mask-repeat:var(--divider-pattern-repeat);background-color:var(--divider-color);-webkit-mask-image:var(--divider-pattern-url);mask-image:var(--divider-pattern-url)}.elementor-widget-divider--no-spacing{--divider-pattern-size:auto}.elementor-widget-divider--bg-round{--divider-pattern-repeat:round}.rtl .elementor-widget-divider .elementor-divider__text{direction:rtl}.e-con-inner>.elementor-widget-divider,.e-con>.elementor-widget-divider{width:var(--container-widget-width,100%);--flex-grow:var(--container-widget-flex-grow)}<\/style>\n<h2>The Matchbox Pendant and The Caviar Spoon<\/h2>\n<h3>two objects from the HARDWARE collection<\/h3>\n<p>These two objects are the core around which the HARDWARE collection revolves, representing the balance between utilitarianism and sensuality, pragmatism and beauty that characterize this collection. Made out of finest materials, both the <strong>matchbox and caviar spoon<\/strong> are genuine items, that can be used in your everyday life.<\/p>\n<p>FILM and CREATIVE DIRECTION Lourdes Cabrera\u00a0 &#8211;\u00a0 SET DESIGN and STYLING Julia Vergara\u00a0 &#8211;\u00a0 MUSE Marta Fern\u00e1ndez<\/p>\n<p>\t\t\t<a href=\"https:\/\/dev.beatrizpalacios.com\/collection\/hardware\/\"><br \/>\n\t\t\t\t\t\tshop HARDWARE<br \/>\n\t\t\t\t\t<\/a><\/p>\n","protected":false},"excerpt":{"rendered":"<p>HARDWARE \u201cI&#8217;m not trying to do something different, I&#8217;m trying to do the same thing but in a different way.\u201d\u00a0 &#8211; Vivienne Westwood La colecci\u00f3n HARDWARE explora el equilibrio entre el utilitarismo y la sensualidad, el pragmatismo y la belleza. Dualidades materializadas en el oro y la plata presentes en cada una de sus piezas. [&hellip;]<\/p>\n","protected":false},"author":3,"featured_media":0,"parent":0,"menu_order":0,"comment_status":"closed","ping_status":"closed","template":"elementor_header_footer","meta":{"footnotes":""},"class_list":["post-51471","page","type-page","status-publish","hentry"],"_links":{"self":[{"href":"https:\/\/dev.beatrizpalacios.com\/es\/wp-json\/wp\/v2\/pages\/51471","targetHints":{"allow":["GET"]}}],"collection":[{"href":"https:\/\/dev.beatrizpalacios.com\/es\/wp-json\/wp\/v2\/pages"}],"about":[{"href":"https:\/\/dev.beatrizpalacios.com\/es\/wp-json\/wp\/v2\/types\/page"}],"author":[{"embeddable":true,"href":"https:\/\/dev.beatrizpalacios.com\/es\/wp-json\/wp\/v2\/users\/3"}],"replies":[{"embeddable":true,"href":"https:\/\/dev.beatrizpalacios.com\/es\/wp-json\/wp\/v2\/comments?post=51471"}],"version-history":[{"count":5,"href":"https:\/\/dev.beatrizpalacios.com\/es\/wp-json\/wp\/v2\/pages\/51471\/revisions"}],"predecessor-version":[{"id":51879,"href":"https:\/\/dev.beatrizpalacios.com\/es\/wp-json\/wp\/v2\/pages\/51471\/revisions\/51879"}],"wp:attachment":[{"href":"https:\/\/dev.beatrizpalacios.com\/es\/wp-json\/wp\/v2\/media?parent=51471"}],"curies":[{"name":"wp","href":"https:\/\/api.w.org\/{rel}","templated":true}]}}