{"id":52001,"date":"2025-02-19T11:54:53","date_gmt":"2025-02-19T10:54:53","guid":{"rendered":"https:\/\/dev.beatrizpalacios.com\/edits\/perlas-minerales\/"},"modified":"2025-02-19T11:54:54","modified_gmt":"2025-02-19T10:54:54","slug":"perlas-minerales","status":"publish","type":"page","link":"https:\/\/dev.beatrizpalacios.com\/es\/edits\/perlas-minerales\/","title":{"rendered":"Perlas &#038; Minerales"},"content":{"rendered":"<style>\/*! elementor - v3.18.0 - 06-12-2023 *\/\n.elementor-heading-title{padding:0;margin:0;line-height:1}.elementor-widget-heading .elementor-heading-title[class*=elementor-size-]>a{color:inherit;font-size:inherit;line-height:inherit}.elementor-widget-heading .elementor-heading-title.elementor-size-small{font-size:15px}.elementor-widget-heading .elementor-heading-title.elementor-size-medium{font-size:19px}.elementor-widget-heading .elementor-heading-title.elementor-size-large{font-size:29px}.elementor-widget-heading .elementor-heading-title.elementor-size-xl{font-size:39px}.elementor-widget-heading .elementor-heading-title.elementor-size-xxl{font-size:59px}<\/style>\n<h2>Perlas &#038; Minerales<\/h2>\n<p>En esta serie jugamos con las texturas. Nuestras piezas con perlas est\u00e1n fotografiadas sobre las p\u00e1ginas de un libro de minerales que me ha acompa\u00f1ado a lo largo de toda mi carrera. Antes de dedicarme a la joyer\u00eda, estudi\u00e9 ingenier\u00eda de minas, lo que despert\u00f3 mi fascinaci\u00f3n por los minerales.<\/p>\n<style>\/*! elementor - v3.18.0 - 06-12-2023 *\/\n.elementor-column .elementor-spacer-inner{height:var(--spacer-size)}.e-con{--container-widget-width:100%}.e-con-inner>.elementor-widget-spacer,.e-con>.elementor-widget-spacer{width:var(--container-widget-width,var(--spacer-size));--align-self:var(--container-widget-align-self,initial);--flex-shrink:0}.e-con-inner>.elementor-widget-spacer>.elementor-widget-container,.e-con>.elementor-widget-spacer>.elementor-widget-container{height:100%;width:100%}.e-con-inner>.elementor-widget-spacer>.elementor-widget-container>.elementor-spacer,.e-con>.elementor-widget-spacer>.elementor-widget-container>.elementor-spacer{height:100%}.e-con-inner>.elementor-widget-spacer>.elementor-widget-container>.elementor-spacer>.elementor-spacer-inner,.e-con>.elementor-widget-spacer>.elementor-widget-container>.elementor-spacer>.elementor-spacer-inner{height:var(--container-widget-height,var(--spacer-size))}.e-con-inner>.elementor-widget-spacer.elementor-widget-empty,.e-con>.elementor-widget-spacer.elementor-widget-empty{position:relative;min-height:22px;min-width:22px}.e-con-inner>.elementor-widget-spacer.elementor-widget-empty .elementor-widget-empty-icon,.e-con>.elementor-widget-spacer.elementor-widget-empty .elementor-widget-empty-icon{position:absolute;top:0;bottom:0;left:0;right:0;margin:auto;padding:0;width:22px;height:22px}<\/style>\n<h3>Una nueva forma de mirar las perlas<\/h3>\n<p>Dos elementos naturales, cada uno con su propia historia y car\u00e1cter: las perlas suaves encontr\u00e1ndose con la superficie en bruto de los minerales. El contraste genera algo inesperado: un equilibrio sutil entre delicadeza y fortaleza. Cinco im\u00e1genes sencillas, dejando que los materiales hablen por s\u00ed mismos.<\/p>\n<style>\/*! elementor - v3.18.0 - 06-12-2023 *\/\n.elementor-widget-image{text-align:center}.elementor-widget-image a{display:inline-block}.elementor-widget-image a img[src$=\".svg\"]{width:48px}.elementor-widget-image img{vertical-align:middle;display:inline-block}<\/style>\n<figure>\n\t\t\t\t\t\t\t\t\t\t<img loading=\"lazy\" decoding=\"async\" width=\"640\" height=\"897\" src=\"https:\/\/dev.beatrizpalacios.com\/wp-content\/uploads\/2025\/02\/quartz-pendant-731x1024.jpg\" alt=\"\" srcset=\"https:\/\/dev.beatrizpalacios.com\/wp-content\/uploads\/2025\/02\/quartz-pendant-731x1024.jpg 731w, https:\/\/dev.beatrizpalacios.com\/wp-content\/uploads\/2025\/02\/quartz-pendant-214x300.jpg 214w, https:\/\/dev.beatrizpalacios.com\/wp-content\/uploads\/2025\/02\/quartz-pendant-768x1076.jpg 768w, https:\/\/dev.beatrizpalacios.com\/wp-content\/uploads\/2025\/02\/quartz-pendant-1097x1536.jpg 1097w, https:\/\/dev.beatrizpalacios.com\/wp-content\/uploads\/2025\/02\/quartz-pendant-590x826.jpg 590w, https:\/\/dev.beatrizpalacios.com\/wp-content\/uploads\/2025\/02\/quartz-pendant-666x933.jpg 666w, https:\/\/dev.beatrizpalacios.com\/wp-content\/uploads\/2025\/02\/quartz-pendant.jpg 1371w\" sizes=\"(max-width: 640px) 100vw, 640px\" \/><figcaption>Quartz Pendant on Kunzite<\/figcaption><\/figure>\n<figure>\n\t\t\t\t\t\t\t\t\t\t<img loading=\"lazy\" decoding=\"async\" width=\"640\" height=\"897\" src=\"https:\/\/dev.beatrizpalacios.com\/wp-content\/uploads\/2025\/02\/pearl-ring-731x1024.jpg\" alt=\"\" srcset=\"https:\/\/dev.beatrizpalacios.com\/wp-content\/uploads\/2025\/02\/pearl-ring-731x1024.jpg 731w, https:\/\/dev.beatrizpalacios.com\/wp-content\/uploads\/2025\/02\/pearl-ring-214x300.jpg 214w, https:\/\/dev.beatrizpalacios.com\/wp-content\/uploads\/2025\/02\/pearl-ring-768x1076.jpg 768w, https:\/\/dev.beatrizpalacios.com\/wp-content\/uploads\/2025\/02\/pearl-ring-1097x1536.jpg 1097w, https:\/\/dev.beatrizpalacios.com\/wp-content\/uploads\/2025\/02\/pearl-ring-590x826.jpg 590w, https:\/\/dev.beatrizpalacios.com\/wp-content\/uploads\/2025\/02\/pearl-ring-666x933.jpg 666w, https:\/\/dev.beatrizpalacios.com\/wp-content\/uploads\/2025\/02\/pearl-ring.jpg 1371w\" sizes=\"(max-width: 640px) 100vw, 640px\" \/><figcaption>Ring of Pearls on Aquamarine<\/figcaption><\/figure>\n<figure>\n\t\t\t\t\t\t\t\t\t\t<img loading=\"lazy\" decoding=\"async\" width=\"640\" height=\"897\" src=\"https:\/\/dev.beatrizpalacios.com\/wp-content\/uploads\/2025\/02\/pearls-731x1024.jpg\" alt=\"\" srcset=\"https:\/\/dev.beatrizpalacios.com\/wp-content\/uploads\/2025\/02\/pearls-731x1024.jpg 731w, https:\/\/dev.beatrizpalacios.com\/wp-content\/uploads\/2025\/02\/pearls-214x300.jpg 214w, https:\/\/dev.beatrizpalacios.com\/wp-content\/uploads\/2025\/02\/pearls-768x1076.jpg 768w, https:\/\/dev.beatrizpalacios.com\/wp-content\/uploads\/2025\/02\/pearls-1097x1536.jpg 1097w, https:\/\/dev.beatrizpalacios.com\/wp-content\/uploads\/2025\/02\/pearls-590x826.jpg 590w, https:\/\/dev.beatrizpalacios.com\/wp-content\/uploads\/2025\/02\/pearls-666x933.jpg 666w, https:\/\/dev.beatrizpalacios.com\/wp-content\/uploads\/2025\/02\/pearls.jpg 1371w\" sizes=\"(max-width: 640px) 100vw, 640px\" \/><figcaption> Pearls Piercing on Chrysoprase<\/figcaption><\/figure>\n<figure>\n\t\t\t\t\t\t\t\t\t\t<img loading=\"lazy\" decoding=\"async\" width=\"640\" height=\"897\" src=\"https:\/\/dev.beatrizpalacios.com\/wp-content\/uploads\/2025\/02\/earcuff-pearls-731x1024.jpg\" alt=\"\" srcset=\"https:\/\/dev.beatrizpalacios.com\/wp-content\/uploads\/2025\/02\/earcuff-pearls-731x1024.jpg 731w, https:\/\/dev.beatrizpalacios.com\/wp-content\/uploads\/2025\/02\/earcuff-pearls-214x300.jpg 214w, https:\/\/dev.beatrizpalacios.com\/wp-content\/uploads\/2025\/02\/earcuff-pearls-768x1076.jpg 768w, https:\/\/dev.beatrizpalacios.com\/wp-content\/uploads\/2025\/02\/earcuff-pearls-1097x1536.jpg 1097w, https:\/\/dev.beatrizpalacios.com\/wp-content\/uploads\/2025\/02\/earcuff-pearls-590x826.jpg 590w, https:\/\/dev.beatrizpalacios.com\/wp-content\/uploads\/2025\/02\/earcuff-pearls-666x933.jpg 666w, https:\/\/dev.beatrizpalacios.com\/wp-content\/uploads\/2025\/02\/earcuff-pearls.jpg 1371w\" sizes=\"(max-width: 640px) 100vw, 640px\" \/><figcaption>Silver Wave Cluster link S on Tiger&#8217;s Eye<\/figcaption><\/figure>\n<figure>\n\t\t\t\t\t\t\t\t\t\t<img loading=\"lazy\" decoding=\"async\" width=\"640\" height=\"897\" src=\"https:\/\/dev.beatrizpalacios.com\/wp-content\/uploads\/2025\/02\/pearls_brooch-731x1024.jpg\" alt=\"\" srcset=\"https:\/\/dev.beatrizpalacios.com\/wp-content\/uploads\/2025\/02\/pearls_brooch-731x1024.jpg 731w, https:\/\/dev.beatrizpalacios.com\/wp-content\/uploads\/2025\/02\/pearls_brooch-214x300.jpg 214w, https:\/\/dev.beatrizpalacios.com\/wp-content\/uploads\/2025\/02\/pearls_brooch-768x1076.jpg 768w, https:\/\/dev.beatrizpalacios.com\/wp-content\/uploads\/2025\/02\/pearls_brooch-1097x1536.jpg 1097w, https:\/\/dev.beatrizpalacios.com\/wp-content\/uploads\/2025\/02\/pearls_brooch-590x826.jpg 590w, https:\/\/dev.beatrizpalacios.com\/wp-content\/uploads\/2025\/02\/pearls_brooch-666x933.jpg 666w, https:\/\/dev.beatrizpalacios.com\/wp-content\/uploads\/2025\/02\/pearls_brooch.jpg 1371w\" sizes=\"(max-width: 640px) 100vw, 640px\" \/><figcaption>Floating Pearl on Pyrite<\/figcaption><\/figure>\n<h2>Verde Croma<\/h2>\n<h2>Verde Croma<\/h2>\n<h2>Verde Croma<\/h2>\n","protected":false},"excerpt":{"rendered":"<p>Perlas &#038; Minerales En esta serie jugamos con las texturas. Nuestras piezas con perlas est\u00e1n fotografiadas sobre las p\u00e1ginas de un libro de minerales que me ha acompa\u00f1ado a lo largo de toda mi carrera. Antes de dedicarme a la joyer\u00eda, estudi\u00e9 ingenier\u00eda de minas, lo que despert\u00f3 mi fascinaci\u00f3n por los minerales. Una nueva [&hellip;]<\/p>\n","protected":false},"author":3,"featured_media":0,"parent":48714,"menu_order":0,"comment_status":"closed","ping_status":"closed","template":"","meta":{"footnotes":""},"class_list":["post-52001","page","type-page","status-publish","hentry"],"_links":{"self":[{"href":"https:\/\/dev.beatrizpalacios.com\/es\/wp-json\/wp\/v2\/pages\/52001","targetHints":{"allow":["GET"]}}],"collection":[{"href":"https:\/\/dev.beatrizpalacios.com\/es\/wp-json\/wp\/v2\/pages"}],"about":[{"href":"https:\/\/dev.beatrizpalacios.com\/es\/wp-json\/wp\/v2\/types\/page"}],"author":[{"embeddable":true,"href":"https:\/\/dev.beatrizpalacios.com\/es\/wp-json\/wp\/v2\/users\/3"}],"replies":[{"embeddable":true,"href":"https:\/\/dev.beatrizpalacios.com\/es\/wp-json\/wp\/v2\/comments?post=52001"}],"version-history":[{"count":1,"href":"https:\/\/dev.beatrizpalacios.com\/es\/wp-json\/wp\/v2\/pages\/52001\/revisions"}],"predecessor-version":[{"id":52002,"href":"https:\/\/dev.beatrizpalacios.com\/es\/wp-json\/wp\/v2\/pages\/52001\/revisions\/52002"}],"up":[{"embeddable":true,"href":"https:\/\/dev.beatrizpalacios.com\/es\/wp-json\/wp\/v2\/pages\/48714"}],"wp:attachment":[{"href":"https:\/\/dev.beatrizpalacios.com\/es\/wp-json\/wp\/v2\/media?parent=52001"}],"curies":[{"name":"wp","href":"https:\/\/api.w.org\/{rel}","templated":true}]}}