{"id":55896,"date":"2025-09-25T17:33:13","date_gmt":"2025-09-25T15:33:13","guid":{"rendered":"https:\/\/dev.beatrizpalacios.com\/own\/"},"modified":"2025-09-26T15:19:36","modified_gmt":"2025-09-26T13:19:36","slug":"own","status":"publish","type":"page","link":"https:\/\/dev.beatrizpalacios.com\/es\/own\/","title":{"rendered":"own"},"content":{"rendered":"<h2>own<\/h2>\n<p>Con <b>OWN<\/b>, nuestra nueva colecci\u00f3n para el oto\u00f1o 2025, exploro el equilibrio entre lo que se revela y lo que permanece oculto; el ritual atemporal de la autoexpresi\u00f3n. Se trata de llevar cerca aquello que nos hace sentir plenos, seguros y due\u00f1os de nosotros mismos. En esencia, la colecci\u00f3n habla del acto de guardar secretos junto al cuerpo\u2014mezclando misterio, poder y una profunda sensaci\u00f3n de individualidad.<\/p>\n<h3>Essence Keeper<\/h3>\n<p>A primera vista, abstracto, el <b>Essence Keeper<\/b>, un frasco de perfume, revela su verdadera naturaleza al observarlo de cerca: sus delicados contornos recuerdan a una nariz, fusionando arte y funci\u00f3n. Lo imagin\u00e9 no simplemente como un recipiente de fragancia, sino como un guardi\u00e1n de esencia, una forma de contener algo profundamente personal.<\/p>\n<p>\t\t\t\t\t\t\t\t\t\t\t\t\t\t\t<img loading=\"lazy\" decoding=\"async\" width=\"960\" height=\"960\" src=\"https:\/\/dev.beatrizpalacios.com\/wp-content\/uploads\/2025\/09\/Take-Your-Pills-Ring-GOLD-4.jpg\" alt=\"\" srcset=\"https:\/\/dev.beatrizpalacios.com\/wp-content\/uploads\/2025\/09\/Take-Your-Pills-Ring-GOLD-4.jpg 960w, https:\/\/dev.beatrizpalacios.com\/wp-content\/uploads\/2025\/09\/Take-Your-Pills-Ring-GOLD-4-300x300.jpg 300w, https:\/\/dev.beatrizpalacios.com\/wp-content\/uploads\/2025\/09\/Take-Your-Pills-Ring-GOLD-4-150x150.jpg 150w, https:\/\/dev.beatrizpalacios.com\/wp-content\/uploads\/2025\/09\/Take-Your-Pills-Ring-GOLD-4-768x768.jpg 768w, https:\/\/dev.beatrizpalacios.com\/wp-content\/uploads\/2025\/09\/Take-Your-Pills-Ring-GOLD-4-590x590.jpg 590w, https:\/\/dev.beatrizpalacios.com\/wp-content\/uploads\/2025\/09\/Take-Your-Pills-Ring-GOLD-4-666x666.jpg 666w, https:\/\/dev.beatrizpalacios.com\/wp-content\/uploads\/2025\/09\/Take-Your-Pills-Ring-GOLD-4-100x100.jpg 100w\" sizes=\"(max-width: 960px) 100vw, 960px\" \/>\t\t\t\t\t\t\t\t\t\t\t\t\t\t\t<\/p>\n<h3>Anillo Take Your Pills<\/h3>\n<p>El anillo<b>Take Your Pills<\/b> es un pastillero en miniatura dise\u00f1ado para ocultar lo que m\u00e1s importa. Puede guardar una perla, un analg\u00e9sico o incluso un fragmento de memoria. Este dise\u00f1o transforma el acto de llevar consigo algo, en un ritual \u00edntimo.\u00a0<\/p>\n<p>Algunas piezas est\u00e1n realizadas con <b>rosas preservadas<\/b>, que capturan la belleza eterna y la delicada fuerza de la naturaleza. Para m\u00ed evocan tanto la fragilidad como el poder, y la manera en que el mundo org\u00e1nico nos conecta a trav\u00e9s de la emoci\u00f3n y la memoria.<\/p>\n<p>\t\t\t\t\t\t\t\t\t\t\t\t\t\t\t\t<a href=\"https:\/\/dev.beatrizpalacios.com\/es\/?post_type=product&#038;p=54790\"><br \/>\n\t\t\t\t\t\t\t<img loading=\"lazy\" decoding=\"async\" width=\"1920\" height=\"1080\" src=\"https:\/\/dev.beatrizpalacios.com\/wp-content\/uploads\/2025\/09\/Pale-Yellow-Rose-Necklace-1.jpg\" alt=\"\" srcset=\"https:\/\/dev.beatrizpalacios.com\/wp-content\/uploads\/2025\/09\/Pale-Yellow-Rose-Necklace-1.jpg 1920w, https:\/\/dev.beatrizpalacios.com\/wp-content\/uploads\/2025\/09\/Pale-Yellow-Rose-Necklace-1-300x169.jpg 300w, https:\/\/dev.beatrizpalacios.com\/wp-content\/uploads\/2025\/09\/Pale-Yellow-Rose-Necklace-1-1024x576.jpg 1024w, https:\/\/dev.beatrizpalacios.com\/wp-content\/uploads\/2025\/09\/Pale-Yellow-Rose-Necklace-1-768x432.jpg 768w, https:\/\/dev.beatrizpalacios.com\/wp-content\/uploads\/2025\/09\/Pale-Yellow-Rose-Necklace-1-1536x864.jpg 1536w, https:\/\/dev.beatrizpalacios.com\/wp-content\/uploads\/2025\/09\/Pale-Yellow-Rose-Necklace-1-590x332.jpg 590w, https:\/\/dev.beatrizpalacios.com\/wp-content\/uploads\/2025\/09\/Pale-Yellow-Rose-Necklace-1-666x375.jpg 666w\" sizes=\"(max-width: 1920px) 100vw, 1920px\" \/>\t\t\t\t\t\t\t\t<\/a><\/p>\n<h3>Collar Amarillo con una Rosa<\/h3>\n<p>\t\t\t\t\t\t\t\t\t\t\t\t\t\t\t\t<a href=\"https:\/\/dev.beatrizpalacios.com\/es\/pendiente-rosa-amarillo-seda\/\"><br \/>\n\t\t\t\t\t\t\t<img loading=\"lazy\" decoding=\"async\" width=\"1920\" height=\"1080\" src=\"https:\/\/dev.beatrizpalacios.com\/wp-content\/uploads\/2025\/09\/Pale-Yellow-Rose-Earring-2.jpg\" alt=\"\" srcset=\"https:\/\/dev.beatrizpalacios.com\/wp-content\/uploads\/2025\/09\/Pale-Yellow-Rose-Earring-2.jpg 1920w, https:\/\/dev.beatrizpalacios.com\/wp-content\/uploads\/2025\/09\/Pale-Yellow-Rose-Earring-2-300x169.jpg 300w, https:\/\/dev.beatrizpalacios.com\/wp-content\/uploads\/2025\/09\/Pale-Yellow-Rose-Earring-2-1024x576.jpg 1024w, https:\/\/dev.beatrizpalacios.com\/wp-content\/uploads\/2025\/09\/Pale-Yellow-Rose-Earring-2-768x432.jpg 768w, https:\/\/dev.beatrizpalacios.com\/wp-content\/uploads\/2025\/09\/Pale-Yellow-Rose-Earring-2-1536x864.jpg 1536w, https:\/\/dev.beatrizpalacios.com\/wp-content\/uploads\/2025\/09\/Pale-Yellow-Rose-Earring-2-590x332.jpg 590w, https:\/\/dev.beatrizpalacios.com\/wp-content\/uploads\/2025\/09\/Pale-Yellow-Rose-Earring-2-666x375.jpg 666w\" sizes=\"(max-width: 1920px) 100vw, 1920px\" \/>\t\t\t\t\t\t\t\t<\/a><\/p>\n<h3>Pendiente con Rosa Amarilla<\/h3>\n<p>\t\t\t\t\t\t\t\t\t\t\t\t\t\t\t\t<a href=\"https:\/\/dev.beatrizpalacios.com\/es\/?post_type=product&#038;p=54549\"><br \/>\n\t\t\t\t\t\t\t<img loading=\"lazy\" decoding=\"async\" width=\"960\" height=\"1280\" src=\"https:\/\/dev.beatrizpalacios.com\/wp-content\/uploads\/2025\/09\/Pale-Yellow-Rose-Silver-Necklace-1.jpg\" alt=\"\" srcset=\"https:\/\/dev.beatrizpalacios.com\/wp-content\/uploads\/2025\/09\/Pale-Yellow-Rose-Silver-Necklace-1.jpg 960w, https:\/\/dev.beatrizpalacios.com\/wp-content\/uploads\/2025\/09\/Pale-Yellow-Rose-Silver-Necklace-1-225x300.jpg 225w, https:\/\/dev.beatrizpalacios.com\/wp-content\/uploads\/2025\/09\/Pale-Yellow-Rose-Silver-Necklace-1-768x1024.jpg 768w, https:\/\/dev.beatrizpalacios.com\/wp-content\/uploads\/2025\/09\/Pale-Yellow-Rose-Silver-Necklace-1-590x787.jpg 590w, https:\/\/dev.beatrizpalacios.com\/wp-content\/uploads\/2025\/09\/Pale-Yellow-Rose-Silver-Necklace-1-666x888.jpg 666w\" sizes=\"(max-width: 960px) 100vw, 960px\" \/>\t\t\t\t\t\t\t\t<\/a><\/p>\n<h3>Collar Plata con Rosa Amarilla<\/h3>\n<p>Tambi\u00e9n he tendido un puente entre pasado y presente al trabajar con <b>cristales vintage de los a\u00f1os 50<\/b>, disponibles en ediciones limitadas, conectando la colecci\u00f3n con otra \u00e9poca y dotando a las piezas de un car\u00e1cter \u00fanico.\u00a0<\/p>\n<p>\t\t\t\t\t\t\t\t\t\t\t\t\t\t\t<img loading=\"lazy\" decoding=\"async\" width=\"1330\" height=\"2000\" src=\"https:\/\/dev.beatrizpalacios.com\/wp-content\/uploads\/2025\/09\/MIX2-OWN-l.jpg\" alt=\"\" srcset=\"https:\/\/dev.beatrizpalacios.com\/wp-content\/uploads\/2025\/09\/MIX2-OWN-l.jpg 1330w, https:\/\/dev.beatrizpalacios.com\/wp-content\/uploads\/2025\/09\/MIX2-OWN-l-200x300.jpg 200w, https:\/\/dev.beatrizpalacios.com\/wp-content\/uploads\/2025\/09\/MIX2-OWN-l-681x1024.jpg 681w, https:\/\/dev.beatrizpalacios.com\/wp-content\/uploads\/2025\/09\/MIX2-OWN-l-768x1155.jpg 768w, https:\/\/dev.beatrizpalacios.com\/wp-content\/uploads\/2025\/09\/MIX2-OWN-l-1021x1536.jpg 1021w, https:\/\/dev.beatrizpalacios.com\/wp-content\/uploads\/2025\/09\/MIX2-OWN-l-590x887.jpg 590w, https:\/\/dev.beatrizpalacios.com\/wp-content\/uploads\/2025\/09\/MIX2-OWN-l-666x1002.jpg 666w\" sizes=\"(max-width: 1330px) 100vw, 1330px\" \/>\t\t\t\t\t\t\t\t\t\t\t\t\t\t\t<\/p>\n<h3>Collar OWN Amarillo<\/h3>\n<p>\t\t\t\t\t\t\t\t\t\t\t\t\t\t\t<img loading=\"lazy\" decoding=\"async\" width=\"1316\" height=\"2000\" src=\"https:\/\/dev.beatrizpalacios.com\/wp-content\/uploads\/2025\/09\/P03.1-OWN-l.jpg\" alt=\"\" srcset=\"https:\/\/dev.beatrizpalacios.com\/wp-content\/uploads\/2025\/09\/P03.1-OWN-l.jpg 1316w, https:\/\/dev.beatrizpalacios.com\/wp-content\/uploads\/2025\/09\/P03.1-OWN-l-197x300.jpg 197w, https:\/\/dev.beatrizpalacios.com\/wp-content\/uploads\/2025\/09\/P03.1-OWN-l-674x1024.jpg 674w, https:\/\/dev.beatrizpalacios.com\/wp-content\/uploads\/2025\/09\/P03.1-OWN-l-768x1167.jpg 768w, https:\/\/dev.beatrizpalacios.com\/wp-content\/uploads\/2025\/09\/P03.1-OWN-l-1011x1536.jpg 1011w, https:\/\/dev.beatrizpalacios.com\/wp-content\/uploads\/2025\/09\/P03.1-OWN-l-590x897.jpg 590w, https:\/\/dev.beatrizpalacios.com\/wp-content\/uploads\/2025\/09\/P03.1-OWN-l-666x1012.jpg 666w\" sizes=\"(max-width: 1316px) 100vw, 1316px\" \/>\t\t\t\t\t\t\t\t\t\t\t\t\t\t\t<\/p>\n<h3>Pendientes OWN amarillo<br \/>\n<\/h3>\n<p>\t\t\t\t\t\t\t\t\t\t\t\t\t\t\t<img loading=\"lazy\" decoding=\"async\" width=\"1325\" height=\"2000\" src=\"https:\/\/dev.beatrizpalacios.com\/wp-content\/uploads\/2025\/09\/P10-OWN-l.jpg\" alt=\"\" srcset=\"https:\/\/dev.beatrizpalacios.com\/wp-content\/uploads\/2025\/09\/P10-OWN-l.jpg 1325w, https:\/\/dev.beatrizpalacios.com\/wp-content\/uploads\/2025\/09\/P10-OWN-l-199x300.jpg 199w, https:\/\/dev.beatrizpalacios.com\/wp-content\/uploads\/2025\/09\/P10-OWN-l-678x1024.jpg 678w, https:\/\/dev.beatrizpalacios.com\/wp-content\/uploads\/2025\/09\/P10-OWN-l-768x1159.jpg 768w, https:\/\/dev.beatrizpalacios.com\/wp-content\/uploads\/2025\/09\/P10-OWN-l-1018x1536.jpg 1018w, https:\/\/dev.beatrizpalacios.com\/wp-content\/uploads\/2025\/09\/P10-OWN-l-590x891.jpg 590w, https:\/\/dev.beatrizpalacios.com\/wp-content\/uploads\/2025\/09\/P10-OWN-l-666x1005.jpg 666w\" sizes=\"(max-width: 1325px) 100vw, 1325px\" \/>\t\t\t\t\t\t\t\t\t\t\t\t\t\t\t<\/p>\n<h3>Anillo Piercing Black<\/h3>\n<p><b>OWN<\/b> es una colecci\u00f3n que va m\u00e1s all\u00e1 de la joyer\u00eda: <em>es un relato \u00edntimo sobre lo que llevamos con nosotros, los secretos que nos moldean y los objetos que nos convierten en quienes somos.<\/em><\/p>\n<p>\t\t\t\t\t\t\t\t\t\t\t\t\t\t\t<img loading=\"lazy\" decoding=\"async\" width=\"2560\" height=\"1644\" src=\"https:\/\/dev.beatrizpalacios.com\/wp-content\/uploads\/2025\/09\/P14.2-OWN-l-scaled.jpg\" alt=\"\" srcset=\"https:\/\/dev.beatrizpalacios.com\/wp-content\/uploads\/2025\/09\/P14.2-OWN-l-scaled.jpg 2560w, https:\/\/dev.beatrizpalacios.com\/wp-content\/uploads\/2025\/09\/P14.2-OWN-l-300x193.jpg 300w, https:\/\/dev.beatrizpalacios.com\/wp-content\/uploads\/2025\/09\/P14.2-OWN-l-1024x658.jpg 1024w, https:\/\/dev.beatrizpalacios.com\/wp-content\/uploads\/2025\/09\/P14.2-OWN-l-768x493.jpg 768w, https:\/\/dev.beatrizpalacios.com\/wp-content\/uploads\/2025\/09\/P14.2-OWN-l-1536x987.jpg 1536w, https:\/\/dev.beatrizpalacios.com\/wp-content\/uploads\/2025\/09\/P14.2-OWN-l-2048x1315.jpg 2048w, https:\/\/dev.beatrizpalacios.com\/wp-content\/uploads\/2025\/09\/P14.2-OWN-l-590x379.jpg 590w, https:\/\/dev.beatrizpalacios.com\/wp-content\/uploads\/2025\/09\/P14.2-OWN-l-666x428.jpg 666w\" sizes=\"(max-width: 2560px) 100vw, 2560px\" \/>\t\t\t\t\t\t\t\t\t\t\t\t\t\t\t<\/p>\n<h3>White Chain Earrings L<\/h3>\n<p>\t\t\t\t\t\t\t\t\t\t\t\t\t\t\t<img loading=\"lazy\" decoding=\"async\" width=\"1329\" height=\"2000\" src=\"https:\/\/dev.beatrizpalacios.com\/wp-content\/uploads\/2025\/09\/A06-y-A07.1-OWN-l.jpg\" alt=\"\" srcset=\"https:\/\/dev.beatrizpalacios.com\/wp-content\/uploads\/2025\/09\/A06-y-A07.1-OWN-l.jpg 1329w, https:\/\/dev.beatrizpalacios.com\/wp-content\/uploads\/2025\/09\/A06-y-A07.1-OWN-l-199x300.jpg 199w, https:\/\/dev.beatrizpalacios.com\/wp-content\/uploads\/2025\/09\/A06-y-A07.1-OWN-l-680x1024.jpg 680w, https:\/\/dev.beatrizpalacios.com\/wp-content\/uploads\/2025\/09\/A06-y-A07.1-OWN-l-768x1156.jpg 768w, https:\/\/dev.beatrizpalacios.com\/wp-content\/uploads\/2025\/09\/A06-y-A07.1-OWN-l-1021x1536.jpg 1021w, https:\/\/dev.beatrizpalacios.com\/wp-content\/uploads\/2025\/09\/A06-y-A07.1-OWN-l-590x888.jpg 590w, https:\/\/dev.beatrizpalacios.com\/wp-content\/uploads\/2025\/09\/A06-y-A07.1-OWN-l-666x1002.jpg 666w\" sizes=\"(max-width: 1329px) 100vw, 1329px\" \/>\t\t\t\t\t\t\t\t\t\t\t\t\t\t\t<\/p>\n<h3>Piercing Ring Black<\/h3>\n<p>\t\t\t\t\t\t\t\t\t\t\t\t\t\t\t<img loading=\"lazy\" decoding=\"async\" width=\"1338\" height=\"2000\" src=\"https:\/\/dev.beatrizpalacios.com\/wp-content\/uploads\/2025\/09\/C02.1-OWN-l.jpg\" alt=\"\" srcset=\"https:\/\/dev.beatrizpalacios.com\/wp-content\/uploads\/2025\/09\/C02.1-OWN-l.jpg 1338w, https:\/\/dev.beatrizpalacios.com\/wp-content\/uploads\/2025\/09\/C02.1-OWN-l-201x300.jpg 201w, https:\/\/dev.beatrizpalacios.com\/wp-content\/uploads\/2025\/09\/C02.1-OWN-l-685x1024.jpg 685w, https:\/\/dev.beatrizpalacios.com\/wp-content\/uploads\/2025\/09\/C02.1-OWN-l-768x1148.jpg 768w, https:\/\/dev.beatrizpalacios.com\/wp-content\/uploads\/2025\/09\/C02.1-OWN-l-1028x1536.jpg 1028w, https:\/\/dev.beatrizpalacios.com\/wp-content\/uploads\/2025\/09\/C02.1-OWN-l-590x882.jpg 590w, https:\/\/dev.beatrizpalacios.com\/wp-content\/uploads\/2025\/09\/C02.1-OWN-l-666x996.jpg 666w\" sizes=\"(max-width: 1338px) 100vw, 1338px\" \/>\t\t\t\t\t\t\t\t\t\t\t\t\t\t\t<\/p>\n<h3>Collar Take Your Pills Plata<\/h3>\n<p>\t\t\t\t\t\t\t\t\t\t\t\t\t\t\t<img loading=\"lazy\" decoding=\"async\" width=\"1341\" height=\"2000\" src=\"https:\/\/dev.beatrizpalacios.com\/wp-content\/uploads\/2025\/09\/P18-OWN-l.jpg\" alt=\"\" srcset=\"https:\/\/dev.beatrizpalacios.com\/wp-content\/uploads\/2025\/09\/P18-OWN-l.jpg 1341w, https:\/\/dev.beatrizpalacios.com\/wp-content\/uploads\/2025\/09\/P18-OWN-l-201x300.jpg 201w, https:\/\/dev.beatrizpalacios.com\/wp-content\/uploads\/2025\/09\/P18-OWN-l-687x1024.jpg 687w, https:\/\/dev.beatrizpalacios.com\/wp-content\/uploads\/2025\/09\/P18-OWN-l-768x1145.jpg 768w, https:\/\/dev.beatrizpalacios.com\/wp-content\/uploads\/2025\/09\/P18-OWN-l-1030x1536.jpg 1030w, https:\/\/dev.beatrizpalacios.com\/wp-content\/uploads\/2025\/09\/P18-OWN-l-590x880.jpg 590w, https:\/\/dev.beatrizpalacios.com\/wp-content\/uploads\/2025\/09\/P18-OWN-l-666x993.jpg 666w\" sizes=\"(max-width: 1341px) 100vw, 1341px\" \/>\t\t\t\t\t\t\t\t\t\t\t\t\t\t\t<\/p>\n<h3>Pendientes Lazo Amarillo<\/h3>\n<p>Que <b>OWN<\/b> sea guardi\u00e1n de esencia, talism\u00e1n de transformaci\u00f3n.<\/p>\n<p data-pm-slice=\"1 1 []\">PHOTOGRAF\u00cdA Lourdes Cabrera \u2013 MODEL Oona Fitzpatrick<\/p>\n<p>\t\t\t\t\t<a href=\"https:\/\/dev.beatrizpalacios.com\/es\/tienda\/\"><br \/>\n\t\t\t\t\t\t\t\t\tcomprar OWN<br \/>\n\t\t\t\t\t<\/a><\/p>\n","protected":false},"excerpt":{"rendered":"<p>own Con OWN, nuestra nueva colecci\u00f3n para el oto\u00f1o 2025, exploro el equilibrio entre lo que se revela y lo que permanece oculto; el ritual atemporal de la autoexpresi\u00f3n. Se trata de llevar cerca aquello que nos hace sentir plenos, seguros y due\u00f1os de nosotros mismos. En esencia, la colecci\u00f3n habla del acto de guardar [&hellip;]<\/p>\n","protected":false},"author":3,"featured_media":0,"parent":0,"menu_order":0,"comment_status":"closed","ping_status":"closed","template":"elementor_header_footer","meta":{"footnotes":""},"class_list":["post-55896","page","type-page","status-publish","hentry"],"_links":{"self":[{"href":"https:\/\/dev.beatrizpalacios.com\/es\/wp-json\/wp\/v2\/pages\/55896","targetHints":{"allow":["GET"]}}],"collection":[{"href":"https:\/\/dev.beatrizpalacios.com\/es\/wp-json\/wp\/v2\/pages"}],"about":[{"href":"https:\/\/dev.beatrizpalacios.com\/es\/wp-json\/wp\/v2\/types\/page"}],"author":[{"embeddable":true,"href":"https:\/\/dev.beatrizpalacios.com\/es\/wp-json\/wp\/v2\/users\/3"}],"replies":[{"embeddable":true,"href":"https:\/\/dev.beatrizpalacios.com\/es\/wp-json\/wp\/v2\/comments?post=55896"}],"version-history":[{"count":5,"href":"https:\/\/dev.beatrizpalacios.com\/es\/wp-json\/wp\/v2\/pages\/55896\/revisions"}],"predecessor-version":[{"id":55992,"href":"https:\/\/dev.beatrizpalacios.com\/es\/wp-json\/wp\/v2\/pages\/55896\/revisions\/55992"}],"wp:attachment":[{"href":"https:\/\/dev.beatrizpalacios.com\/es\/wp-json\/wp\/v2\/media?parent=55896"}],"curies":[{"name":"wp","href":"https:\/\/api.w.org\/{rel}","templated":true}]}}