{"id":18065,"date":"2020-01-25T13:20:10","date_gmt":"2020-01-25T12:20:10","guid":{"rendered":"http:\/\/178.128.137.31\/black-rose-pin\/"},"modified":"2021-04-02T03:41:34","modified_gmt":"2021-04-02T01:41:34","slug":"black-rose-pin","status":"publish","type":"product","link":"https:\/\/dev.beatrizpalacios.com\/es\/product\/black-rose-pin\/","title":{"rendered":"Black rose pin"},"content":{"rendered":"","protected":false},"excerpt":{"rendered":"<p>Alfiler en plata chapada en oro engastado con rosa `reservada negra.<br \/>\nLa rosa es una rosa natural que ha sido sometida a un proceso de preservaci\u00f3n. Mantenla alejada del agua y gu\u00e1rdala en su caja original cuando no la est\u00e9s usando. De esta manera mantendr\u00e1 sus propiedades durante muchos a\u00f1os.<br \/>\nLargo de 10 cm.<\/p>\n","protected":false},"featured_media":56926,"template":"","meta":[],"product_brand":[],"product_cat":[141],"product_tag":[522],"class_list":{"0":"post-18065","1":"product","2":"type-product","3":"status-publish","4":"has-post-thumbnail","6":"product_cat-broches","7":"product_tag-1979-es","9":"first","10":"instock","11":"taxable","12":"shipping-taxable","13":"purchasable","14":"product-type-simple"},"_links":{"self":[{"href":"https:\/\/dev.beatrizpalacios.com\/es\/wp-json\/wp\/v2\/product\/18065","targetHints":{"allow":["GET"]}}],"collection":[{"href":"https:\/\/dev.beatrizpalacios.com\/es\/wp-json\/wp\/v2\/product"}],"about":[{"href":"https:\/\/dev.beatrizpalacios.com\/es\/wp-json\/wp\/v2\/types\/product"}],"wp:featuredmedia":[{"embeddable":true,"href":"https:\/\/dev.beatrizpalacios.com\/es\/wp-json\/wp\/v2\/media\/56926"}],"wp:attachment":[{"href":"https:\/\/dev.beatrizpalacios.com\/es\/wp-json\/wp\/v2\/media?parent=18065"}],"wp:term":[{"taxonomy":"product_brand","embeddable":true,"href":"https:\/\/dev.beatrizpalacios.com\/es\/wp-json\/wp\/v2\/product_brand?post=18065"},{"taxonomy":"product_cat","embeddable":true,"href":"https:\/\/dev.beatrizpalacios.com\/es\/wp-json\/wp\/v2\/product_cat?post=18065"},{"taxonomy":"product_tag","embeddable":true,"href":"https:\/\/dev.beatrizpalacios.com\/es\/wp-json\/wp\/v2\/product_tag?post=18065"}],"curies":[{"name":"wp","href":"https:\/\/api.w.org\/{rel}","templated":true}]}}