{"id":22888,"date":"2020-09-01T13:20:10","date_gmt":"2020-09-01T11:20:10","guid":{"rendered":"https:\/\/dev.beatrizpalacios.com\/?post_type=product&#038;p=22888"},"modified":"2021-04-02T03:42:16","modified_gmt":"2021-04-02T01:42:16","slug":"pendiente-rosa-crema","status":"publish","type":"product","link":"https:\/\/dev.beatrizpalacios.com\/es\/product\/pendiente-rosa-crema\/","title":{"rendered":"Pendiente rosa crema"},"content":{"rendered":"","protected":false},"excerpt":{"rendered":"<p>Pendiente en plata chapada en oro y perla de agua dulce engastado con una rosa natural preservada color crema. La rosa es una rosa natural que ha sido sometida a un proceso de preservaci\u00f3n. Mantenla alejada del agua y gu\u00e1rdala en su caja original cuando no la est\u00e9s usando. De esta manera mantendr\u00e1 sus propiedades durante muchos a\u00f1os.<br \/>\nSe vende de manera individual.<br \/>\nLargo de 9cm.<\/p>\n","protected":false},"featured_media":56896,"template":"","meta":[],"product_brand":[],"product_cat":[143],"product_tag":[523],"class_list":{"0":"post-22888","1":"product","2":"type-product","3":"status-publish","4":"has-post-thumbnail","6":"product_cat-pendientes","7":"product_tag-domina-es","9":"first","10":"instock","11":"taxable","12":"shipping-taxable","13":"purchasable","14":"product-type-simple"},"_links":{"self":[{"href":"https:\/\/dev.beatrizpalacios.com\/es\/wp-json\/wp\/v2\/product\/22888","targetHints":{"allow":["GET"]}}],"collection":[{"href":"https:\/\/dev.beatrizpalacios.com\/es\/wp-json\/wp\/v2\/product"}],"about":[{"href":"https:\/\/dev.beatrizpalacios.com\/es\/wp-json\/wp\/v2\/types\/product"}],"wp:featuredmedia":[{"embeddable":true,"href":"https:\/\/dev.beatrizpalacios.com\/es\/wp-json\/wp\/v2\/media\/56896"}],"wp:attachment":[{"href":"https:\/\/dev.beatrizpalacios.com\/es\/wp-json\/wp\/v2\/media?parent=22888"}],"wp:term":[{"taxonomy":"product_brand","embeddable":true,"href":"https:\/\/dev.beatrizpalacios.com\/es\/wp-json\/wp\/v2\/product_brand?post=22888"},{"taxonomy":"product_cat","embeddable":true,"href":"https:\/\/dev.beatrizpalacios.com\/es\/wp-json\/wp\/v2\/product_cat?post=22888"},{"taxonomy":"product_tag","embeddable":true,"href":"https:\/\/dev.beatrizpalacios.com\/es\/wp-json\/wp\/v2\/product_tag?post=22888"}],"curies":[{"name":"wp","href":"https:\/\/api.w.org\/{rel}","templated":true}]}}