{"id":22913,"date":"2020-09-01T13:20:10","date_gmt":"2020-09-01T11:20:10","guid":{"rendered":"https:\/\/dev.beatrizpalacios.com\/?post_type=product&#038;p=22913"},"modified":"2021-04-02T03:42:23","modified_gmt":"2021-04-02T01:42:23","slug":"anillo-infinito-2","status":"publish","type":"product","link":"https:\/\/dev.beatrizpalacios.com\/es\/product\/anillo-infinito-2\/","title":{"rendered":"Anillo infinito"},"content":{"rendered":"","protected":false},"excerpt":{"rendered":"<p>Anillo infinito de plata chapada en oro.<br \/>\nEl anillo es talla \u00fanica, que se ajustar\u00e1 en tu dedo \u00edndice, coraz\u00f3n o el anular. No dudes en escribirnos si tienes dudas sobre la talla.<\/p>\n","protected":false},"featured_media":35342,"template":"","meta":[],"product_brand":[],"product_cat":[147],"product_tag":[523],"class_list":{"0":"post-22913","1":"product","2":"type-product","3":"status-publish","4":"has-post-thumbnail","6":"product_cat-anillos","7":"product_tag-domina-es","9":"first","10":"instock","11":"taxable","12":"shipping-taxable","13":"purchasable","14":"product-type-simple"},"_links":{"self":[{"href":"https:\/\/dev.beatrizpalacios.com\/es\/wp-json\/wp\/v2\/product\/22913","targetHints":{"allow":["GET"]}}],"collection":[{"href":"https:\/\/dev.beatrizpalacios.com\/es\/wp-json\/wp\/v2\/product"}],"about":[{"href":"https:\/\/dev.beatrizpalacios.com\/es\/wp-json\/wp\/v2\/types\/product"}],"wp:featuredmedia":[{"embeddable":true,"href":"https:\/\/dev.beatrizpalacios.com\/es\/wp-json\/wp\/v2\/media\/35342"}],"wp:attachment":[{"href":"https:\/\/dev.beatrizpalacios.com\/es\/wp-json\/wp\/v2\/media?parent=22913"}],"wp:term":[{"taxonomy":"product_brand","embeddable":true,"href":"https:\/\/dev.beatrizpalacios.com\/es\/wp-json\/wp\/v2\/product_brand?post=22913"},{"taxonomy":"product_cat","embeddable":true,"href":"https:\/\/dev.beatrizpalacios.com\/es\/wp-json\/wp\/v2\/product_cat?post=22913"},{"taxonomy":"product_tag","embeddable":true,"href":"https:\/\/dev.beatrizpalacios.com\/es\/wp-json\/wp\/v2\/product_tag?post=22913"}],"curies":[{"name":"wp","href":"https:\/\/api.w.org\/{rel}","templated":true}]}}