{"id":25744,"date":"2021-02-11T03:58:39","date_gmt":"2021-02-11T02:59:51","guid":{"rendered":"https:\/\/dev.beatrizpalacios.com\/?post_type=product&#038;p=25744"},"modified":"2024-12-01T01:09:16","modified_gmt":"2024-12-01T00:09:16","slug":"anillo-infinito-3","status":"publish","type":"product","link":"https:\/\/dev.beatrizpalacios.com\/es\/product\/anillo-infinito-3\/","title":{"rendered":"Anillo infinito"},"content":{"rendered":"<p><img decoding=\"async\" width=\"1440\" height=\"1440\" src=\"https:\/\/dev.beatrizpalacios.com\/wp-content\/uploads\/2020\/09\/infinity-ring-1.jpg\" alt=\"\" loading=\"lazy\" srcset=\"https:\/\/dev.beatrizpalacios.com\/wp-content\/uploads\/2020\/09\/infinity-ring-1.jpg 1440w, https:\/\/dev.beatrizpalacios.com\/wp-content\/uploads\/2020\/09\/infinity-ring-1-590x590.jpg 590w, https:\/\/dev.beatrizpalacios.com\/wp-content\/uploads\/2020\/09\/infinity-ring-1-100x100.jpg 100w, https:\/\/dev.beatrizpalacios.com\/wp-content\/uploads\/2020\/09\/infinity-ring-1-666x666.jpg 666w, https:\/\/dev.beatrizpalacios.com\/wp-content\/uploads\/2020\/09\/infinity-ring-1-300x300.jpg 300w, https:\/\/dev.beatrizpalacios.com\/wp-content\/uploads\/2020\/09\/infinity-ring-1-1024x1024.jpg 1024w, https:\/\/dev.beatrizpalacios.com\/wp-content\/uploads\/2020\/09\/infinity-ring-1-150x150.jpg 150w, https:\/\/dev.beatrizpalacios.com\/wp-content\/uploads\/2020\/09\/infinity-ring-1-768x768.jpg 768w\" sizes=\"(max-width: 1440px) 100vw, 1440px\" \/><\/p>\n","protected":false},"excerpt":{"rendered":"<p>Anillo infinito de plata chapada en oro.<br \/>\nEl anillo es talla \u00fanica, que se ajustar\u00e1 en tu dedo \u00edndice, coraz\u00f3n o el anular. No dudes en escribirnos si tienes dudas sobre la talla.<\/p>\n","protected":false},"featured_media":35345,"template":"","meta":[],"product_brand":[],"product_cat":[147],"product_tag":[521,711],"class_list":{"0":"post-25744","1":"product","2":"type-product","3":"status-publish","4":"has-post-thumbnail","6":"product_cat-anillos","7":"product_tag-moon-es","8":"product_tag-signature-es","10":"first","11":"onbackorder","12":"taxable","13":"shipping-taxable","14":"purchasable","15":"product-type-simple"},"_links":{"self":[{"href":"https:\/\/dev.beatrizpalacios.com\/es\/wp-json\/wp\/v2\/product\/25744","targetHints":{"allow":["GET"]}}],"collection":[{"href":"https:\/\/dev.beatrizpalacios.com\/es\/wp-json\/wp\/v2\/product"}],"about":[{"href":"https:\/\/dev.beatrizpalacios.com\/es\/wp-json\/wp\/v2\/types\/product"}],"wp:featuredmedia":[{"embeddable":true,"href":"https:\/\/dev.beatrizpalacios.com\/es\/wp-json\/wp\/v2\/media\/35345"}],"wp:attachment":[{"href":"https:\/\/dev.beatrizpalacios.com\/es\/wp-json\/wp\/v2\/media?parent=25744"}],"wp:term":[{"taxonomy":"product_brand","embeddable":true,"href":"https:\/\/dev.beatrizpalacios.com\/es\/wp-json\/wp\/v2\/product_brand?post=25744"},{"taxonomy":"product_cat","embeddable":true,"href":"https:\/\/dev.beatrizpalacios.com\/es\/wp-json\/wp\/v2\/product_cat?post=25744"},{"taxonomy":"product_tag","embeddable":true,"href":"https:\/\/dev.beatrizpalacios.com\/es\/wp-json\/wp\/v2\/product_tag?post=25744"}],"curies":[{"name":"wp","href":"https:\/\/api.w.org\/{rel}","templated":true}]}}