{"id":27429,"date":"2021-03-30T15:16:32","date_gmt":"2021-03-30T13:18:58","guid":{"rendered":"https:\/\/dev.beatrizpalacios.com\/?post_type=product&#038;p=27429"},"modified":"2025-08-22T21:43:41","modified_gmt":"2025-08-22T19:43:41","slug":"anillo-infinito-grueso","status":"publish","type":"product","link":"https:\/\/dev.beatrizpalacios.com\/es\/product\/anillo-infinito-grueso\/","title":{"rendered":"Anillo infinito grueso"},"content":{"rendered":"<p><img decoding=\"async\" width=\"1920\" height=\"1080\" src=\"https:\/\/dev.beatrizpalacios.com\/wp-content\/uploads\/2021\/03\/thick-infinity-ring-2.jpg\" alt=\"\" loading=\"lazy\" srcset=\"https:\/\/dev.beatrizpalacios.com\/wp-content\/uploads\/2021\/03\/thick-infinity-ring-2.jpg 1920w, https:\/\/dev.beatrizpalacios.com\/wp-content\/uploads\/2021\/03\/thick-infinity-ring-2-300x169.jpg 300w, https:\/\/dev.beatrizpalacios.com\/wp-content\/uploads\/2021\/03\/thick-infinity-ring-2-1024x576.jpg 1024w, https:\/\/dev.beatrizpalacios.com\/wp-content\/uploads\/2021\/03\/thick-infinity-ring-2-768x432.jpg 768w, https:\/\/dev.beatrizpalacios.com\/wp-content\/uploads\/2021\/03\/thick-infinity-ring-2-1536x864.jpg 1536w, https:\/\/dev.beatrizpalacios.com\/wp-content\/uploads\/2021\/03\/thick-infinity-ring-2-590x332.jpg 590w, https:\/\/dev.beatrizpalacios.com\/wp-content\/uploads\/2021\/03\/thick-infinity-ring-2-666x375.jpg 666w\" sizes=\"(max-width: 1920px) 100vw, 1920px\" \/><\/p>\n","protected":false},"excerpt":{"rendered":"<p>Anillo infinito de plata RECICLADA chapada en oro.<br \/>\nRealizado a mano en nuestro taller en Madrid.<br \/>\nHemos desarrolladon tres tallas, que se ajustar\u00e1n en tu dedo \u00edndice, coraz\u00f3n o el anular. No dudes en escribirnos si tienes dudas sobre la talla.<\/p>\n","protected":false},"featured_media":27873,"template":"","meta":[],"product_brand":[],"product_cat":[147],"product_tag":[711,524],"class_list":{"0":"post-27429","1":"product","2":"type-product","3":"status-publish","4":"has-post-thumbnail","6":"product_cat-anillos","7":"product_tag-signature-es","8":"product_tag-sustained-es","10":"first","11":"instock","12":"taxable","13":"shipping-taxable","14":"purchasable","15":"product-type-variable"},"_links":{"self":[{"href":"https:\/\/dev.beatrizpalacios.com\/es\/wp-json\/wp\/v2\/product\/27429","targetHints":{"allow":["GET"]}}],"collection":[{"href":"https:\/\/dev.beatrizpalacios.com\/es\/wp-json\/wp\/v2\/product"}],"about":[{"href":"https:\/\/dev.beatrizpalacios.com\/es\/wp-json\/wp\/v2\/types\/product"}],"wp:featuredmedia":[{"embeddable":true,"href":"https:\/\/dev.beatrizpalacios.com\/es\/wp-json\/wp\/v2\/media\/27873"}],"wp:attachment":[{"href":"https:\/\/dev.beatrizpalacios.com\/es\/wp-json\/wp\/v2\/media?parent=27429"}],"wp:term":[{"taxonomy":"product_brand","embeddable":true,"href":"https:\/\/dev.beatrizpalacios.com\/es\/wp-json\/wp\/v2\/product_brand?post=27429"},{"taxonomy":"product_cat","embeddable":true,"href":"https:\/\/dev.beatrizpalacios.com\/es\/wp-json\/wp\/v2\/product_cat?post=27429"},{"taxonomy":"product_tag","embeddable":true,"href":"https:\/\/dev.beatrizpalacios.com\/es\/wp-json\/wp\/v2\/product_tag?post=27429"}],"curies":[{"name":"wp","href":"https:\/\/api.w.org\/{rel}","templated":true}]}}