{"id":3337,"date":"2019-09-22T18:16:10","date_gmt":"2019-09-22T16:16:10","guid":{"rendered":"http:\/\/178.128.137.31\/pendiente-mano-renacimiento\/"},"modified":"2021-04-02T04:44:23","modified_gmt":"2021-04-02T02:44:23","slug":"pendiente-mano-renacimiento","status":"publish","type":"product","link":"https:\/\/dev.beatrizpalacios.com\/es\/product\/pendiente-mano-renacimiento\/","title":{"rendered":"Pendiente Mano Renacimiento"},"content":{"rendered":"<p><img decoding=\"async\" src=\"https:\/\/dev.beatrizpalacios.com\/wp-content\/uploads\/2019\/09\/renaissance-hand-earring-A.jpg\" title=\"\" alt=\"\" \/><br \/>\n\t\t\t\t\t\t\t\t\t\t<img decoding=\"async\" src=\"https:\/\/dev.beatrizpalacios.com\/wp-content\/uploads\/2019\/09\/renaissance-hand-earring-B-2.jpg\" title=\"\" alt=\"\" \/><br \/>\n\t\t\t\t\t\t\t\t\t\t<img decoding=\"async\" src=\"https:\/\/dev.beatrizpalacios.com\/wp-content\/uploads\/2019\/09\/renaissance-hand-earring-C.jpg\" title=\"\" alt=\"\" \/><\/p>\n","protected":false},"excerpt":{"rendered":"<p>Pendiente con forma de mano renacentista realizada en resina transparente con u\u00f1as en plata chapada ne oro. Se acompa\u00f1a de un aro peque\u00f1o para combinar en la otra oreja.<\/p>\n","protected":false},"featured_media":24978,"template":"","meta":[],"product_brand":[],"product_cat":[143],"product_tag":[529,711],"class_list":{"0":"post-3337","1":"product","2":"type-product","3":"status-publish","4":"has-post-thumbnail","6":"product_cat-pendientes","7":"product_tag-idols-es","8":"product_tag-signature-es","10":"first","11":"outofstock","12":"taxable","13":"shipping-taxable","14":"purchasable","15":"product-type-simple"},"_links":{"self":[{"href":"https:\/\/dev.beatrizpalacios.com\/es\/wp-json\/wp\/v2\/product\/3337","targetHints":{"allow":["GET"]}}],"collection":[{"href":"https:\/\/dev.beatrizpalacios.com\/es\/wp-json\/wp\/v2\/product"}],"about":[{"href":"https:\/\/dev.beatrizpalacios.com\/es\/wp-json\/wp\/v2\/types\/product"}],"wp:featuredmedia":[{"embeddable":true,"href":"https:\/\/dev.beatrizpalacios.com\/es\/wp-json\/wp\/v2\/media\/24978"}],"wp:attachment":[{"href":"https:\/\/dev.beatrizpalacios.com\/es\/wp-json\/wp\/v2\/media?parent=3337"}],"wp:term":[{"taxonomy":"product_brand","embeddable":true,"href":"https:\/\/dev.beatrizpalacios.com\/es\/wp-json\/wp\/v2\/product_brand?post=3337"},{"taxonomy":"product_cat","embeddable":true,"href":"https:\/\/dev.beatrizpalacios.com\/es\/wp-json\/wp\/v2\/product_cat?post=3337"},{"taxonomy":"product_tag","embeddable":true,"href":"https:\/\/dev.beatrizpalacios.com\/es\/wp-json\/wp\/v2\/product_tag?post=3337"}],"curies":[{"name":"wp","href":"https:\/\/api.w.org\/{rel}","templated":true}]}}