{"id":3378,"date":"2019-09-21T11:50:23","date_gmt":"2019-09-21T09:50:23","guid":{"rendered":"http:\/\/178.128.137.31\/anillo-infinito-perla\/"},"modified":"2020-09-16T08:20:11","modified_gmt":"2020-09-16T06:20:11","slug":"anillo-midi-infinito-perla","status":"publish","type":"product","link":"https:\/\/dev.beatrizpalacios.com\/es\/product\/anillo-midi-infinito-perla\/","title":{"rendered":"Anillo Midi Infinito Perla"},"content":{"rendered":"<p><img loading=\"lazy\" decoding=\"async\" src=\"https:\/\/dev.beatrizpalacios.com\/wp-content\/uploads\/2019\/09\/pearl-infinity-ring-a.jpg\" sizes=\"(max-width: 720px) 100vw, 720px\" srcset=\"https:\/\/dev.beatrizpalacios.com\/wp-content\/uploads\/2019\/09\/pearl-infinity-ring-a.jpg 720w, https:\/\/dev.beatrizpalacios.com\/wp-content\/uploads\/2019\/09\/pearl-infinity-ring-a-216x300.jpg 216w, https:\/\/dev.beatrizpalacios.com\/wp-content\/uploads\/2019\/09\/pearl-infinity-ring-a-300x417.jpg 300w, https:\/\/dev.beatrizpalacios.com\/wp-content\/uploads\/2019\/09\/pearl-infinity-ring-a-666x925.jpg 666w\" alt=\"\" width=\"720\" height=\"1000\" \/><br \/>\n<img loading=\"lazy\" decoding=\"async\" src=\"https:\/\/dev.beatrizpalacios.com\/wp-content\/uploads\/2019\/09\/pearl-infinity-ring-c.jpg\" sizes=\"(max-width: 720px) 100vw, 720px\" srcset=\"https:\/\/dev.beatrizpalacios.com\/wp-content\/uploads\/2019\/09\/pearl-infinity-ring-c.jpg 720w, https:\/\/dev.beatrizpalacios.com\/wp-content\/uploads\/2019\/09\/pearl-infinity-ring-c-216x300.jpg 216w, https:\/\/dev.beatrizpalacios.com\/wp-content\/uploads\/2019\/09\/pearl-infinity-ring-c-300x417.jpg 300w, https:\/\/dev.beatrizpalacios.com\/wp-content\/uploads\/2019\/09\/pearl-infinity-ring-c-666x925.jpg 666w\" alt=\"\" width=\"720\" height=\"1000\" \/><br \/>\n<img loading=\"lazy\" decoding=\"async\" src=\"https:\/\/dev.beatrizpalacios.com\/wp-content\/uploads\/2019\/09\/pearl-infinity-ring-b.jpg\" sizes=\"(max-width: 1440px) 100vw, 1440px\" srcset=\"https:\/\/dev.beatrizpalacios.com\/wp-content\/uploads\/2019\/09\/pearl-infinity-ring-b.jpg 1440w, https:\/\/dev.beatrizpalacios.com\/wp-content\/uploads\/2019\/09\/pearl-infinity-ring-b-300x250.jpg 300w, https:\/\/dev.beatrizpalacios.com\/wp-content\/uploads\/2019\/09\/pearl-infinity-ring-b-768x640.jpg 768w, https:\/\/dev.beatrizpalacios.com\/wp-content\/uploads\/2019\/09\/pearl-infinity-ring-b-1024x853.jpg 1024w, https:\/\/dev.beatrizpalacios.com\/wp-content\/uploads\/2019\/09\/pearl-infinity-ring-b-666x555.jpg 666w\" alt=\"\" width=\"1440\" height=\"1200\" \/><\/p>\n","protected":false},"excerpt":{"rendered":"<p>Anillo infinito de plata chapada en oro con una perla de agua dulce.<br \/>\nEl anillo es talla \u00fanica, que se ajustar\u00e1 en tu dedo \u00edndice, coraz\u00f3n o el anular. No dudes en escribirnos si tienes dudas sobre la talla.<\/p>\n","protected":false},"featured_media":25034,"template":"","meta":[],"product_brand":[],"product_cat":[147],"product_tag":[],"class_list":{"0":"post-3378","1":"product","2":"type-product","3":"status-publish","4":"has-post-thumbnail","6":"product_cat-anillos","8":"first","9":"instock","10":"purchasable","11":"product-type-variable"},"_links":{"self":[{"href":"https:\/\/dev.beatrizpalacios.com\/es\/wp-json\/wp\/v2\/product\/3378","targetHints":{"allow":["GET"]}}],"collection":[{"href":"https:\/\/dev.beatrizpalacios.com\/es\/wp-json\/wp\/v2\/product"}],"about":[{"href":"https:\/\/dev.beatrizpalacios.com\/es\/wp-json\/wp\/v2\/types\/product"}],"wp:featuredmedia":[{"embeddable":true,"href":"https:\/\/dev.beatrizpalacios.com\/es\/wp-json\/wp\/v2\/media\/25034"}],"wp:attachment":[{"href":"https:\/\/dev.beatrizpalacios.com\/es\/wp-json\/wp\/v2\/media?parent=3378"}],"wp:term":[{"taxonomy":"product_brand","embeddable":true,"href":"https:\/\/dev.beatrizpalacios.com\/es\/wp-json\/wp\/v2\/product_brand?post=3378"},{"taxonomy":"product_cat","embeddable":true,"href":"https:\/\/dev.beatrizpalacios.com\/es\/wp-json\/wp\/v2\/product_cat?post=3378"},{"taxonomy":"product_tag","embeddable":true,"href":"https:\/\/dev.beatrizpalacios.com\/es\/wp-json\/wp\/v2\/product_tag?post=3378"}],"curies":[{"name":"wp","href":"https:\/\/api.w.org\/{rel}","templated":true}]}}