{"id":3379,"date":"2019-09-21T11:44:33","date_gmt":"2019-09-21T09:44:33","guid":{"rendered":"http:\/\/178.128.137.31\/anillo-infinito-doble-rodio\/"},"modified":"2021-04-02T04:44:27","modified_gmt":"2021-04-02T02:44:27","slug":"anillo-midi-infinito-doble-rodio","status":"publish","type":"product","link":"https:\/\/dev.beatrizpalacios.com\/es\/product\/anillo-midi-infinito-doble-rodio\/","title":{"rendered":"Anillo Midi Infinito Doble Rodio"},"content":{"rendered":"<p><img loading=\"lazy\" decoding=\"async\" width=\"1440\" height=\"1440\" src=\"https:\/\/dev.beatrizpalacios.com\/wp-content\/uploads\/2019\/09\/rhodium-double-infinity-ring-a.jpg\" alt=\"\" srcset=\"https:\/\/dev.beatrizpalacios.com\/wp-content\/uploads\/2019\/09\/rhodium-double-infinity-ring-a.jpg 1440w, https:\/\/dev.beatrizpalacios.com\/wp-content\/uploads\/2019\/09\/rhodium-double-infinity-ring-a-150x150.jpg 150w, https:\/\/dev.beatrizpalacios.com\/wp-content\/uploads\/2019\/09\/rhodium-double-infinity-ring-a-300x300.jpg 300w, https:\/\/dev.beatrizpalacios.com\/wp-content\/uploads\/2019\/09\/rhodium-double-infinity-ring-a-768x768.jpg 768w, https:\/\/dev.beatrizpalacios.com\/wp-content\/uploads\/2019\/09\/rhodium-double-infinity-ring-a-1024x1024.jpg 1024w, https:\/\/dev.beatrizpalacios.com\/wp-content\/uploads\/2019\/09\/rhodium-double-infinity-ring-a-666x666.jpg 666w, https:\/\/dev.beatrizpalacios.com\/wp-content\/uploads\/2019\/09\/rhodium-double-infinity-ring-a-100x100.jpg 100w\" sizes=\"(max-width: 1440px) 100vw, 1440px\" \/><br \/>\n\t\t\t\t\t\t\t\t\t\t<img loading=\"lazy\" decoding=\"async\" width=\"1440\" height=\"1200\" src=\"https:\/\/dev.beatrizpalacios.com\/wp-content\/uploads\/2019\/09\/rhodium-double-infinity-ring-b.jpg\" alt=\"\" srcset=\"https:\/\/dev.beatrizpalacios.com\/wp-content\/uploads\/2019\/09\/rhodium-double-infinity-ring-b.jpg 1440w, https:\/\/dev.beatrizpalacios.com\/wp-content\/uploads\/2019\/09\/rhodium-double-infinity-ring-b-300x250.jpg 300w, https:\/\/dev.beatrizpalacios.com\/wp-content\/uploads\/2019\/09\/rhodium-double-infinity-ring-b-768x640.jpg 768w, https:\/\/dev.beatrizpalacios.com\/wp-content\/uploads\/2019\/09\/rhodium-double-infinity-ring-b-1024x853.jpg 1024w, https:\/\/dev.beatrizpalacios.com\/wp-content\/uploads\/2019\/09\/rhodium-double-infinity-ring-b-666x555.jpg 666w\" sizes=\"(max-width: 1440px) 100vw, 1440px\" \/><\/p>\n","protected":false},"excerpt":{"rendered":"<p>Anillo infinito doble de plata chapada en Rodio.<br \/>\nEl anillo es talla \u00fanica, que se ajustar\u00e1 en tu dedo \u00edndice, coraz\u00f3n o el anular. No dudes en escribirnos si tienes dudas sobre la talla.<\/p>\n","protected":false},"featured_media":25041,"template":"","meta":[],"product_brand":[],"product_cat":[147],"product_tag":[529],"class_list":{"0":"post-3379","1":"product","2":"type-product","3":"status-publish","4":"has-post-thumbnail","6":"product_cat-anillos","7":"product_tag-idols-es","9":"first","10":"instock","11":"taxable","12":"shipping-taxable","13":"purchasable","14":"product-type-simple"},"_links":{"self":[{"href":"https:\/\/dev.beatrizpalacios.com\/es\/wp-json\/wp\/v2\/product\/3379","targetHints":{"allow":["GET"]}}],"collection":[{"href":"https:\/\/dev.beatrizpalacios.com\/es\/wp-json\/wp\/v2\/product"}],"about":[{"href":"https:\/\/dev.beatrizpalacios.com\/es\/wp-json\/wp\/v2\/types\/product"}],"wp:featuredmedia":[{"embeddable":true,"href":"https:\/\/dev.beatrizpalacios.com\/es\/wp-json\/wp\/v2\/media\/25041"}],"wp:attachment":[{"href":"https:\/\/dev.beatrizpalacios.com\/es\/wp-json\/wp\/v2\/media?parent=3379"}],"wp:term":[{"taxonomy":"product_brand","embeddable":true,"href":"https:\/\/dev.beatrizpalacios.com\/es\/wp-json\/wp\/v2\/product_brand?post=3379"},{"taxonomy":"product_cat","embeddable":true,"href":"https:\/\/dev.beatrizpalacios.com\/es\/wp-json\/wp\/v2\/product_cat?post=3379"},{"taxonomy":"product_tag","embeddable":true,"href":"https:\/\/dev.beatrizpalacios.com\/es\/wp-json\/wp\/v2\/product_tag?post=3379"}],"curies":[{"name":"wp","href":"https:\/\/api.w.org\/{rel}","templated":true}]}}