{"id":3396,"date":"2019-02-20T16:58:58","date_gmt":"2019-02-20T15:58:58","guid":{"rendered":"http:\/\/178.128.137.31\/pendiente-blue\/"},"modified":"2021-04-02T04:47:56","modified_gmt":"2021-04-02T02:47:56","slug":"pendiente-rosa-azul","status":"publish","type":"product","link":"https:\/\/dev.beatrizpalacios.com\/es\/product\/pendiente-rosa-azul\/","title":{"rendered":"Pendiente Blue"},"content":{"rendered":"<p><img decoding=\"async\" src=\"https:\/\/dev.beatrizpalacios.com\/wp-content\/uploads\/2019\/02\/blue-earring-a.jpg\" title=\"\" alt=\"\" \/><br \/>\n\t\t\t\t\t\t\t\t\t\t<img decoding=\"async\" src=\"https:\/\/dev.beatrizpalacios.com\/wp-content\/uploads\/2019\/02\/blue-earring-b.jpg\" title=\"\" alt=\"\" \/><br \/>\n\t\t\t\t\t\t\t\t\t\t<img decoding=\"async\" src=\"https:\/\/dev.beatrizpalacios.com\/wp-content\/uploads\/2019\/02\/blue-earring-c.jpg\" title=\"\" alt=\"\" \/><\/p>\n","protected":false},"excerpt":{"rendered":"<p>Pendiente de plata chapada en oro engastado con una rosa natural preservada. Viene acompa\u00f1ado de un pendiente engastado con onix para la otra oreja. La rosa es una rosa natural que ha sido sometida a un proceso de preservaci\u00f3n. Mantenla alejada del agua y gu\u00e1rdala en su caja original cuando no la est\u00e9s usando. De esta manera mantendr\u00e1 sus propiedades durante muchos a\u00f1os.<\/p>\n","protected":false},"featured_media":56955,"template":"","meta":[],"product_brand":[],"product_cat":[143],"product_tag":[530],"class_list":{"0":"post-3396","1":"product","2":"type-product","3":"status-publish","4":"has-post-thumbnail","6":"product_cat-pendientes","7":"product_tag-blue-es","9":"first","10":"instock","11":"taxable","12":"shipping-taxable","13":"purchasable","14":"product-type-simple"},"_links":{"self":[{"href":"https:\/\/dev.beatrizpalacios.com\/es\/wp-json\/wp\/v2\/product\/3396","targetHints":{"allow":["GET"]}}],"collection":[{"href":"https:\/\/dev.beatrizpalacios.com\/es\/wp-json\/wp\/v2\/product"}],"about":[{"href":"https:\/\/dev.beatrizpalacios.com\/es\/wp-json\/wp\/v2\/types\/product"}],"wp:featuredmedia":[{"embeddable":true,"href":"https:\/\/dev.beatrizpalacios.com\/es\/wp-json\/wp\/v2\/media\/56955"}],"wp:attachment":[{"href":"https:\/\/dev.beatrizpalacios.com\/es\/wp-json\/wp\/v2\/media?parent=3396"}],"wp:term":[{"taxonomy":"product_brand","embeddable":true,"href":"https:\/\/dev.beatrizpalacios.com\/es\/wp-json\/wp\/v2\/product_brand?post=3396"},{"taxonomy":"product_cat","embeddable":true,"href":"https:\/\/dev.beatrizpalacios.com\/es\/wp-json\/wp\/v2\/product_cat?post=3396"},{"taxonomy":"product_tag","embeddable":true,"href":"https:\/\/dev.beatrizpalacios.com\/es\/wp-json\/wp\/v2\/product_tag?post=3396"}],"curies":[{"name":"wp","href":"https:\/\/api.w.org\/{rel}","templated":true}]}}