{"id":3406,"date":"2019-02-20T18:19:15","date_gmt":"2019-02-20T17:19:15","guid":{"rendered":"http:\/\/178.128.137.31\/infinito-blue\/"},"modified":"2021-04-02T04:47:55","modified_gmt":"2021-04-02T02:47:55","slug":"anillos-midi-infinito-topacios-azules","status":"publish","type":"product","link":"https:\/\/dev.beatrizpalacios.com\/es\/product\/anillos-midi-infinito-topacios-azules\/","title":{"rendered":"Anillo Infinito Midi Topacios Azules"},"content":{"rendered":"","protected":false},"excerpt":{"rendered":"<p>Anillo infinito de plata chapada en oro engastado con topacios azules.<br \/>\nEl anillo es talla \u00fanica, que se ajustar\u00e1 en tu dedo \u00edndice, coraz\u00f3n o el anular. No dudes en escribirnos si tienes dudas sobre la talla.<\/p>\n","protected":false},"featured_media":25090,"template":"","meta":[],"product_brand":[],"product_cat":[147],"product_tag":[530],"class_list":{"0":"post-3406","1":"product","2":"type-product","3":"status-publish","4":"has-post-thumbnail","6":"product_cat-anillos","7":"product_tag-blue-es","9":"first","10":"instock","11":"taxable","12":"shipping-taxable","13":"purchasable","14":"product-type-simple"},"_links":{"self":[{"href":"https:\/\/dev.beatrizpalacios.com\/es\/wp-json\/wp\/v2\/product\/3406","targetHints":{"allow":["GET"]}}],"collection":[{"href":"https:\/\/dev.beatrizpalacios.com\/es\/wp-json\/wp\/v2\/product"}],"about":[{"href":"https:\/\/dev.beatrizpalacios.com\/es\/wp-json\/wp\/v2\/types\/product"}],"wp:featuredmedia":[{"embeddable":true,"href":"https:\/\/dev.beatrizpalacios.com\/es\/wp-json\/wp\/v2\/media\/25090"}],"wp:attachment":[{"href":"https:\/\/dev.beatrizpalacios.com\/es\/wp-json\/wp\/v2\/media?parent=3406"}],"wp:term":[{"taxonomy":"product_brand","embeddable":true,"href":"https:\/\/dev.beatrizpalacios.com\/es\/wp-json\/wp\/v2\/product_brand?post=3406"},{"taxonomy":"product_cat","embeddable":true,"href":"https:\/\/dev.beatrizpalacios.com\/es\/wp-json\/wp\/v2\/product_cat?post=3406"},{"taxonomy":"product_tag","embeddable":true,"href":"https:\/\/dev.beatrizpalacios.com\/es\/wp-json\/wp\/v2\/product_tag?post=3406"}],"curies":[{"name":"wp","href":"https:\/\/api.w.org\/{rel}","templated":true}]}}