{"id":3442,"date":"2019-02-21T11:48:58","date_gmt":"2019-02-21T10:48:58","guid":{"rendered":"http:\/\/178.128.137.31\/collar-blue\/"},"modified":"2021-04-02T04:46:17","modified_gmt":"2021-04-02T02:46:17","slug":"collar-blue","status":"publish","type":"product","link":"https:\/\/dev.beatrizpalacios.com\/es\/product\/collar-blue\/","title":{"rendered":"Collar Blue"},"content":{"rendered":"<p><img loading=\"lazy\" decoding=\"async\" width=\"1440\" height=\"1440\" src=\"https:\/\/dev.beatrizpalacios.com\/wp-content\/uploads\/2019\/02\/blue-necklace-a.jpg\" alt=\"\" srcset=\"https:\/\/dev.beatrizpalacios.com\/wp-content\/uploads\/2019\/02\/blue-necklace-a.jpg 1440w, https:\/\/dev.beatrizpalacios.com\/wp-content\/uploads\/2019\/02\/blue-necklace-a-150x150.jpg 150w, https:\/\/dev.beatrizpalacios.com\/wp-content\/uploads\/2019\/02\/blue-necklace-a-300x300.jpg 300w, https:\/\/dev.beatrizpalacios.com\/wp-content\/uploads\/2019\/02\/blue-necklace-a-768x768.jpg 768w, https:\/\/dev.beatrizpalacios.com\/wp-content\/uploads\/2019\/02\/blue-necklace-a-1024x1024.jpg 1024w, https:\/\/dev.beatrizpalacios.com\/wp-content\/uploads\/2019\/02\/blue-necklace-a-666x666.jpg 666w, https:\/\/dev.beatrizpalacios.com\/wp-content\/uploads\/2019\/02\/blue-necklace-a-100x100.jpg 100w\" sizes=\"(max-width: 1440px) 100vw, 1440px\" \/><br \/>\n\t\t\t\t\t\t\t\t\t\t<img loading=\"lazy\" decoding=\"async\" width=\"1440\" height=\"1200\" src=\"https:\/\/dev.beatrizpalacios.com\/wp-content\/uploads\/2019\/02\/blue-necklace-b.jpg\" alt=\"\" srcset=\"https:\/\/dev.beatrizpalacios.com\/wp-content\/uploads\/2019\/02\/blue-necklace-b.jpg 1440w, https:\/\/dev.beatrizpalacios.com\/wp-content\/uploads\/2019\/02\/blue-necklace-b-300x250.jpg 300w, https:\/\/dev.beatrizpalacios.com\/wp-content\/uploads\/2019\/02\/blue-necklace-b-768x640.jpg 768w, https:\/\/dev.beatrizpalacios.com\/wp-content\/uploads\/2019\/02\/blue-necklace-b-1024x853.jpg 1024w, https:\/\/dev.beatrizpalacios.com\/wp-content\/uploads\/2019\/02\/blue-necklace-b-666x555.jpg 666w\" sizes=\"(max-width: 1440px) 100vw, 1440px\" \/><\/p>\n","protected":false},"excerpt":{"rendered":"<p>Collar de plata chapada en oro engastado con una rosa natural preservada y onix. La rosa es una rosa natural que ha sido sometida a un proceso de preservaci\u00f3n. Mantenla alejada del agua y gu\u00e1rdala en su caja original cuando no la est\u00e9s usando. De esta manera mantendr\u00e1 sus propiedades durante muchos a\u00f1os.<\/p>\n","protected":false},"featured_media":56961,"template":"","meta":[],"product_brand":[],"product_cat":[146],"product_tag":[530],"class_list":{"0":"post-3442","1":"product","2":"type-product","3":"status-publish","4":"has-post-thumbnail","6":"product_cat-collares","7":"product_tag-blue-es","9":"first","10":"instock","11":"purchasable","12":"product-type-variable"},"_links":{"self":[{"href":"https:\/\/dev.beatrizpalacios.com\/es\/wp-json\/wp\/v2\/product\/3442","targetHints":{"allow":["GET"]}}],"collection":[{"href":"https:\/\/dev.beatrizpalacios.com\/es\/wp-json\/wp\/v2\/product"}],"about":[{"href":"https:\/\/dev.beatrizpalacios.com\/es\/wp-json\/wp\/v2\/types\/product"}],"wp:featuredmedia":[{"embeddable":true,"href":"https:\/\/dev.beatrizpalacios.com\/es\/wp-json\/wp\/v2\/media\/56961"}],"wp:attachment":[{"href":"https:\/\/dev.beatrizpalacios.com\/es\/wp-json\/wp\/v2\/media?parent=3442"}],"wp:term":[{"taxonomy":"product_brand","embeddable":true,"href":"https:\/\/dev.beatrizpalacios.com\/es\/wp-json\/wp\/v2\/product_brand?post=3442"},{"taxonomy":"product_cat","embeddable":true,"href":"https:\/\/dev.beatrizpalacios.com\/es\/wp-json\/wp\/v2\/product_cat?post=3442"},{"taxonomy":"product_tag","embeddable":true,"href":"https:\/\/dev.beatrizpalacios.com\/es\/wp-json\/wp\/v2\/product_tag?post=3442"}],"curies":[{"name":"wp","href":"https:\/\/api.w.org\/{rel}","templated":true}]}}