{"id":3558,"date":"2018-02-27T19:48:24","date_gmt":"2018-02-27T18:48:24","guid":{"rendered":"http:\/\/178.128.137.31\/articulated-pearls\/"},"modified":"2021-04-02T04:52:42","modified_gmt":"2021-04-02T02:52:42","slug":"articulated-pearls","status":"publish","type":"product","link":"https:\/\/dev.beatrizpalacios.com\/es\/product\/articulated-pearls\/","title":{"rendered":"Articulated pearls"},"content":{"rendered":"<p><img loading=\"lazy\" decoding=\"async\" width=\"1440\" height=\"1440\" src=\"https:\/\/dev.beatrizpalacios.com\/wp-content\/uploads\/2018\/02\/rings-articulated-pearls-a.jpg\" alt=\"\" srcset=\"https:\/\/dev.beatrizpalacios.com\/wp-content\/uploads\/2018\/02\/rings-articulated-pearls-a.jpg 1440w, https:\/\/dev.beatrizpalacios.com\/wp-content\/uploads\/2018\/02\/rings-articulated-pearls-a-150x150.jpg 150w, https:\/\/dev.beatrizpalacios.com\/wp-content\/uploads\/2018\/02\/rings-articulated-pearls-a-300x300.jpg 300w, https:\/\/dev.beatrizpalacios.com\/wp-content\/uploads\/2018\/02\/rings-articulated-pearls-a-768x768.jpg 768w, https:\/\/dev.beatrizpalacios.com\/wp-content\/uploads\/2018\/02\/rings-articulated-pearls-a-1024x1024.jpg 1024w, https:\/\/dev.beatrizpalacios.com\/wp-content\/uploads\/2018\/02\/rings-articulated-pearls-a-666x666.jpg 666w, https:\/\/dev.beatrizpalacios.com\/wp-content\/uploads\/2018\/02\/rings-articulated-pearls-a-100x100.jpg 100w\" sizes=\"(max-width: 1440px) 100vw, 1440px\" \/><br \/>\n\t\t\t\t\t\t\t\t\t\t<img loading=\"lazy\" decoding=\"async\" width=\"1440\" height=\"1200\" src=\"https:\/\/dev.beatrizpalacios.com\/wp-content\/uploads\/2018\/02\/rings-articulated-pearls-b.jpg\" alt=\"\" srcset=\"https:\/\/dev.beatrizpalacios.com\/wp-content\/uploads\/2018\/02\/rings-articulated-pearls-b.jpg 1440w, https:\/\/dev.beatrizpalacios.com\/wp-content\/uploads\/2018\/02\/rings-articulated-pearls-b-300x250.jpg 300w, https:\/\/dev.beatrizpalacios.com\/wp-content\/uploads\/2018\/02\/rings-articulated-pearls-b-768x640.jpg 768w, https:\/\/dev.beatrizpalacios.com\/wp-content\/uploads\/2018\/02\/rings-articulated-pearls-b-1024x853.jpg 1024w, https:\/\/dev.beatrizpalacios.com\/wp-content\/uploads\/2018\/02\/rings-articulated-pearls-b-666x555.jpg 666w\" sizes=\"(max-width: 1440px) 100vw, 1440px\" \/><\/p>\n","protected":false},"excerpt":{"rendered":"<p>Anillo articulado de plata chapada en oro con perlas de agua dulce.<br \/>\nEl anillo es talla \u00fanica (Talla17), que se ajustar\u00e1 en tu dedo \u00edndice, coraz\u00f3n o el anular. No dudes en escribirnos si tienes dudas sobre la talla.<br \/>\nExiste la opci\u00f3n de comprar este anillo en oro de 18 k. En este caso, necesitaremos 2 semanas para hac\u00e9rtelo.<\/p>\n","protected":false},"featured_media":14937,"template":"","meta":[],"product_brand":[],"product_cat":[147],"product_tag":[532],"class_list":{"0":"post-3558","1":"product","2":"type-product","3":"status-publish","4":"has-post-thumbnail","6":"product_cat-anillos","7":"product_tag-daisy-es","9":"first","10":"instock","11":"taxable","12":"shipping-taxable","13":"purchasable","14":"product-type-simple"},"_links":{"self":[{"href":"https:\/\/dev.beatrizpalacios.com\/es\/wp-json\/wp\/v2\/product\/3558","targetHints":{"allow":["GET"]}}],"collection":[{"href":"https:\/\/dev.beatrizpalacios.com\/es\/wp-json\/wp\/v2\/product"}],"about":[{"href":"https:\/\/dev.beatrizpalacios.com\/es\/wp-json\/wp\/v2\/types\/product"}],"wp:featuredmedia":[{"embeddable":true,"href":"https:\/\/dev.beatrizpalacios.com\/es\/wp-json\/wp\/v2\/media\/14937"}],"wp:attachment":[{"href":"https:\/\/dev.beatrizpalacios.com\/es\/wp-json\/wp\/v2\/media?parent=3558"}],"wp:term":[{"taxonomy":"product_brand","embeddable":true,"href":"https:\/\/dev.beatrizpalacios.com\/es\/wp-json\/wp\/v2\/product_brand?post=3558"},{"taxonomy":"product_cat","embeddable":true,"href":"https:\/\/dev.beatrizpalacios.com\/es\/wp-json\/wp\/v2\/product_cat?post=3558"},{"taxonomy":"product_tag","embeddable":true,"href":"https:\/\/dev.beatrizpalacios.com\/es\/wp-json\/wp\/v2\/product_tag?post=3558"}],"curies":[{"name":"wp","href":"https:\/\/api.w.org\/{rel}","templated":true}]}}