{"id":37983,"date":"2022-08-26T12:00:54","date_gmt":"2022-08-26T10:03:24","guid":{"rendered":"https:\/\/dev.beatrizpalacios.com\/?post_type=product&#038;p=37983"},"modified":"2023-03-06T10:54:46","modified_gmt":"2023-03-06T09:54:46","slug":"cadena-oval-cierre-perlas","status":"publish","type":"product","link":"https:\/\/dev.beatrizpalacios.com\/es\/product\/cadena-oval-cierre-perlas\/","title":{"rendered":"Cadena Oval Cierre Perlas"},"content":{"rendered":"<p><img loading=\"lazy\" decoding=\"async\" src=\"https:\/\/dev.beatrizpalacios.com\/wp-content\/uploads\/2022\/08\/Pierced-Pearls-Large-Chain-Necklace-4.jpg\" sizes=\"(max-width: 1280px) 100vw, 1280px\" srcset=\"https:\/\/dev.beatrizpalacios.com\/wp-content\/uploads\/2022\/08\/Pierced-Pearls-Large-Chain-Necklace-4.jpg 1280w, https:\/\/dev.beatrizpalacios.com\/wp-content\/uploads\/2022\/08\/Pierced-Pearls-Large-Chain-Necklace-4-300x300.jpg 300w, https:\/\/dev.beatrizpalacios.com\/wp-content\/uploads\/2022\/08\/Pierced-Pearls-Large-Chain-Necklace-4-1024x1024.jpg 1024w, https:\/\/dev.beatrizpalacios.com\/wp-content\/uploads\/2022\/08\/Pierced-Pearls-Large-Chain-Necklace-4-150x150.jpg 150w, https:\/\/dev.beatrizpalacios.com\/wp-content\/uploads\/2022\/08\/Pierced-Pearls-Large-Chain-Necklace-4-768x768.jpg 768w, https:\/\/dev.beatrizpalacios.com\/wp-content\/uploads\/2022\/08\/Pierced-Pearls-Large-Chain-Necklace-4-590x590.jpg 590w, https:\/\/dev.beatrizpalacios.com\/wp-content\/uploads\/2022\/08\/Pierced-Pearls-Large-Chain-Necklace-4-666x666.jpg 666w, https:\/\/dev.beatrizpalacios.com\/wp-content\/uploads\/2022\/08\/Pierced-Pearls-Large-Chain-Necklace-4-100x100.jpg 100w\" alt=\"\" width=\"1280\" height=\"1280\" \/><br \/>\n<img loading=\"lazy\" decoding=\"async\" src=\"https:\/\/dev.beatrizpalacios.com\/wp-content\/uploads\/2022\/08\/Pierced-Pearls-Large-Chain-Necklace-3.jpg\" sizes=\"(max-width: 1280px) 100vw, 1280px\" srcset=\"https:\/\/dev.beatrizpalacios.com\/wp-content\/uploads\/2022\/08\/Pierced-Pearls-Large-Chain-Necklace-3.jpg 1280w, https:\/\/dev.beatrizpalacios.com\/wp-content\/uploads\/2022\/08\/Pierced-Pearls-Large-Chain-Necklace-3-300x300.jpg 300w, https:\/\/dev.beatrizpalacios.com\/wp-content\/uploads\/2022\/08\/Pierced-Pearls-Large-Chain-Necklace-3-1024x1024.jpg 1024w, https:\/\/dev.beatrizpalacios.com\/wp-content\/uploads\/2022\/08\/Pierced-Pearls-Large-Chain-Necklace-3-150x150.jpg 150w, https:\/\/dev.beatrizpalacios.com\/wp-content\/uploads\/2022\/08\/Pierced-Pearls-Large-Chain-Necklace-3-768x768.jpg 768w, https:\/\/dev.beatrizpalacios.com\/wp-content\/uploads\/2022\/08\/Pierced-Pearls-Large-Chain-Necklace-3-590x590.jpg 590w, https:\/\/dev.beatrizpalacios.com\/wp-content\/uploads\/2022\/08\/Pierced-Pearls-Large-Chain-Necklace-3-666x666.jpg 666w, https:\/\/dev.beatrizpalacios.com\/wp-content\/uploads\/2022\/08\/Pierced-Pearls-Large-Chain-Necklace-3-100x100.jpg 100w\" alt=\"\" width=\"1280\" height=\"1280\" \/><br \/>\n<img loading=\"lazy\" decoding=\"async\" src=\"https:\/\/dev.beatrizpalacios.com\/wp-content\/uploads\/2022\/08\/Large-Pearls-Piercing-3.jpg\" sizes=\"(max-width: 1280px) 100vw, 1280px\" srcset=\"https:\/\/dev.beatrizpalacios.com\/wp-content\/uploads\/2022\/08\/Large-Pearls-Piercing-3.jpg 1280w, https:\/\/dev.beatrizpalacios.com\/wp-content\/uploads\/2022\/08\/Large-Pearls-Piercing-3-300x300.jpg 300w, https:\/\/dev.beatrizpalacios.com\/wp-content\/uploads\/2022\/08\/Large-Pearls-Piercing-3-1024x1024.jpg 1024w, https:\/\/dev.beatrizpalacios.com\/wp-content\/uploads\/2022\/08\/Large-Pearls-Piercing-3-150x150.jpg 150w, https:\/\/dev.beatrizpalacios.com\/wp-content\/uploads\/2022\/08\/Large-Pearls-Piercing-3-768x768.jpg 768w, https:\/\/dev.beatrizpalacios.com\/wp-content\/uploads\/2022\/08\/Large-Pearls-Piercing-3-590x590.jpg 590w, https:\/\/dev.beatrizpalacios.com\/wp-content\/uploads\/2022\/08\/Large-Pearls-Piercing-3-666x666.jpg 666w, https:\/\/dev.beatrizpalacios.com\/wp-content\/uploads\/2022\/08\/Large-Pearls-Piercing-3-100x100.jpg 100w\" alt=\"\" width=\"1280\" height=\"1280\" \/><\/p>\n","protected":false},"excerpt":{"rendered":"<p>Collar de eslabones ovales en plata chapada en oro y con cierre de dos perlas de agua dulce ovaladas. El cierre puede utilizarse de manera independiente como pendiente y el collar puede ser utilizado como pulsera doble. Esta pieza es parte de nuestra colecci\u00f3n SELF, en la que hemos creado piezas con m\u00faltiples usos para t\u00fa decidas c\u00f3mo quieres llevarla en diferentes momentos.<br \/>\nRealizado a mano en nuestro taller de Madrid.<br \/>\nPodemos producir cualquier talla. Si no encuentras la tuya o est\u00e1 agotada, no dudes en ponerte en contacto con nosotros por correo a info@beatrizpalacios.es. Estaremos encantados de ayudarte.<\/p>\n","protected":false},"featured_media":38318,"template":"","meta":[],"product_brand":[],"product_cat":[146],"product_tag":[602],"class_list":{"0":"post-37983","1":"product","2":"type-product","3":"status-publish","4":"has-post-thumbnail","6":"product_cat-collares","7":"product_tag-self-es","9":"first","10":"instock","11":"taxable","12":"shipping-taxable","13":"purchasable","14":"product-type-variable"},"_links":{"self":[{"href":"https:\/\/dev.beatrizpalacios.com\/es\/wp-json\/wp\/v2\/product\/37983","targetHints":{"allow":["GET"]}}],"collection":[{"href":"https:\/\/dev.beatrizpalacios.com\/es\/wp-json\/wp\/v2\/product"}],"about":[{"href":"https:\/\/dev.beatrizpalacios.com\/es\/wp-json\/wp\/v2\/types\/product"}],"wp:featuredmedia":[{"embeddable":true,"href":"https:\/\/dev.beatrizpalacios.com\/es\/wp-json\/wp\/v2\/media\/38318"}],"wp:attachment":[{"href":"https:\/\/dev.beatrizpalacios.com\/es\/wp-json\/wp\/v2\/media?parent=37983"}],"wp:term":[{"taxonomy":"product_brand","embeddable":true,"href":"https:\/\/dev.beatrizpalacios.com\/es\/wp-json\/wp\/v2\/product_brand?post=37983"},{"taxonomy":"product_cat","embeddable":true,"href":"https:\/\/dev.beatrizpalacios.com\/es\/wp-json\/wp\/v2\/product_cat?post=37983"},{"taxonomy":"product_tag","embeddable":true,"href":"https:\/\/dev.beatrizpalacios.com\/es\/wp-json\/wp\/v2\/product_tag?post=37983"}],"curies":[{"name":"wp","href":"https:\/\/api.w.org\/{rel}","templated":true}]}}