{"id":37991,"date":"2022-08-26T12:00:54","date_gmt":"2022-08-26T10:03:24","guid":{"rendered":"https:\/\/dev.beatrizpalacios.com\/?post_type=product&#038;p=37991"},"modified":"2023-01-19T16:59:20","modified_gmt":"2023-01-19T15:59:20","slug":"pulsera-oval-cierre-perlas","status":"publish","type":"product","link":"https:\/\/dev.beatrizpalacios.com\/es\/product\/pulsera-oval-cierre-perlas\/","title":{"rendered":"Pulsera Oval Cierre Perlas"},"content":{"rendered":"<p><img loading=\"lazy\" decoding=\"async\" src=\"https:\/\/dev.beatrizpalacios.com\/wp-content\/uploads\/2022\/08\/Z01a-SELFll.jpg\" sizes=\"(max-width: 2400px) 100vw, 2400px\" srcset=\"https:\/\/dev.beatrizpalacios.com\/wp-content\/uploads\/2022\/08\/Z01a-SELFll.jpg 2400w, https:\/\/dev.beatrizpalacios.com\/wp-content\/uploads\/2022\/08\/Z01a-SELFll-300x200.jpg 300w, https:\/\/dev.beatrizpalacios.com\/wp-content\/uploads\/2022\/08\/Z01a-SELFll-1024x683.jpg 1024w, https:\/\/dev.beatrizpalacios.com\/wp-content\/uploads\/2022\/08\/Z01a-SELFll-768x512.jpg 768w, https:\/\/dev.beatrizpalacios.com\/wp-content\/uploads\/2022\/08\/Z01a-SELFll-1536x1024.jpg 1536w, https:\/\/dev.beatrizpalacios.com\/wp-content\/uploads\/2022\/08\/Z01a-SELFll-2048x1365.jpg 2048w, https:\/\/dev.beatrizpalacios.com\/wp-content\/uploads\/2022\/08\/Z01a-SELFll-590x393.jpg 590w, https:\/\/dev.beatrizpalacios.com\/wp-content\/uploads\/2022\/08\/Z01a-SELFll-666x444.jpg 666w\" alt=\"\" width=\"2400\" height=\"1600\" \/><br \/>\n<img loading=\"lazy\" decoding=\"async\" src=\"https:\/\/dev.beatrizpalacios.com\/wp-content\/uploads\/2022\/08\/Pierced-Chain-Bracelet-Pearls-7.jpg\" sizes=\"(max-width: 1080px) 100vw, 1080px\" srcset=\"https:\/\/dev.beatrizpalacios.com\/wp-content\/uploads\/2022\/08\/Pierced-Chain-Bracelet-Pearls-7.jpg 1080w, https:\/\/dev.beatrizpalacios.com\/wp-content\/uploads\/2022\/08\/Pierced-Chain-Bracelet-Pearls-7-214x300.jpg 214w, https:\/\/dev.beatrizpalacios.com\/wp-content\/uploads\/2022\/08\/Pierced-Chain-Bracelet-Pearls-7-731x1024.jpg 731w, https:\/\/dev.beatrizpalacios.com\/wp-content\/uploads\/2022\/08\/Pierced-Chain-Bracelet-Pearls-7-768x1075.jpg 768w, https:\/\/dev.beatrizpalacios.com\/wp-content\/uploads\/2022\/08\/Pierced-Chain-Bracelet-Pearls-7-590x826.jpg 590w, https:\/\/dev.beatrizpalacios.com\/wp-content\/uploads\/2022\/08\/Pierced-Chain-Bracelet-Pearls-7-666x932.jpg 666w\" alt=\"\" width=\"1080\" height=\"1512\" \/><br \/>\n<img loading=\"lazy\" decoding=\"async\" src=\"https:\/\/dev.beatrizpalacios.com\/wp-content\/uploads\/2022\/08\/Pierced-Chain-Bracelet-Pearls-6.jpg\" sizes=\"(max-width: 1080px) 100vw, 1080px\" srcset=\"https:\/\/dev.beatrizpalacios.com\/wp-content\/uploads\/2022\/08\/Pierced-Chain-Bracelet-Pearls-6.jpg 1080w, https:\/\/dev.beatrizpalacios.com\/wp-content\/uploads\/2022\/08\/Pierced-Chain-Bracelet-Pearls-6-214x300.jpg 214w, https:\/\/dev.beatrizpalacios.com\/wp-content\/uploads\/2022\/08\/Pierced-Chain-Bracelet-Pearls-6-731x1024.jpg 731w, https:\/\/dev.beatrizpalacios.com\/wp-content\/uploads\/2022\/08\/Pierced-Chain-Bracelet-Pearls-6-768x1075.jpg 768w, https:\/\/dev.beatrizpalacios.com\/wp-content\/uploads\/2022\/08\/Pierced-Chain-Bracelet-Pearls-6-590x826.jpg 590w, https:\/\/dev.beatrizpalacios.com\/wp-content\/uploads\/2022\/08\/Pierced-Chain-Bracelet-Pearls-6-666x932.jpg 666w\" alt=\"\" width=\"1080\" height=\"1512\" \/><\/p>\n","protected":false},"excerpt":{"rendered":"<p>Pulsera de eslabones ovales en plata chapada en oro y con cierre de dos perlas de agua dulce ovaladas. El cierre puede utilizarse de manera independiente como pendiente con o sin la cadena. Esta pieza es parte de nuestra colecci\u00f3n SELF, en la que hemos creado piezas con m\u00faltiples usos para t\u00fa decidas c\u00f3mo quieres llevarla en diferentes momentos.<br \/>\nRealizado a mano en nuestro taller de Madrid.<br \/>\nPodemos producir cualquier talla. Si no encuentras la tuya o est\u00e1 agotada, no dudes en ponerte en contacto con nosotros por correo a info@beatrizpalacios.es. Estaremos encantados de ayudarte.<\/p>\n","protected":false},"featured_media":38296,"template":"","meta":[],"product_brand":[],"product_cat":[140],"product_tag":[602],"class_list":{"0":"post-37991","1":"product","2":"type-product","3":"status-publish","4":"has-post-thumbnail","6":"product_cat-pulseras","7":"product_tag-self-es","9":"first","10":"instock","11":"taxable","12":"shipping-taxable","13":"purchasable","14":"product-type-variable"},"_links":{"self":[{"href":"https:\/\/dev.beatrizpalacios.com\/es\/wp-json\/wp\/v2\/product\/37991","targetHints":{"allow":["GET"]}}],"collection":[{"href":"https:\/\/dev.beatrizpalacios.com\/es\/wp-json\/wp\/v2\/product"}],"about":[{"href":"https:\/\/dev.beatrizpalacios.com\/es\/wp-json\/wp\/v2\/types\/product"}],"wp:featuredmedia":[{"embeddable":true,"href":"https:\/\/dev.beatrizpalacios.com\/es\/wp-json\/wp\/v2\/media\/38296"}],"wp:attachment":[{"href":"https:\/\/dev.beatrizpalacios.com\/es\/wp-json\/wp\/v2\/media?parent=37991"}],"wp:term":[{"taxonomy":"product_brand","embeddable":true,"href":"https:\/\/dev.beatrizpalacios.com\/es\/wp-json\/wp\/v2\/product_brand?post=37991"},{"taxonomy":"product_cat","embeddable":true,"href":"https:\/\/dev.beatrizpalacios.com\/es\/wp-json\/wp\/v2\/product_cat?post=37991"},{"taxonomy":"product_tag","embeddable":true,"href":"https:\/\/dev.beatrizpalacios.com\/es\/wp-json\/wp\/v2\/product_tag?post=37991"}],"curies":[{"name":"wp","href":"https:\/\/api.w.org\/{rel}","templated":true}]}}