{"id":38001,"date":"2022-08-26T12:01:26","date_gmt":"2022-08-26T10:03:47","guid":{"rendered":"https:\/\/dev.beatrizpalacios.com\/?post_type=product&#038;p=38001"},"modified":"2023-03-06T10:55:11","modified_gmt":"2023-03-06T09:55:11","slug":"cadena-oval-fina-cierre-perlas","status":"publish","type":"product","link":"https:\/\/dev.beatrizpalacios.com\/es\/product\/cadena-oval-fina-cierre-perlas\/","title":{"rendered":"Cadena Oval Fina Cierre Perlas"},"content":{"rendered":"<p><img loading=\"lazy\" decoding=\"async\" src=\"https:\/\/dev.beatrizpalacios.com\/wp-content\/uploads\/2022\/08\/Pierced-Chain-Necklace-Pearls-1.jpg\" sizes=\"(max-width: 1080px) 100vw, 1080px\" srcset=\"https:\/\/dev.beatrizpalacios.com\/wp-content\/uploads\/2022\/08\/Pierced-Chain-Necklace-Pearls-1.jpg 1080w, https:\/\/dev.beatrizpalacios.com\/wp-content\/uploads\/2022\/08\/Pierced-Chain-Necklace-Pearls-1-214x300.jpg 214w, https:\/\/dev.beatrizpalacios.com\/wp-content\/uploads\/2022\/08\/Pierced-Chain-Necklace-Pearls-1-731x1024.jpg 731w, https:\/\/dev.beatrizpalacios.com\/wp-content\/uploads\/2022\/08\/Pierced-Chain-Necklace-Pearls-1-768x1075.jpg 768w, https:\/\/dev.beatrizpalacios.com\/wp-content\/uploads\/2022\/08\/Pierced-Chain-Necklace-Pearls-1-590x826.jpg 590w, https:\/\/dev.beatrizpalacios.com\/wp-content\/uploads\/2022\/08\/Pierced-Chain-Necklace-Pearls-1-666x932.jpg 666w\" alt=\"Pierced Chain Necklace Pearls\" width=\"1080\" height=\"1512\" \/><br \/>\n<img loading=\"lazy\" decoding=\"async\" src=\"https:\/\/dev.beatrizpalacios.com\/wp-content\/uploads\/2022\/08\/Pierced-Chain-Necklace-Pearls-2.jpg\" sizes=\"(max-width: 1080px) 100vw, 1080px\" srcset=\"https:\/\/dev.beatrizpalacios.com\/wp-content\/uploads\/2022\/08\/Pierced-Chain-Necklace-Pearls-2.jpg 1080w, https:\/\/dev.beatrizpalacios.com\/wp-content\/uploads\/2022\/08\/Pierced-Chain-Necklace-Pearls-2-214x300.jpg 214w, https:\/\/dev.beatrizpalacios.com\/wp-content\/uploads\/2022\/08\/Pierced-Chain-Necklace-Pearls-2-731x1024.jpg 731w, https:\/\/dev.beatrizpalacios.com\/wp-content\/uploads\/2022\/08\/Pierced-Chain-Necklace-Pearls-2-768x1075.jpg 768w, https:\/\/dev.beatrizpalacios.com\/wp-content\/uploads\/2022\/08\/Pierced-Chain-Necklace-Pearls-2-590x826.jpg 590w, https:\/\/dev.beatrizpalacios.com\/wp-content\/uploads\/2022\/08\/Pierced-Chain-Necklace-Pearls-2-666x932.jpg 666w\" alt=\"Pierced Chain Necklace Pearls\" width=\"1080\" height=\"1512\" \/><br \/>\n<img loading=\"lazy\" decoding=\"async\" src=\"https:\/\/dev.beatrizpalacios.com\/wp-content\/uploads\/2022\/08\/Pearls-Piercing-3.jpg\" sizes=\"(max-width: 1920px) 100vw, 1920px\" srcset=\"https:\/\/dev.beatrizpalacios.com\/wp-content\/uploads\/2022\/08\/Pearls-Piercing-3.jpg 1920w, https:\/\/dev.beatrizpalacios.com\/wp-content\/uploads\/2022\/08\/Pearls-Piercing-3-300x169.jpg 300w, https:\/\/dev.beatrizpalacios.com\/wp-content\/uploads\/2022\/08\/Pearls-Piercing-3-1024x576.jpg 1024w, https:\/\/dev.beatrizpalacios.com\/wp-content\/uploads\/2022\/08\/Pearls-Piercing-3-768x432.jpg 768w, https:\/\/dev.beatrizpalacios.com\/wp-content\/uploads\/2022\/08\/Pearls-Piercing-3-1536x864.jpg 1536w, https:\/\/dev.beatrizpalacios.com\/wp-content\/uploads\/2022\/08\/Pearls-Piercing-3-590x332.jpg 590w, https:\/\/dev.beatrizpalacios.com\/wp-content\/uploads\/2022\/08\/Pearls-Piercing-3-666x375.jpg 666w\" alt=\"\" width=\"1920\" height=\"1080\" \/><\/p>\n","protected":false},"excerpt":{"rendered":"<p>Collar de eslabones ovales en plata chapada en oro y con cierre de dos perlas de agua dulce. El cierre puede utilizarse de manera independiente como pendiente y el collar puede ser utilizado como pulsera doble. Esta pieza es parte de nuestra colecci\u00f3n SELF, en la que hemos creado piezas con m\u00faltiples usos para t\u00fa decidas c\u00f3mo quieres llevarla en diferentes momentos.<br \/>\nRealizado a mano en nuestro taller de Madrid.<br \/>\nPodemos producir cualquier talla. Si no encuentras la tuya o est\u00e1 agotada, no dudes en ponerte en contacto con nosotros por correo a info@beatrizpalacios.es. Estaremos encantados de ayudarte.<\/p>\n","protected":false},"featured_media":38441,"template":"","meta":[],"product_brand":[],"product_cat":[146],"product_tag":[602],"class_list":{"0":"post-38001","1":"product","2":"type-product","3":"status-publish","4":"has-post-thumbnail","6":"product_cat-collares","7":"product_tag-self-es","9":"first","10":"instock","11":"taxable","12":"shipping-taxable","13":"purchasable","14":"product-type-variable"},"_links":{"self":[{"href":"https:\/\/dev.beatrizpalacios.com\/es\/wp-json\/wp\/v2\/product\/38001","targetHints":{"allow":["GET"]}}],"collection":[{"href":"https:\/\/dev.beatrizpalacios.com\/es\/wp-json\/wp\/v2\/product"}],"about":[{"href":"https:\/\/dev.beatrizpalacios.com\/es\/wp-json\/wp\/v2\/types\/product"}],"wp:featuredmedia":[{"embeddable":true,"href":"https:\/\/dev.beatrizpalacios.com\/es\/wp-json\/wp\/v2\/media\/38441"}],"wp:attachment":[{"href":"https:\/\/dev.beatrizpalacios.com\/es\/wp-json\/wp\/v2\/media?parent=38001"}],"wp:term":[{"taxonomy":"product_brand","embeddable":true,"href":"https:\/\/dev.beatrizpalacios.com\/es\/wp-json\/wp\/v2\/product_brand?post=38001"},{"taxonomy":"product_cat","embeddable":true,"href":"https:\/\/dev.beatrizpalacios.com\/es\/wp-json\/wp\/v2\/product_cat?post=38001"},{"taxonomy":"product_tag","embeddable":true,"href":"https:\/\/dev.beatrizpalacios.com\/es\/wp-json\/wp\/v2\/product_tag?post=38001"}],"curies":[{"name":"wp","href":"https:\/\/api.w.org\/{rel}","templated":true}]}}