{"id":41431,"date":"2023-02-23T14:44:09","date_gmt":"2023-02-23T14:02:26","guid":{"rendered":"https:\/\/dev.beatrizpalacios.com\/?post_type=product&#038;p=41431"},"modified":"2023-05-31T12:34:23","modified_gmt":"2023-05-31T10:34:23","slug":"collar-venda-perlas","status":"publish","type":"product","link":"https:\/\/dev.beatrizpalacios.com\/es\/product\/collar-venda-perlas\/","title":{"rendered":"Collar Venda Perlas"},"content":{"rendered":"<p><img decoding=\"async\" width=\"768\" height=\"1024\" src=\"https:\/\/dev.beatrizpalacios.com\/wp-content\/uploads\/2023\/02\/bandage-pearls-necklace-1.jpg\" alt=\"\" loading=\"lazy\" srcset=\"https:\/\/dev.beatrizpalacios.com\/wp-content\/uploads\/2023\/02\/bandage-pearls-necklace-1.jpg 768w, https:\/\/dev.beatrizpalacios.com\/wp-content\/uploads\/2023\/02\/bandage-pearls-necklace-1-225x300.jpg 225w, https:\/\/dev.beatrizpalacios.com\/wp-content\/uploads\/2023\/02\/bandage-pearls-necklace-1-590x787.jpg 590w, https:\/\/dev.beatrizpalacios.com\/wp-content\/uploads\/2023\/02\/bandage-pearls-necklace-1-666x888.jpg 666w\" sizes=\"(max-width: 768px) 100vw, 768px\" \/><br \/>\n\t\t\t\t\t\t\t\t\t\t\t\t\t\t\t<img decoding=\"async\" width=\"768\" height=\"1024\" src=\"https:\/\/dev.beatrizpalacios.com\/wp-content\/uploads\/2023\/02\/bandage-pearls-necklace-2.jpg\" alt=\"\" loading=\"lazy\" srcset=\"https:\/\/dev.beatrizpalacios.com\/wp-content\/uploads\/2023\/02\/bandage-pearls-necklace-2.jpg 768w, https:\/\/dev.beatrizpalacios.com\/wp-content\/uploads\/2023\/02\/bandage-pearls-necklace-2-225x300.jpg 225w, https:\/\/dev.beatrizpalacios.com\/wp-content\/uploads\/2023\/02\/bandage-pearls-necklace-2-590x787.jpg 590w, https:\/\/dev.beatrizpalacios.com\/wp-content\/uploads\/2023\/02\/bandage-pearls-necklace-2-666x888.jpg 666w\" sizes=\"(max-width: 768px) 100vw, 768px\" \/><br \/>\n\t\t\t\t\t\t\t\t\t\t\t\t\t\t\t<img decoding=\"async\" width=\"768\" height=\"1024\" src=\"https:\/\/dev.beatrizpalacios.com\/wp-content\/uploads\/2023\/02\/pearls-piercing-xl-1.jpg\" alt=\"\" loading=\"lazy\" srcset=\"https:\/\/dev.beatrizpalacios.com\/wp-content\/uploads\/2023\/02\/pearls-piercing-xl-1.jpg 768w, https:\/\/dev.beatrizpalacios.com\/wp-content\/uploads\/2023\/02\/pearls-piercing-xl-1-225x300.jpg 225w, https:\/\/dev.beatrizpalacios.com\/wp-content\/uploads\/2023\/02\/pearls-piercing-xl-1-590x787.jpg 590w, https:\/\/dev.beatrizpalacios.com\/wp-content\/uploads\/2023\/02\/pearls-piercing-xl-1-666x888.jpg 666w\" sizes=\"(max-width: 768px) 100vw, 768px\" \/><\/p>\n","protected":false},"excerpt":{"rendered":"<p>Collar de perlas shell y plata chapada en oro con cierre de dos perlas. El cierre puede utilizarse de manera independiente como pendiente. Adem\u00e1s, este pendiente puede utilizarse tambi\u00e9n como cierre de cadenas o combinarse con otros modelos de pendientes de la colecci\u00f3n CHROMA o SELF creando infinitas posibilidades<br \/>\nRealizado a mano en nuestro taller de Madrid.<br \/>\nPodemos producir cualquier talla. Si no encuentras la tuya, est\u00e1 agotada o necesitas ayuda, no dudes en ponerte en contacto con nosotros por correo a info@beatrizpalacios.es. Estaremos encantados de ayudarte.<\/p>\n","protected":false},"featured_media":41166,"template":"","meta":[],"product_brand":[],"product_cat":[146],"product_tag":[625,711],"class_list":{"0":"post-41431","1":"product","2":"type-product","3":"status-publish","4":"has-post-thumbnail","6":"product_cat-collares","7":"product_tag-chroma-es","8":"product_tag-signature-es","10":"first","11":"instock","12":"taxable","13":"shipping-taxable","14":"product-type-variable"},"_links":{"self":[{"href":"https:\/\/dev.beatrizpalacios.com\/es\/wp-json\/wp\/v2\/product\/41431","targetHints":{"allow":["GET"]}}],"collection":[{"href":"https:\/\/dev.beatrizpalacios.com\/es\/wp-json\/wp\/v2\/product"}],"about":[{"href":"https:\/\/dev.beatrizpalacios.com\/es\/wp-json\/wp\/v2\/types\/product"}],"wp:featuredmedia":[{"embeddable":true,"href":"https:\/\/dev.beatrizpalacios.com\/es\/wp-json\/wp\/v2\/media\/41166"}],"wp:attachment":[{"href":"https:\/\/dev.beatrizpalacios.com\/es\/wp-json\/wp\/v2\/media?parent=41431"}],"wp:term":[{"taxonomy":"product_brand","embeddable":true,"href":"https:\/\/dev.beatrizpalacios.com\/es\/wp-json\/wp\/v2\/product_brand?post=41431"},{"taxonomy":"product_cat","embeddable":true,"href":"https:\/\/dev.beatrizpalacios.com\/es\/wp-json\/wp\/v2\/product_cat?post=41431"},{"taxonomy":"product_tag","embeddable":true,"href":"https:\/\/dev.beatrizpalacios.com\/es\/wp-json\/wp\/v2\/product_tag?post=41431"}],"curies":[{"name":"wp","href":"https:\/\/api.w.org\/{rel}","templated":true}]}}