{"id":41436,"date":"2023-02-23T14:44:09","date_gmt":"2023-02-23T14:02:26","guid":{"rendered":"https:\/\/dev.beatrizpalacios.com\/?post_type=product&#038;p=41436"},"modified":"2023-03-03T00:21:15","modified_gmt":"2023-03-02T23:21:15","slug":"pezoneras","status":"publish","type":"product","link":"https:\/\/dev.beatrizpalacios.com\/es\/product\/pezoneras\/","title":{"rendered":"Pezoneras"},"content":{"rendered":"<p><img decoding=\"async\" width=\"768\" height=\"1024\" src=\"https:\/\/dev.beatrizpalacios.com\/wp-content\/uploads\/2023\/02\/wrestling-nipple-covers-2.jpg\" alt=\"\" loading=\"lazy\" srcset=\"https:\/\/dev.beatrizpalacios.com\/wp-content\/uploads\/2023\/02\/wrestling-nipple-covers-2.jpg 768w, https:\/\/dev.beatrizpalacios.com\/wp-content\/uploads\/2023\/02\/wrestling-nipple-covers-2-225x300.jpg 225w, https:\/\/dev.beatrizpalacios.com\/wp-content\/uploads\/2023\/02\/wrestling-nipple-covers-2-590x787.jpg 590w, https:\/\/dev.beatrizpalacios.com\/wp-content\/uploads\/2023\/02\/wrestling-nipple-covers-2-666x888.jpg 666w\" sizes=\"(max-width: 768px) 100vw, 768px\" \/><br \/>\n\t\t\t\t\t\t\t\t\t\t\t\t\t\t\t<img decoding=\"async\" width=\"768\" height=\"1024\" src=\"https:\/\/dev.beatrizpalacios.com\/wp-content\/uploads\/2023\/02\/wrestling-nipple-covers-1.jpg\" alt=\"\" loading=\"lazy\" srcset=\"https:\/\/dev.beatrizpalacios.com\/wp-content\/uploads\/2023\/02\/wrestling-nipple-covers-1.jpg 768w, https:\/\/dev.beatrizpalacios.com\/wp-content\/uploads\/2023\/02\/wrestling-nipple-covers-1-225x300.jpg 225w, https:\/\/dev.beatrizpalacios.com\/wp-content\/uploads\/2023\/02\/wrestling-nipple-covers-1-590x787.jpg 590w, https:\/\/dev.beatrizpalacios.com\/wp-content\/uploads\/2023\/02\/wrestling-nipple-covers-1-666x888.jpg 666w\" sizes=\"(max-width: 768px) 100vw, 768px\" \/><\/p>\n","protected":false},"excerpt":{"rendered":"<p>Pezoneras realizadas en lat\u00f3n ba\u00f1ado en oro de 18k y detalle de perla de agua dulce. Son autoadhesivas y reutilizables. Se adhieren a la piel a trav\u00e9s de una capa fina de silicona de uso exclusivo para la piel.<br \/>\nRealizado a mano en nuestro taller de Madrid.<br \/>\nSi necesitas ayuda, no dudes en ponerte en contacto con nosotros por correo a info@beatrizpalacios.es. Estaremos encantados de ayudarte.<\/p>\n","protected":false},"featured_media":41177,"template":"","meta":[],"product_brand":[],"product_cat":[632],"product_tag":[625],"class_list":{"0":"post-41436","1":"product","2":"type-product","3":"status-publish","4":"has-post-thumbnail","6":"product_cat-body-jewellery-es","7":"product_tag-chroma-es","9":"first","10":"instock","11":"taxable","12":"shipping-taxable","13":"purchasable","14":"product-type-simple"},"_links":{"self":[{"href":"https:\/\/dev.beatrizpalacios.com\/es\/wp-json\/wp\/v2\/product\/41436","targetHints":{"allow":["GET"]}}],"collection":[{"href":"https:\/\/dev.beatrizpalacios.com\/es\/wp-json\/wp\/v2\/product"}],"about":[{"href":"https:\/\/dev.beatrizpalacios.com\/es\/wp-json\/wp\/v2\/types\/product"}],"wp:featuredmedia":[{"embeddable":true,"href":"https:\/\/dev.beatrizpalacios.com\/es\/wp-json\/wp\/v2\/media\/41177"}],"wp:attachment":[{"href":"https:\/\/dev.beatrizpalacios.com\/es\/wp-json\/wp\/v2\/media?parent=41436"}],"wp:term":[{"taxonomy":"product_brand","embeddable":true,"href":"https:\/\/dev.beatrizpalacios.com\/es\/wp-json\/wp\/v2\/product_brand?post=41436"},{"taxonomy":"product_cat","embeddable":true,"href":"https:\/\/dev.beatrizpalacios.com\/es\/wp-json\/wp\/v2\/product_cat?post=41436"},{"taxonomy":"product_tag","embeddable":true,"href":"https:\/\/dev.beatrizpalacios.com\/es\/wp-json\/wp\/v2\/product_tag?post=41436"}],"curies":[{"name":"wp","href":"https:\/\/api.w.org\/{rel}","templated":true}]}}