{"id":41489,"date":"2023-02-23T15:00:10","date_gmt":"2023-02-23T14:05:20","guid":{"rendered":"https:\/\/dev.beatrizpalacios.com\/?post_type=product&#038;p=41489"},"modified":"2023-03-29T10:47:24","modified_gmt":"2023-03-29T08:47:24","slug":"collar-perlas-mano-renacentista","status":"publish","type":"product","link":"https:\/\/dev.beatrizpalacios.com\/es\/product\/collar-perlas-mano-renacentista\/","title":{"rendered":"Collar Perlas Mano Renacentista"},"content":{"rendered":"<p><img loading=\"lazy\" decoding=\"async\" src=\"https:\/\/dev.beatrizpalacios.com\/wp-content\/uploads\/2023\/02\/reinassance-hand-pearls-necklace-2.jpg\" sizes=\"(max-width: 768px) 100vw, 768px\" srcset=\"https:\/\/dev.beatrizpalacios.com\/wp-content\/uploads\/2023\/02\/reinassance-hand-pearls-necklace-2.jpg 768w, https:\/\/dev.beatrizpalacios.com\/wp-content\/uploads\/2023\/02\/reinassance-hand-pearls-necklace-2-225x300.jpg 225w, https:\/\/dev.beatrizpalacios.com\/wp-content\/uploads\/2023\/02\/reinassance-hand-pearls-necklace-2-590x787.jpg 590w, https:\/\/dev.beatrizpalacios.com\/wp-content\/uploads\/2023\/02\/reinassance-hand-pearls-necklace-2-666x888.jpg 666w\" alt=\"\" width=\"768\" height=\"1024\" \/><br \/>\n<img loading=\"lazy\" decoding=\"async\" src=\"https:\/\/dev.beatrizpalacios.com\/wp-content\/uploads\/2023\/02\/reinassance-hand-pearls-necklace-1.jpg\" sizes=\"(max-width: 768px) 100vw, 768px\" srcset=\"https:\/\/dev.beatrizpalacios.com\/wp-content\/uploads\/2023\/02\/reinassance-hand-pearls-necklace-1.jpg 768w, https:\/\/dev.beatrizpalacios.com\/wp-content\/uploads\/2023\/02\/reinassance-hand-pearls-necklace-1-225x300.jpg 225w, https:\/\/dev.beatrizpalacios.com\/wp-content\/uploads\/2023\/02\/reinassance-hand-pearls-necklace-1-590x787.jpg 590w, https:\/\/dev.beatrizpalacios.com\/wp-content\/uploads\/2023\/02\/reinassance-hand-pearls-necklace-1-666x888.jpg 666w\" alt=\"\" width=\"768\" height=\"1024\" \/><\/p>\n","protected":false},"excerpt":{"rendered":"<p>Collar de perlas shell con una mano en impresi\u00f3n 3D de biopl\u00e1stico proveniente de conchas de ostras. Este material tiene un acabado perlado gracias al n\u00e1car de las conchas. El material de esta mano es sostenible y biodegradable.<br \/>\nRealizado a mano en nuestro taller de Madrid.<br \/>\nSi necesitas ayuda, no dudes en ponerte en contacto con nosotros por correo a info@beatrizpalacios.es. Estaremos encantados de ayudarte.<\/p>\n","protected":false},"featured_media":41396,"template":"","meta":[],"product_brand":[],"product_cat":[146],"product_tag":[625],"class_list":{"0":"post-41489","1":"product","2":"type-product","3":"status-publish","4":"has-post-thumbnail","6":"product_cat-collares","7":"product_tag-chroma-es","9":"first","10":"instock","11":"taxable","12":"shipping-taxable","13":"purchasable","14":"product-type-simple"},"_links":{"self":[{"href":"https:\/\/dev.beatrizpalacios.com\/es\/wp-json\/wp\/v2\/product\/41489","targetHints":{"allow":["GET"]}}],"collection":[{"href":"https:\/\/dev.beatrizpalacios.com\/es\/wp-json\/wp\/v2\/product"}],"about":[{"href":"https:\/\/dev.beatrizpalacios.com\/es\/wp-json\/wp\/v2\/types\/product"}],"wp:featuredmedia":[{"embeddable":true,"href":"https:\/\/dev.beatrizpalacios.com\/es\/wp-json\/wp\/v2\/media\/41396"}],"wp:attachment":[{"href":"https:\/\/dev.beatrizpalacios.com\/es\/wp-json\/wp\/v2\/media?parent=41489"}],"wp:term":[{"taxonomy":"product_brand","embeddable":true,"href":"https:\/\/dev.beatrizpalacios.com\/es\/wp-json\/wp\/v2\/product_brand?post=41489"},{"taxonomy":"product_cat","embeddable":true,"href":"https:\/\/dev.beatrizpalacios.com\/es\/wp-json\/wp\/v2\/product_cat?post=41489"},{"taxonomy":"product_tag","embeddable":true,"href":"https:\/\/dev.beatrizpalacios.com\/es\/wp-json\/wp\/v2\/product_tag?post=41489"}],"curies":[{"name":"wp","href":"https:\/\/api.w.org\/{rel}","templated":true}]}}