{"id":41493,"date":"2023-02-23T15:01:31","date_gmt":"2023-02-23T14:05:45","guid":{"rendered":"https:\/\/dev.beatrizpalacios.com\/?post_type=product&#038;p=41493"},"modified":"2023-03-01T18:04:18","modified_gmt":"2023-03-01T17:04:18","slug":"pendiente-mano-renacentista","status":"publish","type":"product","link":"https:\/\/dev.beatrizpalacios.com\/es\/product\/pendiente-mano-renacentista\/","title":{"rendered":"Pendiente Mano Renacentista"},"content":{"rendered":"<style>\/*! elementor - v3.5.5 - 03-02-2022 *\/\n.elementor-widget-image{text-align:center}.elementor-widget-image a{display:inline-block}.elementor-widget-image a img[src$=\".svg\"]{width:48px}.elementor-widget-image img{vertical-align:middle;display:inline-block}<\/style>\n<p>\t\t\t\t\t\t\t\t\t\t\t\t<img decoding=\"async\" width=\"768\" height=\"1024\" src=\"https:\/\/dev.beatrizpalacios.com\/wp-content\/uploads\/2023\/02\/reinassance-hand-earrring-2.jpg\" alt=\"\" loading=\"lazy\" srcset=\"https:\/\/dev.beatrizpalacios.com\/wp-content\/uploads\/2023\/02\/reinassance-hand-earrring-2.jpg 768w, https:\/\/dev.beatrizpalacios.com\/wp-content\/uploads\/2023\/02\/reinassance-hand-earrring-2-225x300.jpg 225w, https:\/\/dev.beatrizpalacios.com\/wp-content\/uploads\/2023\/02\/reinassance-hand-earrring-2-590x787.jpg 590w, https:\/\/dev.beatrizpalacios.com\/wp-content\/uploads\/2023\/02\/reinassance-hand-earrring-2-666x888.jpg 666w\" sizes=\"(max-width: 768px) 100vw, 768px\" \/><br \/>\n\t\t\t\t\t\t\t\t\t\t\t\t\t\t\t<img decoding=\"async\" width=\"768\" height=\"1024\" src=\"https:\/\/dev.beatrizpalacios.com\/wp-content\/uploads\/2023\/02\/reinassance-hand-earrring-1.jpg\" alt=\"\" loading=\"lazy\" srcset=\"https:\/\/dev.beatrizpalacios.com\/wp-content\/uploads\/2023\/02\/reinassance-hand-earrring-1.jpg 768w, https:\/\/dev.beatrizpalacios.com\/wp-content\/uploads\/2023\/02\/reinassance-hand-earrring-1-225x300.jpg 225w, https:\/\/dev.beatrizpalacios.com\/wp-content\/uploads\/2023\/02\/reinassance-hand-earrring-1-590x787.jpg 590w, https:\/\/dev.beatrizpalacios.com\/wp-content\/uploads\/2023\/02\/reinassance-hand-earrring-1-666x888.jpg 666w\" sizes=\"(max-width: 768px) 100vw, 768px\" \/><\/p>\n","protected":false},"excerpt":{"rendered":"<p>Pendiente de plata chapada en oro con mano en impresi\u00f3n 3D de biopl\u00e1stico proveniente de conchas de ostras. Este material tiene un acabado perlado gracias al n\u00e1car de las conchas. La mano tiene las u\u00f1as en plata chapada en oro. El material de esta mano es sostenible y biodegradable.<br \/>\nSe vende de manera individual.<br \/>\nRealizado a mano en nuestro taller de Madrid.<br \/>\nSi necesitas ayuda, no dudes en ponerte en contacto con nosotros por correo a info@beatrizpalacios.es. Estaremos encantados de ayudarte.<\/p>\n","protected":false},"featured_media":41406,"template":"","meta":[],"product_brand":[],"product_cat":[143],"product_tag":[625,711],"class_list":{"0":"post-41493","1":"product","2":"type-product","3":"status-publish","4":"has-post-thumbnail","6":"product_cat-pendientes","7":"product_tag-chroma-es","8":"product_tag-signature-es","10":"first","11":"instock","12":"taxable","13":"shipping-taxable","14":"purchasable","15":"product-type-simple"},"_links":{"self":[{"href":"https:\/\/dev.beatrizpalacios.com\/es\/wp-json\/wp\/v2\/product\/41493","targetHints":{"allow":["GET"]}}],"collection":[{"href":"https:\/\/dev.beatrizpalacios.com\/es\/wp-json\/wp\/v2\/product"}],"about":[{"href":"https:\/\/dev.beatrizpalacios.com\/es\/wp-json\/wp\/v2\/types\/product"}],"wp:featuredmedia":[{"embeddable":true,"href":"https:\/\/dev.beatrizpalacios.com\/es\/wp-json\/wp\/v2\/media\/41406"}],"wp:attachment":[{"href":"https:\/\/dev.beatrizpalacios.com\/es\/wp-json\/wp\/v2\/media?parent=41493"}],"wp:term":[{"taxonomy":"product_brand","embeddable":true,"href":"https:\/\/dev.beatrizpalacios.com\/es\/wp-json\/wp\/v2\/product_brand?post=41493"},{"taxonomy":"product_cat","embeddable":true,"href":"https:\/\/dev.beatrizpalacios.com\/es\/wp-json\/wp\/v2\/product_cat?post=41493"},{"taxonomy":"product_tag","embeddable":true,"href":"https:\/\/dev.beatrizpalacios.com\/es\/wp-json\/wp\/v2\/product_tag?post=41493"}],"curies":[{"name":"wp","href":"https:\/\/api.w.org\/{rel}","templated":true}]}}