{"id":41495,"date":"2023-02-23T15:01:31","date_gmt":"2023-02-23T14:05:45","guid":{"rendered":"https:\/\/dev.beatrizpalacios.com\/?post_type=product&#038;p=41495"},"modified":"2023-03-01T18:06:12","modified_gmt":"2023-03-01T17:06:12","slug":"collar-mano-renacentista","status":"publish","type":"product","link":"https:\/\/dev.beatrizpalacios.com\/es\/product\/collar-mano-renacentista\/","title":{"rendered":"Collar Mano Renacentista"},"content":{"rendered":"<p><img decoding=\"async\" width=\"768\" height=\"1024\" src=\"https:\/\/dev.beatrizpalacios.com\/wp-content\/uploads\/2023\/02\/reinassance-hand-pendant-1.jpg\" alt=\"\" loading=\"lazy\" srcset=\"https:\/\/dev.beatrizpalacios.com\/wp-content\/uploads\/2023\/02\/reinassance-hand-pendant-1.jpg 768w, https:\/\/dev.beatrizpalacios.com\/wp-content\/uploads\/2023\/02\/reinassance-hand-pendant-1-225x300.jpg 225w, https:\/\/dev.beatrizpalacios.com\/wp-content\/uploads\/2023\/02\/reinassance-hand-pendant-1-590x787.jpg 590w, https:\/\/dev.beatrizpalacios.com\/wp-content\/uploads\/2023\/02\/reinassance-hand-pendant-1-666x888.jpg 666w\" sizes=\"(max-width: 768px) 100vw, 768px\" \/><br \/>\n\t\t\t\t\t\t\t\t\t\t\t\t\t\t\t<img decoding=\"async\" width=\"768\" height=\"1024\" src=\"https:\/\/dev.beatrizpalacios.com\/wp-content\/uploads\/2023\/02\/reinassance-hand-pendant-2.jpg\" alt=\"\" loading=\"lazy\" srcset=\"https:\/\/dev.beatrizpalacios.com\/wp-content\/uploads\/2023\/02\/reinassance-hand-pendant-2.jpg 768w, https:\/\/dev.beatrizpalacios.com\/wp-content\/uploads\/2023\/02\/reinassance-hand-pendant-2-225x300.jpg 225w, https:\/\/dev.beatrizpalacios.com\/wp-content\/uploads\/2023\/02\/reinassance-hand-pendant-2-590x787.jpg 590w, https:\/\/dev.beatrizpalacios.com\/wp-content\/uploads\/2023\/02\/reinassance-hand-pendant-2-666x888.jpg 666w\" sizes=\"(max-width: 768px) 100vw, 768px\" \/><\/p>\n","protected":false},"excerpt":{"rendered":"<p>Collar de plata chapada en oro con una mano en impresi\u00f3n 3D de biopl\u00e1stico proveniente de conchas de ostras. Este material tiene un acabado perlado gracias al n\u00e1car de las conchas. El material de esta mano es sostenible y biodegradable.<br \/>\nRealizado a mano en nuestro taller de Madrid.<br \/>\nCadena de longitud ajustable.Talla \u00fanica<br \/>\nSi necesitas ayuda, no dudes en ponerte en contacto con nosotros por correo a info@beatrizpalacios.es. Estaremos encantados de ayudarte.<\/p>\n","protected":false},"featured_media":41420,"template":"","meta":[],"product_brand":[],"product_cat":[146],"product_tag":[625],"class_list":{"0":"post-41495","1":"product","2":"type-product","3":"status-publish","4":"has-post-thumbnail","6":"product_cat-collares","7":"product_tag-chroma-es","9":"first","10":"instock","11":"taxable","12":"shipping-taxable","13":"purchasable","14":"product-type-simple"},"_links":{"self":[{"href":"https:\/\/dev.beatrizpalacios.com\/es\/wp-json\/wp\/v2\/product\/41495","targetHints":{"allow":["GET"]}}],"collection":[{"href":"https:\/\/dev.beatrizpalacios.com\/es\/wp-json\/wp\/v2\/product"}],"about":[{"href":"https:\/\/dev.beatrizpalacios.com\/es\/wp-json\/wp\/v2\/types\/product"}],"wp:featuredmedia":[{"embeddable":true,"href":"https:\/\/dev.beatrizpalacios.com\/es\/wp-json\/wp\/v2\/media\/41420"}],"wp:attachment":[{"href":"https:\/\/dev.beatrizpalacios.com\/es\/wp-json\/wp\/v2\/media?parent=41495"}],"wp:term":[{"taxonomy":"product_brand","embeddable":true,"href":"https:\/\/dev.beatrizpalacios.com\/es\/wp-json\/wp\/v2\/product_brand?post=41495"},{"taxonomy":"product_cat","embeddable":true,"href":"https:\/\/dev.beatrizpalacios.com\/es\/wp-json\/wp\/v2\/product_cat?post=41495"},{"taxonomy":"product_tag","embeddable":true,"href":"https:\/\/dev.beatrizpalacios.com\/es\/wp-json\/wp\/v2\/product_tag?post=41495"}],"curies":[{"name":"wp","href":"https:\/\/api.w.org\/{rel}","templated":true}]}}