{"id":44443,"date":"2023-09-11T22:00:08","date_gmt":"2023-09-11T20:05:59","guid":{"rendered":"https:\/\/dev.beatrizpalacios.com\/?post_type=product&#038;p=44443"},"modified":"2023-09-15T12:36:06","modified_gmt":"2023-09-15T10:36:06","slug":"collar-venda-onyx-m","status":"publish","type":"product","link":"https:\/\/dev.beatrizpalacios.com\/es\/product\/collar-venda-onyx-m\/","title":{"rendered":"Collar Venda Onyx M"},"content":{"rendered":"<p><img decoding=\"async\" width=\"1920\" height=\"1080\" src=\"https:\/\/dev.beatrizpalacios.com\/wp-content\/uploads\/2023\/09\/black-bandage-necklace-M-3.jpg\" alt=\"\" loading=\"lazy\" srcset=\"https:\/\/dev.beatrizpalacios.com\/wp-content\/uploads\/2023\/09\/black-bandage-necklace-M-3.jpg 1920w, https:\/\/dev.beatrizpalacios.com\/wp-content\/uploads\/2023\/09\/black-bandage-necklace-M-3-300x169.jpg 300w, https:\/\/dev.beatrizpalacios.com\/wp-content\/uploads\/2023\/09\/black-bandage-necklace-M-3-1024x576.jpg 1024w, https:\/\/dev.beatrizpalacios.com\/wp-content\/uploads\/2023\/09\/black-bandage-necklace-M-3-768x432.jpg 768w, https:\/\/dev.beatrizpalacios.com\/wp-content\/uploads\/2023\/09\/black-bandage-necklace-M-3-1536x864.jpg 1536w, https:\/\/dev.beatrizpalacios.com\/wp-content\/uploads\/2023\/09\/black-bandage-necklace-M-3-590x332.jpg 590w, https:\/\/dev.beatrizpalacios.com\/wp-content\/uploads\/2023\/09\/black-bandage-necklace-M-3-666x375.jpg 666w\" sizes=\"(max-width: 1920px) 100vw, 1920px\" \/><br \/>\n\t\t\t\t\t\t\t\t\t\t\t\t\t\t\t<img decoding=\"async\" width=\"590\" height=\"920\" src=\"https:\/\/dev.beatrizpalacios.com\/wp-content\/uploads\/2023\/09\/black-bandage-necklace-M-2.jpg\" alt=\"\" loading=\"lazy\" srcset=\"https:\/\/dev.beatrizpalacios.com\/wp-content\/uploads\/2023\/09\/black-bandage-necklace-M-2.jpg 590w, https:\/\/dev.beatrizpalacios.com\/wp-content\/uploads\/2023\/09\/black-bandage-necklace-M-2-192x300.jpg 192w\" sizes=\"(max-width: 590px) 100vw, 590px\" \/><\/p>\n","protected":false},"excerpt":{"rendered":"<p>Collar con esferas de onyx de 10mm y plata chapada en oro. El cierre es de onyx de 14mm y puede utilizarse de manera independiente como pendiente. Adem\u00e1s, este pendiente puede utilizarse tambi\u00e9n como cierre de cadenas o combinarse con otros modelos de pendientes de la colecci\u00f3n SISTER, CHROMA o SELF creando infinitas posibilidades<br \/>\nRealizado a mano en nuestro taller de Madrid.<br \/>\nPodemos producir cualquier talla. Si no encuentras la tuya, est\u00e1 agotada o necesitas ayuda, no dudes en ponerte en contacto con nosotros por correo a info@beatrizpalacios.es. Estaremos encantados de ayudarte.<\/p>\n","protected":false},"featured_media":44238,"template":"","meta":[],"product_brand":[],"product_cat":[146],"product_tag":[644],"class_list":{"0":"post-44443","1":"product","2":"type-product","3":"status-publish","4":"has-post-thumbnail","6":"product_cat-collares","7":"product_tag-sister-es","9":"first","10":"onbackorder","11":"taxable","12":"shipping-taxable","13":"product-type-variable"},"_links":{"self":[{"href":"https:\/\/dev.beatrizpalacios.com\/es\/wp-json\/wp\/v2\/product\/44443","targetHints":{"allow":["GET"]}}],"collection":[{"href":"https:\/\/dev.beatrizpalacios.com\/es\/wp-json\/wp\/v2\/product"}],"about":[{"href":"https:\/\/dev.beatrizpalacios.com\/es\/wp-json\/wp\/v2\/types\/product"}],"wp:featuredmedia":[{"embeddable":true,"href":"https:\/\/dev.beatrizpalacios.com\/es\/wp-json\/wp\/v2\/media\/44238"}],"wp:attachment":[{"href":"https:\/\/dev.beatrizpalacios.com\/es\/wp-json\/wp\/v2\/media?parent=44443"}],"wp:term":[{"taxonomy":"product_brand","embeddable":true,"href":"https:\/\/dev.beatrizpalacios.com\/es\/wp-json\/wp\/v2\/product_brand?post=44443"},{"taxonomy":"product_cat","embeddable":true,"href":"https:\/\/dev.beatrizpalacios.com\/es\/wp-json\/wp\/v2\/product_cat?post=44443"},{"taxonomy":"product_tag","embeddable":true,"href":"https:\/\/dev.beatrizpalacios.com\/es\/wp-json\/wp\/v2\/product_tag?post=44443"}],"curies":[{"name":"wp","href":"https:\/\/api.w.org\/{rel}","templated":true}]}}