{"id":44472,"date":"2023-09-11T22:01:01","date_gmt":"2023-09-11T20:06:59","guid":{"rendered":"https:\/\/dev.beatrizpalacios.com\/?post_type=product&#038;p=44472"},"modified":"2023-09-26T17:17:29","modified_gmt":"2023-09-26T15:17:29","slug":"pisapapeles-sister","status":"publish","type":"product","link":"https:\/\/dev.beatrizpalacios.com\/es\/product\/pisapapeles-sister\/","title":{"rendered":"Pisapapeles Sister"},"content":{"rendered":"","protected":false},"excerpt":{"rendered":"<p>Pisapapeles en plata s\u00f3lida con forma de a\u00f1os y con u\u00f1asen plata ba\u00f1adas en oro.<br \/>\nRealizado a mano en nuestro taller de Madrid.<br \/>\nSi necesitas ayuda, no dudes en ponerte en contacto con nosotros por correo a info@beatrizpalacios.es. Estaremos encantados de ayudarte.<\/p>\n","protected":false},"featured_media":44300,"template":"","meta":[],"product_brand":[],"product_cat":[646],"product_tag":[644],"class_list":{"0":"post-44472","1":"product","2":"type-product","3":"status-publish","4":"has-post-thumbnail","6":"product_cat-objetos","7":"product_tag-sister-es","9":"first","10":"instock","11":"taxable","12":"shipping-taxable","13":"purchasable","14":"product-type-simple"},"_links":{"self":[{"href":"https:\/\/dev.beatrizpalacios.com\/es\/wp-json\/wp\/v2\/product\/44472","targetHints":{"allow":["GET"]}}],"collection":[{"href":"https:\/\/dev.beatrizpalacios.com\/es\/wp-json\/wp\/v2\/product"}],"about":[{"href":"https:\/\/dev.beatrizpalacios.com\/es\/wp-json\/wp\/v2\/types\/product"}],"wp:featuredmedia":[{"embeddable":true,"href":"https:\/\/dev.beatrizpalacios.com\/es\/wp-json\/wp\/v2\/media\/44300"}],"wp:attachment":[{"href":"https:\/\/dev.beatrizpalacios.com\/es\/wp-json\/wp\/v2\/media?parent=44472"}],"wp:term":[{"taxonomy":"product_brand","embeddable":true,"href":"https:\/\/dev.beatrizpalacios.com\/es\/wp-json\/wp\/v2\/product_brand?post=44472"},{"taxonomy":"product_cat","embeddable":true,"href":"https:\/\/dev.beatrizpalacios.com\/es\/wp-json\/wp\/v2\/product_cat?post=44472"},{"taxonomy":"product_tag","embeddable":true,"href":"https:\/\/dev.beatrizpalacios.com\/es\/wp-json\/wp\/v2\/product_tag?post=44472"}],"curies":[{"name":"wp","href":"https:\/\/api.w.org\/{rel}","templated":true}]}}