{"id":44484,"date":"2023-09-11T22:01:35","date_gmt":"2023-09-11T20:07:18","guid":{"rendered":"https:\/\/dev.beatrizpalacios.com\/?post_type=product&#038;p=44484"},"modified":"2025-06-04T10:37:26","modified_gmt":"2025-06-04T08:37:26","slug":"pulsera-venda-onyx","status":"publish","type":"product","link":"https:\/\/dev.beatrizpalacios.com\/es\/product\/pulsera-venda-onyx\/","title":{"rendered":"Pulsera Venda Onyx"},"content":{"rendered":"<p><img decoding=\"async\" width=\"1920\" height=\"1080\" src=\"https:\/\/dev.beatrizpalacios.com\/wp-content\/uploads\/2023\/09\/black-bandage-bracelet-1.jpg\" alt=\"\" loading=\"lazy\" srcset=\"https:\/\/dev.beatrizpalacios.com\/wp-content\/uploads\/2023\/09\/black-bandage-bracelet-1.jpg 1920w, https:\/\/dev.beatrizpalacios.com\/wp-content\/uploads\/2023\/09\/black-bandage-bracelet-1-300x169.jpg 300w, https:\/\/dev.beatrizpalacios.com\/wp-content\/uploads\/2023\/09\/black-bandage-bracelet-1-1024x576.jpg 1024w, https:\/\/dev.beatrizpalacios.com\/wp-content\/uploads\/2023\/09\/black-bandage-bracelet-1-768x432.jpg 768w, https:\/\/dev.beatrizpalacios.com\/wp-content\/uploads\/2023\/09\/black-bandage-bracelet-1-1536x864.jpg 1536w, https:\/\/dev.beatrizpalacios.com\/wp-content\/uploads\/2023\/09\/black-bandage-bracelet-1-590x332.jpg 590w, https:\/\/dev.beatrizpalacios.com\/wp-content\/uploads\/2023\/09\/black-bandage-bracelet-1-666x375.jpg 666w\" sizes=\"(max-width: 1920px) 100vw, 1920px\" \/><br \/>\n\t\t\t\t\t\t\t\t\t\t\t\t\t\t\t<img decoding=\"async\" width=\"590\" height=\"920\" src=\"https:\/\/dev.beatrizpalacios.com\/wp-content\/uploads\/2023\/09\/black-bandage-bracelet-2.jpg\" alt=\"\" loading=\"lazy\" srcset=\"https:\/\/dev.beatrizpalacios.com\/wp-content\/uploads\/2023\/09\/black-bandage-bracelet-2.jpg 590w, https:\/\/dev.beatrizpalacios.com\/wp-content\/uploads\/2023\/09\/black-bandage-bracelet-2-192x300.jpg 192w\" sizes=\"(max-width: 590px) 100vw, 590px\" \/><br \/>\n\t\t\t\t\t\t\t\t\t\t\t\t\t\t\t<img decoding=\"async\" width=\"590\" height=\"920\" src=\"https:\/\/dev.beatrizpalacios.com\/wp-content\/uploads\/2023\/09\/black-bandage-bracelet-3.jpg\" alt=\"\" loading=\"lazy\" srcset=\"https:\/\/dev.beatrizpalacios.com\/wp-content\/uploads\/2023\/09\/black-bandage-bracelet-3.jpg 590w, https:\/\/dev.beatrizpalacios.com\/wp-content\/uploads\/2023\/09\/black-bandage-bracelet-3-192x300.jpg 192w\" sizes=\"(max-width: 590px) 100vw, 590px\" \/><\/p>\n","protected":false},"excerpt":{"rendered":"<p>Collar con esferas de onyx de 14mm y plata chapada en oro. El cierre es de onyx de 16mm y puede utilizarse de manera independiente como pendiente. Adem\u00e1s, este pendiente puede utilizarse tambi\u00e9n como cierre de cadenas o combinarse con otros modelos de pendientes de la colecci\u00f3n SISTER, CHROMA o SELF creando infinitas posibilidades<br \/>\nRealizado a mano en nuestro taller de Madrid.<br \/>\nPodemos producir cualquier talla. Si no encuentras la tuya, est\u00e1 agotada o necesitas ayuda, no dudes en ponerte en contacto con nosotros por correo a info@beatrizpalacios.es. Estaremos encantados de ayudarte.<\/p>\n","protected":false},"featured_media":44336,"template":"","meta":[],"product_brand":[],"product_cat":[140],"product_tag":[711,644],"class_list":{"0":"post-44484","1":"product","2":"type-product","3":"status-publish","4":"has-post-thumbnail","6":"product_cat-pulseras","7":"product_tag-signature-es","8":"product_tag-sister-es","10":"first","11":"onbackorder","12":"taxable","13":"shipping-taxable","14":"purchasable","15":"product-type-variable"},"_links":{"self":[{"href":"https:\/\/dev.beatrizpalacios.com\/es\/wp-json\/wp\/v2\/product\/44484","targetHints":{"allow":["GET"]}}],"collection":[{"href":"https:\/\/dev.beatrizpalacios.com\/es\/wp-json\/wp\/v2\/product"}],"about":[{"href":"https:\/\/dev.beatrizpalacios.com\/es\/wp-json\/wp\/v2\/types\/product"}],"wp:featuredmedia":[{"embeddable":true,"href":"https:\/\/dev.beatrizpalacios.com\/es\/wp-json\/wp\/v2\/media\/44336"}],"wp:attachment":[{"href":"https:\/\/dev.beatrizpalacios.com\/es\/wp-json\/wp\/v2\/media?parent=44484"}],"wp:term":[{"taxonomy":"product_brand","embeddable":true,"href":"https:\/\/dev.beatrizpalacios.com\/es\/wp-json\/wp\/v2\/product_brand?post=44484"},{"taxonomy":"product_cat","embeddable":true,"href":"https:\/\/dev.beatrizpalacios.com\/es\/wp-json\/wp\/v2\/product_cat?post=44484"},{"taxonomy":"product_tag","embeddable":true,"href":"https:\/\/dev.beatrizpalacios.com\/es\/wp-json\/wp\/v2\/product_tag?post=44484"}],"curies":[{"name":"wp","href":"https:\/\/api.w.org\/{rel}","templated":true}]}}