{"id":45867,"date":"2023-11-17T15:32:50","date_gmt":"2023-11-17T14:33:43","guid":{"rendered":"https:\/\/dev.beatrizpalacios.com\/?post_type=product&#038;p=45867"},"modified":"2025-07-24T17:58:36","modified_gmt":"2025-07-24T15:58:36","slug":"pieza-no-3","status":"publish","type":"product","link":"https:\/\/dev.beatrizpalacios.com\/es\/product\/pieza-no-3\/","title":{"rendered":"Pieza No.3"},"content":{"rendered":"<p><img decoding=\"async\" width=\"1920\" height=\"1080\" src=\"https:\/\/dev.beatrizpalacios.com\/wp-content\/uploads\/2023\/11\/PIECE-3-4.jpg\" alt=\"\" loading=\"lazy\" srcset=\"https:\/\/dev.beatrizpalacios.com\/wp-content\/uploads\/2023\/11\/PIECE-3-4.jpg 1920w, https:\/\/dev.beatrizpalacios.com\/wp-content\/uploads\/2023\/11\/PIECE-3-4-300x169.jpg 300w, https:\/\/dev.beatrizpalacios.com\/wp-content\/uploads\/2023\/11\/PIECE-3-4-1024x576.jpg 1024w, https:\/\/dev.beatrizpalacios.com\/wp-content\/uploads\/2023\/11\/PIECE-3-4-768x432.jpg 768w, https:\/\/dev.beatrizpalacios.com\/wp-content\/uploads\/2023\/11\/PIECE-3-4-1536x864.jpg 1536w, https:\/\/dev.beatrizpalacios.com\/wp-content\/uploads\/2023\/11\/PIECE-3-4-590x332.jpg 590w, https:\/\/dev.beatrizpalacios.com\/wp-content\/uploads\/2023\/11\/PIECE-3-4-666x375.jpg 666w\" sizes=\"(max-width: 1920px) 100vw, 1920px\" \/><br \/>\n\t\t\t\t\t\t\t\t\t\t\t\t\t\t\t<img decoding=\"async\" width=\"1024\" height=\"768\" src=\"https:\/\/dev.beatrizpalacios.com\/wp-content\/uploads\/2023\/11\/PIECE-3-2.jpg\" alt=\"\" loading=\"lazy\" srcset=\"https:\/\/dev.beatrizpalacios.com\/wp-content\/uploads\/2023\/11\/PIECE-3-2.jpg 1024w, https:\/\/dev.beatrizpalacios.com\/wp-content\/uploads\/2023\/11\/PIECE-3-2-300x225.jpg 300w, https:\/\/dev.beatrizpalacios.com\/wp-content\/uploads\/2023\/11\/PIECE-3-2-768x576.jpg 768w, https:\/\/dev.beatrizpalacios.com\/wp-content\/uploads\/2023\/11\/PIECE-3-2-590x443.jpg 590w, https:\/\/dev.beatrizpalacios.com\/wp-content\/uploads\/2023\/11\/PIECE-3-2-666x500.jpg 666w\" sizes=\"(max-width: 1024px) 100vw, 1024px\" \/><br \/>\n\t\t\t\t\t\t\t\t\t\t\t\t\t\t\t<img decoding=\"async\" width=\"768\" height=\"1024\" src=\"https:\/\/dev.beatrizpalacios.com\/wp-content\/uploads\/2023\/11\/PIECE-3-1.jpg\" alt=\"\" loading=\"lazy\" srcset=\"https:\/\/dev.beatrizpalacios.com\/wp-content\/uploads\/2023\/11\/PIECE-3-1.jpg 768w, https:\/\/dev.beatrizpalacios.com\/wp-content\/uploads\/2023\/11\/PIECE-3-1-225x300.jpg 225w, https:\/\/dev.beatrizpalacios.com\/wp-content\/uploads\/2023\/11\/PIECE-3-1-590x787.jpg 590w, https:\/\/dev.beatrizpalacios.com\/wp-content\/uploads\/2023\/11\/PIECE-3-1-666x888.jpg 666w\" sizes=\"(max-width: 768px) 100vw, 768px\" \/>\t\t\t\t\t\t\t\t\t\t\t\t\t\t\t<\/p>\n<h3>6 piezas, 50 combinaciones, ilimitadas posiciones<\/h3>\n","protected":false},"excerpt":{"rendered":"<p>Pieza multifunci\u00f3n de plata ba\u00f1ada en oro de 18k que puede utilizarse tanto como broche o como pendiente. Tambi\u00e9n puede combinarse con la <a href=\"https:\/\/dev.beatrizpalacios.com\/es\/pieza-no5\/\"><strong>Pieza No.5<\/strong><\/a> o <a href=\"https:\/\/dev.beatrizpalacios.com\/es\/pieza-no6\/\"><strong>Pieza No.6<\/strong><\/a> y servir como cierre de estas cadenas para crear un collar, pulsera o tobillera. Incluso puedes agregar la cadena cuando uses esta pieza como pendiente. Las posibilidades son infinitas y las dejamos a tu elecci\u00f3n para que juegues con ellas.<br \/>\nEsta pieza forma parte de la colaboraci\u00f3n que hemos realizado con MARLOTA.<br \/>\nSi tienes alguna pregunta, no dudes en ponerte en contacto con nosotros a trav\u00e9s del correo info@beatrizpalacios.es. Estaremos encantados de ayudarte.<\/p>\n","protected":false},"featured_media":45843,"template":"","meta":[],"product_brand":[],"product_cat":[143],"product_tag":[657,711],"class_list":{"0":"post-45867","1":"product","2":"type-product","3":"status-publish","4":"has-post-thumbnail","6":"product_cat-pendientes","7":"product_tag-marlota-beatrizpalacios-es","8":"product_tag-signature-es","10":"first","11":"instock","12":"taxable","13":"shipping-taxable","14":"purchasable","15":"product-type-simple"},"_links":{"self":[{"href":"https:\/\/dev.beatrizpalacios.com\/es\/wp-json\/wp\/v2\/product\/45867","targetHints":{"allow":["GET"]}}],"collection":[{"href":"https:\/\/dev.beatrizpalacios.com\/es\/wp-json\/wp\/v2\/product"}],"about":[{"href":"https:\/\/dev.beatrizpalacios.com\/es\/wp-json\/wp\/v2\/types\/product"}],"wp:featuredmedia":[{"embeddable":true,"href":"https:\/\/dev.beatrizpalacios.com\/es\/wp-json\/wp\/v2\/media\/45843"}],"wp:attachment":[{"href":"https:\/\/dev.beatrizpalacios.com\/es\/wp-json\/wp\/v2\/media?parent=45867"}],"wp:term":[{"taxonomy":"product_brand","embeddable":true,"href":"https:\/\/dev.beatrizpalacios.com\/es\/wp-json\/wp\/v2\/product_brand?post=45867"},{"taxonomy":"product_cat","embeddable":true,"href":"https:\/\/dev.beatrizpalacios.com\/es\/wp-json\/wp\/v2\/product_cat?post=45867"},{"taxonomy":"product_tag","embeddable":true,"href":"https:\/\/dev.beatrizpalacios.com\/es\/wp-json\/wp\/v2\/product_tag?post=45867"}],"curies":[{"name":"wp","href":"https:\/\/api.w.org\/{rel}","templated":true}]}}