{"id":45868,"date":"2023-11-17T15:32:50","date_gmt":"2023-11-17T14:33:43","guid":{"rendered":"https:\/\/dev.beatrizpalacios.com\/?post_type=product&#038;p=45868"},"modified":"2024-02-22T01:22:21","modified_gmt":"2024-02-22T00:22:21","slug":"pieza-no-4","status":"publish","type":"product","link":"https:\/\/dev.beatrizpalacios.com\/es\/product\/pieza-no-4\/","title":{"rendered":"Pieza No.4"},"content":{"rendered":"<p><img decoding=\"async\" width=\"768\" height=\"1024\" src=\"https:\/\/dev.beatrizpalacios.com\/wp-content\/uploads\/2023\/11\/PIECE-4-1.jpg\" alt=\"\" loading=\"lazy\" srcset=\"https:\/\/dev.beatrizpalacios.com\/wp-content\/uploads\/2023\/11\/PIECE-4-1.jpg 768w, https:\/\/dev.beatrizpalacios.com\/wp-content\/uploads\/2023\/11\/PIECE-4-1-225x300.jpg 225w, https:\/\/dev.beatrizpalacios.com\/wp-content\/uploads\/2023\/11\/PIECE-4-1-590x787.jpg 590w, https:\/\/dev.beatrizpalacios.com\/wp-content\/uploads\/2023\/11\/PIECE-4-1-666x888.jpg 666w\" sizes=\"(max-width: 768px) 100vw, 768px\" \/><\/p>\n","protected":false},"excerpt":{"rendered":"<p>Pieza multifunci\u00f3n de plata ba\u00f1ada en oro de 18k que puede utilizarse tanto como broche o como pendiente. Tambi\u00e9n puede combinarse con la <a href=\"https:\/\/dev.beatrizpalacios.com\/es\/pieza-no5\/\"><strong>Pieza No.5<\/strong><\/a> o <a href=\"https:\/\/dev.beatrizpalacios.com\/es\/pieza-no6\/\"><strong>Pieza No.6<\/strong><\/a> y servir como cierre de estas cadenas para crear un collar, pulsera o tobillera. Incluso puedes agregar la cadena cuando uses esta pieza como pendiente. Las posibilidades son infinitas y las dejamos a tu elecci\u00f3n para que juegues con ellas.<br \/>\nEsta pieza forma parte de la colaboraci\u00f3n que hemos realizado con MARLOTA.<br \/>\nSi tienes alguna pregunta, no dudes en ponerte en contacto con nosotros a trav\u00e9s del correo info@beatrizpalacios.es. Estaremos encantados de ayudarte.<\/p>\n","protected":false},"featured_media":45850,"template":"","meta":[],"product_brand":[],"product_cat":[143],"product_tag":[657],"class_list":{"0":"post-45868","1":"product","2":"type-product","3":"status-publish","4":"has-post-thumbnail","6":"product_cat-pendientes","7":"product_tag-marlota-beatrizpalacios-es","9":"first","10":"instock","11":"taxable","12":"shipping-taxable","13":"purchasable","14":"product-type-simple"},"_links":{"self":[{"href":"https:\/\/dev.beatrizpalacios.com\/es\/wp-json\/wp\/v2\/product\/45868","targetHints":{"allow":["GET"]}}],"collection":[{"href":"https:\/\/dev.beatrizpalacios.com\/es\/wp-json\/wp\/v2\/product"}],"about":[{"href":"https:\/\/dev.beatrizpalacios.com\/es\/wp-json\/wp\/v2\/types\/product"}],"wp:featuredmedia":[{"embeddable":true,"href":"https:\/\/dev.beatrizpalacios.com\/es\/wp-json\/wp\/v2\/media\/45850"}],"wp:attachment":[{"href":"https:\/\/dev.beatrizpalacios.com\/es\/wp-json\/wp\/v2\/media?parent=45868"}],"wp:term":[{"taxonomy":"product_brand","embeddable":true,"href":"https:\/\/dev.beatrizpalacios.com\/es\/wp-json\/wp\/v2\/product_brand?post=45868"},{"taxonomy":"product_cat","embeddable":true,"href":"https:\/\/dev.beatrizpalacios.com\/es\/wp-json\/wp\/v2\/product_cat?post=45868"},{"taxonomy":"product_tag","embeddable":true,"href":"https:\/\/dev.beatrizpalacios.com\/es\/wp-json\/wp\/v2\/product_tag?post=45868"}],"curies":[{"name":"wp","href":"https:\/\/api.w.org\/{rel}","templated":true}]}}