{"id":47253,"date":"2024-02-04T21:14:09","date_gmt":"2024-02-05T09:14:16","guid":{"rendered":"https:\/\/dev.beatrizpalacios.com\/?post_type=product&#038;p=47253"},"modified":"2024-02-22T01:20:34","modified_gmt":"2024-02-22T00:20:34","slug":"piercing-lagoon-y-perla","status":"publish","type":"product","link":"https:\/\/dev.beatrizpalacios.com\/es\/product\/piercing-lagoon-y-perla\/","title":{"rendered":"Piercing Lagoon y Perla"},"content":{"rendered":"<style>\/*! elementor - v3.18.0 - 06-12-2023 *\/\n.elementor-widget-image{text-align:center}.elementor-widget-image a{display:inline-block}.elementor-widget-image a img[src$=\".svg\"]{width:48px}.elementor-widget-image img{vertical-align:middle;display:inline-block}<\/style>\n<p>\t\t\t\t\t\t\t\t\t\t\t\t<img loading=\"lazy\" decoding=\"async\" width=\"1920\" height=\"1080\" src=\"https:\/\/dev.beatrizpalacios.com\/wp-content\/uploads\/2024\/02\/lagoon-pearl-piercing-1.jpg\" alt=\"\" srcset=\"https:\/\/dev.beatrizpalacios.com\/wp-content\/uploads\/2024\/02\/lagoon-pearl-piercing-1.jpg 1920w, https:\/\/dev.beatrizpalacios.com\/wp-content\/uploads\/2024\/02\/lagoon-pearl-piercing-1-300x169.jpg 300w, https:\/\/dev.beatrizpalacios.com\/wp-content\/uploads\/2024\/02\/lagoon-pearl-piercing-1-1024x576.jpg 1024w, https:\/\/dev.beatrizpalacios.com\/wp-content\/uploads\/2024\/02\/lagoon-pearl-piercing-1-768x432.jpg 768w, https:\/\/dev.beatrizpalacios.com\/wp-content\/uploads\/2024\/02\/lagoon-pearl-piercing-1-1536x864.jpg 1536w, https:\/\/dev.beatrizpalacios.com\/wp-content\/uploads\/2024\/02\/lagoon-pearl-piercing-1-590x332.jpg 590w, https:\/\/dev.beatrizpalacios.com\/wp-content\/uploads\/2024\/02\/lagoon-pearl-piercing-1-666x375.jpg 666w\" sizes=\"(max-width: 1920px) 100vw, 1920px\" \/><\/p>\n","protected":false},"excerpt":{"rendered":"<p>Pendiente reversible de plata chapada en oro con una calcedonia y una perla del Pac\u00edfico. Este pendiente puede utilizarse tambi\u00e9n como cierre de cadenas o combinarse con otros modelos de pendientes de la colecci\u00f3n SISTER, CHROMA o SELF creando infinitas posibilidades. Se vende de manera individual.<br \/>\nRealizado a mano en nuestro taller de Madrid.<br \/>\nSi necesitas ayuda, no dudes en ponerte en contacto con nosotros por correo a info@beatrizpalacios.es. Estaremos encantados de ayudarte.<\/p>\n","protected":false},"featured_media":47505,"template":"","meta":[],"product_brand":[],"product_cat":[143],"product_tag":[671],"class_list":{"0":"post-47253","1":"product","2":"type-product","3":"status-publish","4":"has-post-thumbnail","6":"product_cat-pendientes","7":"product_tag-swan-es","9":"first","10":"instock","11":"taxable","12":"shipping-taxable","13":"purchasable","14":"product-type-simple"},"_links":{"self":[{"href":"https:\/\/dev.beatrizpalacios.com\/es\/wp-json\/wp\/v2\/product\/47253","targetHints":{"allow":["GET"]}}],"collection":[{"href":"https:\/\/dev.beatrizpalacios.com\/es\/wp-json\/wp\/v2\/product"}],"about":[{"href":"https:\/\/dev.beatrizpalacios.com\/es\/wp-json\/wp\/v2\/types\/product"}],"wp:featuredmedia":[{"embeddable":true,"href":"https:\/\/dev.beatrizpalacios.com\/es\/wp-json\/wp\/v2\/media\/47505"}],"wp:attachment":[{"href":"https:\/\/dev.beatrizpalacios.com\/es\/wp-json\/wp\/v2\/media?parent=47253"}],"wp:term":[{"taxonomy":"product_brand","embeddable":true,"href":"https:\/\/dev.beatrizpalacios.com\/es\/wp-json\/wp\/v2\/product_brand?post=47253"},{"taxonomy":"product_cat","embeddable":true,"href":"https:\/\/dev.beatrizpalacios.com\/es\/wp-json\/wp\/v2\/product_cat?post=47253"},{"taxonomy":"product_tag","embeddable":true,"href":"https:\/\/dev.beatrizpalacios.com\/es\/wp-json\/wp\/v2\/product_tag?post=47253"}],"curies":[{"name":"wp","href":"https:\/\/api.w.org\/{rel}","templated":true}]}}