{"id":49928,"date":"2024-09-10T13:49:35","date_gmt":"2024-09-10T11:52:40","guid":{"rendered":"https:\/\/dev.beatrizpalacios.com\/?post_type=product&#038;p=49928"},"modified":"2025-06-13T15:46:10","modified_gmt":"2025-06-13T13:46:10","slug":"caja-de-cerillas","status":"publish","type":"product","link":"https:\/\/dev.beatrizpalacios.com\/es\/product\/caja-de-cerillas\/","title":{"rendered":"Caja de Cerillas"},"content":{"rendered":"<p><img loading=\"lazy\" decoding=\"async\" src=\"https:\/\/dev.beatrizpalacios.com\/wp-content\/uploads\/2024\/09\/Matchbox-Pendant-2.jpg\" sizes=\"(max-width: 960px) 100vw, 960px\" srcset=\"https:\/\/dev.beatrizpalacios.com\/wp-content\/uploads\/2024\/09\/Matchbox-Pendant-2.jpg 960w, https:\/\/dev.beatrizpalacios.com\/wp-content\/uploads\/2024\/09\/Matchbox-Pendant-2-225x300.jpg 225w, https:\/\/dev.beatrizpalacios.com\/wp-content\/uploads\/2024\/09\/Matchbox-Pendant-2-768x1024.jpg 768w, https:\/\/dev.beatrizpalacios.com\/wp-content\/uploads\/2024\/09\/Matchbox-Pendant-2-590x787.jpg 590w, https:\/\/dev.beatrizpalacios.com\/wp-content\/uploads\/2024\/09\/Matchbox-Pendant-2-666x888.jpg 666w\" alt=\"\" width=\"960\" height=\"1280\" \/><br \/>\n<img loading=\"lazy\" decoding=\"async\" src=\"https:\/\/dev.beatrizpalacios.com\/wp-content\/uploads\/2024\/09\/Matchbox-Pendant-4.jpg\" sizes=\"(max-width: 960px) 100vw, 960px\" srcset=\"https:\/\/dev.beatrizpalacios.com\/wp-content\/uploads\/2024\/09\/Matchbox-Pendant-4.jpg 960w, https:\/\/dev.beatrizpalacios.com\/wp-content\/uploads\/2024\/09\/Matchbox-Pendant-4-225x300.jpg 225w, https:\/\/dev.beatrizpalacios.com\/wp-content\/uploads\/2024\/09\/Matchbox-Pendant-4-768x1024.jpg 768w, https:\/\/dev.beatrizpalacios.com\/wp-content\/uploads\/2024\/09\/Matchbox-Pendant-4-590x787.jpg 590w, https:\/\/dev.beatrizpalacios.com\/wp-content\/uploads\/2024\/09\/Matchbox-Pendant-4-666x888.jpg 666w\" alt=\"\" width=\"960\" height=\"1280\" \/><br \/>\n<img loading=\"lazy\" decoding=\"async\" src=\"https:\/\/dev.beatrizpalacios.com\/wp-content\/uploads\/2024\/09\/Matchbox-Pendant-3.jpg\" sizes=\"(max-width: 960px) 100vw, 960px\" srcset=\"https:\/\/dev.beatrizpalacios.com\/wp-content\/uploads\/2024\/09\/Matchbox-Pendant-3.jpg 960w, https:\/\/dev.beatrizpalacios.com\/wp-content\/uploads\/2024\/09\/Matchbox-Pendant-3-225x300.jpg 225w, https:\/\/dev.beatrizpalacios.com\/wp-content\/uploads\/2024\/09\/Matchbox-Pendant-3-768x1024.jpg 768w, https:\/\/dev.beatrizpalacios.com\/wp-content\/uploads\/2024\/09\/Matchbox-Pendant-3-590x787.jpg 590w, https:\/\/dev.beatrizpalacios.com\/wp-content\/uploads\/2024\/09\/Matchbox-Pendant-3-666x888.jpg 666w\" alt=\"\" width=\"960\" height=\"1280\" \/><\/p>\n","protected":false},"excerpt":{"rendered":"<p>Este colgante es una aut\u00e9ntica caja de cerillas en plata de ley, dise\u00f1ada con un nivel de detalle que captura su esencia original. Su peso y textura reflejan la calidad del material, convirti\u00e9ndolo en una pieza \u00fanica y sofisticada.<br \/>\nLa caja y la cadena pueden usarse por separado, y la cadena es ajustable a cualquier tama\u00f1o. Se puede utilizar con cerillas est\u00e1ndar del mercado. Por motivos de seguridad, las cerillas no se incluir\u00e1n en los env\u00edos fuera de la UE.<br \/>\nRealizado a mano en nuestro taller de Madrid.<br \/>\nSi necesitas ayuda, no dudes en ponerte en contacto con nosotros por correo a info@beatrizpalacios.es. Estaremos encantados de ayudarte.<\/p>\n","protected":false},"featured_media":51190,"template":"","meta":[],"product_brand":[],"product_cat":[146,646],"product_tag":[683,711],"class_list":{"0":"post-49928","1":"product","2":"type-product","3":"status-publish","4":"has-post-thumbnail","6":"product_cat-collares","7":"product_cat-objetos","8":"product_tag-hardware-es","9":"product_tag-signature-es","11":"first","12":"instock","13":"taxable","14":"shipping-taxable","15":"purchasable","16":"product-type-simple"},"_links":{"self":[{"href":"https:\/\/dev.beatrizpalacios.com\/es\/wp-json\/wp\/v2\/product\/49928","targetHints":{"allow":["GET"]}}],"collection":[{"href":"https:\/\/dev.beatrizpalacios.com\/es\/wp-json\/wp\/v2\/product"}],"about":[{"href":"https:\/\/dev.beatrizpalacios.com\/es\/wp-json\/wp\/v2\/types\/product"}],"wp:featuredmedia":[{"embeddable":true,"href":"https:\/\/dev.beatrizpalacios.com\/es\/wp-json\/wp\/v2\/media\/51190"}],"wp:attachment":[{"href":"https:\/\/dev.beatrizpalacios.com\/es\/wp-json\/wp\/v2\/media?parent=49928"}],"wp:term":[{"taxonomy":"product_brand","embeddable":true,"href":"https:\/\/dev.beatrizpalacios.com\/es\/wp-json\/wp\/v2\/product_brand?post=49928"},{"taxonomy":"product_cat","embeddable":true,"href":"https:\/\/dev.beatrizpalacios.com\/es\/wp-json\/wp\/v2\/product_cat?post=49928"},{"taxonomy":"product_tag","embeddable":true,"href":"https:\/\/dev.beatrizpalacios.com\/es\/wp-json\/wp\/v2\/product_tag?post=49928"}],"curies":[{"name":"wp","href":"https:\/\/api.w.org\/{rel}","templated":true}]}}