{"id":52443,"date":"2025-02-21T09:12:09","date_gmt":"2025-02-21T08:24:04","guid":{"rendered":"https:\/\/dev.beatrizpalacios.com\/?post_type=product&#038;p=52443"},"modified":"2025-06-13T15:44:50","modified_gmt":"2025-06-13T13:44:50","slug":"colgante-holding-hands","status":"publish","type":"product","link":"https:\/\/dev.beatrizpalacios.com\/es\/product\/colgante-holding-hands\/","title":{"rendered":"Colgante Holding Hands"},"content":{"rendered":"<p><img loading=\"lazy\" decoding=\"async\" width=\"1920\" height=\"1080\" src=\"https:\/\/dev.beatrizpalacios.com\/wp-content\/uploads\/2025\/02\/Holding-Hands-Pendant.jpg\" alt=\"\" srcset=\"https:\/\/dev.beatrizpalacios.com\/wp-content\/uploads\/2025\/02\/Holding-Hands-Pendant.jpg 1920w, https:\/\/dev.beatrizpalacios.com\/wp-content\/uploads\/2025\/02\/Holding-Hands-Pendant-300x169.jpg 300w, https:\/\/dev.beatrizpalacios.com\/wp-content\/uploads\/2025\/02\/Holding-Hands-Pendant-1024x576.jpg 1024w, https:\/\/dev.beatrizpalacios.com\/wp-content\/uploads\/2025\/02\/Holding-Hands-Pendant-768x432.jpg 768w, https:\/\/dev.beatrizpalacios.com\/wp-content\/uploads\/2025\/02\/Holding-Hands-Pendant-1536x864.jpg 1536w, https:\/\/dev.beatrizpalacios.com\/wp-content\/uploads\/2025\/02\/Holding-Hands-Pendant-590x332.jpg 590w, https:\/\/dev.beatrizpalacios.com\/wp-content\/uploads\/2025\/02\/Holding-Hands-Pendant-666x375.jpg 666w\" sizes=\"(max-width: 1920px) 100vw, 1920px\" \/><br \/>\n\t\t\t\t\t\t\t\t\t\t\t\t\t\t\t<img loading=\"lazy\" decoding=\"async\" width=\"960\" height=\"1280\" src=\"https:\/\/dev.beatrizpalacios.com\/wp-content\/uploads\/2025\/02\/Holding-Hands-Pendant_5.jpg\" alt=\"\" srcset=\"https:\/\/dev.beatrizpalacios.com\/wp-content\/uploads\/2025\/02\/Holding-Hands-Pendant_5.jpg 960w, https:\/\/dev.beatrizpalacios.com\/wp-content\/uploads\/2025\/02\/Holding-Hands-Pendant_5-225x300.jpg 225w, https:\/\/dev.beatrizpalacios.com\/wp-content\/uploads\/2025\/02\/Holding-Hands-Pendant_5-768x1024.jpg 768w, https:\/\/dev.beatrizpalacios.com\/wp-content\/uploads\/2025\/02\/Holding-Hands-Pendant_5-590x787.jpg 590w, https:\/\/dev.beatrizpalacios.com\/wp-content\/uploads\/2025\/02\/Holding-Hands-Pendant_5-666x888.jpg 666w\" sizes=\"(max-width: 960px) 100vw, 960px\" \/><br \/>\n\t\t\t\t\t\t\t\t\t\t\t\t\t\t\t<img loading=\"lazy\" decoding=\"async\" width=\"960\" height=\"1280\" src=\"https:\/\/dev.beatrizpalacios.com\/wp-content\/uploads\/2025\/02\/Holding-Hands-Pendant_4.jpg\" alt=\"\" srcset=\"https:\/\/dev.beatrizpalacios.com\/wp-content\/uploads\/2025\/02\/Holding-Hands-Pendant_4.jpg 960w, https:\/\/dev.beatrizpalacios.com\/wp-content\/uploads\/2025\/02\/Holding-Hands-Pendant_4-225x300.jpg 225w, https:\/\/dev.beatrizpalacios.com\/wp-content\/uploads\/2025\/02\/Holding-Hands-Pendant_4-768x1024.jpg 768w, https:\/\/dev.beatrizpalacios.com\/wp-content\/uploads\/2025\/02\/Holding-Hands-Pendant_4-590x787.jpg 590w, https:\/\/dev.beatrizpalacios.com\/wp-content\/uploads\/2025\/02\/Holding-Hands-Pendant_4-666x888.jpg 666w\" sizes=\"(max-width: 960px) 100vw, 960px\" \/><br \/>\n\t\t\t\t\t\t\t\t\t\t\t\t\t\t\t<img loading=\"lazy\" decoding=\"async\" width=\"960\" height=\"1280\" src=\"https:\/\/dev.beatrizpalacios.com\/wp-content\/uploads\/2025\/02\/Holding-Hands-Pendant-3.jpg\" alt=\"\" srcset=\"https:\/\/dev.beatrizpalacios.com\/wp-content\/uploads\/2025\/02\/Holding-Hands-Pendant-3.jpg 960w, https:\/\/dev.beatrizpalacios.com\/wp-content\/uploads\/2025\/02\/Holding-Hands-Pendant-3-225x300.jpg 225w, https:\/\/dev.beatrizpalacios.com\/wp-content\/uploads\/2025\/02\/Holding-Hands-Pendant-3-768x1024.jpg 768w, https:\/\/dev.beatrizpalacios.com\/wp-content\/uploads\/2025\/02\/Holding-Hands-Pendant-3-590x787.jpg 590w, https:\/\/dev.beatrizpalacios.com\/wp-content\/uploads\/2025\/02\/Holding-Hands-Pendant-3-666x888.jpg 666w\" sizes=\"(max-width: 960px) 100vw, 960px\" \/><\/p>\n","protected":false},"excerpt":{"rendered":"<p>Collar de cadena de plata ba\u00f1ada en oro con un colgante porta cigarrillos (o lo que quieras sujetar) hecho a mano. El colgante, que puede usarse por separado, est\u00e1 hecho de plata, plata ba\u00f1ada en oro y lat\u00f3n ba\u00f1ado en oro.<\/p>\n<p>Hecho a mano en nuestro estudio de Madrid.<\/p>\n<p>Si necesitas ayuda, no dudes en contactarnos en info@beatrizpalacios.es. Estaremos encantados de ayudarte.<\/p>\n","protected":false},"featured_media":53213,"template":"","meta":[],"product_brand":[],"product_cat":[146,646],"product_tag":[692],"class_list":{"0":"post-52443","1":"product","2":"type-product","3":"status-publish","4":"has-post-thumbnail","6":"product_cat-collares","7":"product_cat-objetos","8":"product_tag-gentlewoman-es","10":"first","11":"instock","12":"taxable","13":"shipping-taxable","14":"purchasable","15":"product-type-simple"},"_links":{"self":[{"href":"https:\/\/dev.beatrizpalacios.com\/es\/wp-json\/wp\/v2\/product\/52443","targetHints":{"allow":["GET"]}}],"collection":[{"href":"https:\/\/dev.beatrizpalacios.com\/es\/wp-json\/wp\/v2\/product"}],"about":[{"href":"https:\/\/dev.beatrizpalacios.com\/es\/wp-json\/wp\/v2\/types\/product"}],"wp:featuredmedia":[{"embeddable":true,"href":"https:\/\/dev.beatrizpalacios.com\/es\/wp-json\/wp\/v2\/media\/53213"}],"wp:attachment":[{"href":"https:\/\/dev.beatrizpalacios.com\/es\/wp-json\/wp\/v2\/media?parent=52443"}],"wp:term":[{"taxonomy":"product_brand","embeddable":true,"href":"https:\/\/dev.beatrizpalacios.com\/es\/wp-json\/wp\/v2\/product_brand?post=52443"},{"taxonomy":"product_cat","embeddable":true,"href":"https:\/\/dev.beatrizpalacios.com\/es\/wp-json\/wp\/v2\/product_cat?post=52443"},{"taxonomy":"product_tag","embeddable":true,"href":"https:\/\/dev.beatrizpalacios.com\/es\/wp-json\/wp\/v2\/product_tag?post=52443"}],"curies":[{"name":"wp","href":"https:\/\/api.w.org\/{rel}","templated":true}]}}