{"id":52494,"date":"2025-02-21T09:12:09","date_gmt":"2025-02-21T08:24:21","guid":{"rendered":"https:\/\/dev.beatrizpalacios.com\/?post_type=product&#038;p=52494"},"modified":"2025-06-13T15:44:56","modified_gmt":"2025-06-13T13:44:56","slug":"cinta-de-seda-saffron","status":"publish","type":"product","link":"https:\/\/dev.beatrizpalacios.com\/es\/product\/cinta-de-seda-saffron\/","title":{"rendered":"Cinta de Seda Saffron"},"content":{"rendered":"<p><img loading=\"lazy\" decoding=\"async\" width=\"960\" height=\"1280\" src=\"https:\/\/dev.beatrizpalacios.com\/wp-content\/uploads\/2025\/02\/Saffron-Silk-Ribbon-1.jpg\" alt=\"\" srcset=\"https:\/\/dev.beatrizpalacios.com\/wp-content\/uploads\/2025\/02\/Saffron-Silk-Ribbon-1.jpg 960w, https:\/\/dev.beatrizpalacios.com\/wp-content\/uploads\/2025\/02\/Saffron-Silk-Ribbon-1-225x300.jpg 225w, https:\/\/dev.beatrizpalacios.com\/wp-content\/uploads\/2025\/02\/Saffron-Silk-Ribbon-1-768x1024.jpg 768w, https:\/\/dev.beatrizpalacios.com\/wp-content\/uploads\/2025\/02\/Saffron-Silk-Ribbon-1-590x787.jpg 590w, https:\/\/dev.beatrizpalacios.com\/wp-content\/uploads\/2025\/02\/Saffron-Silk-Ribbon-1-666x888.jpg 666w\" sizes=\"(max-width: 960px) 100vw, 960px\" \/><\/p>\n","protected":false},"excerpt":{"rendered":"<p>Esta pieza est\u00e1 hecha con una delicada cinta de seda rematada con terminales de plata. Un accesorio vers\u00e1til que puedes llevar en el pelo, alrededor del cuello, la mu\u00f1eca o la cintura, adapt\u00e1ndose de forma natural a cualquier ocasi\u00f3n.<br \/>\nHecho a mano en nuestro estudio en Madrid.<\/p>\n<p>Si necesitas ayuda, no dudes en contactarnos en info@beatrizpalacios.es. Estaremos encantados de ayudarte.<\/p>\n","protected":false},"featured_media":52161,"template":"","meta":[],"product_brand":[],"product_cat":[146],"product_tag":[692],"class_list":{"0":"post-52494","1":"product","2":"type-product","3":"status-publish","4":"has-post-thumbnail","6":"product_cat-collares","7":"product_tag-gentlewoman-es","9":"first","10":"instock","11":"taxable","12":"shipping-taxable","13":"purchasable","14":"product-type-simple"},"_links":{"self":[{"href":"https:\/\/dev.beatrizpalacios.com\/es\/wp-json\/wp\/v2\/product\/52494","targetHints":{"allow":["GET"]}}],"collection":[{"href":"https:\/\/dev.beatrizpalacios.com\/es\/wp-json\/wp\/v2\/product"}],"about":[{"href":"https:\/\/dev.beatrizpalacios.com\/es\/wp-json\/wp\/v2\/types\/product"}],"wp:featuredmedia":[{"embeddable":true,"href":"https:\/\/dev.beatrizpalacios.com\/es\/wp-json\/wp\/v2\/media\/52161"}],"wp:attachment":[{"href":"https:\/\/dev.beatrizpalacios.com\/es\/wp-json\/wp\/v2\/media?parent=52494"}],"wp:term":[{"taxonomy":"product_brand","embeddable":true,"href":"https:\/\/dev.beatrizpalacios.com\/es\/wp-json\/wp\/v2\/product_brand?post=52494"},{"taxonomy":"product_cat","embeddable":true,"href":"https:\/\/dev.beatrizpalacios.com\/es\/wp-json\/wp\/v2\/product_cat?post=52494"},{"taxonomy":"product_tag","embeddable":true,"href":"https:\/\/dev.beatrizpalacios.com\/es\/wp-json\/wp\/v2\/product_tag?post=52494"}],"curies":[{"name":"wp","href":"https:\/\/api.w.org\/{rel}","templated":true}]}}