{"id":52501,"date":"2025-02-21T09:12:09","date_gmt":"2025-02-21T08:24:21","guid":{"rendered":"https:\/\/dev.beatrizpalacios.com\/?post_type=product&#038;p=52501"},"modified":"2025-09-26T12:43:42","modified_gmt":"2025-09-26T10:43:42","slug":"colgante-lemon-cocktail","status":"publish","type":"product","link":"https:\/\/dev.beatrizpalacios.com\/es\/product\/colgante-lemon-cocktail\/","title":{"rendered":"Colgante Lemon Cocktail"},"content":{"rendered":"<p><img loading=\"lazy\" decoding=\"async\" width=\"960\" height=\"1280\" src=\"https:\/\/dev.beatrizpalacios.com\/wp-content\/uploads\/2025\/02\/Lemon-Cocktail-Pendant-1.jpg\" alt=\"\" srcset=\"https:\/\/dev.beatrizpalacios.com\/wp-content\/uploads\/2025\/02\/Lemon-Cocktail-Pendant-1.jpg 960w, https:\/\/dev.beatrizpalacios.com\/wp-content\/uploads\/2025\/02\/Lemon-Cocktail-Pendant-1-225x300.jpg 225w, https:\/\/dev.beatrizpalacios.com\/wp-content\/uploads\/2025\/02\/Lemon-Cocktail-Pendant-1-768x1024.jpg 768w, https:\/\/dev.beatrizpalacios.com\/wp-content\/uploads\/2025\/02\/Lemon-Cocktail-Pendant-1-590x787.jpg 590w, https:\/\/dev.beatrizpalacios.com\/wp-content\/uploads\/2025\/02\/Lemon-Cocktail-Pendant-1-666x888.jpg 666w\" sizes=\"(max-width: 960px) 100vw, 960px\" \/><br \/>\n\t\t\t\t\t\t\t\t\t\t\t\t\t\t\t<img loading=\"lazy\" decoding=\"async\" width=\"960\" height=\"1280\" src=\"https:\/\/dev.beatrizpalacios.com\/wp-content\/uploads\/2025\/02\/Lemon-Cocktail-Pendant-2.jpg\" alt=\"\" srcset=\"https:\/\/dev.beatrizpalacios.com\/wp-content\/uploads\/2025\/02\/Lemon-Cocktail-Pendant-2.jpg 960w, https:\/\/dev.beatrizpalacios.com\/wp-content\/uploads\/2025\/02\/Lemon-Cocktail-Pendant-2-225x300.jpg 225w, https:\/\/dev.beatrizpalacios.com\/wp-content\/uploads\/2025\/02\/Lemon-Cocktail-Pendant-2-768x1024.jpg 768w, https:\/\/dev.beatrizpalacios.com\/wp-content\/uploads\/2025\/02\/Lemon-Cocktail-Pendant-2-590x787.jpg 590w, https:\/\/dev.beatrizpalacios.com\/wp-content\/uploads\/2025\/02\/Lemon-Cocktail-Pendant-2-666x888.jpg 666w\" sizes=\"(max-width: 960px) 100vw, 960px\" \/><\/p>\n","protected":false},"excerpt":{"rendered":"<p>Colgante realizado en plata ba\u00f1ada en oro, con un cuarzo lim\u00f3n de 12&#215;16 mm engastado con garras. Las puntas de las garras est\u00e1n adornadas con cuatro cristales negros, creando un sutil contraste con el cuarzo lim\u00f3n.<br \/>\nHecho a mano en nuestro estudio en Madrid.<br \/>\nSi necesitas ayuda, no dudes en ponerte en contacto con nosotros por correo a info@beatrizpalacios.es. Estaremos encantados de ayudarte.<\/p>\n","protected":false},"featured_media":52168,"template":"","meta":[],"product_brand":[],"product_cat":[146],"product_tag":[692],"class_list":{"0":"post-52501","1":"product","2":"type-product","3":"status-publish","4":"has-post-thumbnail","6":"product_cat-collares","7":"product_tag-gentlewoman-es","9":"first","10":"instock","11":"taxable","12":"shipping-taxable","13":"purchasable","14":"product-type-simple"},"_links":{"self":[{"href":"https:\/\/dev.beatrizpalacios.com\/es\/wp-json\/wp\/v2\/product\/52501","targetHints":{"allow":["GET"]}}],"collection":[{"href":"https:\/\/dev.beatrizpalacios.com\/es\/wp-json\/wp\/v2\/product"}],"about":[{"href":"https:\/\/dev.beatrizpalacios.com\/es\/wp-json\/wp\/v2\/types\/product"}],"wp:featuredmedia":[{"embeddable":true,"href":"https:\/\/dev.beatrizpalacios.com\/es\/wp-json\/wp\/v2\/media\/52168"}],"wp:attachment":[{"href":"https:\/\/dev.beatrizpalacios.com\/es\/wp-json\/wp\/v2\/media?parent=52501"}],"wp:term":[{"taxonomy":"product_brand","embeddable":true,"href":"https:\/\/dev.beatrizpalacios.com\/es\/wp-json\/wp\/v2\/product_brand?post=52501"},{"taxonomy":"product_cat","embeddable":true,"href":"https:\/\/dev.beatrizpalacios.com\/es\/wp-json\/wp\/v2\/product_cat?post=52501"},{"taxonomy":"product_tag","embeddable":true,"href":"https:\/\/dev.beatrizpalacios.com\/es\/wp-json\/wp\/v2\/product_tag?post=52501"}],"curies":[{"name":"wp","href":"https:\/\/api.w.org\/{rel}","templated":true}]}}