{"id":52508,"date":"2025-02-21T09:12:09","date_gmt":"2025-02-21T08:24:32","guid":{"rendered":"https:\/\/dev.beatrizpalacios.com\/?post_type=product&#038;p=52508"},"modified":"2025-06-13T15:44:58","modified_gmt":"2025-06-13T13:44:58","slug":"boquilla-dorada","status":"publish","type":"product","link":"https:\/\/dev.beatrizpalacios.com\/es\/product\/boquilla-dorada\/","title":{"rendered":"Boquilla Dorada"},"content":{"rendered":"<p><img loading=\"lazy\" decoding=\"async\" src=\"https:\/\/dev.beatrizpalacios.com\/wp-content\/uploads\/2025\/02\/Cigarette-Holder-3-768x1024.jpg\" sizes=\"(max-width: 640px) 100vw, 640px\" srcset=\"https:\/\/dev.beatrizpalacios.com\/wp-content\/uploads\/2025\/02\/Cigarette-Holder-3-768x1024.jpg 768w, https:\/\/dev.beatrizpalacios.com\/wp-content\/uploads\/2025\/02\/Cigarette-Holder-3-225x300.jpg 225w, https:\/\/dev.beatrizpalacios.com\/wp-content\/uploads\/2025\/02\/Cigarette-Holder-3-590x787.jpg 590w, https:\/\/dev.beatrizpalacios.com\/wp-content\/uploads\/2025\/02\/Cigarette-Holder-3-666x888.jpg 666w, https:\/\/dev.beatrizpalacios.com\/wp-content\/uploads\/2025\/02\/Cigarette-Holder-3.jpg 960w\" alt=\"\" width=\"640\" height=\"853\" \/><br \/>\n<img loading=\"lazy\" decoding=\"async\" src=\"https:\/\/dev.beatrizpalacios.com\/wp-content\/uploads\/2025\/02\/Cigarette-Holder-2-768x1024.jpg\" sizes=\"(max-width: 640px) 100vw, 640px\" srcset=\"https:\/\/dev.beatrizpalacios.com\/wp-content\/uploads\/2025\/02\/Cigarette-Holder-2-768x1024.jpg 768w, https:\/\/dev.beatrizpalacios.com\/wp-content\/uploads\/2025\/02\/Cigarette-Holder-2-225x300.jpg 225w, https:\/\/dev.beatrizpalacios.com\/wp-content\/uploads\/2025\/02\/Cigarette-Holder-2-590x787.jpg 590w, https:\/\/dev.beatrizpalacios.com\/wp-content\/uploads\/2025\/02\/Cigarette-Holder-2-666x888.jpg 666w, https:\/\/dev.beatrizpalacios.com\/wp-content\/uploads\/2025\/02\/Cigarette-Holder-2.jpg 960w\" alt=\"\" width=\"640\" height=\"853\" \/><br \/>\n<img loading=\"lazy\" decoding=\"async\" src=\"https:\/\/dev.beatrizpalacios.com\/wp-content\/uploads\/2025\/02\/Cigarette-Holder-1-768x1024.jpg\" sizes=\"(max-width: 640px) 100vw, 640px\" srcset=\"https:\/\/dev.beatrizpalacios.com\/wp-content\/uploads\/2025\/02\/Cigarette-Holder-1-768x1024.jpg 768w, https:\/\/dev.beatrizpalacios.com\/wp-content\/uploads\/2025\/02\/Cigarette-Holder-1-225x300.jpg 225w, https:\/\/dev.beatrizpalacios.com\/wp-content\/uploads\/2025\/02\/Cigarette-Holder-1-590x787.jpg 590w, https:\/\/dev.beatrizpalacios.com\/wp-content\/uploads\/2025\/02\/Cigarette-Holder-1-666x888.jpg 666w, https:\/\/dev.beatrizpalacios.com\/wp-content\/uploads\/2025\/02\/Cigarette-Holder-1.jpg 960w\" alt=\"\" width=\"640\" height=\"853\" \/><\/p>\n","protected":false},"excerpt":{"rendered":"<p>Esta boquilla de l\u00edneas limpias est\u00e1 hecha en plata ba\u00f1ada en oro, con un dise\u00f1o refinado y atemporal. Minimalista y funcional, transforma un objeto cotidiano en un accesorio sofisticado.<br \/>\nHecho a mano en nuestro estudio en Madrid.<br \/>\nSi necesitas ayuda, no dudes en ponerte en contacto con nosotros por correo a info@beatrizpalacios.es. Estaremos encantados de ayudarte.<\/p>\n","protected":false},"featured_media":52175,"template":"","meta":[],"product_brand":[],"product_cat":[646],"product_tag":[692],"class_list":{"0":"post-52508","1":"product","2":"type-product","3":"status-publish","4":"has-post-thumbnail","6":"product_cat-objetos","7":"product_tag-gentlewoman-es","9":"first","10":"instock","11":"taxable","12":"shipping-taxable","13":"purchasable","14":"product-type-simple"},"_links":{"self":[{"href":"https:\/\/dev.beatrizpalacios.com\/es\/wp-json\/wp\/v2\/product\/52508","targetHints":{"allow":["GET"]}}],"collection":[{"href":"https:\/\/dev.beatrizpalacios.com\/es\/wp-json\/wp\/v2\/product"}],"about":[{"href":"https:\/\/dev.beatrizpalacios.com\/es\/wp-json\/wp\/v2\/types\/product"}],"wp:featuredmedia":[{"embeddable":true,"href":"https:\/\/dev.beatrizpalacios.com\/es\/wp-json\/wp\/v2\/media\/52175"}],"wp:attachment":[{"href":"https:\/\/dev.beatrizpalacios.com\/es\/wp-json\/wp\/v2\/media?parent=52508"}],"wp:term":[{"taxonomy":"product_brand","embeddable":true,"href":"https:\/\/dev.beatrizpalacios.com\/es\/wp-json\/wp\/v2\/product_brand?post=52508"},{"taxonomy":"product_cat","embeddable":true,"href":"https:\/\/dev.beatrizpalacios.com\/es\/wp-json\/wp\/v2\/product_cat?post=52508"},{"taxonomy":"product_tag","embeddable":true,"href":"https:\/\/dev.beatrizpalacios.com\/es\/wp-json\/wp\/v2\/product_tag?post=52508"}],"curies":[{"name":"wp","href":"https:\/\/api.w.org\/{rel}","templated":true}]}}