{"id":52515,"date":"2025-02-21T09:12:09","date_gmt":"2025-02-21T08:24:32","guid":{"rendered":"https:\/\/dev.beatrizpalacios.com\/?post_type=product&#038;p=52515"},"modified":"2025-06-13T15:44:58","modified_gmt":"2025-06-13T13:44:58","slug":"arnes-de-perlas-y-cadena","status":"publish","type":"product","link":"https:\/\/dev.beatrizpalacios.com\/es\/product\/arnes-de-perlas-y-cadena\/","title":{"rendered":"Arn\u00e9s de Perlas y Cadena"},"content":{"rendered":"<p><img loading=\"lazy\" decoding=\"async\" width=\"640\" height=\"853\" src=\"https:\/\/dev.beatrizpalacios.com\/wp-content\/uploads\/2025\/02\/Pearl-Body-Chain-3-768x1024.jpg\" alt=\"\" srcset=\"https:\/\/dev.beatrizpalacios.com\/wp-content\/uploads\/2025\/02\/Pearl-Body-Chain-3-768x1024.jpg 768w, https:\/\/dev.beatrizpalacios.com\/wp-content\/uploads\/2025\/02\/Pearl-Body-Chain-3-225x300.jpg 225w, https:\/\/dev.beatrizpalacios.com\/wp-content\/uploads\/2025\/02\/Pearl-Body-Chain-3-590x787.jpg 590w, https:\/\/dev.beatrizpalacios.com\/wp-content\/uploads\/2025\/02\/Pearl-Body-Chain-3-666x888.jpg 666w, https:\/\/dev.beatrizpalacios.com\/wp-content\/uploads\/2025\/02\/Pearl-Body-Chain-3.jpg 960w\" sizes=\"(max-width: 640px) 100vw, 640px\" \/><br \/>\n\t\t\t\t\t\t\t\t\t\t\t\t\t\t\t<img loading=\"lazy\" decoding=\"async\" width=\"640\" height=\"853\" src=\"https:\/\/dev.beatrizpalacios.com\/wp-content\/uploads\/2025\/02\/Pearl-Body-Chain-2-768x1024.jpg\" alt=\"\" srcset=\"https:\/\/dev.beatrizpalacios.com\/wp-content\/uploads\/2025\/02\/Pearl-Body-Chain-2-768x1024.jpg 768w, https:\/\/dev.beatrizpalacios.com\/wp-content\/uploads\/2025\/02\/Pearl-Body-Chain-2-225x300.jpg 225w, https:\/\/dev.beatrizpalacios.com\/wp-content\/uploads\/2025\/02\/Pearl-Body-Chain-2-590x787.jpg 590w, https:\/\/dev.beatrizpalacios.com\/wp-content\/uploads\/2025\/02\/Pearl-Body-Chain-2-666x888.jpg 666w, https:\/\/dev.beatrizpalacios.com\/wp-content\/uploads\/2025\/02\/Pearl-Body-Chain-2.jpg 960w\" sizes=\"(max-width: 640px) 100vw, 640px\" \/><br \/>\n\t\t\t\t\t\t\t\t\t\t\t\t\t\t\t<img loading=\"lazy\" decoding=\"async\" width=\"640\" height=\"853\" src=\"https:\/\/dev.beatrizpalacios.com\/wp-content\/uploads\/2025\/02\/Pearl-Body-Chain-1-768x1024.jpg\" alt=\"\" srcset=\"https:\/\/dev.beatrizpalacios.com\/wp-content\/uploads\/2025\/02\/Pearl-Body-Chain-1-768x1024.jpg 768w, https:\/\/dev.beatrizpalacios.com\/wp-content\/uploads\/2025\/02\/Pearl-Body-Chain-1-225x300.jpg 225w, https:\/\/dev.beatrizpalacios.com\/wp-content\/uploads\/2025\/02\/Pearl-Body-Chain-1-590x787.jpg 590w, https:\/\/dev.beatrizpalacios.com\/wp-content\/uploads\/2025\/02\/Pearl-Body-Chain-1-666x888.jpg 666w, https:\/\/dev.beatrizpalacios.com\/wp-content\/uploads\/2025\/02\/Pearl-Body-Chain-1.jpg 960w\" sizes=\"(max-width: 640px) 100vw, 640px\" \/><br \/>\n\t\t\t\t\t\t\t\t\t\t\t\t\t\t\t<img loading=\"lazy\" decoding=\"async\" width=\"1920\" height=\"1280\" src=\"https:\/\/dev.beatrizpalacios.com\/wp-content\/uploads\/2025\/02\/Pearl-Body-Chain-5.jpg\" alt=\"\" srcset=\"https:\/\/dev.beatrizpalacios.com\/wp-content\/uploads\/2025\/02\/Pearl-Body-Chain-5.jpg 1920w, https:\/\/dev.beatrizpalacios.com\/wp-content\/uploads\/2025\/02\/Pearl-Body-Chain-5-300x200.jpg 300w, https:\/\/dev.beatrizpalacios.com\/wp-content\/uploads\/2025\/02\/Pearl-Body-Chain-5-1024x683.jpg 1024w, https:\/\/dev.beatrizpalacios.com\/wp-content\/uploads\/2025\/02\/Pearl-Body-Chain-5-768x512.jpg 768w, https:\/\/dev.beatrizpalacios.com\/wp-content\/uploads\/2025\/02\/Pearl-Body-Chain-5-1536x1024.jpg 1536w, https:\/\/dev.beatrizpalacios.com\/wp-content\/uploads\/2025\/02\/Pearl-Body-Chain-5-590x393.jpg 590w, https:\/\/dev.beatrizpalacios.com\/wp-content\/uploads\/2025\/02\/Pearl-Body-Chain-5-666x444.jpg 666w\" sizes=\"(max-width: 1920px) 100vw, 1920px\" \/><\/p>\n","protected":false},"excerpt":{"rendered":"<p>Este set trasformable incluye dos cadenas ba\u00f1adas en oro y un cierre de perla de agua dulce y perla con froma de l\u00e1grima del Pac\u00edfico Sur, hecho en plata ba\u00f1ada en oro. La pieza con las perlas puede llevarse por separado como pendiente o junto a las cadenas como un arn\u00e9s, mientras que las cadenas ofrecen m\u00faltiples opciones: como cadena para el cuerpo, collar o cintur\u00f3n, permiti\u00e9ndote pasar de un look a otro sin esfuerzo. Una pieza vers\u00e1til que equilibra elegancia y funcionalidad con un toque contempor\u00e1neo.<br \/>\nHecho a mano en nuestro estudio en Madrid.<br \/>\nSi necesitas ayuda, no dudes en ponerte en contacto con nosotros por correo a info@beatrizpalacios.es. Estaremos encantados de ayudarte.<\/p>\n","protected":false},"featured_media":52182,"template":"","meta":[],"product_brand":[],"product_cat":[143,146,632],"product_tag":[692],"class_list":{"0":"post-52515","1":"product","2":"type-product","3":"status-publish","4":"has-post-thumbnail","6":"product_cat-pendientes","7":"product_cat-collares","8":"product_cat-body-jewellery-es","9":"product_tag-gentlewoman-es","11":"first","12":"instock","13":"taxable","14":"shipping-taxable","15":"purchasable","16":"product-type-simple"},"_links":{"self":[{"href":"https:\/\/dev.beatrizpalacios.com\/es\/wp-json\/wp\/v2\/product\/52515","targetHints":{"allow":["GET"]}}],"collection":[{"href":"https:\/\/dev.beatrizpalacios.com\/es\/wp-json\/wp\/v2\/product"}],"about":[{"href":"https:\/\/dev.beatrizpalacios.com\/es\/wp-json\/wp\/v2\/types\/product"}],"wp:featuredmedia":[{"embeddable":true,"href":"https:\/\/dev.beatrizpalacios.com\/es\/wp-json\/wp\/v2\/media\/52182"}],"wp:attachment":[{"href":"https:\/\/dev.beatrizpalacios.com\/es\/wp-json\/wp\/v2\/media?parent=52515"}],"wp:term":[{"taxonomy":"product_brand","embeddable":true,"href":"https:\/\/dev.beatrizpalacios.com\/es\/wp-json\/wp\/v2\/product_brand?post=52515"},{"taxonomy":"product_cat","embeddable":true,"href":"https:\/\/dev.beatrizpalacios.com\/es\/wp-json\/wp\/v2\/product_cat?post=52515"},{"taxonomy":"product_tag","embeddable":true,"href":"https:\/\/dev.beatrizpalacios.com\/es\/wp-json\/wp\/v2\/product_tag?post=52515"}],"curies":[{"name":"wp","href":"https:\/\/api.w.org\/{rel}","templated":true}]}}