{"id":52573,"date":"2025-02-21T09:12:37","date_gmt":"2025-02-21T08:25:06","guid":{"rendered":"https:\/\/dev.beatrizpalacios.com\/?post_type=product&#038;p=52573"},"modified":"2025-06-13T15:45:05","modified_gmt":"2025-06-13T13:45:05","slug":"el-guardian-de-plata","status":"publish","type":"product","link":"https:\/\/dev.beatrizpalacios.com\/es\/product\/el-guardian-de-plata\/","title":{"rendered":"El Guardi\u00e1n de Plata"},"content":{"rendered":"<p><img loading=\"lazy\" decoding=\"async\" width=\"960\" height=\"1280\" src=\"https:\/\/dev.beatrizpalacios.com\/wp-content\/uploads\/2025\/02\/The-Silver-Keeper-3.jpg\" alt=\"\" srcset=\"https:\/\/dev.beatrizpalacios.com\/wp-content\/uploads\/2025\/02\/The-Silver-Keeper-3.jpg 960w, https:\/\/dev.beatrizpalacios.com\/wp-content\/uploads\/2025\/02\/The-Silver-Keeper-3-225x300.jpg 225w, https:\/\/dev.beatrizpalacios.com\/wp-content\/uploads\/2025\/02\/The-Silver-Keeper-3-768x1024.jpg 768w, https:\/\/dev.beatrizpalacios.com\/wp-content\/uploads\/2025\/02\/The-Silver-Keeper-3-590x787.jpg 590w, https:\/\/dev.beatrizpalacios.com\/wp-content\/uploads\/2025\/02\/The-Silver-Keeper-3-666x888.jpg 666w\" sizes=\"(max-width: 960px) 100vw, 960px\" \/><br \/>\n\t\t\t\t\t\t\t\t\t\t\t\t\t\t\t<img loading=\"lazy\" decoding=\"async\" width=\"960\" height=\"1280\" src=\"https:\/\/dev.beatrizpalacios.com\/wp-content\/uploads\/2025\/02\/The-Silver-Keeper-2.jpg\" alt=\"\" srcset=\"https:\/\/dev.beatrizpalacios.com\/wp-content\/uploads\/2025\/02\/The-Silver-Keeper-2.jpg 960w, https:\/\/dev.beatrizpalacios.com\/wp-content\/uploads\/2025\/02\/The-Silver-Keeper-2-225x300.jpg 225w, https:\/\/dev.beatrizpalacios.com\/wp-content\/uploads\/2025\/02\/The-Silver-Keeper-2-768x1024.jpg 768w, https:\/\/dev.beatrizpalacios.com\/wp-content\/uploads\/2025\/02\/The-Silver-Keeper-2-590x787.jpg 590w, https:\/\/dev.beatrizpalacios.com\/wp-content\/uploads\/2025\/02\/The-Silver-Keeper-2-666x888.jpg 666w\" sizes=\"(max-width: 960px) 100vw, 960px\" \/><br \/>\n\t\t\t\t\t\t\t\t\t\t\t\t\t\t\t<img loading=\"lazy\" decoding=\"async\" width=\"960\" height=\"1280\" src=\"https:\/\/dev.beatrizpalacios.com\/wp-content\/uploads\/2025\/02\/The-Silver-Keeper-6.jpg\" alt=\"\" srcset=\"https:\/\/dev.beatrizpalacios.com\/wp-content\/uploads\/2025\/02\/The-Silver-Keeper-6.jpg 960w, https:\/\/dev.beatrizpalacios.com\/wp-content\/uploads\/2025\/02\/The-Silver-Keeper-6-225x300.jpg 225w, https:\/\/dev.beatrizpalacios.com\/wp-content\/uploads\/2025\/02\/The-Silver-Keeper-6-768x1024.jpg 768w, https:\/\/dev.beatrizpalacios.com\/wp-content\/uploads\/2025\/02\/The-Silver-Keeper-6-590x787.jpg 590w, https:\/\/dev.beatrizpalacios.com\/wp-content\/uploads\/2025\/02\/The-Silver-Keeper-6-666x888.jpg 666w\" sizes=\"(max-width: 960px) 100vw, 960px\" \/><br \/>\n\t\t\t\t\t\t\t\t\t\t\t\t\t\t\t<img loading=\"lazy\" decoding=\"async\" width=\"960\" height=\"1280\" src=\"https:\/\/dev.beatrizpalacios.com\/wp-content\/uploads\/2025\/02\/The-Silver-Keeper-7.jpg\" alt=\"\" srcset=\"https:\/\/dev.beatrizpalacios.com\/wp-content\/uploads\/2025\/02\/The-Silver-Keeper-7.jpg 960w, https:\/\/dev.beatrizpalacios.com\/wp-content\/uploads\/2025\/02\/The-Silver-Keeper-7-225x300.jpg 225w, https:\/\/dev.beatrizpalacios.com\/wp-content\/uploads\/2025\/02\/The-Silver-Keeper-7-768x1024.jpg 768w, https:\/\/dev.beatrizpalacios.com\/wp-content\/uploads\/2025\/02\/The-Silver-Keeper-7-590x787.jpg 590w, https:\/\/dev.beatrizpalacios.com\/wp-content\/uploads\/2025\/02\/The-Silver-Keeper-7-666x888.jpg 666w\" sizes=\"(max-width: 960px) 100vw, 960px\" \/><br \/>\n\t\t\t\t\t\t\t\t\t\t\t\t\t\t\t<img loading=\"lazy\" decoding=\"async\" width=\"1920\" height=\"1080\" src=\"https:\/\/dev.beatrizpalacios.com\/wp-content\/uploads\/2025\/02\/pink_keeper.jpg\" alt=\"\" srcset=\"https:\/\/dev.beatrizpalacios.com\/wp-content\/uploads\/2025\/02\/pink_keeper.jpg 1920w, https:\/\/dev.beatrizpalacios.com\/wp-content\/uploads\/2025\/02\/pink_keeper-300x169.jpg 300w, https:\/\/dev.beatrizpalacios.com\/wp-content\/uploads\/2025\/02\/pink_keeper-1024x576.jpg 1024w, https:\/\/dev.beatrizpalacios.com\/wp-content\/uploads\/2025\/02\/pink_keeper-768x432.jpg 768w, https:\/\/dev.beatrizpalacios.com\/wp-content\/uploads\/2025\/02\/pink_keeper-1536x864.jpg 1536w, https:\/\/dev.beatrizpalacios.com\/wp-content\/uploads\/2025\/02\/pink_keeper-590x332.jpg 590w, https:\/\/dev.beatrizpalacios.com\/wp-content\/uploads\/2025\/02\/pink_keeper-666x375.jpg 666w\" sizes=\"(max-width: 1920px) 100vw, 1920px\" \/><\/p>\n","protected":false},"excerpt":{"rendered":"<p>Caja-colgante realizado en plata. Se puede usar simplemente como caja o como cintur\u00f3n o collar con la cinta de seda.<br \/>\nLa cinta de seda est\u00e1 incluida. Los colores disponibles son negro, azafr\u00e1n y rosa p\u00e1lido.<br \/>\nRealizado a mano en nuestro taller de Madrid.<br \/>\nSi necesitas ayuda, no dudes en ponerte en contacto con nosotros por correo a info@beatrizpalacios.es. Estaremos encantados de ayudarte.<\/p>\n","protected":false},"featured_media":52240,"template":"","meta":[],"product_brand":[],"product_cat":[146,646],"product_tag":[692],"class_list":{"0":"post-52573","1":"product","2":"type-product","3":"status-publish","4":"has-post-thumbnail","6":"product_cat-collares","7":"product_cat-objetos","8":"product_tag-gentlewoman-es","10":"first","11":"instock","12":"taxable","13":"shipping-taxable","14":"purchasable","15":"product-type-variable"},"_links":{"self":[{"href":"https:\/\/dev.beatrizpalacios.com\/es\/wp-json\/wp\/v2\/product\/52573","targetHints":{"allow":["GET"]}}],"collection":[{"href":"https:\/\/dev.beatrizpalacios.com\/es\/wp-json\/wp\/v2\/product"}],"about":[{"href":"https:\/\/dev.beatrizpalacios.com\/es\/wp-json\/wp\/v2\/types\/product"}],"wp:featuredmedia":[{"embeddable":true,"href":"https:\/\/dev.beatrizpalacios.com\/es\/wp-json\/wp\/v2\/media\/52240"}],"wp:attachment":[{"href":"https:\/\/dev.beatrizpalacios.com\/es\/wp-json\/wp\/v2\/media?parent=52573"}],"wp:term":[{"taxonomy":"product_brand","embeddable":true,"href":"https:\/\/dev.beatrizpalacios.com\/es\/wp-json\/wp\/v2\/product_brand?post=52573"},{"taxonomy":"product_cat","embeddable":true,"href":"https:\/\/dev.beatrizpalacios.com\/es\/wp-json\/wp\/v2\/product_cat?post=52573"},{"taxonomy":"product_tag","embeddable":true,"href":"https:\/\/dev.beatrizpalacios.com\/es\/wp-json\/wp\/v2\/product_tag?post=52573"}],"curies":[{"name":"wp","href":"https:\/\/api.w.org\/{rel}","templated":true}]}}